{"id":73,"date":"2023-09-19T14:14:29","date_gmt":"2023-09-19T14:14:29","guid":{"rendered":"https:\/\/euroctimesharesupporthub.com\/?page_id=73"},"modified":"2025-09-29T15:07:19","modified_gmt":"2025-09-29T15:07:19","slug":"about-euroc","status":"publish","type":"page","link":"https:\/\/euroc.org\/it\/sulleuropa-3\/","title":{"rendered":"Informazioni su EUROC"},"content":{"rendered":"<div data-elementor-type=\"wp-page\" data-elementor-id=\"73\" class=\"elementor elementor-73\" data-elementor-post-type=\"page\">\n\t\t\t\t\t\t<section class=\"elementor-section elementor-top-section elementor-element elementor-element-c3d4b84 elementor-section-full_width elementor-section-height-min-height elementor-section-stretched elementor-section-height-default elementor-section-items-middle\" data-id=\"c3d4b84\" data-element_type=\"section\" data-settings=\"{&quot;stretch_section&quot;:&quot;section-stretched&quot;,&quot;background_background&quot;:&quot;classic&quot;}\">\n\t\t\t\t\t\t\t<div class=\"elementor-background-overlay\"><\/div>\n\t\t\t\t\t\t\t<div class=\"elementor-container elementor-column-gap-default\">\n\t\t\t\t\t<div class=\"elementor-column elementor-col-100 elementor-top-column elementor-element elementor-element-2290718\" data-id=\"2290718\" data-element_type=\"column\">\n\t\t\t<div class=\"elementor-widget-wrap elementor-element-populated\">\n\t\t\t\t\t\t<div class=\"elementor-element elementor-element-e4229c0 elementor-widget elementor-widget-heading\" data-id=\"e4229c0\" data-element_type=\"widget\" data-widget_type=\"heading.default\">\n\t\t\t\t<div class=\"elementor-widget-container\">\n\t\t\t<h1 class=\"elementor-heading-title elementor-size-xxl\">Circa<\/h1>\t\t<\/div>\n\t\t\t\t<\/div>\n\t\t\t\t<div class=\"elementor-element elementor-element-bc30f88 elementor-widget elementor-widget-heading\" data-id=\"bc30f88\" data-element_type=\"widget\" data-widget_type=\"heading.default\">\n\t\t\t\t<div class=\"elementor-widget-container\">\n\t\t\t<h1 class=\"elementor-heading-title elementor-size-xxl\">EUROC<\/h1>\t\t<\/div>\n\t\t\t\t<\/div>\n\t\t\t\t\t<\/div>\n\t\t<\/div>\n\t\t\t\t\t<\/div>\n\t\t<\/section>\n\t\t\t\t<section class=\"elementor-section elementor-top-section elementor-element elementor-element-c033de6 elementor-section-boxed elementor-section-height-default elementor-section-height-default\" data-id=\"c033de6\" data-element_type=\"section\">\n\t\t\t\t\t\t<div class=\"elementor-container elementor-column-gap-default\">\n\t\t\t\t\t<div class=\"elementor-column elementor-col-100 elementor-top-column elementor-element elementor-element-e8370fa\" data-id=\"e8370fa\" data-element_type=\"column\">\n\t\t\t<div class=\"elementor-widget-wrap elementor-element-populated\">\n\t\t\t\t\t\t<div class=\"elementor-element elementor-element-aee0fff elementor-widget elementor-widget-text-editor\" data-id=\"aee0fff\" data-element_type=\"widget\" data-widget_type=\"text-editor.default\">\n\t\t\t\t<div class=\"elementor-widget-container\">\n\t\t\t\t\t\t\t<p>EUROC \u00e8 l'associazione ufficiale, indipendente e senza scopo di lucro che continua a stare al fianco dei proprietari di multipropriet\u00e0, dei rappresentanti dei comitati dei proprietari e dei team di gestione dei resort dei club e dei resort di multipropriet\u00e0 di tutta Europa.<\/p><p>Insieme, formano un'alleanza di persone che hanno lo stesso obiettivo, lo stesso dovere e lo stesso impegno nel preservare, proteggere e migliorare il mondo della multipropriet\u00e0.<\/p><p>L'obiettivo principale di EUROC \u00e8 quello di fornire una piattaforma e una rete solida per i rappresentanti dei club e dei resort europei di multipropriet\u00e0 che si riuniscono - con una voce unificata per l'industria della multipropriet\u00e0 - per condividere idee, buone pratiche ed esplorare soluzioni per le questioni attuali e potenziali future che hanno un impatto sui proprietari di multipropriet\u00e0 e sui loro club.<\/p><p>L'organizzazione ha un approccio proattivo, cerca soluzioni e si adopera per ottenere risultati positivi prima che questi abbiano un potenziale impatto sui proprietari di multipropriet\u00e0 e sui loro club.<\/p><p><b>Alcune delle aree su cui si concentra l'attenzione di EUROC includono:<\/b><\/p><ul><li aria-level=\"1\">Promuovere le migliori pratiche nella comunit\u00e0 dei proprietari di multipropriet\u00e0.<\/li><li aria-level=\"1\">Fornire un \"Owner Advice Hub\" e agire come fonte legittima di informazioni e supporto per i proprietari di multipropriet\u00e0\".<\/li><li aria-level=\"1\">Consulenza e supporto ai funzionari governativi e agli enti dei consumatori su questioni che hanno un impatto sulla multipropriet\u00e0.<\/li><li aria-level=\"1\">EUROC offre ai suoi soci collegamenti e una solida rete con club di multipropriet\u00e0 e professionisti del settore che la pensano allo stesso modo.<\/li><li aria-level=\"1\">Tutela dei proprietari di multipropriet\u00e0 attraverso il suo codice di condotta.<\/li><li aria-level=\"1\">Sensibilizzare sulle pratiche fraudolente che colpiscono i proprietari di multipropriet\u00e0.<\/li><\/ul>\t\t\t\t\t\t<\/div>\n\t\t\t\t<\/div>\n\t\t\t\t<div class=\"elementor-element elementor-element-07de1aa elementor-widget elementor-widget-heading\" data-id=\"07de1aa\" data-element_type=\"widget\" data-widget_type=\"heading.default\">\n\t\t\t\t<div class=\"elementor-widget-container\">\n\t\t\t<h2 class=\"elementor-heading-title elementor-size-default\">Consiglio di amministrazione di EUROC<\/h2>\t\t<\/div>\n\t\t\t\t<\/div>\n\t\t\t\t<div class=\"elementor-element elementor-element-4623967 elementor-widget elementor-widget-text-editor\" data-id=\"4623967\" data-element_type=\"widget\" data-widget_type=\"text-editor.default\">\n\t\t\t\t<div class=\"elementor-widget-container\">\n\t\t\t\t\t\t\t<div class=\"elementor-element elementor-element-e4c8ae1 elementor-widget elementor-widget-text-editor\" data-id=\"e4c8ae1\" data-element_type=\"widget\" data-widget_type=\"text-editor.default\"><div class=\"elementor-widget-container\"><p>\u00c8 stato deciso che il Consiglio di amministrazione di EUROC sar\u00e0 un organo eletto e sar\u00e0 composto da un massimo di nove direttori. Ciascun consigliere dona il proprio tempo e impegno a EUROC su base volontaria e non retribuita. La maggior parte dei direttori di EUROC \u00e8 costituita da proprietari di multipropriet\u00e0 che sono anche membri del comitato e rappresentanti di club e resort di multipropriet\u00e0 in tutta Europa.<\/p><p><b>La struttura del consiglio di amministrazione di EUROC garantisce:<\/b><\/p><ul><li aria-level=\"1\">Che gli interessi dei proprietari di multipropriet\u00e0 e dei loro club siano l'obiettivo principale dell'organizzazione.<\/li><li aria-level=\"1\">I proprietari di EUROC e le associazioni di proprietari di case possono attingere a un'ampia gamma di esperienze nella multipropriet\u00e0 e di competenze professionali.<\/li><li aria-level=\"1\">Nel consiglio di amministrazione \u00e8 rappresentata un'ampia gamma di esperienze operative e di propriet\u00e0 della multipropriet\u00e0, tra cui club completamente indipendenti, resort gestiti dai proprietari, club a punti e resort di sviluppatori.<\/li><\/ul><\/div><\/div>\t\t\t\t\t\t<\/div>\n\t\t\t\t<\/div>\n\t\t\t\t<div class=\"elementor-element elementor-element-44f5f0a elementor-widget elementor-widget-heading\" data-id=\"44f5f0a\" data-element_type=\"widget\" data-widget_type=\"heading.default\">\n\t\t\t\t<div class=\"elementor-widget-container\">\n\t\t\t<h2 class=\"elementor-heading-title elementor-size-default\">Membri attuali del consiglio di amministrazione<\/h2>\t\t<\/div>\n\t\t\t\t<\/div>\n\t\t\t\t<div class=\"elementor-element elementor-element-4960b10 elementor-widget elementor-widget-text-editor\" data-id=\"4960b10\" data-element_type=\"widget\" data-widget_type=\"text-editor.default\">\n\t\t\t\t<div class=\"elementor-widget-container\">\n\t\t\t\t\t\t\t<div class=\"elementor-element elementor-element-592a3b0 elementor-widget elementor-widget-text-editor\" data-id=\"592a3b0\" data-element_type=\"widget\" data-widget_type=\"text-editor.default\"><div class=\"elementor-widget-container\"><p><b>Bill Johnston (Presidente)<\/b> - Proprietario del Cameron Lodges Owners' Club.<\/p><p><b>Michael Coletta<\/b>\u00a0<b>(Vicepresidente)<\/b>\u00a0- Proprietario di Coylumbridge Highland Lodges e amministratore delegato di The Langdale Estate.<\/p><p><b>Sue Barnett<\/b>\u00a0- Membro della Diamond Resorts European Points Collection.<\/p><p><b>John Davey<\/b>\u00a0- Proprietario del Club Alpino, Austria.<\/p><p><b>Des Pitman - <\/b>Direttore generale degli Osborne Apartments.<\/p><p><strong>Kevin Riley -<\/strong>\u00a0ARDA-ROC.<\/p><p><strong>Peter Drury - <\/strong>Proprietario<strong>\u00a0<\/strong>a<strong>\u00a0<\/strong>Club dei proprietari di Craigendarroch<\/p><p><strong>Silke Pothoff - <\/strong>Proprietario presso<strong>\u00a0<\/strong>Club Marriott figlio Antem<\/p><\/div><\/div>\t\t\t\t\t\t<\/div>\n\t\t\t\t<\/div>\n\t\t\t\t\t<\/div>\n\t\t<\/div>\n\t\t\t\t\t<\/div>\n\t\t<\/section>\n\t\t\t\t<\/div>","protected":false},"excerpt":{"rendered":"<p>Informazioni su EUROC EUROC \u00e8 l'associazione ufficiale, indipendente e senza scopo di lucro che continua a stare al fianco dei proprietari di multipropriet\u00e0, dei rappresentanti dei comitati dei proprietari e dei team di gestione dei resort dei club e dei resort di multipropriet\u00e0 di tutta Europa. Insieme, formano un'alleanza di persone che hanno lo stesso obiettivo, lo stesso dovere e lo stesso impegno nel preservare, proteggere e migliorare la [...]<\/p>","protected":false},"author":3,"featured_media":0,"parent":0,"menu_order":0,"comment_status":"closed","ping_status":"closed","template":"","meta":{"om_disable_all_campaigns":false,"_monsterinsights_skip_tracking":false,"_monsterinsights_sitenote_active":false,"_monsterinsights_sitenote_note":"","_monsterinsights_sitenote_category":0,"_uf_show_specific_survey":0,"_uf_disable_surveys":false,"footnotes":""},"class_list":["post-73","page","type-page","status-publish","hentry"],"aioseo_notices":[],"yoast_head":"<!-- This site is optimized with the Yoast SEO plugin v24.0 - https:\/\/yoast.com\/wordpress\/plugins\/seo\/ -->\n<title>About EUROC - EUROC Europe<\/title>\n<meta name=\"robots\" content=\"index, follow, max-snippet:-1, max-image-preview:large, max-video-preview:-1\" \/>\n<link rel=\"canonical\" href=\"https:\/\/euroc.org\/it\/about-euroc\/\" \/>\n<meta property=\"og:locale\" content=\"it_IT\" \/>\n<meta property=\"og:type\" content=\"article\" \/>\n<meta property=\"og:title\" content=\"About EUROC - EUROC Europe\" \/>\n<meta property=\"og:description\" content=\"About EUROC EUROC is the official, independent, non-profit timeshare association that continues to stand side-by-side with timeshare owners, owner committee representatives and resort management teams from timeshare clubs and resorts around Europe. Together, they form an alliance of likeminded people who all have the same goal, duty and commitment towards preserving, protecting and enhancing the [&hellip;]\" \/>\n<meta property=\"og:url\" content=\"https:\/\/euroc.org\/it\/about-euroc\/\" \/>\n<meta property=\"og:site_name\" content=\"EUROC Europe\" \/>\n<meta property=\"article:modified_time\" content=\"2025-09-29T15:07:19+00:00\" \/>\n<meta name=\"twitter:card\" content=\"summary_large_image\" \/>\n<meta name=\"twitter:label1\" content=\"Tempo di lettura stimato\" \/>\n\t<meta name=\"twitter:data1\" content=\"3 minuti\" \/>\n<script type=\"application\/ld+json\" class=\"yoast-schema-graph\">{\"@context\":\"https:\/\/schema.org\",\"@graph\":[{\"@type\":\"WebPage\",\"@id\":\"https:\/\/euroc.org\/about-euroc\/\",\"url\":\"https:\/\/euroc.org\/about-euroc\/\",\"name\":\"About EUROC - EUROC Europe\",\"isPartOf\":{\"@id\":\"https:\/\/euroc.org\/#website\"},\"datePublished\":\"2023-09-19T14:14:29+00:00\",\"dateModified\":\"2025-09-29T15:07:19+00:00\",\"breadcrumb\":{\"@id\":\"https:\/\/euroc.org\/about-euroc\/#breadcrumb\"},\"inLanguage\":\"it-IT\",\"potentialAction\":[{\"@type\":\"ReadAction\",\"target\":[\"https:\/\/euroc.org\/about-euroc\/\"]}]},{\"@type\":\"BreadcrumbList\",\"@id\":\"https:\/\/euroc.org\/about-euroc\/#breadcrumb\",\"itemListElement\":[{\"@type\":\"ListItem\",\"position\":1,\"name\":\"Home\",\"item\":\"https:\/\/euroc.org\/\"},{\"@type\":\"ListItem\",\"position\":2,\"name\":\"About EUROC\"}]},{\"@type\":\"WebSite\",\"@id\":\"https:\/\/euroc.org\/#website\",\"url\":\"https:\/\/euroc.org\/\",\"name\":\"EUROC Europe\",\"description\":\"European Resort Owners Coalition\",\"publisher\":{\"@id\":\"https:\/\/euroc.org\/#organization\"},\"potentialAction\":[{\"@type\":\"SearchAction\",\"target\":{\"@type\":\"EntryPoint\",\"urlTemplate\":\"https:\/\/euroc.org\/?s={search_term_string}\"},\"query-input\":{\"@type\":\"PropertyValueSpecification\",\"valueRequired\":true,\"valueName\":\"search_term_string\"}}],\"inLanguage\":\"it-IT\"},{\"@type\":\"Organization\",\"@id\":\"https:\/\/euroc.org\/#organization\",\"name\":\"EUROC Europe\",\"url\":\"https:\/\/euroc.org\/\",\"logo\":{\"@type\":\"ImageObject\",\"inLanguage\":\"it-IT\",\"@id\":\"https:\/\/euroc.org\/#\/schema\/logo\/image\/\",\"url\":\"https:\/\/euroc.org\/wp-content\/uploads\/2023\/10\/cropped-EUROC-Final-Logo-colours-1.png\",\"contentUrl\":\"https:\/\/euroc.org\/wp-content\/uploads\/2023\/10\/cropped-EUROC-Final-Logo-colours-1.png\",\"width\":1561,\"height\":650,\"caption\":\"EUROC Europe\"},\"image\":{\"@id\":\"https:\/\/euroc.org\/#\/schema\/logo\/image\/\"}}]}<\/script>\n<!-- \/ Yoast SEO plugin. -->","yoast_head_json":{"title":"About EUROC - EUROC Europe","robots":{"index":"index","follow":"follow","max-snippet":"max-snippet:-1","max-image-preview":"max-image-preview:large","max-video-preview":"max-video-preview:-1"},"canonical":"https:\/\/euroc.org\/it\/about-euroc\/","og_locale":"it_IT","og_type":"article","og_title":"About EUROC - EUROC Europe","og_description":"About EUROC EUROC is the official, independent, non-profit timeshare association that continues to stand side-by-side with timeshare owners, owner committee representatives and resort management teams from timeshare clubs and resorts around Europe. Together, they form an alliance of likeminded people who all have the same goal, duty and commitment towards preserving, protecting and enhancing the [&hellip;]","og_url":"https:\/\/euroc.org\/it\/about-euroc\/","og_site_name":"EUROC Europe","article_modified_time":"2025-09-29T15:07:19+00:00","twitter_card":"summary_large_image","twitter_misc":{"Tempo di lettura stimato":"3 minuti"},"schema":{"@context":"https:\/\/schema.org","@graph":[{"@type":"WebPage","@id":"https:\/\/euroc.org\/about-euroc\/","url":"https:\/\/euroc.org\/about-euroc\/","name":"About EUROC - EUROC Europe","isPartOf":{"@id":"https:\/\/euroc.org\/#website"},"datePublished":"2023-09-19T14:14:29+00:00","dateModified":"2025-09-29T15:07:19+00:00","breadcrumb":{"@id":"https:\/\/euroc.org\/about-euroc\/#breadcrumb"},"inLanguage":"it-IT","potentialAction":[{"@type":"ReadAction","target":["https:\/\/euroc.org\/about-euroc\/"]}]},{"@type":"BreadcrumbList","@id":"https:\/\/euroc.org\/about-euroc\/#breadcrumb","itemListElement":[{"@type":"ListItem","position":1,"name":"Home","item":"https:\/\/euroc.org\/"},{"@type":"ListItem","position":2,"name":"About EUROC"}]},{"@type":"WebSite","@id":"https:\/\/euroc.org\/#website","url":"https:\/\/euroc.org\/","name":"EUROC Europe","description":"European Resort Owners Coalition","publisher":{"@id":"https:\/\/euroc.org\/#organization"},"potentialAction":[{"@type":"SearchAction","target":{"@type":"EntryPoint","urlTemplate":"https:\/\/euroc.org\/?s={search_term_string}"},"query-input":{"@type":"PropertyValueSpecification","valueRequired":true,"valueName":"search_term_string"}}],"inLanguage":"it-IT"},{"@type":"Organization","@id":"https:\/\/euroc.org\/#organization","name":"EUROC Europe","url":"https:\/\/euroc.org\/","logo":{"@type":"ImageObject","inLanguage":"it-IT","@id":"https:\/\/euroc.org\/#\/schema\/logo\/image\/","url":"https:\/\/euroc.org\/wp-content\/uploads\/2023\/10\/cropped-EUROC-Final-Logo-colours-1.png","contentUrl":"https:\/\/euroc.org\/wp-content\/uploads\/2023\/10\/cropped-EUROC-Final-Logo-colours-1.png","width":1561,"height":650,"caption":"EUROC Europe"},"image":{"@id":"https:\/\/euroc.org\/#\/schema\/logo\/image\/"}}]}},"_links":{"self":[{"href":"https:\/\/euroc.org\/it\/wp-json\/wp\/v2\/pages\/73","targetHints":{"allow":["GET"]}}],"collection":[{"href":"https:\/\/euroc.org\/it\/wp-json\/wp\/v2\/pages"}],"about":[{"href":"https:\/\/euroc.org\/it\/wp-json\/wp\/v2\/types\/page"}],"author":[{"embeddable":true,"href":"https:\/\/euroc.org\/it\/wp-json\/wp\/v2\/users\/3"}],"replies":[{"embeddable":true,"href":"https:\/\/euroc.org\/it\/wp-json\/wp\/v2\/comments?post=73"}],"version-history":[{"count":32,"href":"https:\/\/euroc.org\/it\/wp-json\/wp\/v2\/pages\/73\/revisions"}],"predecessor-version":[{"id":5417,"href":"https:\/\/euroc.org\/it\/wp-json\/wp\/v2\/pages\/73\/revisions\/5417"}],"wp:attachment":[{"href":"https:\/\/euroc.org\/it\/wp-json\/wp\/v2\/media?parent=73"}],"curies":[{"name":"wp","href":"https:\/\/api.w.org\/{rel}","templated":true}]}}