{"id":4641,"date":"2023-10-31T07:39:06","date_gmt":"2023-10-31T07:39:06","guid":{"rendered":"https:\/\/euroctimesharesupporthub.com\/?page_id=4641"},"modified":"2023-11-01T09:00:03","modified_gmt":"2023-11-01T09:00:03","slug":"eoroc-cookie-policy","status":"publish","type":"page","link":"https:\/\/euroc.org\/it\/eoroc-cookie-policy\/","title":{"rendered":"Politica sui cookie di EUROC"},"content":{"rendered":"<div data-elementor-type=\"wp-page\" data-elementor-id=\"4641\" class=\"elementor elementor-4641\" data-elementor-post-type=\"page\">\n\t\t\t\t\t\t<section class=\"elementor-section elementor-top-section elementor-element elementor-element-a799567 elementor-section-boxed elementor-section-height-default elementor-section-height-default\" data-id=\"a799567\" data-element_type=\"section\">\n\t\t\t\t\t\t<div class=\"elementor-container elementor-column-gap-default\">\n\t\t\t\t\t<div class=\"elementor-column elementor-col-100 elementor-top-column elementor-element elementor-element-d7b2603\" data-id=\"d7b2603\" data-element_type=\"column\">\n\t\t\t<div class=\"elementor-widget-wrap elementor-element-populated\">\n\t\t\t\t\t\t<div class=\"elementor-element elementor-element-21638d0 elementor-widget elementor-widget-text-editor\" data-id=\"21638d0\" data-element_type=\"widget\" data-widget_type=\"text-editor.default\">\n\t\t\t\t<div class=\"elementor-widget-container\">\n\t\t\t\t\t\t\t<p><strong>Politica sui cookie di EUROC Limited 31<sup>st<\/sup> Ottobre 2023<\/strong><\/p><p>La presente Informativa sui cookie spiega come EUROC Limited (\"Noi\") utilizza i cookie e tecnologie simili per riconoscere l'utente quando visita il nostro sito web all'indirizzo euroc.org e euroctimesharesupporthub.org. Spiega cosa sono queste tecnologie e perch\u00e9 le utilizziamo, oltre ai diritti dell'utente di controllare l'uso che ne facciamo.<\/p><p><strong>Cosa sono i biscotti?<\/strong><\/p><p>I cookie sono piccoli file di dati che vengono inseriti nel vostro computer o dispositivo mobile quando visitate un sito web. I cookie sono ampiamente utilizzati dai proprietari dei siti web per farli funzionare o per renderli pi\u00f9 efficienti, oltre che per fornire informazioni di reportistica.<\/p><p>I cookie impostati dal proprietario del sito web (in questo caso, EUROC Limited) sono chiamati \"cookie di prima parte\". I cookie impostati da soggetti diversi dal proprietario del sito web sono chiamati \"cookie di terze parti\". I cookie di terze parti consentono di fornire caratteristiche o funzionalit\u00e0 di terze parti su o attraverso il sito web (ad esempio, pubblicit\u00e0, contenuti interattivi e analisi). Le parti che impostano questi cookie di terze parti possono riconoscere il vostro computer sia quando visita il sito web in questione, sia quando visita determinati altri siti web.<\/p><p><strong>Perch\u00e9 utilizziamo i cookie?<\/strong><\/p><p>Utilizziamo cookie di prima parte e di terze parti per diversi motivi. Alcuni cookie sono necessari per motivi tecnici al funzionamento dei nostri siti web e vengono definiti \"essenziali\" o \"strettamente necessari\". Altri cookie ci consentono inoltre di tracciare e indirizzare gli interessi dei nostri utenti per migliorare l'esperienza sulle nostre Propriet\u00e0 online. Le terze parti utilizzano i cookie attraverso i nostri siti web per scopi pubblicitari, analitici e di altro tipo. Ci\u00f2 \u00e8 descritto in modo pi\u00f9 dettagliato di seguito.<\/p><p>Di seguito sono descritti i tipi specifici di cookie di prima e terza parte utilizzati attraverso i nostri siti web e le finalit\u00e0 che perseguono:<\/p><ul><li>Cookie essenziali per il sito web: Questi cookie sono strettamente necessari per fornirvi i servizi disponibili attraverso il nostro sito web e per utilizzare alcune delle sue funzionalit\u00e0, come l'accesso alle aree protette.<\/li><li>Cookie analitici e di personalizzazione: Questi cookie raccolgono informazioni che vengono utilizzate in forma aggregata per aiutarci a capire come vengono utilizzati i nostri siti web o l'efficacia delle nostre campagne di marketing, oppure per aiutarci a personalizzare i nostri siti web per voi.<\/li><li>Cookie pubblicitari: Questi cookie vengono utilizzati per rendere i messaggi pubblicitari pi\u00f9 pertinenti per l'utente. Svolgono funzioni come evitare che lo stesso annuncio ricompaia continuamente, garantire che gli annunci vengano visualizzati correttamente per gli inserzionisti e, in alcuni casi, selezionare annunci basati sui vostri interessi.<\/li><li>Cookie di social network: Questi cookie vengono utilizzati per consentirvi di condividere le pagine e i contenuti che trovate interessanti sui nostri siti web attraverso i social network di terzi e altri siti web. Questi cookie possono essere utilizzati anche per scopi pubblicitari.<\/li><li>Cookie non classificati: Si tratta di cookie che non sono ancora stati classificati. Stiamo procedendo alla classificazione di questi cookie con l'aiuto dei loro fornitori.<\/li><\/ul><p><strong>Quali cookie utilizziamo?<\/strong><\/p><p>I cookie specifici che utilizziamo sui nostri siti web sono indicati di seguito. Questo elenco viene aggiornato di volta in volta in seguito alle modifiche apportate ai nostri siti web.<\/p><p>\u00a0<\/p><p>\u00a0Google Analytics, Google AdSense, Monsterinsights<\/p><p><strong>Come posso controllare i cookie?<\/strong><\/p><p>L'utente ha il diritto di decidere se accettare o rifiutare i cookie. Potete esercitare i vostri diritti sui cookie impostando le vostre preferenze nel Cookie Consent Manager. Il Cookie Consent Manager consente di selezionare le categorie di cookie da accettare o rifiutare.<\/p><p>I cookie essenziali non possono essere rifiutati perch\u00e9 sono strettamente necessari per fornire i servizi all'utente.<\/p><p>Il gestore del consenso per i cookie si trova nel banner di notifica e sul nostro sito web. Se si sceglie di rifiutare i cookie, \u00e8 possibile continuare a utilizzare il nostro sito web, anche se l'accesso ad alcune funzionalit\u00e0 e aree del sito potrebbe essere limitato. Potete anche impostare o modificare i controlli del vostro browser web per accettare o rifiutare i cookie. Poich\u00e9 le modalit\u00e0 con cui \u00e8 possibile rifiutare i cookie attraverso i controlli del browser variano da browser a browser, si consiglia di consultare il menu di aiuto del browser per ulteriori informazioni.<\/p><p>Inoltre, la maggior parte delle reti pubblicitarie offre all'utente la possibilit\u00e0 di rinunciare alla pubblicit\u00e0 mirata. Per ulteriori informazioni, visitare http:\/\/www.aboutads.info\/choices\/ o http:\/\/www.youronlinechoices.com.<\/p><p><strong>Con quale frequenza aggiornerete la presente Informativa sui cookie?<\/strong><\/p><p>La presente Informativa sui cookie pu\u00f2 essere aggiornata di tanto in tanto per riflettere, ad esempio, le modifiche ai cookie utilizzati o per altri motivi operativi, legali o normativi. Vi invitiamo pertanto a consultare regolarmente la presente Informativa sui cookie per rimanere informati sul nostro utilizzo dei cookie e delle tecnologie correlate.<\/p><p>La data riportata nella parte superiore della presente Informativa sui cookie indica l'ultimo aggiornamento della stessa.<\/p><p><strong>Dove posso ottenere ulteriori informazioni?<\/strong><\/p><p>In caso di domande sull'utilizzo dei cookie o di altre tecnologie da parte nostra, vi preghiamo di inviarci un'e-mail all'indirizzo support@euroc.org.<\/p>\t\t\t\t\t\t<\/div>\n\t\t\t\t<\/div>\n\t\t\t\t\t<\/div>\n\t\t<\/div>\n\t\t\t\t\t<\/div>\n\t\t<\/section>\n\t\t\t\t<\/div>","protected":false},"excerpt":{"rendered":"<p>EUROC Limited Cookie Policy 31 ottobre 2023 La presente Cookie Policy spiega come EUROC Limited (\"Noi\") utilizza i cookie e tecnologie simili per riconoscervi quando visitate il nostro sito web euroc.org e euroctimesharesupporthub.org. Spiega cosa sono queste tecnologie e perch\u00e9 le utilizziamo, nonch\u00e9 i vostri diritti di controllare l'uso che ne facciamo. Cosa [...]<\/p>","protected":false},"author":2,"featured_media":0,"parent":0,"menu_order":0,"comment_status":"closed","ping_status":"closed","template":"","meta":{"om_disable_all_campaigns":false,"_monsterinsights_skip_tracking":false,"_monsterinsights_sitenote_active":false,"_monsterinsights_sitenote_note":"","_monsterinsights_sitenote_category":0,"_uf_show_specific_survey":0,"_uf_disable_surveys":false,"footnotes":""},"class_list":["post-4641","page","type-page","status-publish","hentry"],"aioseo_notices":[],"yoast_head":"<!-- This site is optimized with the Yoast SEO plugin v24.0 - https:\/\/yoast.com\/wordpress\/plugins\/seo\/ -->\n<title>EUROC Cookie Policy - EUROC Europe<\/title>\n<meta name=\"robots\" content=\"index, follow, max-snippet:-1, max-image-preview:large, max-video-preview:-1\" \/>\n<link rel=\"canonical\" href=\"https:\/\/euroc.org\/it\/eoroc-cookie-policy\/\" \/>\n<meta property=\"og:locale\" content=\"it_IT\" \/>\n<meta property=\"og:type\" content=\"article\" \/>\n<meta property=\"og:title\" content=\"EUROC Cookie Policy - EUROC Europe\" \/>\n<meta property=\"og:description\" content=\"EUROC Limited Cookie Policy 31st October 2023 This Cookie Policy explains how EUROC Limited (&#8220;We&#8221;) uses cookies and similar technologies to recognize you when you visit our website at euroc.org and euroctimesharesupporthub.org. It explains what these technologies are and why we use them, as well as your rights to control our use of them. What [&hellip;]\" \/>\n<meta property=\"og:url\" content=\"https:\/\/euroc.org\/it\/eoroc-cookie-policy\/\" \/>\n<meta property=\"og:site_name\" content=\"EUROC Europe\" \/>\n<meta property=\"article:modified_time\" content=\"2023-11-01T09:00:03+00:00\" \/>\n<meta name=\"twitter:card\" content=\"summary_large_image\" \/>\n<meta name=\"twitter:label1\" content=\"Tempo di lettura stimato\" \/>\n\t<meta name=\"twitter:data1\" content=\"4 minuti\" \/>\n<script type=\"application\/ld+json\" class=\"yoast-schema-graph\">{\"@context\":\"https:\/\/schema.org\",\"@graph\":[{\"@type\":\"WebPage\",\"@id\":\"https:\/\/euroc.org\/fr\/eoroc-cookie-policy\/\",\"url\":\"https:\/\/euroc.org\/fr\/eoroc-cookie-policy\/\",\"name\":\"EUROC Cookie Policy - EUROC Europe\",\"isPartOf\":{\"@id\":\"https:\/\/euroc.org\/#website\"},\"datePublished\":\"2023-10-31T07:39:06+00:00\",\"dateModified\":\"2023-11-01T09:00:03+00:00\",\"breadcrumb\":{\"@id\":\"https:\/\/euroc.org\/fr\/eoroc-cookie-policy\/#breadcrumb\"},\"inLanguage\":\"it-IT\",\"potentialAction\":[{\"@type\":\"ReadAction\",\"target\":[\"https:\/\/euroc.org\/fr\/eoroc-cookie-policy\/\"]}]},{\"@type\":\"BreadcrumbList\",\"@id\":\"https:\/\/euroc.org\/fr\/eoroc-cookie-policy\/#breadcrumb\",\"itemListElement\":[{\"@type\":\"ListItem\",\"position\":1,\"name\":\"Home\",\"item\":\"https:\/\/euroc.org\/\"},{\"@type\":\"ListItem\",\"position\":2,\"name\":\"EUROC Cookie Policy\"}]},{\"@type\":\"WebSite\",\"@id\":\"https:\/\/euroc.org\/#website\",\"url\":\"https:\/\/euroc.org\/\",\"name\":\"EUROC Europe\",\"description\":\"European Resort Owners Coalition\",\"publisher\":{\"@id\":\"https:\/\/euroc.org\/#organization\"},\"potentialAction\":[{\"@type\":\"SearchAction\",\"target\":{\"@type\":\"EntryPoint\",\"urlTemplate\":\"https:\/\/euroc.org\/?s={search_term_string}\"},\"query-input\":{\"@type\":\"PropertyValueSpecification\",\"valueRequired\":true,\"valueName\":\"search_term_string\"}}],\"inLanguage\":\"it-IT\"},{\"@type\":\"Organization\",\"@id\":\"https:\/\/euroc.org\/#organization\",\"name\":\"EUROC Europe\",\"url\":\"https:\/\/euroc.org\/\",\"logo\":{\"@type\":\"ImageObject\",\"inLanguage\":\"it-IT\",\"@id\":\"https:\/\/euroc.org\/#\/schema\/logo\/image\/\",\"url\":\"https:\/\/euroc.org\/wp-content\/uploads\/2023\/10\/cropped-EUROC-Final-Logo-colours-1.png\",\"contentUrl\":\"https:\/\/euroc.org\/wp-content\/uploads\/2023\/10\/cropped-EUROC-Final-Logo-colours-1.png\",\"width\":1561,\"height\":650,\"caption\":\"EUROC Europe\"},\"image\":{\"@id\":\"https:\/\/euroc.org\/#\/schema\/logo\/image\/\"}}]}<\/script>\n<!-- \/ Yoast SEO plugin. -->","yoast_head_json":{"title":"EUROC Cookie Policy - EUROC Europe","robots":{"index":"index","follow":"follow","max-snippet":"max-snippet:-1","max-image-preview":"max-image-preview:large","max-video-preview":"max-video-preview:-1"},"canonical":"https:\/\/euroc.org\/it\/eoroc-cookie-policy\/","og_locale":"it_IT","og_type":"article","og_title":"EUROC Cookie Policy - EUROC Europe","og_description":"EUROC Limited Cookie Policy 31st October 2023 This Cookie Policy explains how EUROC Limited (&#8220;We&#8221;) uses cookies and similar technologies to recognize you when you visit our website at euroc.org and euroctimesharesupporthub.org. It explains what these technologies are and why we use them, as well as your rights to control our use of them. What [&hellip;]","og_url":"https:\/\/euroc.org\/it\/eoroc-cookie-policy\/","og_site_name":"EUROC Europe","article_modified_time":"2023-11-01T09:00:03+00:00","twitter_card":"summary_large_image","twitter_misc":{"Tempo di lettura stimato":"4 minuti"},"schema":{"@context":"https:\/\/schema.org","@graph":[{"@type":"WebPage","@id":"https:\/\/euroc.org\/fr\/eoroc-cookie-policy\/","url":"https:\/\/euroc.org\/fr\/eoroc-cookie-policy\/","name":"EUROC Cookie Policy - EUROC Europe","isPartOf":{"@id":"https:\/\/euroc.org\/#website"},"datePublished":"2023-10-31T07:39:06+00:00","dateModified":"2023-11-01T09:00:03+00:00","breadcrumb":{"@id":"https:\/\/euroc.org\/fr\/eoroc-cookie-policy\/#breadcrumb"},"inLanguage":"it-IT","potentialAction":[{"@type":"ReadAction","target":["https:\/\/euroc.org\/fr\/eoroc-cookie-policy\/"]}]},{"@type":"BreadcrumbList","@id":"https:\/\/euroc.org\/fr\/eoroc-cookie-policy\/#breadcrumb","itemListElement":[{"@type":"ListItem","position":1,"name":"Home","item":"https:\/\/euroc.org\/"},{"@type":"ListItem","position":2,"name":"EUROC Cookie Policy"}]},{"@type":"WebSite","@id":"https:\/\/euroc.org\/#website","url":"https:\/\/euroc.org\/","name":"EUROC Europe","description":"European Resort Owners Coalition","publisher":{"@id":"https:\/\/euroc.org\/#organization"},"potentialAction":[{"@type":"SearchAction","target":{"@type":"EntryPoint","urlTemplate":"https:\/\/euroc.org\/?s={search_term_string}"},"query-input":{"@type":"PropertyValueSpecification","valueRequired":true,"valueName":"search_term_string"}}],"inLanguage":"it-IT"},{"@type":"Organization","@id":"https:\/\/euroc.org\/#organization","name":"EUROC Europe","url":"https:\/\/euroc.org\/","logo":{"@type":"ImageObject","inLanguage":"it-IT","@id":"https:\/\/euroc.org\/#\/schema\/logo\/image\/","url":"https:\/\/euroc.org\/wp-content\/uploads\/2023\/10\/cropped-EUROC-Final-Logo-colours-1.png","contentUrl":"https:\/\/euroc.org\/wp-content\/uploads\/2023\/10\/cropped-EUROC-Final-Logo-colours-1.png","width":1561,"height":650,"caption":"EUROC Europe"},"image":{"@id":"https:\/\/euroc.org\/#\/schema\/logo\/image\/"}}]}},"_links":{"self":[{"href":"https:\/\/euroc.org\/it\/wp-json\/wp\/v2\/pages\/4641","targetHints":{"allow":["GET"]}}],"collection":[{"href":"https:\/\/euroc.org\/it\/wp-json\/wp\/v2\/pages"}],"about":[{"href":"https:\/\/euroc.org\/it\/wp-json\/wp\/v2\/types\/page"}],"author":[{"embeddable":true,"href":"https:\/\/euroc.org\/it\/wp-json\/wp\/v2\/users\/2"}],"replies":[{"embeddable":true,"href":"https:\/\/euroc.org\/it\/wp-json\/wp\/v2\/comments?post=4641"}],"version-history":[{"count":6,"href":"https:\/\/euroc.org\/it\/wp-json\/wp\/v2\/pages\/4641\/revisions"}],"predecessor-version":[{"id":4652,"href":"https:\/\/euroc.org\/it\/wp-json\/wp\/v2\/pages\/4641\/revisions\/4652"}],"wp:attachment":[{"href":"https:\/\/euroc.org\/it\/wp-json\/wp\/v2\/media?parent=4641"}],"curies":[{"name":"wp","href":"https:\/\/api.w.org\/{rel}","templated":true}]}}