{"id":160,"date":"2023-09-19T14:58:12","date_gmt":"2023-09-19T14:58:12","guid":{"rendered":"https:\/\/euroctimesharesupporthub.com\/?page_id=160"},"modified":"2025-09-29T15:08:48","modified_gmt":"2025-09-29T15:08:48","slug":"benefits-of-membership","status":"publish","type":"page","link":"https:\/\/euroc.org\/it\/vantaggi-delladesione\/","title":{"rendered":"Vantaggi dell'iscrizione"},"content":{"rendered":"<div data-elementor-type=\"wp-page\" data-elementor-id=\"160\" class=\"elementor elementor-160\" data-elementor-post-type=\"page\">\n\t\t\t\t\t\t<section class=\"elementor-section elementor-top-section elementor-element elementor-element-6deec4f9 elementor-section-full_width elementor-section-height-min-height elementor-section-stretched elementor-section-height-default elementor-section-items-middle\" data-id=\"6deec4f9\" data-element_type=\"section\" data-settings=\"{&quot;stretch_section&quot;:&quot;section-stretched&quot;,&quot;background_background&quot;:&quot;classic&quot;}\">\n\t\t\t\t\t\t\t<div class=\"elementor-background-overlay\"><\/div>\n\t\t\t\t\t\t\t<div class=\"elementor-container elementor-column-gap-default\">\n\t\t\t\t\t<div class=\"elementor-column elementor-col-100 elementor-top-column elementor-element elementor-element-dcdf6d3\" data-id=\"dcdf6d3\" data-element_type=\"column\">\n\t\t\t<div class=\"elementor-widget-wrap elementor-element-populated\">\n\t\t\t\t\t\t<div class=\"elementor-element elementor-element-1b27064a elementor-invisible elementor-widget elementor-widget-heading\" data-id=\"1b27064a\" data-element_type=\"widget\" data-settings=\"{&quot;_animation&quot;:&quot;slideInRight&quot;}\" data-widget_type=\"heading.default\">\n\t\t\t\t<div class=\"elementor-widget-container\">\n\t\t\t<h1 class=\"elementor-heading-title elementor-size-xxl\">Vantaggi di<\/h1>\t\t<\/div>\n\t\t\t\t<\/div>\n\t\t\t\t<div class=\"elementor-element elementor-element-573aff41 elementor-invisible elementor-widget elementor-widget-heading\" data-id=\"573aff41\" data-element_type=\"widget\" data-settings=\"{&quot;_animation&quot;:&quot;slideInLeft&quot;}\" data-widget_type=\"heading.default\">\n\t\t\t\t<div class=\"elementor-widget-container\">\n\t\t\t<h1 class=\"elementor-heading-title elementor-size-xxl\">Soci<\/h1>\t\t<\/div>\n\t\t\t\t<\/div>\n\t\t\t\t\t<\/div>\n\t\t<\/div>\n\t\t\t\t\t<\/div>\n\t\t<\/section>\n\t\t\t\t<section class=\"elementor-section elementor-top-section elementor-element elementor-element-5c4d5485 elementor-section-boxed elementor-section-height-default elementor-section-height-default\" data-id=\"5c4d5485\" data-element_type=\"section\">\n\t\t\t\t\t\t<div class=\"elementor-container elementor-column-gap-default\">\n\t\t\t\t\t<div class=\"elementor-column elementor-col-100 elementor-top-column elementor-element elementor-element-542100a\" data-id=\"542100a\" data-element_type=\"column\">\n\t\t\t<div class=\"elementor-widget-wrap elementor-element-populated\">\n\t\t\t\t\t\t<div class=\"elementor-element elementor-element-5503c384 elementor-widget elementor-widget-text-editor\" data-id=\"5503c384\" data-element_type=\"widget\" data-widget_type=\"text-editor.default\">\n\t\t\t\t<div class=\"elementor-widget-container\">\n\t\t\t\t\t\t\t<p>EUROC offre un'ampia gamma di servizi e vantaggi ai soci dei club e dei resort europei in multipropriet\u00e0. EUROC agir\u00e0 come uno sportello unico per i rappresentanti dei comitati dei proprietari e per i team di gestione dei resort, fornendo loro un supporto incondizionato, risorse e contatti legittimi, idee operative e di generazione di reddito, oltre a fornire aggiornamenti e indicazioni regolari sulle questioni che riguardano il mondo della multipropriet\u00e0. <\/p><p>Se siete membri di un comitato di un club\/resort in multipropriet\u00e0 o di un team di gestione di un resort e desiderate saperne di pi\u00f9 sull'adesione e sui vantaggi per il vostro club\/resort di propriet\u00e0, contattate il responsabile delle relazioni con i soci di EUROC via e-mail all'indirizzo: <a href=\"mailto:info@euroc.org\">info@euroc.org<\/a><\/p>\t\t\t\t\t\t<\/div>\n\t\t\t\t<\/div>\n\t\t\t\t<div class=\"elementor-element elementor-element-351d84c1 elementor-widget-divider--view-line elementor-widget elementor-widget-divider\" data-id=\"351d84c1\" data-element_type=\"widget\" data-widget_type=\"divider.default\">\n\t\t\t\t<div class=\"elementor-widget-container\">\n\t\t\t\t\t<div class=\"elementor-divider\">\n\t\t\t<span class=\"elementor-divider-separator\">\n\t\t\t\t\t\t<\/span>\n\t\t<\/div>\n\t\t\t\t<\/div>\n\t\t\t\t<\/div>\n\t\t\t\t<div class=\"elementor-element elementor-element-73028834 elementor-invisible elementor-widget elementor-widget-heading\" data-id=\"73028834\" data-element_type=\"widget\" data-settings=\"{&quot;_animation&quot;:&quot;slideInLeft&quot;}\" data-widget_type=\"heading.default\">\n\t\t\t\t<div class=\"elementor-widget-container\">\n\t\t\t<h2 class=\"elementor-heading-title elementor-size-large\">Supporto, guida e consulenza per i rappresentanti dei comitati proprietari e i team di gestione dei resort<\/h2>\t\t<\/div>\n\t\t\t\t<\/div>\n\t\t\t\t<div class=\"elementor-element elementor-element-3defd75d elementor-widget elementor-widget-text-editor\" data-id=\"3defd75d\" data-element_type=\"widget\" data-widget_type=\"text-editor.default\">\n\t\t\t\t<div class=\"elementor-widget-container\">\n\t\t\t\t\t\t\t<p><b>Beneficiare di collegamenti e indicazioni per i contatti <\/b>all'interno della rete dei soci EUROC e di professionisti del settore fidati che possono condividere i loro consigli e le loro esperienze su come hanno affrontato questioni simili, ad esempio le questioni relative alle spese di gestione, la riduzione dei costi operativi dei club e il miglioramento dell'esperienza e del coinvolgimento dei proprietari.<\/p>\t\t\t\t\t\t<\/div>\n\t\t\t\t<\/div>\n\t\t\t\t<div class=\"elementor-element elementor-element-4680346e elementor-widget elementor-widget-text-editor\" data-id=\"4680346e\" data-element_type=\"widget\" data-widget_type=\"text-editor.default\">\n\t\t\t\t<div class=\"elementor-widget-container\">\n\t\t\t\t\t\t\t<p>Unire le forze con altri club di pari livello nella <b>Consorzio di acquisto EUROC<\/b>. Un potere d'acquisto collettivo offrir\u00e0 potenzialmente grandi risparmi a vantaggio del club e dei proprietari.  Dalle forniture per club\/resort, alle utenze, ai prodotti specifici e ai servizi di terze parti, il consorzio collaborer\u00e0 con il proprio partner per gli acquisti per esplorare le migliori offerte possibili e ottenere prezzi pi\u00f9 favorevoli per i club di multipropriet\u00e0 collettivi, piuttosto che un unico fornitore di prezzi e offerte per conto proprio.<\/p>\t\t\t\t\t\t<\/div>\n\t\t\t\t<\/div>\n\t\t\t\t<div class=\"elementor-element elementor-element-753871f1 elementor-widget elementor-widget-text-editor\" data-id=\"753871f1\" data-element_type=\"widget\" data-widget_type=\"text-editor.default\">\n\t\t\t\t<div class=\"elementor-widget-container\">\n\t\t\t\t\t\t\t<p><b>Ricevere aggiornamenti, idee e avvisi <\/b>forniti dal Responsabile delle Relazioni con i Soci di EUROC, che potrete utilizzare e condividere con i vostri proprietari per migliorare i vostri canali di comunicazione e il coinvolgimento dei proprietari.<\/p>\t\t\t\t\t\t<\/div>\n\t\t\t\t<\/div>\n\t\t\t\t<div class=\"elementor-element elementor-element-5b12cb32 elementor-widget elementor-widget-text-editor\" data-id=\"5b12cb32\" data-element_type=\"widget\" data-widget_type=\"text-editor.default\">\n\t\t\t\t<div class=\"elementor-widget-container\">\n\t\t\t\t\t\t\t<p><b>Idee e suggerimenti su argomenti rilevanti per la vostra esperienza di proprietari e per la gestione quotidiana del vostro club\/resort <\/b>insieme alla connessione e al networking con le societ\u00e0 di cambio e le agenzie di prenotazione esterne per garantire la crescita dei ricavi dalle settimane di club non utilizzate.<\/p>\t\t\t\t\t\t<\/div>\n\t\t\t\t<\/div>\n\t\t\t\t<div class=\"elementor-element elementor-element-7df2fd2e elementor-widget elementor-widget-text-editor\" data-id=\"7df2fd2e\" data-element_type=\"widget\" data-widget_type=\"text-editor.default\">\n\t\t\t\t<div class=\"elementor-widget-container\">\n\t\t\t\t\t\t\t<p><strong>Accesso al gruppo \"Whats App\" del gestore del resort<\/strong> - questa piattaforma \u00e8 stata facilitata consentendo al gestore del resort di connettersi con altri club di multipropriet\u00e0 in modo tempestivo per porre domande e chiedere consigli su questioni relative ai loro club.<\/p>\t\t\t\t\t\t<\/div>\n\t\t\t\t<\/div>\n\t\t\t\t<div class=\"elementor-element elementor-element-27e6af6a elementor-widget elementor-widget-text-editor\" data-id=\"27e6af6a\" data-element_type=\"widget\" data-widget_type=\"text-editor.default\">\n\t\t\t\t<div class=\"elementor-widget-container\">\n\t\t\t\t\t\t\t<p>I rappresentanti dei comitati e i team di gestione dei resort e dei club di multipropriet\u00e0 si riuniscono regolarmente su <strong>videoconferenze per rimanere in contatto<\/strong>discutere di problemi comuni e condividere le buone pratiche.<\/p>\t\t\t\t\t\t<\/div>\n\t\t\t\t<\/div>\n\t\t\t\t<div class=\"elementor-element elementor-element-6954233 elementor-widget elementor-widget-text-editor\" data-id=\"6954233\" data-element_type=\"widget\" data-widget_type=\"text-editor.default\">\n\t\t\t\t<div class=\"elementor-widget-container\">\n\t\t\t\t\t\t\t<p><b>Inviti a conferenze e riunioni EUROC, pranzi e videoconferenze periodiche <\/b>per i rappresentanti dei comitati di club e i team di gestione dei resort che si riuniscono per ascoltare aggiornamenti, condividere idee, sviluppare soluzioni, rafforzare i legami e creare connessioni con persone che condividono le stesse idee di altri club di multipropriet\u00e0.<\/p>\t\t\t\t\t\t<\/div>\n\t\t\t\t<\/div>\n\t\t\t\t<div class=\"elementor-element elementor-element-1a3990a elementor-widget-divider--view-line elementor-widget elementor-widget-divider\" data-id=\"1a3990a\" data-element_type=\"widget\" data-widget_type=\"divider.default\">\n\t\t\t\t<div class=\"elementor-widget-container\">\n\t\t\t\t\t<div class=\"elementor-divider\">\n\t\t\t<span class=\"elementor-divider-separator\">\n\t\t\t\t\t\t<\/span>\n\t\t<\/div>\n\t\t\t\t<\/div>\n\t\t\t\t<\/div>\n\t\t\t\t<div class=\"elementor-element elementor-element-3761f1fc elementor-invisible elementor-widget elementor-widget-heading\" data-id=\"3761f1fc\" data-element_type=\"widget\" data-settings=\"{&quot;_animation&quot;:&quot;slideInLeft&quot;}\" data-widget_type=\"heading.default\">\n\t\t\t\t<div class=\"elementor-widget-container\">\n\t\t\t<h2 class=\"elementor-heading-title elementor-size-large\">Frodi in multipropriet\u00e0 e protezione dei proprietari<\/h2>\t\t<\/div>\n\t\t\t\t<\/div>\n\t\t\t\t<div class=\"elementor-element elementor-element-1f699ddb elementor-widget elementor-widget-text-editor\" data-id=\"1f699ddb\" data-element_type=\"widget\" data-widget_type=\"text-editor.default\">\n\t\t\t\t<div class=\"elementor-widget-container\">\n\t\t\t\t\t\t\t<div class=\"wpb_text_column wpb_content_element\"><div class=\"wpb_wrapper\"><p><strong>EUROC fornisce un servizio interno intitolato <a href=\"https:\/\/euroctimesharesupporthub.com\/support-hub\/\">Hub di supporto per la multipropriet\u00e0 EUROC<\/a><\/strong>- un servizio a disposizione dei proprietari di multipropriet\u00e0 che hanno dubbi su un'azienda e che necessitano di assistenza per risolvere un problema. La Helpline offre consigli su rimborsi, rinunce, applicazione della legge e questioni generali relative alla multipropriet\u00e0.<\/p><\/div><\/div>\t\t\t\t\t\t<\/div>\n\t\t\t\t<\/div>\n\t\t\t\t<div class=\"elementor-element elementor-element-7aea7285 elementor-widget elementor-widget-text-editor\" data-id=\"7aea7285\" data-element_type=\"widget\" data-widget_type=\"text-editor.default\">\n\t\t\t\t<div class=\"elementor-widget-container\">\n\t\t\t\t\t\t\t<p><b>Beneficiare di aggiornamenti, avvisi e consigli sulle attivit\u00e0 illegali e le truffe attuali<\/b>\u00a0da condividere e far conoscere ai proprietari.  Ricevere formazione, consigli e materiale redatto su come informare i proprietari su come proteggersi da truffe ingannevoli in materia di rivendita, trasferimento e marketing.<\/p>\t\t\t\t\t\t<\/div>\n\t\t\t\t<\/div>\n\t\t\t\t<div class=\"elementor-element elementor-element-11a28898 elementor-widget elementor-widget-text-editor\" data-id=\"11a28898\" data-element_type=\"widget\" data-widget_type=\"text-editor.default\">\n\t\t\t\t<div class=\"elementor-widget-container\">\n\t\t\t\t\t\t\t<div class=\"wpb_text_column wpb_content_element\"><div class=\"wpb_wrapper\"><p><strong>I membri di EUROC sostengono le organizzazioni e le iniziative che cercano di prevenire<\/strong> proprietari di multipropriet\u00e0 dall'essere esposti a frodi e inganni. Laddove possibile, EUROC collaborer\u00e0 con le autorit\u00e0, le forze dell'ordine e altre agenzie di controllo in tutta Europa per assicurare i trasgressori alla giustizia.\u00a0<\/p><\/div><\/div>\t\t\t\t\t\t<\/div>\n\t\t\t\t<\/div>\n\t\t\t\t<div class=\"elementor-element elementor-element-2973a47d elementor-widget elementor-widget-text-editor\" data-id=\"2973a47d\" data-element_type=\"widget\" data-widget_type=\"text-editor.default\">\n\t\t\t\t<div class=\"elementor-widget-container\">\n\t\t\t\t\t\t\t<p><strong>Risparmi potenziali sulle spese legali<\/strong> che possono essere sostenuti nel processo di redazione delle lettere di risposta, per conto dei vostri proprietari, alle compagnie di assicurazione. A tal fine \u00e8 possibile utilizzare una selezione di modelli di lettere approvati, disponibili solo per i membri di EUROC.<\/p>\t\t\t\t\t\t<\/div>\n\t\t\t\t<\/div>\n\t\t\t\t<div class=\"elementor-element elementor-element-10e054b3 elementor-widget-divider--view-line elementor-widget elementor-widget-divider\" data-id=\"10e054b3\" data-element_type=\"widget\" data-widget_type=\"divider.default\">\n\t\t\t\t<div class=\"elementor-widget-container\">\n\t\t\t\t\t<div class=\"elementor-divider\">\n\t\t\t<span class=\"elementor-divider-separator\">\n\t\t\t\t\t\t<\/span>\n\t\t<\/div>\n\t\t\t\t<\/div>\n\t\t\t\t<\/div>\n\t\t\t\t<div class=\"elementor-element elementor-element-7950422c elementor-invisible elementor-widget elementor-widget-heading\" data-id=\"7950422c\" data-element_type=\"widget\" data-settings=\"{&quot;_animation&quot;:&quot;slideInLeft&quot;}\" data-widget_type=\"heading.default\">\n\t\t\t\t<div class=\"elementor-widget-container\">\n\t\t\t<h2 class=\"elementor-heading-title elementor-size-large\">Problemi legati alla multipropriet\u00e0 e al suo impatto<\/h2>\t\t<\/div>\n\t\t\t\t<\/div>\n\t\t\t\t<div class=\"elementor-element elementor-element-38d7aafe elementor-widget elementor-widget-text-editor\" data-id=\"38d7aafe\" data-element_type=\"widget\" data-widget_type=\"text-editor.default\">\n\t\t\t\t<div class=\"elementor-widget-container\">\n\t\t\t\t\t\t\t<p>Tenersi aggiornati su qualsiasi <strong>questioni legislative, normative e di mercato attuali e potenziali<\/strong> che hanno un impatto sui club e sui proprietari di multipropriet\u00e0 in tutto il Regno Unito e in Europa ed \u00e8 la <strong>prima linea di difesa contro la legislazione<\/strong> che potrebbero avere un impatto negativo sui vostri proprietari, club o resort.<\/p>\t\t\t\t\t\t<\/div>\n\t\t\t\t<\/div>\n\t\t\t\t<div class=\"elementor-element elementor-element-67871614 elementor-widget elementor-widget-text-editor\" data-id=\"67871614\" data-element_type=\"widget\" data-widget_type=\"text-editor.default\">\n\t\t\t\t<div class=\"elementor-widget-container\">\n\t\t\t\t\t\t\t<p><b>Documenti redatti in modo professionale<\/b> saranno presentate per conto dei soci EUROC ai consigli e ai governi locali su questioni specifiche che possono influenzare l'uso e la gestione della multipropriet\u00e0, come la potenziale implementazione della tassa sui letti\/turisti nel Regno Unito, le tariffe commerciali, le sentenze della Corte Suprema spagnola e le questioni relative alla propriet\u00e0 perpetua, solo per citarne alcune.<\/p>\t\t\t\t\t\t<\/div>\n\t\t\t\t<\/div>\n\t\t\t\t<div class=\"elementor-element elementor-element-311f0ec6 elementor-widget elementor-widget-text-editor\" data-id=\"311f0ec6\" data-element_type=\"widget\" data-widget_type=\"text-editor.default\">\n\t\t\t\t<div class=\"elementor-widget-container\">\n\t\t\t\t\t\t\t<p>I membri dell'organizzazione saranno riconosciuti come rappresentanti del meglio della multipropriet\u00e0 seguendo i criteri di <strong>Linee guida sulle migliori pratiche\/codice di condotta EUROC<\/strong>.<\/p>\t\t\t\t\t\t<\/div>\n\t\t\t\t<\/div>\n\t\t\t\t<div class=\"elementor-element elementor-element-4326454a elementor-widget elementor-widget-text-editor\" data-id=\"4326454a\" data-element_type=\"widget\" data-widget_type=\"text-editor.default\">\n\t\t\t\t<div class=\"elementor-widget-container\">\n\t\t\t\t\t\t\t<p>EUROC rappresenta e funge da <strong>la voce ufficiale di tutti i proprietari di multipropriet\u00e0<\/strong> con i media, le agenzie di controllo, gli enti governativi e le autorit\u00e0 locali.<\/p>\t\t\t\t\t\t<\/div>\n\t\t\t\t<\/div>\n\t\t\t\t\t<\/div>\n\t\t<\/div>\n\t\t\t\t\t<\/div>\n\t\t<\/section>\n\t\t\t\t<\/div>","protected":false},"excerpt":{"rendered":"<p>Vantaggi dell'adesione EUROC offre un'ampia gamma di servizi e vantaggi ai suoi soci di club e resort europei in multipropriet\u00e0. EUROC agisce come uno sportello unico per i rappresentanti dei comitati dei proprietari e per i team di gestione dei resort, fornendo loro un sostegno incondizionato, risorse e contatti legittimi, idee operative e di generazione di reddito, oltre a fornire regolarmente [...]<\/p>","protected":false},"author":3,"featured_media":0,"parent":0,"menu_order":0,"comment_status":"closed","ping_status":"closed","template":"","meta":{"om_disable_all_campaigns":false,"_monsterinsights_skip_tracking":false,"_monsterinsights_sitenote_active":false,"_monsterinsights_sitenote_note":"","_monsterinsights_sitenote_category":0,"_uf_show_specific_survey":0,"_uf_disable_surveys":false,"footnotes":""},"class_list":["post-160","page","type-page","status-publish","hentry"],"aioseo_notices":[],"yoast_head":"<!-- This site is optimized with the Yoast SEO plugin v24.0 - https:\/\/yoast.com\/wordpress\/plugins\/seo\/ -->\n<title>Benefits of Membership - EUROC Europe<\/title>\n<meta name=\"robots\" content=\"index, follow, max-snippet:-1, max-image-preview:large, max-video-preview:-1\" \/>\n<link rel=\"canonical\" href=\"https:\/\/euroc.org\/it\/benefits-of-membership\/\" \/>\n<meta property=\"og:locale\" content=\"it_IT\" \/>\n<meta property=\"og:type\" content=\"article\" \/>\n<meta property=\"og:title\" content=\"Benefits of Membership - EUROC Europe\" \/>\n<meta property=\"og:description\" content=\"Benefits of Membership EUROC offers a wide range of services and benefits to its European Timeshare Club and Resort members. It will act as a one stop shop for the owner committee representatives and resort management teams providing them with unconditional support, legitimate resources and contacts, operational and revenue generation ideas along with, providing regular [&hellip;]\" \/>\n<meta property=\"og:url\" content=\"https:\/\/euroc.org\/it\/benefits-of-membership\/\" \/>\n<meta property=\"og:site_name\" content=\"EUROC Europe\" \/>\n<meta property=\"article:modified_time\" content=\"2025-09-29T15:08:48+00:00\" \/>\n<meta name=\"twitter:card\" content=\"summary_large_image\" \/>\n<meta name=\"twitter:label1\" content=\"Tempo di lettura stimato\" \/>\n\t<meta name=\"twitter:data1\" content=\"4 minuti\" \/>\n<script type=\"application\/ld+json\" class=\"yoast-schema-graph\">{\"@context\":\"https:\/\/schema.org\",\"@graph\":[{\"@type\":\"WebPage\",\"@id\":\"https:\/\/euroc.org\/benefits-of-membership\/\",\"url\":\"https:\/\/euroc.org\/benefits-of-membership\/\",\"name\":\"Benefits of Membership - EUROC Europe\",\"isPartOf\":{\"@id\":\"https:\/\/euroc.org\/#website\"},\"datePublished\":\"2023-09-19T14:58:12+00:00\",\"dateModified\":\"2025-09-29T15:08:48+00:00\",\"breadcrumb\":{\"@id\":\"https:\/\/euroc.org\/benefits-of-membership\/#breadcrumb\"},\"inLanguage\":\"it-IT\",\"potentialAction\":[{\"@type\":\"ReadAction\",\"target\":[\"https:\/\/euroc.org\/benefits-of-membership\/\"]}]},{\"@type\":\"BreadcrumbList\",\"@id\":\"https:\/\/euroc.org\/benefits-of-membership\/#breadcrumb\",\"itemListElement\":[{\"@type\":\"ListItem\",\"position\":1,\"name\":\"Home\",\"item\":\"https:\/\/euroc.org\/\"},{\"@type\":\"ListItem\",\"position\":2,\"name\":\"Benefits of Membership\"}]},{\"@type\":\"WebSite\",\"@id\":\"https:\/\/euroc.org\/#website\",\"url\":\"https:\/\/euroc.org\/\",\"name\":\"EUROC Europe\",\"description\":\"European Resort Owners Coalition\",\"publisher\":{\"@id\":\"https:\/\/euroc.org\/#organization\"},\"potentialAction\":[{\"@type\":\"SearchAction\",\"target\":{\"@type\":\"EntryPoint\",\"urlTemplate\":\"https:\/\/euroc.org\/?s={search_term_string}\"},\"query-input\":{\"@type\":\"PropertyValueSpecification\",\"valueRequired\":true,\"valueName\":\"search_term_string\"}}],\"inLanguage\":\"it-IT\"},{\"@type\":\"Organization\",\"@id\":\"https:\/\/euroc.org\/#organization\",\"name\":\"EUROC Europe\",\"url\":\"https:\/\/euroc.org\/\",\"logo\":{\"@type\":\"ImageObject\",\"inLanguage\":\"it-IT\",\"@id\":\"https:\/\/euroc.org\/#\/schema\/logo\/image\/\",\"url\":\"https:\/\/euroc.org\/wp-content\/uploads\/2023\/10\/cropped-EUROC-Final-Logo-colours-1.png\",\"contentUrl\":\"https:\/\/euroc.org\/wp-content\/uploads\/2023\/10\/cropped-EUROC-Final-Logo-colours-1.png\",\"width\":1561,\"height\":650,\"caption\":\"EUROC Europe\"},\"image\":{\"@id\":\"https:\/\/euroc.org\/#\/schema\/logo\/image\/\"}}]}<\/script>\n<!-- \/ Yoast SEO plugin. -->","yoast_head_json":{"title":"Benefits of Membership - EUROC Europe","robots":{"index":"index","follow":"follow","max-snippet":"max-snippet:-1","max-image-preview":"max-image-preview:large","max-video-preview":"max-video-preview:-1"},"canonical":"https:\/\/euroc.org\/it\/benefits-of-membership\/","og_locale":"it_IT","og_type":"article","og_title":"Benefits of Membership - EUROC Europe","og_description":"Benefits of Membership EUROC offers a wide range of services and benefits to its European Timeshare Club and Resort members. It will act as a one stop shop for the owner committee representatives and resort management teams providing them with unconditional support, legitimate resources and contacts, operational and revenue generation ideas along with, providing regular [&hellip;]","og_url":"https:\/\/euroc.org\/it\/benefits-of-membership\/","og_site_name":"EUROC Europe","article_modified_time":"2025-09-29T15:08:48+00:00","twitter_card":"summary_large_image","twitter_misc":{"Tempo di lettura stimato":"4 minuti"},"schema":{"@context":"https:\/\/schema.org","@graph":[{"@type":"WebPage","@id":"https:\/\/euroc.org\/benefits-of-membership\/","url":"https:\/\/euroc.org\/benefits-of-membership\/","name":"Benefits of Membership - EUROC Europe","isPartOf":{"@id":"https:\/\/euroc.org\/#website"},"datePublished":"2023-09-19T14:58:12+00:00","dateModified":"2025-09-29T15:08:48+00:00","breadcrumb":{"@id":"https:\/\/euroc.org\/benefits-of-membership\/#breadcrumb"},"inLanguage":"it-IT","potentialAction":[{"@type":"ReadAction","target":["https:\/\/euroc.org\/benefits-of-membership\/"]}]},{"@type":"BreadcrumbList","@id":"https:\/\/euroc.org\/benefits-of-membership\/#breadcrumb","itemListElement":[{"@type":"ListItem","position":1,"name":"Home","item":"https:\/\/euroc.org\/"},{"@type":"ListItem","position":2,"name":"Benefits of Membership"}]},{"@type":"WebSite","@id":"https:\/\/euroc.org\/#website","url":"https:\/\/euroc.org\/","name":"EUROC Europe","description":"European Resort Owners Coalition","publisher":{"@id":"https:\/\/euroc.org\/#organization"},"potentialAction":[{"@type":"SearchAction","target":{"@type":"EntryPoint","urlTemplate":"https:\/\/euroc.org\/?s={search_term_string}"},"query-input":{"@type":"PropertyValueSpecification","valueRequired":true,"valueName":"search_term_string"}}],"inLanguage":"it-IT"},{"@type":"Organization","@id":"https:\/\/euroc.org\/#organization","name":"EUROC Europe","url":"https:\/\/euroc.org\/","logo":{"@type":"ImageObject","inLanguage":"it-IT","@id":"https:\/\/euroc.org\/#\/schema\/logo\/image\/","url":"https:\/\/euroc.org\/wp-content\/uploads\/2023\/10\/cropped-EUROC-Final-Logo-colours-1.png","contentUrl":"https:\/\/euroc.org\/wp-content\/uploads\/2023\/10\/cropped-EUROC-Final-Logo-colours-1.png","width":1561,"height":650,"caption":"EUROC Europe"},"image":{"@id":"https:\/\/euroc.org\/#\/schema\/logo\/image\/"}}]}},"_links":{"self":[{"href":"https:\/\/euroc.org\/it\/wp-json\/wp\/v2\/pages\/160","targetHints":{"allow":["GET"]}}],"collection":[{"href":"https:\/\/euroc.org\/it\/wp-json\/wp\/v2\/pages"}],"about":[{"href":"https:\/\/euroc.org\/it\/wp-json\/wp\/v2\/types\/page"}],"author":[{"embeddable":true,"href":"https:\/\/euroc.org\/it\/wp-json\/wp\/v2\/users\/3"}],"replies":[{"embeddable":true,"href":"https:\/\/euroc.org\/it\/wp-json\/wp\/v2\/comments?post=160"}],"version-history":[{"count":28,"href":"https:\/\/euroc.org\/it\/wp-json\/wp\/v2\/pages\/160\/revisions"}],"predecessor-version":[{"id":5420,"href":"https:\/\/euroc.org\/it\/wp-json\/wp\/v2\/pages\/160\/revisions\/5420"}],"wp:attachment":[{"href":"https:\/\/euroc.org\/it\/wp-json\/wp\/v2\/media?parent=160"}],"curies":[{"name":"wp","href":"https:\/\/api.w.org\/{rel}","templated":true}]}}