{"id":94,"date":"2023-09-19T14:24:08","date_gmt":"2023-09-19T14:24:08","guid":{"rendered":"https:\/\/euroctimesharesupporthub.com\/?page_id=94"},"modified":"2023-09-19T14:25:19","modified_gmt":"2023-09-19T14:25:19","slug":"privacy-policy","status":"publish","type":"page","link":"https:\/\/euroc.org\/fr\/politique-de-confidentialite\/","title":{"rendered":"Politique de confidentialit\u00e9"},"content":{"rendered":"<div data-elementor-type=\"wp-page\" data-elementor-id=\"94\" class=\"elementor elementor-94\" data-elementor-post-type=\"page\">\n\t\t\t\t\t\t<section class=\"elementor-section elementor-top-section elementor-element elementor-element-c3d4b84 elementor-section-full_width elementor-section-height-min-height elementor-section-stretched elementor-section-height-default elementor-section-items-middle\" data-id=\"c3d4b84\" data-element_type=\"section\" data-settings=\"{&quot;stretch_section&quot;:&quot;section-stretched&quot;,&quot;background_background&quot;:&quot;classic&quot;}\">\n\t\t\t\t\t\t\t<div class=\"elementor-background-overlay\"><\/div>\n\t\t\t\t\t\t\t<div class=\"elementor-container elementor-column-gap-default\">\n\t\t\t\t\t<div class=\"elementor-column elementor-col-100 elementor-top-column elementor-element elementor-element-2290718\" data-id=\"2290718\" data-element_type=\"column\">\n\t\t\t<div class=\"elementor-widget-wrap elementor-element-populated\">\n\t\t\t\t\t\t<div class=\"elementor-element elementor-element-e4229c0 elementor-widget elementor-widget-heading\" data-id=\"e4229c0\" data-element_type=\"widget\" data-widget_type=\"heading.default\">\n\t\t\t\t<div class=\"elementor-widget-container\">\n\t\t\t<h1 class=\"elementor-heading-title elementor-size-xxl\">Vie priv\u00e9e <\/h1>\t\t<\/div>\n\t\t\t\t<\/div>\n\t\t\t\t<div class=\"elementor-element elementor-element-bc30f88 elementor-widget elementor-widget-heading\" data-id=\"bc30f88\" data-element_type=\"widget\" data-widget_type=\"heading.default\">\n\t\t\t\t<div class=\"elementor-widget-container\">\n\t\t\t<h1 class=\"elementor-heading-title elementor-size-xxl\">Politique<\/h1>\t\t<\/div>\n\t\t\t\t<\/div>\n\t\t\t\t\t<\/div>\n\t\t<\/div>\n\t\t\t\t\t<\/div>\n\t\t<\/section>\n\t\t\t\t<section class=\"elementor-section elementor-top-section elementor-element elementor-element-c033de6 elementor-section-boxed elementor-section-height-default elementor-section-height-default\" data-id=\"c033de6\" data-element_type=\"section\">\n\t\t\t\t\t\t<div class=\"elementor-container elementor-column-gap-default\">\n\t\t\t\t\t<div class=\"elementor-column elementor-col-100 elementor-top-column elementor-element elementor-element-e8370fa\" data-id=\"e8370fa\" data-element_type=\"column\">\n\t\t\t<div class=\"elementor-widget-wrap elementor-element-populated\">\n\t\t\t\t\t\t<div class=\"elementor-element elementor-element-aee0fff elementor-widget elementor-widget-text-editor\" data-id=\"aee0fff\" data-element_type=\"widget\" data-widget_type=\"text-editor.default\">\n\t\t\t\t<div class=\"elementor-widget-container\">\n\t\t\t\t\t\t\t<p><b>Vie priv\u00e9e - Notre engagement\u00a0<\/b><\/p><p>EUROC s'engage \u00e0 assurer la protection de votre vie priv\u00e9e. Toute information que vous fournissez et qui permet de vous identifier lors de l'utilisation de notre site web ne sera utilis\u00e9e que conform\u00e9ment \u00e0 la pr\u00e9sente d\u00e9claration de confidentialit\u00e9. Cette politique de confidentialit\u00e9 s'applique \u00e0 votre utilisation de notre site web <a href=\"https:\/\/euroc.org\/fr\/\">https:\/\/euroc.org<\/a>.<\/p><p>EUROC peut modifier cette politique de temps \u00e0 autre en mettant \u00e0 jour cette page. Vous devez v\u00e9rifier cette page de temps en temps pour vous assurer que vous \u00eates satisfait de tout changement. Cette politique est en vigueur depuis le 25 juillet 2019.<\/p><p><strong>Le responsable du traitement des donn\u00e9es est<\/strong>:<\/p><p>EUROC Ltd<\/p><p>Num\u00e9ro d'entreprise : 11687730<\/p><p>Adresse du si\u00e8ge social :  4e \u00e9tage, 3 More London Riverside, Londres, SE1 2AQ.<\/p><p>Adresse \u00e9lectronique : <a href=\"mailto:info@euroc.eu\">info@euroc.org<\/a><\/p><p><b>Donn\u00e9es personnelles<\/b><\/p><p>Les donn\u00e9es \u00e0 caract\u00e8re personnel sont d\u00e9finies par le r\u00e8glement g\u00e9n\u00e9ral sur la protection des donn\u00e9es (r\u00e8glement UE 2016\/679) (le \" RGPD \") comme \" toute information se rapportant \u00e0 une personne identifiable qui peut \u00eatre identifi\u00e9e directement ou indirectement, notamment par r\u00e9f\u00e9rence \u00e0 un identifiant \".<\/p><p>Les donn\u00e9es \u00e0 caract\u00e8re personnel sont, en termes simples, toutes les informations vous concernant qui permettent de vous identifier. Les donn\u00e9es \u00e0 caract\u00e8re personnel comprennent des informations \u00e9videntes telles que votre nom et vos coordonn\u00e9es, mais aussi des informations moins \u00e9videntes telles que les num\u00e9ros d'identification, les donn\u00e9es de localisation \u00e9lectronique et d'autres identifiants en ligne.<\/p><p><b>Cookies<\/b><\/p><p>Lorsque vous utilisez notre site web pour consulter les informations que nous mettons \u00e0 votre disposition, un certain nombre de cookies sont utilis\u00e9s par d'autres et par des tiers pour permettre au site web de fonctionner, pour collecter des informations utiles sur les visiteurs et pour contribuer \u00e0 am\u00e9liorer votre exp\u00e9rience d'utilisateur.<\/p><p>Les cookies sont de petits fichiers qui sont envoy\u00e9s dans les deux sens avec les pages web et qui peuvent \u00eatre utilis\u00e9s pour identifier que vous avez d\u00e9j\u00e0 visit\u00e9 un site ou pour stocker localement de petits morceaux d'information avec vous.<\/p><p>Nous utilisons un outil de Google appel\u00e9 Google Analytics, qui nous renseigne sur la mani\u00e8re dont les internautes utilisent euroc.eu. Il utilise des cookies pour savoir combien de temps les internautes restent sur le site, quelles pages ils visitent, leur pays d'origine et s'il s'agit d'un nouveau visiteur ou d'un visiteur r\u00e9current.<\/p><p>Nous utilisons \u00e9galement des boutons de m\u00e9dias sociaux et\/ou des plugins sur ce site qui vous permettent de vous connecter \u00e0 votre (vos) r\u00e9seau(x) de m\u00e9dias sociaux de diverses mani\u00e8res. Pour que ces boutons fonctionnent, les m\u00e9dias sociaux installeront des cookies sur notre site, qui pourront \u00eatre utilis\u00e9s pour am\u00e9liorer votre profil sur leur site ou contribuer aux donn\u00e9es qu'ils d\u00e9tiennent \u00e0 diverses fins d\u00e9crites dans leurs politiques respectives en mati\u00e8re de protection de la vie priv\u00e9e.<\/p><p>Nous incluons parfois sur notre site du contenu provenant d'autres sites, par exemple des vid\u00e9os de YouTube. Dans ce cas, YouTube peut stocker des cookies afin de savoir comment les internautes regardent les vid\u00e9os sur leur site.<\/p><p>Les membres d'EUROC peuvent se connecter \u00e0 euroc.eu, et lorsqu'ils le font, nous utilisons des cookies pour savoir s'ils se sont connect\u00e9s.<\/p><p>Nous utilisons des cookies pour suivre le nombre d'\"ouvertures\" et de \"clics\" sur les lettres d'information envoy\u00e9es par EUROC.<\/p><p>Vous pouvez emp\u00eacher l'installation de cookies en ajustant les param\u00e8tres de votre navigateur (voir l'aide de votre navigateur pour savoir comment proc\u00e9der). Sachez que la d\u00e9sactivation des cookies affectera la fonctionnalit\u00e9 de ce site et de nombreux autres sites que vous visitez.<\/p><p>Si vous voulez en savoir plus sur ce que sont les cookies et comment les contr\u00f4ler, <a href=\"http:\/\/www.aboutcookies.org\/\">www.aboutcookies.org<\/a> est une excellente ressource.<\/p><p><b>Liens vers d'autres sites web et m\u00e9dias sociaux<\/b><\/p><p>Notre site web peut contenir des liens qui vous permettent de visiter facilement d'autres sites web qui vous int\u00e9ressent. Cependant, une fois que vous avez utilis\u00e9 ces liens pour quitter notre site, vous devez savoir que nous n'avons aucun contr\u00f4le sur cet autre site web. Par cons\u00e9quent, nous ne pouvons \u00eatre tenus responsables de la protection et de la confidentialit\u00e9 des informations que vous fournissez lorsque vous visitez ces sites et ces sites ne sont pas r\u00e9gis par la pr\u00e9sente d\u00e9claration de confidentialit\u00e9. Vous devez faire preuve de prudence et consulter la d\u00e9claration de confidentialit\u00e9 applicable au site web en question.<\/p><p>Notre site web peut vous permettre de partager des informations avec des sites de m\u00e9dias sociaux ou d'utiliser des sites de m\u00e9dias sociaux pour cr\u00e9er votre compte ou pour connecter votre compte de m\u00e9dias sociaux. Ces sites de m\u00e9dias sociaux peuvent nous donner automatiquement acc\u00e8s \u00e0 certaines informations personnelles qu'ils conservent \u00e0 votre sujet (par exemple, tout contenu que vous avez consult\u00e9). Vous devriez pouvoir g\u00e9rer vos param\u00e8tres de confidentialit\u00e9 \u00e0 partir de votre (vos) compte(s) de m\u00e9dias sociaux tiers afin de g\u00e9rer les informations personnelles auxquelles vous nous permettez d'acc\u00e9der \u00e0 partir de ce compte.<\/p><p><b>Lorsque vous soumettez une demande de renseignements par courrier \u00e9lectronique<\/b><\/p><p>Les communications par courrier \u00e9lectronique sont stock\u00e9es et trait\u00e9es \u00e0 l'aide de Google G Suite, qui est h\u00e9berg\u00e9 dans l'Espace \u00e9conomique europ\u00e9en (EEE). Les informations relatives \u00e0 l'inscription, les donn\u00e9es relatives \u00e0 l'adh\u00e9sion et les documents justificatifs suppl\u00e9mentaires sont stock\u00e9s \u00e0 l'aide de services en nuage fournis par Dropbox.  Dropbox traite et transmet des informations aux \u00c9tats-Unis et dans d'autres pays du monde, et les fichiers peuvent \u00e9galement \u00eatre stock\u00e9s localement sur les appareils utilis\u00e9s pour acc\u00e9der aux services Dropbox. Dropbox participe et a certifi\u00e9 sa conformit\u00e9 \u00e0 la loi sur la protection de la vie priv\u00e9e.\u00a0<a href=\"https:\/\/www.privacyshield.gov\/welcome\">Cadre du bouclier de protection de la vie priv\u00e9e UE-\u00c9tats-Unis et cadre du bouclier de protection de la vie priv\u00e9e Suisse-\u00c9tats-Unis<\/a>. Vous pouvez visualiser les <a href=\"https:\/\/www.dropbox.com\/privacy\">Politique de confidentialit\u00e9 de Dropbox<\/a> sur leur site web.<\/p><p><b>Informations relatives aux entreprises uniquement<\/b><b><br \/><\/b><\/p><p>Si vous agissez en qualit\u00e9 d'entrepreneur, les informations que nous pouvons recueillir comprennent les informations requises lors de la demande d'adh\u00e9sion ou de maintien de l'adh\u00e9sion \u00e0 l'EUROC, ainsi que les informations requises \u00e0 des fins de facturation, telles que le nom et l'adresse de la soci\u00e9t\u00e9 enregistr\u00e9e, le nom et l'adresse du commerce, le num\u00e9ro de t\u00e9l\u00e9phone, le num\u00e9ro de fax, l'adresse \u00e9lectronique, le num\u00e9ro de TVA, le nom de la personne qui remplit la demande, la fonction au sein de la soci\u00e9t\u00e9, l'adresse \u00e9lectronique, le num\u00e9ro de t\u00e9l\u00e9phone.<\/p><p>En outre, lorsque vous agissez \u00e0 titre professionnel, nous pouvons utiliser vos donn\u00e9es \u00e0 des fins l\u00e9gitimes de marketing si nous pensons que nos services peuvent vous int\u00e9resser. Vous pouvez nous demander de ne pas utiliser vos donn\u00e9es personnelles \u00e0 des fins de marketing. Vous pouvez le faire en cochant certaines cases sur les formulaires que nous pouvons utiliser pour collecter vos donn\u00e9es et sur les courriels de marketing que nous pouvons vous envoyer. Vous pouvez \u00e9galement nous demander de cesser de vous envoyer des informations commerciales \u00e0 tout moment en nous contactant.<\/p><p><b>La base sur laquelle nous pourrions utiliser vos donn\u00e9es personnelles<\/b><\/p><p>Nous n'utiliserons vos donn\u00e9es \u00e0 caract\u00e8re personnel que si l'une ou plusieurs des conditions suivantes sont r\u00e9unies :<\/p><ol><li>vous avez donn\u00e9 votre consentement \u00e0 l'utilisation (que vous pouvez retirer \u00e0 tout moment en nous le notifiant), ou<\/li><li>Elles sont n\u00e9cessaires \u00e0 la conclusion ou \u00e0 l'ex\u00e9cution d'un contrat entre nous, ou<\/li><li>Il est n\u00e9cessaire de se conformer \u00e0 une obligation l\u00e9gale \u00e0 laquelle nous sommes soumis, ou<\/li><li>Elle est n\u00e9cessaire pour prot\u00e9ger vos int\u00e9r\u00eats vitaux ou ceux d'une autre personne.<\/li><li>Il nous est n\u00e9cessaire de poursuivre nos int\u00e9r\u00eats l\u00e9gitimes, tels que la commercialisation de nos services dans les circonstances appropri\u00e9es, par exemple lorsque vous avez utilis\u00e9 nos services et que vous ne vous \u00eates pas oppos\u00e9 \u00e0 recevoir des informations sur d'autres services de nature similaire, ou lorsque vous utilisez notre service de r\u00e8glement extrajudiciaire des litiges.<\/li><\/ol><p><b>Vos droits en tant que personne concern\u00e9e<\/b><\/p><p>La loi vous autorise \u00e0 nous demander quelles sont les informations que nous d\u00e9tenons \u00e0 votre sujet (ce que l'on appelle g\u00e9n\u00e9ralement une demande d'acc\u00e8s), et vous pouvez nous demander de les corriger si elles sont inexactes.<\/p><p>Si nous vous avons demand\u00e9 votre consentement pour traiter vos donn\u00e9es personnelles, vous pouvez le retirer \u00e0 tout moment.<\/p><p>Si nous traitons vos donn\u00e9es personnelles pour des raisons de consentement ou d'int\u00e9r\u00eat l\u00e9gitime, vous pouvez demander que vos donn\u00e9es soient effac\u00e9es.<\/p><p>Vous pouvez demander que nous vous communiquions les donn\u00e9es \u00e0 caract\u00e8re personnel que nous d\u00e9tenons \u00e0 votre sujet, ou (lorsque cela est techniquement possible) \u00e0 un tiers que vous avez choisi, dans un format couramment utilis\u00e9 et lisible par machine.<\/p><p>Vous avez le droit de d\u00e9poser une plainte aupr\u00e8s de l'autorit\u00e9 de contr\u00f4le responsable des questions de protection des donn\u00e9es (par exemple, au Royaume-Uni, l'Information Commissioner's Office. Les personnes r\u00e9sidant dans d'autres pays de l'UE ont le droit de d\u00e9poser une plainte aupr\u00e8s de leur propre autorit\u00e9 de contr\u00f4le).<\/p><p>Veuillez noter que ces droits ne sont pas toujours disponibles pour tout le monde.<\/p><p>EUROC peut demander une preuve d'identit\u00e9 (telle qu'un passeport ou un permis de conduire) afin de s'assurer que nous fournissons les bonnes informations personnelles \u00e0 la bonne personne.<\/p><p>L'EUROC est tenu de r\u00e9pondre \u00e0 une demande d'exercice de vos droits dans un d\u00e9lai d'un mois, mais il peut avoir le droit de r\u00e9pondre plus tard si la demande est particuli\u00e8rement complexe ou si plusieurs demandes ont \u00e9t\u00e9 formul\u00e9es. Si un d\u00e9lai suppl\u00e9mentaire est n\u00e9cessaire, l'EUROC vous tiendra inform\u00e9 tout au long de la proc\u00e9dure.<\/p><p>Veuillez noter que si l'EUROC ne peut g\u00e9n\u00e9ralement pas facturer de frais pour r\u00e9pondre \u00e0 une demande de votre part, il peut le faire si la demande est manifestement infond\u00e9e, r\u00e9p\u00e9titive ou excessive, ou si l'EUROC refuse de r\u00e9pondre \u00e0 la demande pour cette raison.<\/p><p>Pour soumettre une demande concernant vos donn\u00e9es personnelles, veuillez nous contacter \u00e0 l'adresse suivante : <a href=\"mailto:info@euroc.org\"><strong>info@euroc.org<\/strong><\/a><\/p>\t\t\t\t\t\t<\/div>\n\t\t\t\t<\/div>\n\t\t\t\t\t<\/div>\n\t\t<\/div>\n\t\t\t\t\t<\/div>\n\t\t<\/section>\n\t\t\t\t<\/div>","protected":false},"excerpt":{"rendered":"<p>Politique de confidentialit\u00e9 Confidentialit\u00e9 - Notre engagement EUROC s'engage \u00e0 assurer la protection de votre vie priv\u00e9e. Toute information que vous fournissez et qui permet de vous identifier lors de l'utilisation de notre site web ne sera utilis\u00e9e que conform\u00e9ment \u00e0 la pr\u00e9sente d\u00e9claration de confidentialit\u00e9. Cette politique de confidentialit\u00e9 s'applique \u00e0 votre utilisation de notre site web https:\/\/euroc.org. EUROC peut modifier [...]<\/p>","protected":false},"author":3,"featured_media":0,"parent":0,"menu_order":0,"comment_status":"closed","ping_status":"closed","template":"","meta":{"om_disable_all_campaigns":false,"_monsterinsights_skip_tracking":false,"_monsterinsights_sitenote_active":false,"_monsterinsights_sitenote_note":"","_monsterinsights_sitenote_category":0,"_uf_show_specific_survey":0,"_uf_disable_surveys":false,"footnotes":""},"class_list":["post-94","page","type-page","status-publish","hentry"],"aioseo_notices":[],"yoast_head":"<!-- This site is optimized with the Yoast SEO plugin v24.0 - https:\/\/yoast.com\/wordpress\/plugins\/seo\/ -->\n<title>Privacy Policy - EUROC Europe<\/title>\n<meta name=\"robots\" content=\"index, follow, max-snippet:-1, max-image-preview:large, max-video-preview:-1\" \/>\n<link rel=\"canonical\" href=\"https:\/\/euroc.org\/fr\/politica-sulla-privacy\/\" \/>\n<meta property=\"og:locale\" content=\"fr_FR\" \/>\n<meta property=\"og:type\" content=\"article\" \/>\n<meta property=\"og:title\" content=\"Privacy Policy - EUROC Europe\" \/>\n<meta property=\"og:description\" content=\"Privacy Policy Privacy \u2013 Our Commitment\u00a0 EUROC is committed to ensuring that your privacy is protected. Any information that you provide by which you can be identified when using our website will only be used in accordance with this privacy statement. This privacy policy applies to your use of our website https:\/\/euroc.org. EUROC may change [&hellip;]\" \/>\n<meta property=\"og:url\" content=\"https:\/\/euroc.org\/fr\/politica-sulla-privacy\/\" \/>\n<meta property=\"og:site_name\" content=\"EUROC Europe\" \/>\n<meta property=\"article:modified_time\" content=\"2023-09-19T14:25:19+00:00\" \/>\n<meta name=\"twitter:card\" content=\"summary_large_image\" \/>\n<meta name=\"twitter:label1\" content=\"Dur\u00e9e de lecture estim\u00e9e\" \/>\n\t<meta name=\"twitter:data1\" content=\"7 minutes\" \/>\n<script type=\"application\/ld+json\" class=\"yoast-schema-graph\">{\"@context\":\"https:\/\/schema.org\",\"@graph\":[{\"@type\":\"WebPage\",\"@id\":\"https:\/\/euroc.org\/it\/politica-sulla-privacy\/\",\"url\":\"https:\/\/euroc.org\/it\/politica-sulla-privacy\/\",\"name\":\"Privacy Policy - EUROC Europe\",\"isPartOf\":{\"@id\":\"https:\/\/euroc.org\/#website\"},\"datePublished\":\"2023-09-19T14:24:08+00:00\",\"dateModified\":\"2023-09-19T14:25:19+00:00\",\"breadcrumb\":{\"@id\":\"https:\/\/euroc.org\/it\/politica-sulla-privacy\/#breadcrumb\"},\"inLanguage\":\"fr-FR\",\"potentialAction\":[{\"@type\":\"ReadAction\",\"target\":[\"https:\/\/euroc.org\/it\/politica-sulla-privacy\/\"]}]},{\"@type\":\"BreadcrumbList\",\"@id\":\"https:\/\/euroc.org\/it\/politica-sulla-privacy\/#breadcrumb\",\"itemListElement\":[{\"@type\":\"ListItem\",\"position\":1,\"name\":\"Home\",\"item\":\"https:\/\/euroc.org\/\"},{\"@type\":\"ListItem\",\"position\":2,\"name\":\"Privacy Policy\"}]},{\"@type\":\"WebSite\",\"@id\":\"https:\/\/euroc.org\/#website\",\"url\":\"https:\/\/euroc.org\/\",\"name\":\"EUROC Europe\",\"description\":\"European Resort Owners Coalition\",\"publisher\":{\"@id\":\"https:\/\/euroc.org\/#organization\"},\"potentialAction\":[{\"@type\":\"SearchAction\",\"target\":{\"@type\":\"EntryPoint\",\"urlTemplate\":\"https:\/\/euroc.org\/?s={search_term_string}\"},\"query-input\":{\"@type\":\"PropertyValueSpecification\",\"valueRequired\":true,\"valueName\":\"search_term_string\"}}],\"inLanguage\":\"fr-FR\"},{\"@type\":\"Organization\",\"@id\":\"https:\/\/euroc.org\/#organization\",\"name\":\"EUROC Europe\",\"url\":\"https:\/\/euroc.org\/\",\"logo\":{\"@type\":\"ImageObject\",\"inLanguage\":\"fr-FR\",\"@id\":\"https:\/\/euroc.org\/#\/schema\/logo\/image\/\",\"url\":\"https:\/\/euroc.org\/wp-content\/uploads\/2023\/10\/cropped-EUROC-Final-Logo-colours-1.png\",\"contentUrl\":\"https:\/\/euroc.org\/wp-content\/uploads\/2023\/10\/cropped-EUROC-Final-Logo-colours-1.png\",\"width\":1561,\"height\":650,\"caption\":\"EUROC Europe\"},\"image\":{\"@id\":\"https:\/\/euroc.org\/#\/schema\/logo\/image\/\"}}]}<\/script>\n<!-- \/ Yoast SEO plugin. -->","yoast_head_json":{"title":"Privacy Policy - EUROC Europe","robots":{"index":"index","follow":"follow","max-snippet":"max-snippet:-1","max-image-preview":"max-image-preview:large","max-video-preview":"max-video-preview:-1"},"canonical":"https:\/\/euroc.org\/fr\/politica-sulla-privacy\/","og_locale":"fr_FR","og_type":"article","og_title":"Privacy Policy - EUROC Europe","og_description":"Privacy Policy Privacy \u2013 Our Commitment\u00a0 EUROC is committed to ensuring that your privacy is protected. Any information that you provide by which you can be identified when using our website will only be used in accordance with this privacy statement. This privacy policy applies to your use of our website https:\/\/euroc.org. EUROC may change [&hellip;]","og_url":"https:\/\/euroc.org\/fr\/politica-sulla-privacy\/","og_site_name":"EUROC Europe","article_modified_time":"2023-09-19T14:25:19+00:00","twitter_card":"summary_large_image","twitter_misc":{"Dur\u00e9e de lecture estim\u00e9e":"7 minutes"},"schema":{"@context":"https:\/\/schema.org","@graph":[{"@type":"WebPage","@id":"https:\/\/euroc.org\/it\/politica-sulla-privacy\/","url":"https:\/\/euroc.org\/it\/politica-sulla-privacy\/","name":"Privacy Policy - EUROC Europe","isPartOf":{"@id":"https:\/\/euroc.org\/#website"},"datePublished":"2023-09-19T14:24:08+00:00","dateModified":"2023-09-19T14:25:19+00:00","breadcrumb":{"@id":"https:\/\/euroc.org\/it\/politica-sulla-privacy\/#breadcrumb"},"inLanguage":"fr-FR","potentialAction":[{"@type":"ReadAction","target":["https:\/\/euroc.org\/it\/politica-sulla-privacy\/"]}]},{"@type":"BreadcrumbList","@id":"https:\/\/euroc.org\/it\/politica-sulla-privacy\/#breadcrumb","itemListElement":[{"@type":"ListItem","position":1,"name":"Home","item":"https:\/\/euroc.org\/"},{"@type":"ListItem","position":2,"name":"Privacy Policy"}]},{"@type":"WebSite","@id":"https:\/\/euroc.org\/#website","url":"https:\/\/euroc.org\/","name":"EUROC Europe","description":"European Resort Owners Coalition","publisher":{"@id":"https:\/\/euroc.org\/#organization"},"potentialAction":[{"@type":"SearchAction","target":{"@type":"EntryPoint","urlTemplate":"https:\/\/euroc.org\/?s={search_term_string}"},"query-input":{"@type":"PropertyValueSpecification","valueRequired":true,"valueName":"search_term_string"}}],"inLanguage":"fr-FR"},{"@type":"Organization","@id":"https:\/\/euroc.org\/#organization","name":"EUROC Europe","url":"https:\/\/euroc.org\/","logo":{"@type":"ImageObject","inLanguage":"fr-FR","@id":"https:\/\/euroc.org\/#\/schema\/logo\/image\/","url":"https:\/\/euroc.org\/wp-content\/uploads\/2023\/10\/cropped-EUROC-Final-Logo-colours-1.png","contentUrl":"https:\/\/euroc.org\/wp-content\/uploads\/2023\/10\/cropped-EUROC-Final-Logo-colours-1.png","width":1561,"height":650,"caption":"EUROC Europe"},"image":{"@id":"https:\/\/euroc.org\/#\/schema\/logo\/image\/"}}]}},"_links":{"self":[{"href":"https:\/\/euroc.org\/fr\/wp-json\/wp\/v2\/pages\/94","targetHints":{"allow":["GET"]}}],"collection":[{"href":"https:\/\/euroc.org\/fr\/wp-json\/wp\/v2\/pages"}],"about":[{"href":"https:\/\/euroc.org\/fr\/wp-json\/wp\/v2\/types\/page"}],"author":[{"embeddable":true,"href":"https:\/\/euroc.org\/fr\/wp-json\/wp\/v2\/users\/3"}],"replies":[{"embeddable":true,"href":"https:\/\/euroc.org\/fr\/wp-json\/wp\/v2\/comments?post=94"}],"version-history":[{"count":4,"href":"https:\/\/euroc.org\/fr\/wp-json\/wp\/v2\/pages\/94\/revisions"}],"predecessor-version":[{"id":98,"href":"https:\/\/euroc.org\/fr\/wp-json\/wp\/v2\/pages\/94\/revisions\/98"}],"wp:attachment":[{"href":"https:\/\/euroc.org\/fr\/wp-json\/wp\/v2\/media?parent=94"}],"curies":[{"name":"wp","href":"https:\/\/api.w.org\/{rel}","templated":true}]}}