{"id":73,"date":"2023-09-19T14:14:29","date_gmt":"2023-09-19T14:14:29","guid":{"rendered":"https:\/\/euroctimesharesupporthub.com\/?page_id=73"},"modified":"2025-09-29T15:07:19","modified_gmt":"2025-09-29T15:07:19","slug":"about-euroc","status":"publish","type":"page","link":"https:\/\/euroc.org\/fr\/a-propos-de-leuro\/","title":{"rendered":"\u00c0 propos d'EUROC"},"content":{"rendered":"<div data-elementor-type=\"wp-page\" data-elementor-id=\"73\" class=\"elementor elementor-73\" data-elementor-post-type=\"page\">\n\t\t\t\t\t\t<section class=\"elementor-section elementor-top-section elementor-element elementor-element-c3d4b84 elementor-section-full_width elementor-section-height-min-height elementor-section-stretched elementor-section-height-default elementor-section-items-middle\" data-id=\"c3d4b84\" data-element_type=\"section\" data-settings=\"{&quot;stretch_section&quot;:&quot;section-stretched&quot;,&quot;background_background&quot;:&quot;classic&quot;}\">\n\t\t\t\t\t\t\t<div class=\"elementor-background-overlay\"><\/div>\n\t\t\t\t\t\t\t<div class=\"elementor-container elementor-column-gap-default\">\n\t\t\t\t\t<div class=\"elementor-column elementor-col-100 elementor-top-column elementor-element elementor-element-2290718\" data-id=\"2290718\" data-element_type=\"column\">\n\t\t\t<div class=\"elementor-widget-wrap elementor-element-populated\">\n\t\t\t\t\t\t<div class=\"elementor-element elementor-element-e4229c0 elementor-widget elementor-widget-heading\" data-id=\"e4229c0\" data-element_type=\"widget\" data-widget_type=\"heading.default\">\n\t\t\t\t<div class=\"elementor-widget-container\">\n\t\t\t<h1 class=\"elementor-heading-title elementor-size-xxl\">A propos de<\/h1>\t\t<\/div>\n\t\t\t\t<\/div>\n\t\t\t\t<div class=\"elementor-element elementor-element-bc30f88 elementor-widget elementor-widget-heading\" data-id=\"bc30f88\" data-element_type=\"widget\" data-widget_type=\"heading.default\">\n\t\t\t\t<div class=\"elementor-widget-container\">\n\t\t\t<h1 class=\"elementor-heading-title elementor-size-xxl\">EUROC<\/h1>\t\t<\/div>\n\t\t\t\t<\/div>\n\t\t\t\t\t<\/div>\n\t\t<\/div>\n\t\t\t\t\t<\/div>\n\t\t<\/section>\n\t\t\t\t<section class=\"elementor-section elementor-top-section elementor-element elementor-element-c033de6 elementor-section-boxed elementor-section-height-default elementor-section-height-default\" data-id=\"c033de6\" data-element_type=\"section\">\n\t\t\t\t\t\t<div class=\"elementor-container elementor-column-gap-default\">\n\t\t\t\t\t<div class=\"elementor-column elementor-col-100 elementor-top-column elementor-element elementor-element-e8370fa\" data-id=\"e8370fa\" data-element_type=\"column\">\n\t\t\t<div class=\"elementor-widget-wrap elementor-element-populated\">\n\t\t\t\t\t\t<div class=\"elementor-element elementor-element-aee0fff elementor-widget elementor-widget-text-editor\" data-id=\"aee0fff\" data-element_type=\"widget\" data-widget_type=\"text-editor.default\">\n\t\t\t\t<div class=\"elementor-widget-container\">\n\t\t\t\t\t\t\t<p>EUROC est l'association officielle, ind\u00e9pendante et \u00e0 but non lucratif de multipropri\u00e9t\u00e9 en temps partag\u00e9 qui continue \u00e0 se tenir aux c\u00f4t\u00e9s des propri\u00e9taires en temps partag\u00e9, des repr\u00e9sentants des comit\u00e9s de propri\u00e9taires et des \u00e9quipes de gestion des clubs de multipropri\u00e9t\u00e9 en temps partag\u00e9 et des centres de vill\u00e9giature dans toute l'Europe.<\/p><p>Ensemble, ils forment une alliance de personnes aux vues similaires qui ont toutes le m\u00eame objectif, le m\u00eame devoir et le m\u00eame engagement envers la pr\u00e9servation, la protection et l'am\u00e9lioration du monde de la propri\u00e9t\u00e9 en temps partag\u00e9.<\/p><p>L'objectif principal d'EUROC est de fournir une plateforme et un r\u00e9seau solide pour les repr\u00e9sentants des clubs et des stations de multipropri\u00e9t\u00e9 europ\u00e9ens afin de se r\u00e9unir - avec une voix unifi\u00e9e pour l'industrie de la multipropri\u00e9t\u00e9 - pour partager des id\u00e9es, des meilleures pratiques et explorer des solutions pour les questions actuelles et potentielles futures ayant un impact sur les propri\u00e9taires de multipropri\u00e9t\u00e9 et leurs clubs.<\/p><p>L'organisation est proactive dans son approche, recherchant des solutions et plaidant pour des r\u00e9sultats positifs avant qu'ils n'aient un impact potentiel sur les propri\u00e9taires de biens \u00e0 temps partag\u00e9 et leurs clubs.<\/p><p><b>Parmi les domaines sur lesquels EUROC concentre son attention, on peut citer<\/b><\/p><ul><li aria-level=\"1\">Promouvoir les meilleures pratiques au sein de la communaut\u00e9 des propri\u00e9taires de biens \u00e0 temps partag\u00e9.<\/li><li aria-level=\"1\">Fournir un \"centre de conseil aux propri\u00e9taires\" et agir en tant que source l\u00e9gitime d'information et de soutien pour les propri\u00e9taires de biens \u00e0 temps partag\u00e9.<\/li><li aria-level=\"1\">Consulter et soutenir les responsables gouvernementaux et les organismes de consommateurs sur les questions qui ont un impact sur la propri\u00e9t\u00e9 en temps partag\u00e9.<\/li><li aria-level=\"1\">L'EUROC offre \u00e0 ses membres des connexions et un r\u00e9seau solide avec des clubs de multipropri\u00e9t\u00e9 et des professionnels de l'industrie partageant les m\u00eames id\u00e9es.<\/li><li aria-level=\"1\">Prot\u00e9ger les propri\u00e9taires de biens \u00e0 temps partag\u00e9 gr\u00e2ce \u00e0 son code de conduite.<\/li><li aria-level=\"1\">Sensibiliser aux pratiques frauduleuses affectant les propri\u00e9taires de biens \u00e0 temps partag\u00e9.<\/li><\/ul>\t\t\t\t\t\t<\/div>\n\t\t\t\t<\/div>\n\t\t\t\t<div class=\"elementor-element elementor-element-07de1aa elementor-widget elementor-widget-heading\" data-id=\"07de1aa\" data-element_type=\"widget\" data-widget_type=\"heading.default\">\n\t\t\t\t<div class=\"elementor-widget-container\">\n\t\t\t<h2 class=\"elementor-heading-title elementor-size-default\">Conseil d'administration de l'EUROC<\/h2>\t\t<\/div>\n\t\t\t\t<\/div>\n\t\t\t\t<div class=\"elementor-element elementor-element-4623967 elementor-widget elementor-widget-text-editor\" data-id=\"4623967\" data-element_type=\"widget\" data-widget_type=\"text-editor.default\">\n\t\t\t\t<div class=\"elementor-widget-container\">\n\t\t\t\t\t\t\t<div class=\"elementor-element elementor-element-e4c8ae1 elementor-widget elementor-widget-text-editor\" data-id=\"e4c8ae1\" data-element_type=\"widget\" data-widget_type=\"text-editor.default\"><div class=\"elementor-widget-container\"><p>Il a \u00e9t\u00e9 convenu que le conseil d'administration de l'EUROC serait un organe \u00e9lu et qu'il se composerait d'un maximum de neuf administrateurs. Chaque administrateur consacre son temps et ses efforts \u00e0 l'EUROC sur une base volontaire et non r\u00e9mun\u00e9r\u00e9e. La majorit\u00e9 des administrateurs de l'EUROC sont des propri\u00e9taires de biens \u00e0 temps partag\u00e9 qui sont \u00e9galement des repr\u00e9sentants des clubs et centres de vill\u00e9giature \u00e0 temps partag\u00e9 de toute l'Europe.<\/p><p><b>La structure du conseil d'administration d'EUROC garantit :<\/b><\/p><ul><li aria-level=\"1\">Les int\u00e9r\u00eats des propri\u00e9taires de biens \u00e0 temps partag\u00e9 et de leurs clubs sont au centre des pr\u00e9occupations de l'organisation.<\/li><li aria-level=\"1\">Les propri\u00e9taires d'EUROC et les associations de propri\u00e9taires peuvent s'appuyer sur un large \u00e9ventail d'exp\u00e9riences en mati\u00e8re de multipropri\u00e9t\u00e9 et de comp\u00e9tences professionnelles.<\/li><li aria-level=\"1\">Le conseil d'administration est compos\u00e9 de repr\u00e9sentants d'un large \u00e9ventail de propri\u00e9taires de biens \u00e0 temps partag\u00e9 et d'exp\u00e9riences op\u00e9rationnelles - y compris des clubs enti\u00e8rement ind\u00e9pendants, des centres de vill\u00e9giature g\u00e9r\u00e9s par les propri\u00e9taires, des clubs \u00e0 points et des centres de vill\u00e9giature de promoteurs.<\/li><\/ul><\/div><\/div>\t\t\t\t\t\t<\/div>\n\t\t\t\t<\/div>\n\t\t\t\t<div class=\"elementor-element elementor-element-44f5f0a elementor-widget elementor-widget-heading\" data-id=\"44f5f0a\" data-element_type=\"widget\" data-widget_type=\"heading.default\">\n\t\t\t\t<div class=\"elementor-widget-container\">\n\t\t\t<h2 class=\"elementor-heading-title elementor-size-default\">Membres actuels du conseil d'administration<\/h2>\t\t<\/div>\n\t\t\t\t<\/div>\n\t\t\t\t<div class=\"elementor-element elementor-element-4960b10 elementor-widget elementor-widget-text-editor\" data-id=\"4960b10\" data-element_type=\"widget\" data-widget_type=\"text-editor.default\">\n\t\t\t\t<div class=\"elementor-widget-container\">\n\t\t\t\t\t\t\t<div class=\"elementor-element elementor-element-592a3b0 elementor-widget elementor-widget-text-editor\" data-id=\"592a3b0\" data-element_type=\"widget\" data-widget_type=\"text-editor.default\"><div class=\"elementor-widget-container\"><p><b>Bill Johnston (Pr\u00e9sident)<\/b> - Propri\u00e9taire du Cameron Lodges Owners' Club.<\/p><p><b>Michael Coletta<\/b>\u00a0<b>(Vice-pr\u00e9sidente)<\/b>\u00a0- Propri\u00e9taire de Coylumbridge Highland Lodges et directeur g\u00e9n\u00e9ral du Langdale Estate.<\/p><p><b>Sue Barnett<\/b>\u00a0- Membre de la Diamond Resorts European Points Collection.<\/p><p><b>John Davey<\/b>\u00a0- Propri\u00e9taire du Club Alpin, Autriche.<\/p><p><b>Des Pitman - <\/b>Directeur g\u00e9n\u00e9ral de The Osborne Apartments.<\/p><p><strong>Kevin Riley -<\/strong>\u00a0ARDA-ROC.<\/p><p><strong>Peter Drury - <\/strong>Propri\u00e9taire<strong>\u00a0<\/strong>\u00e0<strong>\u00a0<\/strong>Craigendarroch Owners Club<\/p><p><strong>Silke Pothoff - <\/strong>Propri\u00e9taire de<strong>\u00a0<\/strong>Marriott's Club son Antem<\/p><\/div><\/div>\t\t\t\t\t\t<\/div>\n\t\t\t\t<\/div>\n\t\t\t\t\t<\/div>\n\t\t<\/div>\n\t\t\t\t\t<\/div>\n\t\t<\/section>\n\t\t\t\t<\/div>","protected":false},"excerpt":{"rendered":"<p>\u00c0 propos d'EUROC EUROC est l'association officielle, ind\u00e9pendante et \u00e0 but non lucratif de multipropri\u00e9t\u00e9 en temps partag\u00e9 qui continue \u00e0 se tenir aux c\u00f4t\u00e9s des propri\u00e9taires en temps partag\u00e9, des repr\u00e9sentants des comit\u00e9s de propri\u00e9taires et des \u00e9quipes de gestion des clubs de multipropri\u00e9t\u00e9 en temps partag\u00e9 et des centres de vill\u00e9giature dans toute l'Europe. Ensemble, ils forment une alliance de personnes partageant les m\u00eames id\u00e9es et ayant le m\u00eame objectif, le m\u00eame devoir et le m\u00eame engagement envers la pr\u00e9servation, la protection et l'am\u00e9lioration de la [...]<\/p>","protected":false},"author":3,"featured_media":0,"parent":0,"menu_order":0,"comment_status":"closed","ping_status":"closed","template":"","meta":{"om_disable_all_campaigns":false,"_monsterinsights_skip_tracking":false,"_monsterinsights_sitenote_active":false,"_monsterinsights_sitenote_note":"","_monsterinsights_sitenote_category":0,"_uf_show_specific_survey":0,"_uf_disable_surveys":false,"footnotes":""},"class_list":["post-73","page","type-page","status-publish","hentry"],"aioseo_notices":[],"yoast_head":"<!-- This site is optimized with the Yoast SEO plugin v24.0 - https:\/\/yoast.com\/wordpress\/plugins\/seo\/ -->\n<title>About EUROC - EUROC Europe<\/title>\n<meta name=\"robots\" content=\"index, follow, max-snippet:-1, max-image-preview:large, max-video-preview:-1\" \/>\n<link rel=\"canonical\" href=\"https:\/\/euroc.org\/fr\/about-euroc\/\" \/>\n<meta property=\"og:locale\" content=\"fr_FR\" \/>\n<meta property=\"og:type\" content=\"article\" \/>\n<meta property=\"og:title\" content=\"About EUROC - EUROC Europe\" \/>\n<meta property=\"og:description\" content=\"About EUROC EUROC is the official, independent, non-profit timeshare association that continues to stand side-by-side with timeshare owners, owner committee representatives and resort management teams from timeshare clubs and resorts around Europe. Together, they form an alliance of likeminded people who all have the same goal, duty and commitment towards preserving, protecting and enhancing the [&hellip;]\" \/>\n<meta property=\"og:url\" content=\"https:\/\/euroc.org\/fr\/about-euroc\/\" \/>\n<meta property=\"og:site_name\" content=\"EUROC Europe\" \/>\n<meta property=\"article:modified_time\" content=\"2025-09-29T15:07:19+00:00\" \/>\n<meta name=\"twitter:card\" content=\"summary_large_image\" \/>\n<meta name=\"twitter:label1\" content=\"Dur\u00e9e de lecture estim\u00e9e\" \/>\n\t<meta name=\"twitter:data1\" content=\"3 minutes\" \/>\n<script type=\"application\/ld+json\" class=\"yoast-schema-graph\">{\"@context\":\"https:\/\/schema.org\",\"@graph\":[{\"@type\":\"WebPage\",\"@id\":\"https:\/\/euroc.org\/about-euroc\/\",\"url\":\"https:\/\/euroc.org\/about-euroc\/\",\"name\":\"About EUROC - EUROC Europe\",\"isPartOf\":{\"@id\":\"https:\/\/euroc.org\/#website\"},\"datePublished\":\"2023-09-19T14:14:29+00:00\",\"dateModified\":\"2025-09-29T15:07:19+00:00\",\"breadcrumb\":{\"@id\":\"https:\/\/euroc.org\/about-euroc\/#breadcrumb\"},\"inLanguage\":\"fr-FR\",\"potentialAction\":[{\"@type\":\"ReadAction\",\"target\":[\"https:\/\/euroc.org\/about-euroc\/\"]}]},{\"@type\":\"BreadcrumbList\",\"@id\":\"https:\/\/euroc.org\/about-euroc\/#breadcrumb\",\"itemListElement\":[{\"@type\":\"ListItem\",\"position\":1,\"name\":\"Home\",\"item\":\"https:\/\/euroc.org\/\"},{\"@type\":\"ListItem\",\"position\":2,\"name\":\"About EUROC\"}]},{\"@type\":\"WebSite\",\"@id\":\"https:\/\/euroc.org\/#website\",\"url\":\"https:\/\/euroc.org\/\",\"name\":\"EUROC Europe\",\"description\":\"European Resort Owners Coalition\",\"publisher\":{\"@id\":\"https:\/\/euroc.org\/#organization\"},\"potentialAction\":[{\"@type\":\"SearchAction\",\"target\":{\"@type\":\"EntryPoint\",\"urlTemplate\":\"https:\/\/euroc.org\/?s={search_term_string}\"},\"query-input\":{\"@type\":\"PropertyValueSpecification\",\"valueRequired\":true,\"valueName\":\"search_term_string\"}}],\"inLanguage\":\"fr-FR\"},{\"@type\":\"Organization\",\"@id\":\"https:\/\/euroc.org\/#organization\",\"name\":\"EUROC Europe\",\"url\":\"https:\/\/euroc.org\/\",\"logo\":{\"@type\":\"ImageObject\",\"inLanguage\":\"fr-FR\",\"@id\":\"https:\/\/euroc.org\/#\/schema\/logo\/image\/\",\"url\":\"https:\/\/euroc.org\/wp-content\/uploads\/2023\/10\/cropped-EUROC-Final-Logo-colours-1.png\",\"contentUrl\":\"https:\/\/euroc.org\/wp-content\/uploads\/2023\/10\/cropped-EUROC-Final-Logo-colours-1.png\",\"width\":1561,\"height\":650,\"caption\":\"EUROC Europe\"},\"image\":{\"@id\":\"https:\/\/euroc.org\/#\/schema\/logo\/image\/\"}}]}<\/script>\n<!-- \/ Yoast SEO plugin. -->","yoast_head_json":{"title":"About EUROC - EUROC Europe","robots":{"index":"index","follow":"follow","max-snippet":"max-snippet:-1","max-image-preview":"max-image-preview:large","max-video-preview":"max-video-preview:-1"},"canonical":"https:\/\/euroc.org\/fr\/about-euroc\/","og_locale":"fr_FR","og_type":"article","og_title":"About EUROC - EUROC Europe","og_description":"About EUROC EUROC is the official, independent, non-profit timeshare association that continues to stand side-by-side with timeshare owners, owner committee representatives and resort management teams from timeshare clubs and resorts around Europe. Together, they form an alliance of likeminded people who all have the same goal, duty and commitment towards preserving, protecting and enhancing the [&hellip;]","og_url":"https:\/\/euroc.org\/fr\/about-euroc\/","og_site_name":"EUROC Europe","article_modified_time":"2025-09-29T15:07:19+00:00","twitter_card":"summary_large_image","twitter_misc":{"Dur\u00e9e de lecture estim\u00e9e":"3 minutes"},"schema":{"@context":"https:\/\/schema.org","@graph":[{"@type":"WebPage","@id":"https:\/\/euroc.org\/about-euroc\/","url":"https:\/\/euroc.org\/about-euroc\/","name":"About EUROC - EUROC Europe","isPartOf":{"@id":"https:\/\/euroc.org\/#website"},"datePublished":"2023-09-19T14:14:29+00:00","dateModified":"2025-09-29T15:07:19+00:00","breadcrumb":{"@id":"https:\/\/euroc.org\/about-euroc\/#breadcrumb"},"inLanguage":"fr-FR","potentialAction":[{"@type":"ReadAction","target":["https:\/\/euroc.org\/about-euroc\/"]}]},{"@type":"BreadcrumbList","@id":"https:\/\/euroc.org\/about-euroc\/#breadcrumb","itemListElement":[{"@type":"ListItem","position":1,"name":"Home","item":"https:\/\/euroc.org\/"},{"@type":"ListItem","position":2,"name":"About EUROC"}]},{"@type":"WebSite","@id":"https:\/\/euroc.org\/#website","url":"https:\/\/euroc.org\/","name":"EUROC Europe","description":"European Resort Owners Coalition","publisher":{"@id":"https:\/\/euroc.org\/#organization"},"potentialAction":[{"@type":"SearchAction","target":{"@type":"EntryPoint","urlTemplate":"https:\/\/euroc.org\/?s={search_term_string}"},"query-input":{"@type":"PropertyValueSpecification","valueRequired":true,"valueName":"search_term_string"}}],"inLanguage":"fr-FR"},{"@type":"Organization","@id":"https:\/\/euroc.org\/#organization","name":"EUROC Europe","url":"https:\/\/euroc.org\/","logo":{"@type":"ImageObject","inLanguage":"fr-FR","@id":"https:\/\/euroc.org\/#\/schema\/logo\/image\/","url":"https:\/\/euroc.org\/wp-content\/uploads\/2023\/10\/cropped-EUROC-Final-Logo-colours-1.png","contentUrl":"https:\/\/euroc.org\/wp-content\/uploads\/2023\/10\/cropped-EUROC-Final-Logo-colours-1.png","width":1561,"height":650,"caption":"EUROC Europe"},"image":{"@id":"https:\/\/euroc.org\/#\/schema\/logo\/image\/"}}]}},"_links":{"self":[{"href":"https:\/\/euroc.org\/fr\/wp-json\/wp\/v2\/pages\/73","targetHints":{"allow":["GET"]}}],"collection":[{"href":"https:\/\/euroc.org\/fr\/wp-json\/wp\/v2\/pages"}],"about":[{"href":"https:\/\/euroc.org\/fr\/wp-json\/wp\/v2\/types\/page"}],"author":[{"embeddable":true,"href":"https:\/\/euroc.org\/fr\/wp-json\/wp\/v2\/users\/3"}],"replies":[{"embeddable":true,"href":"https:\/\/euroc.org\/fr\/wp-json\/wp\/v2\/comments?post=73"}],"version-history":[{"count":32,"href":"https:\/\/euroc.org\/fr\/wp-json\/wp\/v2\/pages\/73\/revisions"}],"predecessor-version":[{"id":5417,"href":"https:\/\/euroc.org\/fr\/wp-json\/wp\/v2\/pages\/73\/revisions\/5417"}],"wp:attachment":[{"href":"https:\/\/euroc.org\/fr\/wp-json\/wp\/v2\/media?parent=73"}],"curies":[{"name":"wp","href":"https:\/\/api.w.org\/{rel}","templated":true}]}}