{"id":5142,"date":"2024-08-06T10:02:36","date_gmt":"2024-08-06T10:02:36","guid":{"rendered":"https:\/\/euroctimesharesupporthub.com\/?page_id=5142"},"modified":"2024-08-06T10:08:45","modified_gmt":"2024-08-06T10:08:45","slug":"thank-you","status":"publish","type":"page","link":"https:\/\/euroc.org\/fr\/merci\/","title":{"rendered":"Merci de votre attention."},"content":{"rendered":"<div data-elementor-type=\"wp-page\" data-elementor-id=\"5142\" class=\"elementor elementor-5142\" data-elementor-post-type=\"page\">\n\t\t\t\t\t\t<section class=\"elementor-section elementor-top-section elementor-element elementor-element-7c55003 elementor-section-boxed elementor-section-height-default elementor-section-height-default\" data-id=\"7c55003\" data-element_type=\"section\">\n\t\t\t\t\t\t<div class=\"elementor-container elementor-column-gap-default\">\n\t\t\t\t\t<div class=\"elementor-column elementor-col-100 elementor-top-column elementor-element elementor-element-ba29e7a\" data-id=\"ba29e7a\" data-element_type=\"column\">\n\t\t\t<div class=\"elementor-widget-wrap elementor-element-populated\">\n\t\t\t\t\t\t<div class=\"elementor-element elementor-element-10d26be elementor-widget elementor-widget-image\" data-id=\"10d26be\" data-element_type=\"widget\" data-widget_type=\"image.default\">\n\t\t\t\t<div class=\"elementor-widget-container\">\n\t\t\t\t\t\t\t\t\t\t\t\t\t<img fetchpriority=\"high\" decoding=\"async\" width=\"300\" height=\"169\" src=\"https:\/\/euroc.org\/wp-content\/uploads\/2024\/08\/You-are-now-subscribed-300x169.png\" class=\"attachment-medium size-medium wp-image-5147\" alt=\"\" srcset=\"https:\/\/euroc.org\/wp-content\/uploads\/2024\/08\/You-are-now-subscribed-300x169.png 300w, https:\/\/euroc.org\/wp-content\/uploads\/2024\/08\/You-are-now-subscribed-1024x576.png 1024w, https:\/\/euroc.org\/wp-content\/uploads\/2024\/08\/You-are-now-subscribed-768x432.png 768w, https:\/\/euroc.org\/wp-content\/uploads\/2024\/08\/You-are-now-subscribed-1536x864.png 1536w, https:\/\/euroc.org\/wp-content\/uploads\/2024\/08\/You-are-now-subscribed-18x10.png 18w, https:\/\/euroc.org\/wp-content\/uploads\/2024\/08\/You-are-now-subscribed.png 1920w\" sizes=\"(max-width: 300px) 100vw, 300px\" \/>\t\t\t\t\t\t\t\t\t\t\t\t\t<\/div>\n\t\t\t\t<\/div>\n\t\t\t\t<div class=\"elementor-element elementor-element-f841027 elementor-widget elementor-widget-text-editor\" data-id=\"f841027\" data-element_type=\"widget\" data-widget_type=\"text-editor.default\">\n\t\t\t\t<div class=\"elementor-widget-container\">\n\t\t\t\t\t\t\t<p>Merci de vous \u00eatre abonn\u00e9 \u00e0 la lettre d'information et aux alertes de l'EUROC. Vous avez \u00e9t\u00e9 ajout\u00e9 \u00e0 notre liste. Vous pouvez vous d\u00e9sabonner \u00e0 tout moment en cliquant sur \"Se d\u00e9sabonner\" au bas de chaque e-mail. Nous vous remercions de votre attention et vous prions d'agr\u00e9er nos salutations distingu\u00e9es.&nbsp;<\/p>\t\t\t\t\t\t<\/div>\n\t\t\t\t<\/div>\n\t\t\t\t\t<\/div>\n\t\t<\/div>\n\t\t\t\t\t<\/div>\n\t\t<\/section>\n\t\t\t\t<section class=\"elementor-section elementor-top-section elementor-element elementor-element-0f54524 elementor-section-boxed elementor-section-height-default elementor-section-height-default\" data-id=\"0f54524\" data-element_type=\"section\">\n\t\t\t\t\t\t<div class=\"elementor-container elementor-column-gap-default\">\n\t\t\t\t\t<div class=\"elementor-column elementor-col-100 elementor-top-column elementor-element elementor-element-3872c17\" data-id=\"3872c17\" data-element_type=\"column\">\n\t\t\t<div class=\"elementor-widget-wrap\">\n\t\t\t\t\t\t\t<\/div>\n\t\t<\/div>\n\t\t\t\t\t<\/div>\n\t\t<\/section>\n\t\t\t\t<\/div>","protected":false},"excerpt":{"rendered":"<p>Merci de vous \u00eatre abonn\u00e9 \u00e0 la lettre d'information et aux alertes de l'EUROC. Vous avez \u00e9t\u00e9 ajout\u00e9 \u00e0 notre liste. Vous pouvez vous d\u00e9sabonner \u00e0 tout moment en cliquant sur \"Se d\u00e9sabonner\" au bas de chaque e-mail. Nous vous remercions de votre attention et vous prions d'agr\u00e9er nos salutations distingu\u00e9es.&nbsp;<\/p>","protected":false},"author":2,"featured_media":0,"parent":0,"menu_order":0,"comment_status":"closed","ping_status":"closed","template":"","meta":{"om_disable_all_campaigns":false,"_monsterinsights_skip_tracking":false,"_monsterinsights_sitenote_active":false,"_monsterinsights_sitenote_note":"","_monsterinsights_sitenote_category":0,"_uf_show_specific_survey":0,"_uf_disable_surveys":false,"footnotes":""},"class_list":["post-5142","page","type-page","status-publish","hentry"],"aioseo_notices":[],"yoast_head":"<!-- This site is optimized with the Yoast SEO plugin v24.0 - https:\/\/yoast.com\/wordpress\/plugins\/seo\/ -->\n<title>Thank you - EUROC Europe<\/title>\n<meta name=\"robots\" content=\"index, follow, max-snippet:-1, max-image-preview:large, max-video-preview:-1\" \/>\n<link rel=\"canonical\" href=\"https:\/\/euroc.org\/fr\/thank-you\/\" \/>\n<meta property=\"og:locale\" content=\"fr_FR\" \/>\n<meta property=\"og:type\" content=\"article\" \/>\n<meta property=\"og:title\" content=\"Thank you - EUROC Europe\" \/>\n<meta property=\"og:description\" content=\"Thank you for subscribing to the EUROC Newsletter and News Alerts. You have been added to our list. You can unsubscribe at any time by clicking &#8216;Unsubscribe&#8217; at the foot of every email. Thank you&nbsp;\" \/>\n<meta property=\"og:url\" content=\"https:\/\/euroc.org\/fr\/thank-you\/\" \/>\n<meta property=\"og:site_name\" content=\"EUROC Europe\" \/>\n<meta property=\"article:modified_time\" content=\"2024-08-06T10:08:45+00:00\" \/>\n<meta property=\"og:image\" content=\"https:\/\/euroctimesharesupporthub.com\/wp-content\/uploads\/2024\/08\/You-are-now-subscribed-300x169.png\" \/>\n<meta name=\"twitter:card\" content=\"summary_large_image\" \/>\n<meta name=\"twitter:label1\" content=\"Dur\u00e9e de lecture estim\u00e9e\" \/>\n\t<meta name=\"twitter:data1\" content=\"1 minute\" \/>\n<script type=\"application\/ld+json\" class=\"yoast-schema-graph\">{\"@context\":\"https:\/\/schema.org\",\"@graph\":[{\"@type\":\"WebPage\",\"@id\":\"https:\/\/euroc.org\/thank-you\/\",\"url\":\"https:\/\/euroc.org\/thank-you\/\",\"name\":\"Thank you - EUROC Europe\",\"isPartOf\":{\"@id\":\"https:\/\/euroc.org\/#website\"},\"primaryImageOfPage\":{\"@id\":\"https:\/\/euroc.org\/thank-you\/#primaryimage\"},\"image\":{\"@id\":\"https:\/\/euroc.org\/thank-you\/#primaryimage\"},\"thumbnailUrl\":\"https:\/\/euroctimesharesupporthub.com\/wp-content\/uploads\/2024\/08\/You-are-now-subscribed-300x169.png\",\"datePublished\":\"2024-08-06T10:02:36+00:00\",\"dateModified\":\"2024-08-06T10:08:45+00:00\",\"breadcrumb\":{\"@id\":\"https:\/\/euroc.org\/thank-you\/#breadcrumb\"},\"inLanguage\":\"fr-FR\",\"potentialAction\":[{\"@type\":\"ReadAction\",\"target\":[\"https:\/\/euroc.org\/thank-you\/\"]}]},{\"@type\":\"ImageObject\",\"inLanguage\":\"fr-FR\",\"@id\":\"https:\/\/euroc.org\/thank-you\/#primaryimage\",\"url\":\"https:\/\/euroctimesharesupporthub.com\/wp-content\/uploads\/2024\/08\/You-are-now-subscribed-300x169.png\",\"contentUrl\":\"https:\/\/euroctimesharesupporthub.com\/wp-content\/uploads\/2024\/08\/You-are-now-subscribed-300x169.png\"},{\"@type\":\"BreadcrumbList\",\"@id\":\"https:\/\/euroc.org\/thank-you\/#breadcrumb\",\"itemListElement\":[{\"@type\":\"ListItem\",\"position\":1,\"name\":\"Home\",\"item\":\"https:\/\/euroc.org\/\"},{\"@type\":\"ListItem\",\"position\":2,\"name\":\"Thank you\"}]},{\"@type\":\"WebSite\",\"@id\":\"https:\/\/euroc.org\/#website\",\"url\":\"https:\/\/euroc.org\/\",\"name\":\"EUROC Europe\",\"description\":\"European Resort Owners Coalition\",\"publisher\":{\"@id\":\"https:\/\/euroc.org\/#organization\"},\"potentialAction\":[{\"@type\":\"SearchAction\",\"target\":{\"@type\":\"EntryPoint\",\"urlTemplate\":\"https:\/\/euroc.org\/?s={search_term_string}\"},\"query-input\":{\"@type\":\"PropertyValueSpecification\",\"valueRequired\":true,\"valueName\":\"search_term_string\"}}],\"inLanguage\":\"fr-FR\"},{\"@type\":\"Organization\",\"@id\":\"https:\/\/euroc.org\/#organization\",\"name\":\"EUROC Europe\",\"url\":\"https:\/\/euroc.org\/\",\"logo\":{\"@type\":\"ImageObject\",\"inLanguage\":\"fr-FR\",\"@id\":\"https:\/\/euroc.org\/#\/schema\/logo\/image\/\",\"url\":\"https:\/\/euroc.org\/wp-content\/uploads\/2023\/10\/cropped-EUROC-Final-Logo-colours-1.png\",\"contentUrl\":\"https:\/\/euroc.org\/wp-content\/uploads\/2023\/10\/cropped-EUROC-Final-Logo-colours-1.png\",\"width\":1561,\"height\":650,\"caption\":\"EUROC Europe\"},\"image\":{\"@id\":\"https:\/\/euroc.org\/#\/schema\/logo\/image\/\"}}]}<\/script>\n<!-- \/ Yoast SEO plugin. -->","yoast_head_json":{"title":"Thank you - EUROC Europe","robots":{"index":"index","follow":"follow","max-snippet":"max-snippet:-1","max-image-preview":"max-image-preview:large","max-video-preview":"max-video-preview:-1"},"canonical":"https:\/\/euroc.org\/fr\/thank-you\/","og_locale":"fr_FR","og_type":"article","og_title":"Thank you - EUROC Europe","og_description":"Thank you for subscribing to the EUROC Newsletter and News Alerts. You have been added to our list. You can unsubscribe at any time by clicking &#8216;Unsubscribe&#8217; at the foot of every email. Thank you&nbsp;","og_url":"https:\/\/euroc.org\/fr\/thank-you\/","og_site_name":"EUROC Europe","article_modified_time":"2024-08-06T10:08:45+00:00","og_image":[{"url":"https:\/\/euroctimesharesupporthub.com\/wp-content\/uploads\/2024\/08\/You-are-now-subscribed-300x169.png","type":"","width":"","height":""}],"twitter_card":"summary_large_image","twitter_misc":{"Dur\u00e9e de lecture estim\u00e9e":"1 minute"},"schema":{"@context":"https:\/\/schema.org","@graph":[{"@type":"WebPage","@id":"https:\/\/euroc.org\/thank-you\/","url":"https:\/\/euroc.org\/thank-you\/","name":"Thank you - EUROC Europe","isPartOf":{"@id":"https:\/\/euroc.org\/#website"},"primaryImageOfPage":{"@id":"https:\/\/euroc.org\/thank-you\/#primaryimage"},"image":{"@id":"https:\/\/euroc.org\/thank-you\/#primaryimage"},"thumbnailUrl":"https:\/\/euroctimesharesupporthub.com\/wp-content\/uploads\/2024\/08\/You-are-now-subscribed-300x169.png","datePublished":"2024-08-06T10:02:36+00:00","dateModified":"2024-08-06T10:08:45+00:00","breadcrumb":{"@id":"https:\/\/euroc.org\/thank-you\/#breadcrumb"},"inLanguage":"fr-FR","potentialAction":[{"@type":"ReadAction","target":["https:\/\/euroc.org\/thank-you\/"]}]},{"@type":"ImageObject","inLanguage":"fr-FR","@id":"https:\/\/euroc.org\/thank-you\/#primaryimage","url":"https:\/\/euroctimesharesupporthub.com\/wp-content\/uploads\/2024\/08\/You-are-now-subscribed-300x169.png","contentUrl":"https:\/\/euroctimesharesupporthub.com\/wp-content\/uploads\/2024\/08\/You-are-now-subscribed-300x169.png"},{"@type":"BreadcrumbList","@id":"https:\/\/euroc.org\/thank-you\/#breadcrumb","itemListElement":[{"@type":"ListItem","position":1,"name":"Home","item":"https:\/\/euroc.org\/"},{"@type":"ListItem","position":2,"name":"Thank you"}]},{"@type":"WebSite","@id":"https:\/\/euroc.org\/#website","url":"https:\/\/euroc.org\/","name":"EUROC Europe","description":"European Resort Owners Coalition","publisher":{"@id":"https:\/\/euroc.org\/#organization"},"potentialAction":[{"@type":"SearchAction","target":{"@type":"EntryPoint","urlTemplate":"https:\/\/euroc.org\/?s={search_term_string}"},"query-input":{"@type":"PropertyValueSpecification","valueRequired":true,"valueName":"search_term_string"}}],"inLanguage":"fr-FR"},{"@type":"Organization","@id":"https:\/\/euroc.org\/#organization","name":"EUROC Europe","url":"https:\/\/euroc.org\/","logo":{"@type":"ImageObject","inLanguage":"fr-FR","@id":"https:\/\/euroc.org\/#\/schema\/logo\/image\/","url":"https:\/\/euroc.org\/wp-content\/uploads\/2023\/10\/cropped-EUROC-Final-Logo-colours-1.png","contentUrl":"https:\/\/euroc.org\/wp-content\/uploads\/2023\/10\/cropped-EUROC-Final-Logo-colours-1.png","width":1561,"height":650,"caption":"EUROC Europe"},"image":{"@id":"https:\/\/euroc.org\/#\/schema\/logo\/image\/"}}]}},"_links":{"self":[{"href":"https:\/\/euroc.org\/fr\/wp-json\/wp\/v2\/pages\/5142","targetHints":{"allow":["GET"]}}],"collection":[{"href":"https:\/\/euroc.org\/fr\/wp-json\/wp\/v2\/pages"}],"about":[{"href":"https:\/\/euroc.org\/fr\/wp-json\/wp\/v2\/types\/page"}],"author":[{"embeddable":true,"href":"https:\/\/euroc.org\/fr\/wp-json\/wp\/v2\/users\/2"}],"replies":[{"embeddable":true,"href":"https:\/\/euroc.org\/fr\/wp-json\/wp\/v2\/comments?post=5142"}],"version-history":[{"count":7,"href":"https:\/\/euroc.org\/fr\/wp-json\/wp\/v2\/pages\/5142\/revisions"}],"predecessor-version":[{"id":5150,"href":"https:\/\/euroc.org\/fr\/wp-json\/wp\/v2\/pages\/5142\/revisions\/5150"}],"wp:attachment":[{"href":"https:\/\/euroc.org\/fr\/wp-json\/wp\/v2\/media?parent=5142"}],"curies":[{"name":"wp","href":"https:\/\/api.w.org\/{rel}","templated":true}]}}