{"id":4912,"date":"2024-04-24T13:07:13","date_gmt":"2024-04-24T13:07:13","guid":{"rendered":"https:\/\/euroctimesharesupporthub.com\/?page_id=4912"},"modified":"2024-04-24T13:17:47","modified_gmt":"2024-04-24T13:17:47","slug":"european-regulators","status":"publish","type":"page","link":"https:\/\/euroc.org\/fr\/regulateurs-europeens\/","title":{"rendered":"R\u00e9gulateurs europ\u00e9ens"},"content":{"rendered":"<div data-elementor-type=\"wp-page\" data-elementor-id=\"4912\" class=\"elementor elementor-4912\" data-elementor-post-type=\"page\">\n\t\t\t\t\t\t<section class=\"elementor-section elementor-top-section elementor-element elementor-element-4082363 elementor-section-boxed elementor-section-height-default elementor-section-height-default\" data-id=\"4082363\" data-element_type=\"section\">\n\t\t\t\t\t\t<div class=\"elementor-container elementor-column-gap-default\">\n\t\t\t\t\t<div class=\"elementor-column elementor-col-50 elementor-top-column elementor-element elementor-element-57bb060\" data-id=\"57bb060\" data-element_type=\"column\">\n\t\t\t<div class=\"elementor-widget-wrap elementor-element-populated\">\n\t\t\t\t\t\t<div class=\"elementor-element elementor-element-a881808 elementor-widget elementor-widget-image\" data-id=\"a881808\" data-element_type=\"widget\" data-widget_type=\"image.default\">\n\t\t\t\t<div class=\"elementor-widget-container\">\n\t\t\t\t\t\t\t\t\t\t\t\t\t<img fetchpriority=\"high\" decoding=\"async\" width=\"768\" height=\"1086\" src=\"https:\/\/euroc.org\/wp-content\/uploads\/2024\/04\/EUROC-European-enforcers-4-768x1086.png\" class=\"attachment-medium_large size-medium_large wp-image-4914\" alt=\"\" srcset=\"https:\/\/euroc.org\/wp-content\/uploads\/2024\/04\/EUROC-European-enforcers-4-768x1086.png 768w, https:\/\/euroc.org\/wp-content\/uploads\/2024\/04\/EUROC-European-enforcers-4-212x300.png 212w, https:\/\/euroc.org\/wp-content\/uploads\/2024\/04\/EUROC-European-enforcers-4-724x1024.png 724w, https:\/\/euroc.org\/wp-content\/uploads\/2024\/04\/EUROC-European-enforcers-4-1086x1536.png 1086w, https:\/\/euroc.org\/wp-content\/uploads\/2024\/04\/EUROC-European-enforcers-4-8x12.png 8w, https:\/\/euroc.org\/wp-content\/uploads\/2024\/04\/EUROC-European-enforcers-4.png 1414w\" sizes=\"(max-width: 768px) 100vw, 768px\" \/>\t\t\t\t\t\t\t\t\t\t\t\t\t<\/div>\n\t\t\t\t<\/div>\n\t\t\t\t\t<\/div>\n\t\t<\/div>\n\t\t\t\t<div class=\"elementor-column elementor-col-50 elementor-top-column elementor-element elementor-element-173922d\" data-id=\"173922d\" data-element_type=\"column\">\n\t\t\t<div class=\"elementor-widget-wrap elementor-element-populated\">\n\t\t\t\t\t\t<div class=\"elementor-element elementor-element-e762df0 elementor-widget elementor-widget-text-editor\" data-id=\"e762df0\" data-element_type=\"widget\" data-widget_type=\"text-editor.default\">\n\t\t\t\t<div class=\"elementor-widget-container\">\n\t\t\t\t\t\t\t<p><span>Cette brochure pr\u00e9sente certaines des autorit\u00e9s de r\u00e9gulation du Royaume-Uni. Si vous lisez cette brochure mais que vous r\u00e9sidez dans l'un des autres pays europ\u00e9ens, vous devrez contacter les autorit\u00e9s de r\u00e9gulation de votre pays d'origine.<\/span><\/p>\n<p>\n<\/p><p><span>Les r\u00e9gulateurs et les autorit\u00e9s charg\u00e9es de l'application des lois sur les autres march\u00e9s europ\u00e9ens ont, dans l'ensemble, une structure similaire et disposent de pouvoirs similaires pour enqu\u00eater et \u00e9radiquer les comportements inappropri\u00e9s.<\/span> <span>et les comportements d\u00e9loyaux.<\/span><\/p>\n<p>\n<\/p><p><span>Pour vous aider dans cette d\u00e9marche, nous avons cr\u00e9\u00e9 une brochure (photo de gauche) qui r\u00e9pertorie certains des principaux organismes de r\u00e9glementation et d'application de la loi sur les principaux march\u00e9s europ\u00e9ens.&nbsp;<\/span><\/p><p><span style=\"font-family: var( --e-global-typography-text-font-family ), Sans-serif; font-weight: var( --e-global-typography-text-font-weight ); font-size: 1rem;\">Si vous souhaitez t\u00e9l\u00e9charger cette brochure, veuillez cliquer ci-dessous.<\/span><\/p><span><\/span>\t\t\t\t\t\t<\/div>\n\t\t\t\t<\/div>\n\t\t\t\t<div class=\"elementor-element elementor-element-9bcb450 elementor-align-center elementor-widget elementor-widget-button\" data-id=\"9bcb450\" data-element_type=\"widget\" data-widget_type=\"button.default\">\n\t\t\t\t<div class=\"elementor-widget-container\">\n\t\t\t\t\t\t\t<div class=\"elementor-button-wrapper\">\n\t\t\t\t\t<a class=\"elementor-button elementor-button-link elementor-size-sm\" href=\"https:\/\/euroc-limited-143328780.hubspotpagebuilder.eu\/downlod-euroc-explanatory-guide-0-0\">\n\t\t\t\t\t\t<span class=\"elementor-button-content-wrapper\">\n\t\t\t\t\t\t\t\t\t<span class=\"elementor-button-text\">Cliquez ici pour t\u00e9l\u00e9charger la brochure <\/span>\n\t\t\t\t\t<\/span>\n\t\t\t\t\t<\/a>\n\t\t\t\t<\/div>\n\t\t\t\t\t\t<\/div>\n\t\t\t\t<\/div>\n\t\t\t\t\t<\/div>\n\t\t<\/div>\n\t\t\t\t\t<\/div>\n\t\t<\/section>\n\t\t\t\t<section class=\"elementor-section elementor-top-section elementor-element elementor-element-3887a85 elementor-section-boxed elementor-section-height-default elementor-section-height-default\" data-id=\"3887a85\" data-element_type=\"section\">\n\t\t\t\t\t\t<div class=\"elementor-container elementor-column-gap-default\">\n\t\t\t\t\t<div class=\"elementor-column elementor-col-100 elementor-top-column elementor-element elementor-element-e291cbe\" data-id=\"e291cbe\" data-element_type=\"column\">\n\t\t\t<div class=\"elementor-widget-wrap elementor-element-populated\">\n\t\t\t\t\t\t<div class=\"elementor-element elementor-element-9763ee6 elementor-align-center elementor-widget elementor-widget-button\" data-id=\"9763ee6\" data-element_type=\"widget\" data-widget_type=\"button.default\">\n\t\t\t\t<div class=\"elementor-widget-container\">\n\t\t\t\t\t\t\t<div class=\"elementor-button-wrapper\">\n\t\t\t\t\t<a class=\"elementor-button elementor-button-link elementor-size-sm\" href=\"https:\/\/euroctimesharesupporthub.com\/support-hub\/\">\n\t\t\t\t\t\t<span class=\"elementor-button-content-wrapper\">\n\t\t\t\t\t\t\t\t\t<span class=\"elementor-button-text\">Retour au tableau de bord du Support Hub<\/span>\n\t\t\t\t\t<\/span>\n\t\t\t\t\t<\/a>\n\t\t\t\t<\/div>\n\t\t\t\t\t\t<\/div>\n\t\t\t\t<\/div>\n\t\t\t\t\t<\/div>\n\t\t<\/div>\n\t\t\t\t\t<\/div>\n\t\t<\/section>\n\t\t\t\t<\/div>","protected":false},"excerpt":{"rendered":"<p>Cette brochure pr\u00e9sente certaines des autorit\u00e9s de r\u00e9gulation du Royaume-Uni. Si vous lisez cette brochure mais que vous r\u00e9sidez dans l'un des autres pays europ\u00e9ens, vous devrez contacter les autorit\u00e9s de r\u00e9gulation de votre pays d'origine. Les r\u00e9gulateurs et les autorit\u00e9s charg\u00e9es de faire respecter la loi dans les autres march\u00e9s europ\u00e9ens sont, d'une mani\u00e8re g\u00e9n\u00e9rale, similaires dans leur structure et dans les pouvoirs qu'ils [...]<\/p>","protected":false},"author":2,"featured_media":0,"parent":0,"menu_order":0,"comment_status":"closed","ping_status":"closed","template":"","meta":{"om_disable_all_campaigns":false,"_monsterinsights_skip_tracking":false,"_monsterinsights_sitenote_active":false,"_monsterinsights_sitenote_note":"","_monsterinsights_sitenote_category":0,"_uf_show_specific_survey":0,"_uf_disable_surveys":false,"footnotes":""},"class_list":["post-4912","page","type-page","status-publish","hentry"],"aioseo_notices":[],"yoast_head":"<!-- This site is optimized with the Yoast SEO plugin v24.0 - https:\/\/yoast.com\/wordpress\/plugins\/seo\/ -->\n<title>European Regulators - EUROC Europe<\/title>\n<meta name=\"robots\" content=\"index, follow, max-snippet:-1, max-image-preview:large, max-video-preview:-1\" \/>\n<link rel=\"canonical\" href=\"https:\/\/euroc.org\/fr\/european-regulators\/\" \/>\n<meta property=\"og:locale\" content=\"fr_FR\" \/>\n<meta property=\"og:type\" content=\"article\" \/>\n<meta property=\"og:title\" content=\"European Regulators - EUROC Europe\" \/>\n<meta property=\"og:description\" content=\"This booklet lists some of the regulators in the UK. If you are reading this booklet but you reside in one of the other European countries, you will need to contact the regulators in your home country. The regulators and enforcers in other European markets are, broadly speaking, similar in structure and the powers they [&hellip;]\" \/>\n<meta property=\"og:url\" content=\"https:\/\/euroc.org\/fr\/european-regulators\/\" \/>\n<meta property=\"og:site_name\" content=\"EUROC Europe\" \/>\n<meta property=\"article:modified_time\" content=\"2024-04-24T13:17:47+00:00\" \/>\n<meta property=\"og:image\" content=\"https:\/\/euroctimesharesupporthub.com\/wp-content\/uploads\/2024\/04\/EUROC-European-enforcers-4-768x1086.png\" \/>\n<meta name=\"twitter:card\" content=\"summary_large_image\" \/>\n<meta name=\"twitter:label1\" content=\"Dur\u00e9e de lecture estim\u00e9e\" \/>\n\t<meta name=\"twitter:data1\" content=\"1 minute\" \/>\n<script type=\"application\/ld+json\" class=\"yoast-schema-graph\">{\"@context\":\"https:\/\/schema.org\",\"@graph\":[{\"@type\":\"WebPage\",\"@id\":\"https:\/\/euroc.org\/european-regulators\/\",\"url\":\"https:\/\/euroc.org\/european-regulators\/\",\"name\":\"European Regulators - EUROC Europe\",\"isPartOf\":{\"@id\":\"https:\/\/euroc.org\/#website\"},\"primaryImageOfPage\":{\"@id\":\"https:\/\/euroc.org\/european-regulators\/#primaryimage\"},\"image\":{\"@id\":\"https:\/\/euroc.org\/european-regulators\/#primaryimage\"},\"thumbnailUrl\":\"https:\/\/euroctimesharesupporthub.com\/wp-content\/uploads\/2024\/04\/EUROC-European-enforcers-4-768x1086.png\",\"datePublished\":\"2024-04-24T13:07:13+00:00\",\"dateModified\":\"2024-04-24T13:17:47+00:00\",\"breadcrumb\":{\"@id\":\"https:\/\/euroc.org\/european-regulators\/#breadcrumb\"},\"inLanguage\":\"fr-FR\",\"potentialAction\":[{\"@type\":\"ReadAction\",\"target\":[\"https:\/\/euroc.org\/european-regulators\/\"]}]},{\"@type\":\"ImageObject\",\"inLanguage\":\"fr-FR\",\"@id\":\"https:\/\/euroc.org\/european-regulators\/#primaryimage\",\"url\":\"https:\/\/euroctimesharesupporthub.com\/wp-content\/uploads\/2024\/04\/EUROC-European-enforcers-4-768x1086.png\",\"contentUrl\":\"https:\/\/euroctimesharesupporthub.com\/wp-content\/uploads\/2024\/04\/EUROC-European-enforcers-4-768x1086.png\"},{\"@type\":\"BreadcrumbList\",\"@id\":\"https:\/\/euroc.org\/european-regulators\/#breadcrumb\",\"itemListElement\":[{\"@type\":\"ListItem\",\"position\":1,\"name\":\"Home\",\"item\":\"https:\/\/euroc.org\/\"},{\"@type\":\"ListItem\",\"position\":2,\"name\":\"European Regulators\"}]},{\"@type\":\"WebSite\",\"@id\":\"https:\/\/euroc.org\/#website\",\"url\":\"https:\/\/euroc.org\/\",\"name\":\"EUROC Europe\",\"description\":\"European Resort Owners Coalition\",\"publisher\":{\"@id\":\"https:\/\/euroc.org\/#organization\"},\"potentialAction\":[{\"@type\":\"SearchAction\",\"target\":{\"@type\":\"EntryPoint\",\"urlTemplate\":\"https:\/\/euroc.org\/?s={search_term_string}\"},\"query-input\":{\"@type\":\"PropertyValueSpecification\",\"valueRequired\":true,\"valueName\":\"search_term_string\"}}],\"inLanguage\":\"fr-FR\"},{\"@type\":\"Organization\",\"@id\":\"https:\/\/euroc.org\/#organization\",\"name\":\"EUROC Europe\",\"url\":\"https:\/\/euroc.org\/\",\"logo\":{\"@type\":\"ImageObject\",\"inLanguage\":\"fr-FR\",\"@id\":\"https:\/\/euroc.org\/#\/schema\/logo\/image\/\",\"url\":\"https:\/\/euroc.org\/wp-content\/uploads\/2023\/10\/cropped-EUROC-Final-Logo-colours-1.png\",\"contentUrl\":\"https:\/\/euroc.org\/wp-content\/uploads\/2023\/10\/cropped-EUROC-Final-Logo-colours-1.png\",\"width\":1561,\"height\":650,\"caption\":\"EUROC Europe\"},\"image\":{\"@id\":\"https:\/\/euroc.org\/#\/schema\/logo\/image\/\"}}]}<\/script>\n<!-- \/ Yoast SEO plugin. -->","yoast_head_json":{"title":"European Regulators - EUROC Europe","robots":{"index":"index","follow":"follow","max-snippet":"max-snippet:-1","max-image-preview":"max-image-preview:large","max-video-preview":"max-video-preview:-1"},"canonical":"https:\/\/euroc.org\/fr\/european-regulators\/","og_locale":"fr_FR","og_type":"article","og_title":"European Regulators - EUROC Europe","og_description":"This booklet lists some of the regulators in the UK. If you are reading this booklet but you reside in one of the other European countries, you will need to contact the regulators in your home country. The regulators and enforcers in other European markets are, broadly speaking, similar in structure and the powers they [&hellip;]","og_url":"https:\/\/euroc.org\/fr\/european-regulators\/","og_site_name":"EUROC Europe","article_modified_time":"2024-04-24T13:17:47+00:00","og_image":[{"url":"https:\/\/euroctimesharesupporthub.com\/wp-content\/uploads\/2024\/04\/EUROC-European-enforcers-4-768x1086.png","type":"","width":"","height":""}],"twitter_card":"summary_large_image","twitter_misc":{"Dur\u00e9e de lecture estim\u00e9e":"1 minute"},"schema":{"@context":"https:\/\/schema.org","@graph":[{"@type":"WebPage","@id":"https:\/\/euroc.org\/european-regulators\/","url":"https:\/\/euroc.org\/european-regulators\/","name":"European Regulators - EUROC Europe","isPartOf":{"@id":"https:\/\/euroc.org\/#website"},"primaryImageOfPage":{"@id":"https:\/\/euroc.org\/european-regulators\/#primaryimage"},"image":{"@id":"https:\/\/euroc.org\/european-regulators\/#primaryimage"},"thumbnailUrl":"https:\/\/euroctimesharesupporthub.com\/wp-content\/uploads\/2024\/04\/EUROC-European-enforcers-4-768x1086.png","datePublished":"2024-04-24T13:07:13+00:00","dateModified":"2024-04-24T13:17:47+00:00","breadcrumb":{"@id":"https:\/\/euroc.org\/european-regulators\/#breadcrumb"},"inLanguage":"fr-FR","potentialAction":[{"@type":"ReadAction","target":["https:\/\/euroc.org\/european-regulators\/"]}]},{"@type":"ImageObject","inLanguage":"fr-FR","@id":"https:\/\/euroc.org\/european-regulators\/#primaryimage","url":"https:\/\/euroctimesharesupporthub.com\/wp-content\/uploads\/2024\/04\/EUROC-European-enforcers-4-768x1086.png","contentUrl":"https:\/\/euroctimesharesupporthub.com\/wp-content\/uploads\/2024\/04\/EUROC-European-enforcers-4-768x1086.png"},{"@type":"BreadcrumbList","@id":"https:\/\/euroc.org\/european-regulators\/#breadcrumb","itemListElement":[{"@type":"ListItem","position":1,"name":"Home","item":"https:\/\/euroc.org\/"},{"@type":"ListItem","position":2,"name":"European Regulators"}]},{"@type":"WebSite","@id":"https:\/\/euroc.org\/#website","url":"https:\/\/euroc.org\/","name":"EUROC Europe","description":"European Resort Owners Coalition","publisher":{"@id":"https:\/\/euroc.org\/#organization"},"potentialAction":[{"@type":"SearchAction","target":{"@type":"EntryPoint","urlTemplate":"https:\/\/euroc.org\/?s={search_term_string}"},"query-input":{"@type":"PropertyValueSpecification","valueRequired":true,"valueName":"search_term_string"}}],"inLanguage":"fr-FR"},{"@type":"Organization","@id":"https:\/\/euroc.org\/#organization","name":"EUROC Europe","url":"https:\/\/euroc.org\/","logo":{"@type":"ImageObject","inLanguage":"fr-FR","@id":"https:\/\/euroc.org\/#\/schema\/logo\/image\/","url":"https:\/\/euroc.org\/wp-content\/uploads\/2023\/10\/cropped-EUROC-Final-Logo-colours-1.png","contentUrl":"https:\/\/euroc.org\/wp-content\/uploads\/2023\/10\/cropped-EUROC-Final-Logo-colours-1.png","width":1561,"height":650,"caption":"EUROC Europe"},"image":{"@id":"https:\/\/euroc.org\/#\/schema\/logo\/image\/"}}]}},"_links":{"self":[{"href":"https:\/\/euroc.org\/fr\/wp-json\/wp\/v2\/pages\/4912","targetHints":{"allow":["GET"]}}],"collection":[{"href":"https:\/\/euroc.org\/fr\/wp-json\/wp\/v2\/pages"}],"about":[{"href":"https:\/\/euroc.org\/fr\/wp-json\/wp\/v2\/types\/page"}],"author":[{"embeddable":true,"href":"https:\/\/euroc.org\/fr\/wp-json\/wp\/v2\/users\/2"}],"replies":[{"embeddable":true,"href":"https:\/\/euroc.org\/fr\/wp-json\/wp\/v2\/comments?post=4912"}],"version-history":[{"count":10,"href":"https:\/\/euroc.org\/fr\/wp-json\/wp\/v2\/pages\/4912\/revisions"}],"predecessor-version":[{"id":4924,"href":"https:\/\/euroc.org\/fr\/wp-json\/wp\/v2\/pages\/4912\/revisions\/4924"}],"wp:attachment":[{"href":"https:\/\/euroc.org\/fr\/wp-json\/wp\/v2\/media?parent=4912"}],"curies":[{"name":"wp","href":"https:\/\/api.w.org\/{rel}","templated":true}]}}