{"id":4677,"date":"2024-01-11T16:29:18","date_gmt":"2024-01-11T16:29:18","guid":{"rendered":"https:\/\/euroctimesharesupporthub.com\/?page_id=4677"},"modified":"2024-01-16T15:14:38","modified_gmt":"2024-01-16T15:14:38","slug":"love-timeshare-2","status":"publish","type":"page","link":"https:\/\/euroc.org\/fr\/love-timeshare-2\/","title":{"rendered":"Aimer la multipropri\u00e9t\u00e9"},"content":{"rendered":"<div data-elementor-type=\"wp-page\" data-elementor-id=\"4677\" class=\"elementor elementor-4677\" data-elementor-post-type=\"page\">\n\t\t\t\t\t\t<section class=\"elementor-section elementor-top-section elementor-element elementor-element-5a1376c elementor-section-boxed elementor-section-height-default elementor-section-height-default\" data-id=\"5a1376c\" data-element_type=\"section\">\n\t\t\t\t\t\t<div class=\"elementor-container elementor-column-gap-default\">\n\t\t\t\t\t<div class=\"elementor-column elementor-col-100 elementor-top-column elementor-element elementor-element-16c49f5\" data-id=\"16c49f5\" data-element_type=\"column\">\n\t\t\t<div class=\"elementor-widget-wrap elementor-element-populated\">\n\t\t\t\t\t\t<div class=\"elementor-element elementor-element-81f97d8 elementor-widget elementor-widget-heading\" data-id=\"81f97d8\" data-element_type=\"widget\" data-widget_type=\"heading.default\">\n\t\t\t\t<div class=\"elementor-widget-container\">\n\t\t\t<h2 class=\"elementor-heading-title elementor-size-default\">Nous adorons notre multipropri\u00e9t\u00e9 !<\/h2>\t\t<\/div>\n\t\t\t\t<\/div>\n\t\t\t\t\t<\/div>\n\t\t<\/div>\n\t\t\t\t\t<\/div>\n\t\t<\/section>\n\t\t\t\t<section class=\"elementor-section elementor-top-section elementor-element elementor-element-908571c elementor-section-boxed elementor-section-height-default elementor-section-height-default\" data-id=\"908571c\" data-element_type=\"section\">\n\t\t\t\t\t\t<div class=\"elementor-container elementor-column-gap-default\">\n\t\t\t\t\t<div class=\"elementor-column elementor-col-100 elementor-top-column elementor-element elementor-element-621f892\" data-id=\"621f892\" data-element_type=\"column\">\n\t\t\t<div class=\"elementor-widget-wrap elementor-element-populated\">\n\t\t\t\t\t\t<div class=\"elementor-element elementor-element-4f31b9c elementor-widget elementor-widget-text-editor\" data-id=\"4f31b9c\" data-element_type=\"widget\" data-widget_type=\"text-editor.default\">\n\t\t\t\t<div class=\"elementor-widget-container\">\n\t\t\t\t\t\t\t<h4 data-sourcepos=\"1:1-1:79\">Rencontrez de vrais propri\u00e9taires de biens \u00e0 temps partag\u00e9 qui adorent leurs vacances<\/h4><p data-sourcepos=\"3:1-3:108\">Les membres de timeshare viennent de tous les horizons, mais beaucoup d'entre eux partagent une chose en commun : un amour profond pour leur timeshare. Ces t\u00e9moignages sont volontaires, sans aucune incitation. Comme vous le lirez, les propri\u00e9taires de toute l'Europe d\u00e9crivent des vacances magnifiques et m\u00e9morables. Lisez leurs histoires avec leurs propres mots ci-dessous. Il vous suffit de cliquer sur les images ci-dessous pour lire ce qu'ils ont \u00e0 dire :<\/p>\t\t\t\t\t\t<\/div>\n\t\t\t\t<\/div>\n\t\t\t\t\t<\/div>\n\t\t<\/div>\n\t\t\t\t\t<\/div>\n\t\t<\/section>\n\t\t\t\t<section class=\"elementor-section elementor-top-section elementor-element elementor-element-4b12a24 elementor-section-boxed elementor-section-height-default elementor-section-height-default\" data-id=\"4b12a24\" data-element_type=\"section\">\n\t\t\t\t\t\t<div class=\"elementor-container elementor-column-gap-default\">\n\t\t\t\t\t<div class=\"elementor-column elementor-col-33 elementor-top-column elementor-element elementor-element-885ec21\" data-id=\"885ec21\" data-element_type=\"column\">\n\t\t\t<div class=\"elementor-widget-wrap elementor-element-populated\">\n\t\t\t\t\t\t<div class=\"elementor-element elementor-element-c213761 elementor-widget elementor-widget-image\" data-id=\"c213761\" data-element_type=\"widget\" data-widget_type=\"image.default\">\n\t\t\t\t<div class=\"elementor-widget-container\">\n\t\t\t\t\t\t\t\t\t\t\t\t\t\t<a href=\"https:\/\/euroctimesharesupporthub.com\/2022\/11\/02\/our-perfect-lake-district-escape\/\">\n\t\t\t\t\t\t\t<img fetchpriority=\"high\" decoding=\"async\" width=\"500\" height=\"500\" src=\"https:\/\/euroc.org\/wp-content\/uploads\/2024\/01\/Allan-Maureen-\u2013-Owners-at-Lakeland-Village-Backbarrow-Cumbria-\u2013-The-Lake-District.png\" class=\"attachment-large size-large wp-image-4679\" alt=\"\" srcset=\"https:\/\/euroc.org\/wp-content\/uploads\/2024\/01\/Allan-Maureen-\u2013-Owners-at-Lakeland-Village-Backbarrow-Cumbria-\u2013-The-Lake-District.png 500w, https:\/\/euroc.org\/wp-content\/uploads\/2024\/01\/Allan-Maureen-\u2013-Owners-at-Lakeland-Village-Backbarrow-Cumbria-\u2013-The-Lake-District-300x300.png 300w, https:\/\/euroc.org\/wp-content\/uploads\/2024\/01\/Allan-Maureen-\u2013-Owners-at-Lakeland-Village-Backbarrow-Cumbria-\u2013-The-Lake-District-150x150.png 150w, https:\/\/euroc.org\/wp-content\/uploads\/2024\/01\/Allan-Maureen-\u2013-Owners-at-Lakeland-Village-Backbarrow-Cumbria-\u2013-The-Lake-District-12x12.png 12w\" sizes=\"(max-width: 500px) 100vw, 500px\" \/>\t\t\t\t\t\t\t\t<\/a>\n\t\t\t\t\t\t\t\t\t\t\t\t\t<\/div>\n\t\t\t\t<\/div>\n\t\t\t\t\t<\/div>\n\t\t<\/div>\n\t\t\t\t<div class=\"elementor-column elementor-col-33 elementor-top-column elementor-element elementor-element-9e14fa8\" data-id=\"9e14fa8\" data-element_type=\"column\">\n\t\t\t<div class=\"elementor-widget-wrap elementor-element-populated\">\n\t\t\t\t\t\t<div class=\"elementor-element elementor-element-9ded24b elementor-widget elementor-widget-image\" data-id=\"9ded24b\" data-element_type=\"widget\" data-widget_type=\"image.default\">\n\t\t\t\t<div class=\"elementor-widget-container\">\n\t\t\t\t\t\t\t\t\t\t\t\t\t\t<a href=\"https:\/\/euroctimesharesupporthub.com\/2022\/08\/10\/home-from-home-in-tenerife\/\">\n\t\t\t\t\t\t\t<img decoding=\"async\" width=\"500\" height=\"500\" src=\"https:\/\/euroc.org\/wp-content\/uploads\/2024\/01\/Allan-Maureen-\u2013-Owners-at-Lakeland-Village-Backbarrow-Cumbria-\u2013-The-Lake-District-1.png\" class=\"attachment-large size-large wp-image-4683\" alt=\"\" srcset=\"https:\/\/euroc.org\/wp-content\/uploads\/2024\/01\/Allan-Maureen-\u2013-Owners-at-Lakeland-Village-Backbarrow-Cumbria-\u2013-The-Lake-District-1.png 500w, https:\/\/euroc.org\/wp-content\/uploads\/2024\/01\/Allan-Maureen-\u2013-Owners-at-Lakeland-Village-Backbarrow-Cumbria-\u2013-The-Lake-District-1-300x300.png 300w, https:\/\/euroc.org\/wp-content\/uploads\/2024\/01\/Allan-Maureen-\u2013-Owners-at-Lakeland-Village-Backbarrow-Cumbria-\u2013-The-Lake-District-1-150x150.png 150w, https:\/\/euroc.org\/wp-content\/uploads\/2024\/01\/Allan-Maureen-\u2013-Owners-at-Lakeland-Village-Backbarrow-Cumbria-\u2013-The-Lake-District-1-12x12.png 12w\" sizes=\"(max-width: 500px) 100vw, 500px\" \/>\t\t\t\t\t\t\t\t<\/a>\n\t\t\t\t\t\t\t\t\t\t\t\t\t<\/div>\n\t\t\t\t<\/div>\n\t\t\t\t\t<\/div>\n\t\t<\/div>\n\t\t\t\t<div class=\"elementor-column elementor-col-33 elementor-top-column elementor-element elementor-element-a9f22e9\" data-id=\"a9f22e9\" data-element_type=\"column\">\n\t\t\t<div class=\"elementor-widget-wrap elementor-element-populated\">\n\t\t\t\t\t\t<div class=\"elementor-element elementor-element-a166fbd elementor-widget elementor-widget-image\" data-id=\"a166fbd\" data-element_type=\"widget\" data-widget_type=\"image.default\">\n\t\t\t\t<div class=\"elementor-widget-container\">\n\t\t\t\t\t\t\t\t\t\t\t\t\t\t<a href=\"https:\/\/euroctimesharesupporthub.com\/2022\/08\/10\/timeshare-the-holidays-that-grow-on-you\/\">\n\t\t\t\t\t\t\t<img decoding=\"async\" width=\"500\" height=\"500\" src=\"https:\/\/euroc.org\/wp-content\/uploads\/2024\/01\/Allan-Maureen-\u2013-Owners-at-Lakeland-Village-Backbarrow-Cumbria-\u2013-The-Lake-District-2.png\" class=\"attachment-large size-large wp-image-4687\" alt=\"\" srcset=\"https:\/\/euroc.org\/wp-content\/uploads\/2024\/01\/Allan-Maureen-\u2013-Owners-at-Lakeland-Village-Backbarrow-Cumbria-\u2013-The-Lake-District-2.png 500w, https:\/\/euroc.org\/wp-content\/uploads\/2024\/01\/Allan-Maureen-\u2013-Owners-at-Lakeland-Village-Backbarrow-Cumbria-\u2013-The-Lake-District-2-300x300.png 300w, https:\/\/euroc.org\/wp-content\/uploads\/2024\/01\/Allan-Maureen-\u2013-Owners-at-Lakeland-Village-Backbarrow-Cumbria-\u2013-The-Lake-District-2-150x150.png 150w, https:\/\/euroc.org\/wp-content\/uploads\/2024\/01\/Allan-Maureen-\u2013-Owners-at-Lakeland-Village-Backbarrow-Cumbria-\u2013-The-Lake-District-2-12x12.png 12w\" sizes=\"(max-width: 500px) 100vw, 500px\" \/>\t\t\t\t\t\t\t\t<\/a>\n\t\t\t\t\t\t\t\t\t\t\t\t\t<\/div>\n\t\t\t\t<\/div>\n\t\t\t\t\t<\/div>\n\t\t<\/div>\n\t\t\t\t\t<\/div>\n\t\t<\/section>\n\t\t\t\t<section class=\"elementor-section elementor-top-section elementor-element elementor-element-fd23632 elementor-section-boxed elementor-section-height-default elementor-section-height-default\" data-id=\"fd23632\" data-element_type=\"section\">\n\t\t\t\t\t\t<div class=\"elementor-container elementor-column-gap-default\">\n\t\t\t\t\t<div class=\"elementor-column elementor-col-33 elementor-top-column elementor-element elementor-element-7d91310\" data-id=\"7d91310\" data-element_type=\"column\">\n\t\t\t<div class=\"elementor-widget-wrap elementor-element-populated\">\n\t\t\t\t\t\t<div class=\"elementor-element elementor-element-6fde85c elementor-widget elementor-widget-image\" data-id=\"6fde85c\" data-element_type=\"widget\" data-widget_type=\"image.default\">\n\t\t\t\t<div class=\"elementor-widget-container\">\n\t\t\t\t\t\t\t\t\t\t\t\t\t\t<a href=\"https:\/\/euroctimesharesupporthub.com\/2022\/07\/11\/family-generation-holidays-at-melfort-village\/\">\n\t\t\t\t\t\t\t<img loading=\"lazy\" decoding=\"async\" width=\"500\" height=\"500\" src=\"https:\/\/euroc.org\/wp-content\/uploads\/2024\/01\/Allan-Maureen-\u2013-Owners-at-Lakeland-Village-Backbarrow-Cumbria-\u2013-The-Lake-District-3.png\" class=\"attachment-large size-large wp-image-4698\" alt=\"\" srcset=\"https:\/\/euroc.org\/wp-content\/uploads\/2024\/01\/Allan-Maureen-\u2013-Owners-at-Lakeland-Village-Backbarrow-Cumbria-\u2013-The-Lake-District-3.png 500w, https:\/\/euroc.org\/wp-content\/uploads\/2024\/01\/Allan-Maureen-\u2013-Owners-at-Lakeland-Village-Backbarrow-Cumbria-\u2013-The-Lake-District-3-300x300.png 300w, https:\/\/euroc.org\/wp-content\/uploads\/2024\/01\/Allan-Maureen-\u2013-Owners-at-Lakeland-Village-Backbarrow-Cumbria-\u2013-The-Lake-District-3-150x150.png 150w, https:\/\/euroc.org\/wp-content\/uploads\/2024\/01\/Allan-Maureen-\u2013-Owners-at-Lakeland-Village-Backbarrow-Cumbria-\u2013-The-Lake-District-3-12x12.png 12w\" sizes=\"(max-width: 500px) 100vw, 500px\" \/>\t\t\t\t\t\t\t\t<\/a>\n\t\t\t\t\t\t\t\t\t\t\t\t\t<\/div>\n\t\t\t\t<\/div>\n\t\t\t\t\t<\/div>\n\t\t<\/div>\n\t\t\t\t<div class=\"elementor-column elementor-col-33 elementor-top-column elementor-element elementor-element-47c265e\" data-id=\"47c265e\" data-element_type=\"column\">\n\t\t\t<div class=\"elementor-widget-wrap elementor-element-populated\">\n\t\t\t\t\t\t<div class=\"elementor-element elementor-element-df63afa elementor-widget elementor-widget-image\" data-id=\"df63afa\" data-element_type=\"widget\" data-widget_type=\"image.default\">\n\t\t\t\t<div class=\"elementor-widget-container\">\n\t\t\t\t\t\t\t\t\t\t\t\t\t\t<a href=\"https:\/\/euroctimesharesupporthub.com\/2022\/07\/11\/36-years-of-happy-memories-in-lanzarote\/\">\n\t\t\t\t\t\t\t<img loading=\"lazy\" decoding=\"async\" width=\"500\" height=\"500\" src=\"https:\/\/euroc.org\/wp-content\/uploads\/2024\/01\/Allan-Maureen-\u2013-Owners-at-Lakeland-Village-Backbarrow-Cumbria-\u2013-The-Lake-District-4.png\" class=\"attachment-large size-large wp-image-4702\" alt=\"\" srcset=\"https:\/\/euroc.org\/wp-content\/uploads\/2024\/01\/Allan-Maureen-\u2013-Owners-at-Lakeland-Village-Backbarrow-Cumbria-\u2013-The-Lake-District-4.png 500w, https:\/\/euroc.org\/wp-content\/uploads\/2024\/01\/Allan-Maureen-\u2013-Owners-at-Lakeland-Village-Backbarrow-Cumbria-\u2013-The-Lake-District-4-300x300.png 300w, https:\/\/euroc.org\/wp-content\/uploads\/2024\/01\/Allan-Maureen-\u2013-Owners-at-Lakeland-Village-Backbarrow-Cumbria-\u2013-The-Lake-District-4-150x150.png 150w, https:\/\/euroc.org\/wp-content\/uploads\/2024\/01\/Allan-Maureen-\u2013-Owners-at-Lakeland-Village-Backbarrow-Cumbria-\u2013-The-Lake-District-4-12x12.png 12w\" sizes=\"(max-width: 500px) 100vw, 500px\" \/>\t\t\t\t\t\t\t\t<\/a>\n\t\t\t\t\t\t\t\t\t\t\t\t\t<\/div>\n\t\t\t\t<\/div>\n\t\t\t\t\t<\/div>\n\t\t<\/div>\n\t\t\t\t<div class=\"elementor-column elementor-col-33 elementor-top-column elementor-element elementor-element-2b979bf\" data-id=\"2b979bf\" data-element_type=\"column\">\n\t\t\t<div class=\"elementor-widget-wrap elementor-element-populated\">\n\t\t\t\t\t\t<div class=\"elementor-element elementor-element-5190a3c elementor-widget elementor-widget-image\" data-id=\"5190a3c\" data-element_type=\"widget\" data-widget_type=\"image.default\">\n\t\t\t\t<div class=\"elementor-widget-container\">\n\t\t\t\t\t\t\t\t\t\t\t\t\t\t<a href=\"https:\/\/euroctimesharesupporthub.com\/2024\/01\/15\/the-magic-of-north-yorkshire\/\">\n\t\t\t\t\t\t\t<img loading=\"lazy\" decoding=\"async\" width=\"500\" height=\"500\" src=\"https:\/\/euroc.org\/wp-content\/uploads\/2024\/01\/Allan-Maureen-\u2013-Owners-at-Lakeland-Village-Backbarrow-Cumbria-\u2013-The-Lake-District-5.png\" class=\"attachment-large size-large wp-image-4706\" alt=\"\" srcset=\"https:\/\/euroc.org\/wp-content\/uploads\/2024\/01\/Allan-Maureen-\u2013-Owners-at-Lakeland-Village-Backbarrow-Cumbria-\u2013-The-Lake-District-5.png 500w, https:\/\/euroc.org\/wp-content\/uploads\/2024\/01\/Allan-Maureen-\u2013-Owners-at-Lakeland-Village-Backbarrow-Cumbria-\u2013-The-Lake-District-5-300x300.png 300w, https:\/\/euroc.org\/wp-content\/uploads\/2024\/01\/Allan-Maureen-\u2013-Owners-at-Lakeland-Village-Backbarrow-Cumbria-\u2013-The-Lake-District-5-150x150.png 150w, https:\/\/euroc.org\/wp-content\/uploads\/2024\/01\/Allan-Maureen-\u2013-Owners-at-Lakeland-Village-Backbarrow-Cumbria-\u2013-The-Lake-District-5-12x12.png 12w\" sizes=\"(max-width: 500px) 100vw, 500px\" \/>\t\t\t\t\t\t\t\t<\/a>\n\t\t\t\t\t\t\t\t\t\t\t\t\t<\/div>\n\t\t\t\t<\/div>\n\t\t\t\t\t<\/div>\n\t\t<\/div>\n\t\t\t\t\t<\/div>\n\t\t<\/section>\n\t\t\t\t<\/div>","protected":false},"excerpt":{"rendered":"<p>We love our timeshare! Meet real timeshare owners who love their holidays Timeshare members come from all walks of life, but many of them share one thing in common: a deep love for their timeshare. These testimonials have been volunteered, with no incetives. As you will read, owners across Europe describe beautiful and memorable holidays. [&hellip;]<\/p>","protected":false},"author":2,"featured_media":0,"parent":0,"menu_order":0,"comment_status":"closed","ping_status":"closed","template":"","meta":{"om_disable_all_campaigns":false,"_monsterinsights_skip_tracking":false,"_monsterinsights_sitenote_active":false,"_monsterinsights_sitenote_note":"","_monsterinsights_sitenote_category":0,"_uf_show_specific_survey":0,"_uf_disable_surveys":false,"footnotes":""},"class_list":["post-4677","page","type-page","status-publish","hentry"],"aioseo_notices":[],"yoast_head":"<!-- This site is optimized with the Yoast SEO plugin v24.0 - https:\/\/yoast.com\/wordpress\/plugins\/seo\/ -->\n<title>Love timeshare - EUROC Europe<\/title>\n<meta name=\"robots\" content=\"index, follow, max-snippet:-1, max-image-preview:large, max-video-preview:-1\" \/>\n<link rel=\"canonical\" href=\"https:\/\/euroc.org\/fr\/love-timeshare-2\/\" \/>\n<meta property=\"og:locale\" content=\"fr_FR\" \/>\n<meta property=\"og:type\" content=\"article\" \/>\n<meta property=\"og:title\" content=\"Love timeshare - EUROC Europe\" \/>\n<meta property=\"og:description\" content=\"We love our timeshare! Meet real timeshare owners who love their holidays Timeshare members come from all walks of life, but many of them share one thing in common: a deep love for their timeshare. These testimonials have been volunteered, with no incetives. As you will read, owners across Europe describe beautiful and memorable holidays. [&hellip;]\" \/>\n<meta property=\"og:url\" content=\"https:\/\/euroc.org\/fr\/love-timeshare-2\/\" \/>\n<meta property=\"og:site_name\" content=\"EUROC Europe\" \/>\n<meta property=\"article:modified_time\" content=\"2024-01-16T15:14:38+00:00\" \/>\n<meta name=\"twitter:card\" content=\"summary_large_image\" \/>\n<meta name=\"twitter:label1\" content=\"Dur\u00e9e de lecture estim\u00e9e\" \/>\n\t<meta name=\"twitter:data1\" content=\"2 minutes\" \/>\n<script type=\"application\/ld+json\" class=\"yoast-schema-graph\">{\"@context\":\"https:\/\/schema.org\",\"@graph\":[{\"@type\":\"WebPage\",\"@id\":\"https:\/\/euroc.org\/love-timeshare-2\/\",\"url\":\"https:\/\/euroc.org\/love-timeshare-2\/\",\"name\":\"Love timeshare - EUROC Europe\",\"isPartOf\":{\"@id\":\"https:\/\/euroc.org\/#website\"},\"datePublished\":\"2024-01-11T16:29:18+00:00\",\"dateModified\":\"2024-01-16T15:14:38+00:00\",\"breadcrumb\":{\"@id\":\"https:\/\/euroc.org\/love-timeshare-2\/#breadcrumb\"},\"inLanguage\":\"fr-FR\",\"potentialAction\":[{\"@type\":\"ReadAction\",\"target\":[\"https:\/\/euroc.org\/love-timeshare-2\/\"]}]},{\"@type\":\"BreadcrumbList\",\"@id\":\"https:\/\/euroc.org\/love-timeshare-2\/#breadcrumb\",\"itemListElement\":[{\"@type\":\"ListItem\",\"position\":1,\"name\":\"Home\",\"item\":\"https:\/\/euroc.org\/\"},{\"@type\":\"ListItem\",\"position\":2,\"name\":\"Love timeshare\"}]},{\"@type\":\"WebSite\",\"@id\":\"https:\/\/euroc.org\/#website\",\"url\":\"https:\/\/euroc.org\/\",\"name\":\"EUROC Europe\",\"description\":\"European Resort Owners Coalition\",\"publisher\":{\"@id\":\"https:\/\/euroc.org\/#organization\"},\"potentialAction\":[{\"@type\":\"SearchAction\",\"target\":{\"@type\":\"EntryPoint\",\"urlTemplate\":\"https:\/\/euroc.org\/?s={search_term_string}\"},\"query-input\":{\"@type\":\"PropertyValueSpecification\",\"valueRequired\":true,\"valueName\":\"search_term_string\"}}],\"inLanguage\":\"fr-FR\"},{\"@type\":\"Organization\",\"@id\":\"https:\/\/euroc.org\/#organization\",\"name\":\"EUROC Europe\",\"url\":\"https:\/\/euroc.org\/\",\"logo\":{\"@type\":\"ImageObject\",\"inLanguage\":\"fr-FR\",\"@id\":\"https:\/\/euroc.org\/#\/schema\/logo\/image\/\",\"url\":\"https:\/\/euroc.org\/wp-content\/uploads\/2023\/10\/cropped-EUROC-Final-Logo-colours-1.png\",\"contentUrl\":\"https:\/\/euroc.org\/wp-content\/uploads\/2023\/10\/cropped-EUROC-Final-Logo-colours-1.png\",\"width\":1561,\"height\":650,\"caption\":\"EUROC Europe\"},\"image\":{\"@id\":\"https:\/\/euroc.org\/#\/schema\/logo\/image\/\"}}]}<\/script>\n<!-- \/ Yoast SEO plugin. -->","yoast_head_json":{"title":"Love timeshare - EUROC Europe","robots":{"index":"index","follow":"follow","max-snippet":"max-snippet:-1","max-image-preview":"max-image-preview:large","max-video-preview":"max-video-preview:-1"},"canonical":"https:\/\/euroc.org\/fr\/love-timeshare-2\/","og_locale":"fr_FR","og_type":"article","og_title":"Love timeshare - EUROC Europe","og_description":"We love our timeshare! Meet real timeshare owners who love their holidays Timeshare members come from all walks of life, but many of them share one thing in common: a deep love for their timeshare. These testimonials have been volunteered, with no incetives. As you will read, owners across Europe describe beautiful and memorable holidays. [&hellip;]","og_url":"https:\/\/euroc.org\/fr\/love-timeshare-2\/","og_site_name":"EUROC Europe","article_modified_time":"2024-01-16T15:14:38+00:00","twitter_card":"summary_large_image","twitter_misc":{"Dur\u00e9e de lecture estim\u00e9e":"2 minutes"},"schema":{"@context":"https:\/\/schema.org","@graph":[{"@type":"WebPage","@id":"https:\/\/euroc.org\/love-timeshare-2\/","url":"https:\/\/euroc.org\/love-timeshare-2\/","name":"Love timeshare - EUROC Europe","isPartOf":{"@id":"https:\/\/euroc.org\/#website"},"datePublished":"2024-01-11T16:29:18+00:00","dateModified":"2024-01-16T15:14:38+00:00","breadcrumb":{"@id":"https:\/\/euroc.org\/love-timeshare-2\/#breadcrumb"},"inLanguage":"fr-FR","potentialAction":[{"@type":"ReadAction","target":["https:\/\/euroc.org\/love-timeshare-2\/"]}]},{"@type":"BreadcrumbList","@id":"https:\/\/euroc.org\/love-timeshare-2\/#breadcrumb","itemListElement":[{"@type":"ListItem","position":1,"name":"Home","item":"https:\/\/euroc.org\/"},{"@type":"ListItem","position":2,"name":"Love timeshare"}]},{"@type":"WebSite","@id":"https:\/\/euroc.org\/#website","url":"https:\/\/euroc.org\/","name":"EUROC Europe","description":"European Resort Owners Coalition","publisher":{"@id":"https:\/\/euroc.org\/#organization"},"potentialAction":[{"@type":"SearchAction","target":{"@type":"EntryPoint","urlTemplate":"https:\/\/euroc.org\/?s={search_term_string}"},"query-input":{"@type":"PropertyValueSpecification","valueRequired":true,"valueName":"search_term_string"}}],"inLanguage":"fr-FR"},{"@type":"Organization","@id":"https:\/\/euroc.org\/#organization","name":"EUROC Europe","url":"https:\/\/euroc.org\/","logo":{"@type":"ImageObject","inLanguage":"fr-FR","@id":"https:\/\/euroc.org\/#\/schema\/logo\/image\/","url":"https:\/\/euroc.org\/wp-content\/uploads\/2023\/10\/cropped-EUROC-Final-Logo-colours-1.png","contentUrl":"https:\/\/euroc.org\/wp-content\/uploads\/2023\/10\/cropped-EUROC-Final-Logo-colours-1.png","width":1561,"height":650,"caption":"EUROC Europe"},"image":{"@id":"https:\/\/euroc.org\/#\/schema\/logo\/image\/"}}]}},"_links":{"self":[{"href":"https:\/\/euroc.org\/fr\/wp-json\/wp\/v2\/pages\/4677","targetHints":{"allow":["GET"]}}],"collection":[{"href":"https:\/\/euroc.org\/fr\/wp-json\/wp\/v2\/pages"}],"about":[{"href":"https:\/\/euroc.org\/fr\/wp-json\/wp\/v2\/types\/page"}],"author":[{"embeddable":true,"href":"https:\/\/euroc.org\/fr\/wp-json\/wp\/v2\/users\/2"}],"replies":[{"embeddable":true,"href":"https:\/\/euroc.org\/fr\/wp-json\/wp\/v2\/comments?post=4677"}],"version-history":[{"count":37,"href":"https:\/\/euroc.org\/fr\/wp-json\/wp\/v2\/pages\/4677\/revisions"}],"predecessor-version":[{"id":4732,"href":"https:\/\/euroc.org\/fr\/wp-json\/wp\/v2\/pages\/4677\/revisions\/4732"}],"wp:attachment":[{"href":"https:\/\/euroc.org\/fr\/wp-json\/wp\/v2\/media?parent=4677"}],"curies":[{"name":"wp","href":"https:\/\/api.w.org\/{rel}","templated":true}]}}