{"id":4641,"date":"2023-10-31T07:39:06","date_gmt":"2023-10-31T07:39:06","guid":{"rendered":"https:\/\/euroctimesharesupporthub.com\/?page_id=4641"},"modified":"2023-11-01T09:00:03","modified_gmt":"2023-11-01T09:00:03","slug":"eoroc-cookie-policy","status":"publish","type":"page","link":"https:\/\/euroc.org\/fr\/eoroc-cookie-policy\/","title":{"rendered":"Politique d'EUROC en mati\u00e8re de cookies"},"content":{"rendered":"<div data-elementor-type=\"wp-page\" data-elementor-id=\"4641\" class=\"elementor elementor-4641\" data-elementor-post-type=\"page\">\n\t\t\t\t\t\t<section class=\"elementor-section elementor-top-section elementor-element elementor-element-a799567 elementor-section-boxed elementor-section-height-default elementor-section-height-default\" data-id=\"a799567\" data-element_type=\"section\">\n\t\t\t\t\t\t<div class=\"elementor-container elementor-column-gap-default\">\n\t\t\t\t\t<div class=\"elementor-column elementor-col-100 elementor-top-column elementor-element elementor-element-d7b2603\" data-id=\"d7b2603\" data-element_type=\"column\">\n\t\t\t<div class=\"elementor-widget-wrap elementor-element-populated\">\n\t\t\t\t\t\t<div class=\"elementor-element elementor-element-21638d0 elementor-widget elementor-widget-text-editor\" data-id=\"21638d0\" data-element_type=\"widget\" data-widget_type=\"text-editor.default\">\n\t\t\t\t<div class=\"elementor-widget-container\">\n\t\t\t\t\t\t\t<p><strong>Politique d'EUROC Limited en mati\u00e8re de cookies 31<sup>st<\/sup> octobre 2023<\/strong><\/p><p>La pr\u00e9sente politique en mati\u00e8re de cookies explique comment EUROC Limited (\"Nous\") utilise des cookies et des technologies similaires pour vous reconna\u00eetre lorsque vous visitez notre site web \u00e0 euroc.org et euroctimesharesupporthub.org. Elle explique ce que sont ces technologies et pourquoi nous les utilisons, ainsi que les droits dont vous disposez pour contr\u00f4ler l'utilisation que nous en faisons.<\/p><p><strong>Qu'est-ce qu'un biscuit ?<\/strong><\/p><p>Les cookies sont de petits fichiers de donn\u00e9es qui sont plac\u00e9s sur votre ordinateur ou votre appareil mobile lorsque vous visitez un site web. Les cookies sont largement utilis\u00e9s par les propri\u00e9taires de sites web pour faire fonctionner leurs sites, ou les faire fonctionner plus efficacement, ainsi que pour fournir des informations de rapport.<\/p><p>Les cookies mis en place par le propri\u00e9taire du site web (dans ce cas, EUROC Limited) sont appel\u00e9s \"cookies de premi\u00e8re partie\". Les cookies mis en place par des parties autres que le propri\u00e9taire du site web sont appel\u00e9s \"cookies de tiers\". Les cookies de tierce partie permettent de fournir des caract\u00e9ristiques ou des fonctionnalit\u00e9s de tierce partie sur ou via le site web (par exemple, comme la publicit\u00e9, le contenu interactif et l'analyse). Les parties qui d\u00e9finissent ces cookies de tiers peuvent reconna\u00eetre votre ordinateur lorsqu'il visite le site web en question et \u00e9galement lorsqu'il visite certains autres sites web.<\/p><p><strong>Pourquoi utilisons-nous des cookies ?<\/strong><\/p><p>Nous utilisons des cookies de premi\u00e8re et de tierce parties pour plusieurs raisons. Certains cookies sont n\u00e9cessaires pour des raisons techniques au fonctionnement de nos sites web, et nous les qualifions de cookies \"essentiels\" ou \"strictement n\u00e9cessaires\". D'autres cookies nous permettent \u00e9galement de suivre et de cibler les int\u00e9r\u00eats de nos utilisateurs afin d'am\u00e9liorer l'exp\u00e9rience sur nos propri\u00e9t\u00e9s en ligne. Des tiers utilisent des cookies sur nos sites web \u00e0 des fins de publicit\u00e9, d'analyse et autres. Ceci est d\u00e9crit plus en d\u00e9tail ci-dessous.<\/p><p>Les types sp\u00e9cifiques de cookies de premi\u00e8re et de tierce parties utilis\u00e9s sur nos sites web et les objectifs qu'ils poursuivent sont d\u00e9crits ci-dessous :<\/p><ul><li>Cookies essentiels du site web : Ces cookies sont strictement n\u00e9cessaires pour vous fournir les services disponibles sur nos sites web et pour utiliser certaines de leurs fonctionnalit\u00e9s, telles que l'acc\u00e8s \u00e0 des zones s\u00e9curis\u00e9es.<\/li><li>Cookies d'analyse et de personnalisation : Ces cookies collectent des informations qui sont utilis\u00e9es soit sous forme agr\u00e9g\u00e9e pour nous aider \u00e0 comprendre comment nos sites web sont utilis\u00e9s ou quelle est l'efficacit\u00e9 de nos campagnes de marketing, soit pour nous aider \u00e0 personnaliser nos sites web pour vous.<\/li><li>Cookies publicitaires : Ces cookies sont utilis\u00e9s pour rendre les messages publicitaires plus pertinents pour vous. Ils remplissent des fonctions telles que la pr\u00e9vention de la r\u00e9apparition continue de la m\u00eame publicit\u00e9, la garantie que les publicit\u00e9s sont correctement affich\u00e9es pour les annonceurs et, dans certains cas, la s\u00e9lection de publicit\u00e9s bas\u00e9es sur vos centres d'int\u00e9r\u00eat.<\/li><li>Cookies de r\u00e9seaux sociaux : Ces cookies sont utilis\u00e9s pour vous permettre de partager des pages et des contenus que vous trouvez int\u00e9ressants sur nos sites web par l'interm\u00e9diaire de r\u00e9seaux sociaux tiers et d'autres sites web. Ces cookies peuvent \u00e9galement \u00eatre utilis\u00e9s \u00e0 des fins publicitaires.<\/li><li>Cookies non class\u00e9s : Il s'agit de cookies qui n'ont pas encore \u00e9t\u00e9 class\u00e9s. Nous sommes en train de classer ces cookies avec l'aide de leurs fournisseurs.<\/li><\/ul><p><strong>Quels sont les cookies que nous utilisons ?<\/strong><\/p><p>Les cookies sp\u00e9cifiques que nous utilisons sur nos sites web sont d\u00e9crits ci-dessous. Cette liste est mise \u00e0 jour de temps \u00e0 autre en fonction des modifications que nous apportons \u00e0 nos sites web.<\/p><p>\u00a0<\/p><p>\u00a0Google Analytics, Google AdSense, Monsterinsights<\/p><p><strong>Comment puis-je contr\u00f4ler les cookies ?<\/strong><\/p><p>Vous avez le droit d'accepter ou de refuser les cookies. Vous pouvez exercer vos droits en mati\u00e8re de cookies en d\u00e9finissant vos pr\u00e9f\u00e9rences dans le gestionnaire de consentement aux cookies. Le gestionnaire de consentement aux cookies vous permet de s\u00e9lectionner les cat\u00e9gories de cookies que vous acceptez ou refusez.<\/p><p>Les cookies essentiels ne peuvent pas \u00eatre rejet\u00e9s car ils sont strictement n\u00e9cessaires pour vous fournir des services.<\/p><p>Le gestionnaire de consentement aux cookies se trouve dans la banni\u00e8re de notification et sur notre site web. Si vous choisissez de refuser les cookies, vous pouvez toujours utiliser notre site web, mais votre acc\u00e8s \u00e0 certaines fonctionnalit\u00e9s et zones de notre site web peut \u00eatre limit\u00e9. Vous pouvez \u00e9galement param\u00e9trer ou modifier les contr\u00f4les de votre navigateur web afin d'accepter ou de refuser les cookies. Comme les moyens de refuser les cookies par le biais des contr\u00f4les de votre navigateur web varient d'un navigateur \u00e0 l'autre, vous devriez consulter le menu d'aide de votre navigateur pour plus d'informations.<\/p><p>En outre, la plupart des r\u00e9seaux publicitaires vous offrent la possibilit\u00e9 de refuser la publicit\u00e9 cibl\u00e9e. Si vous souhaitez obtenir de plus amples informations, veuillez consulter les sites http:\/\/www.aboutads.info\/choices\/ ou http:\/\/www.youronlinechoices.com.<\/p><p><strong>\u00c0 quelle fr\u00e9quence mettrez-vous \u00e0 jour cette politique en mati\u00e8re de cookies ?<\/strong><\/p><p>Nous pouvons mettre \u00e0 jour la pr\u00e9sente politique en mati\u00e8re de cookies de temps \u00e0 autre afin de refl\u00e9ter, par exemple, les changements apport\u00e9s aux cookies que nous utilisons ou pour d'autres raisons op\u00e9rationnelles, juridiques ou r\u00e9glementaires. Nous vous invitons donc \u00e0 consulter r\u00e9guli\u00e8rement la pr\u00e9sente politique en mati\u00e8re de cookies afin de rester inform\u00e9 de l'utilisation que nous faisons des cookies et des technologies connexes.<\/p><p>La date figurant en haut de la pr\u00e9sente politique en mati\u00e8re de cookies indique la date de sa derni\u00e8re mise \u00e0 jour.<\/p><p><strong>O\u00f9 puis-je obtenir de plus amples informations ?<\/strong><\/p><p>Si vous avez des questions sur notre utilisation des cookies ou d'autres technologies, veuillez nous envoyer un courrier \u00e9lectronique \u00e0 l'adresse suivante : support@euroc.org.<\/p>\t\t\t\t\t\t<\/div>\n\t\t\t\t<\/div>\n\t\t\t\t\t<\/div>\n\t\t<\/div>\n\t\t\t\t\t<\/div>\n\t\t<\/section>\n\t\t\t\t<\/div>","protected":false},"excerpt":{"rendered":"<p>EUROC Limited Politique en mati\u00e8re de cookies 31 octobre 2023 Cette politique en mati\u00e8re de cookies explique comment EUROC Limited (\"Nous\") utilise des cookies et des technologies similaires pour vous reconna\u00eetre lorsque vous visitez notre site web \u00e0 euroc.org et euroctimesharesupporthub.org. Elle explique ce que sont ces technologies et pourquoi nous les utilisons, ainsi que les droits dont vous disposez pour contr\u00f4ler l'utilisation que nous en faisons. Ce que [...]<\/p>","protected":false},"author":2,"featured_media":0,"parent":0,"menu_order":0,"comment_status":"closed","ping_status":"closed","template":"","meta":{"om_disable_all_campaigns":false,"_monsterinsights_skip_tracking":false,"_monsterinsights_sitenote_active":false,"_monsterinsights_sitenote_note":"","_monsterinsights_sitenote_category":0,"_uf_show_specific_survey":0,"_uf_disable_surveys":false,"footnotes":""},"class_list":["post-4641","page","type-page","status-publish","hentry"],"aioseo_notices":[],"yoast_head":"<!-- This site is optimized with the Yoast SEO plugin v24.0 - https:\/\/yoast.com\/wordpress\/plugins\/seo\/ -->\n<title>EUROC Cookie Policy - EUROC Europe<\/title>\n<meta name=\"robots\" content=\"index, follow, max-snippet:-1, max-image-preview:large, max-video-preview:-1\" \/>\n<link rel=\"canonical\" href=\"https:\/\/euroc.org\/fr\/eoroc-cookie-policy\/\" \/>\n<meta property=\"og:locale\" content=\"fr_FR\" \/>\n<meta property=\"og:type\" content=\"article\" \/>\n<meta property=\"og:title\" content=\"EUROC Cookie Policy - EUROC Europe\" \/>\n<meta property=\"og:description\" content=\"EUROC Limited Cookie Policy 31st October 2023 This Cookie Policy explains how EUROC Limited (&#8220;We&#8221;) uses cookies and similar technologies to recognize you when you visit our website at euroc.org and euroctimesharesupporthub.org. It explains what these technologies are and why we use them, as well as your rights to control our use of them. What [&hellip;]\" \/>\n<meta property=\"og:url\" content=\"https:\/\/euroc.org\/fr\/eoroc-cookie-policy\/\" \/>\n<meta property=\"og:site_name\" content=\"EUROC Europe\" \/>\n<meta property=\"article:modified_time\" content=\"2023-11-01T09:00:03+00:00\" \/>\n<meta name=\"twitter:card\" content=\"summary_large_image\" \/>\n<meta name=\"twitter:label1\" content=\"Dur\u00e9e de lecture estim\u00e9e\" \/>\n\t<meta name=\"twitter:data1\" content=\"4 minutes\" \/>\n<script type=\"application\/ld+json\" class=\"yoast-schema-graph\">{\"@context\":\"https:\/\/schema.org\",\"@graph\":[{\"@type\":\"WebPage\",\"@id\":\"https:\/\/euroc.org\/fr\/eoroc-cookie-policy\/\",\"url\":\"https:\/\/euroc.org\/fr\/eoroc-cookie-policy\/\",\"name\":\"EUROC Cookie Policy - EUROC Europe\",\"isPartOf\":{\"@id\":\"https:\/\/euroc.org\/#website\"},\"datePublished\":\"2023-10-31T07:39:06+00:00\",\"dateModified\":\"2023-11-01T09:00:03+00:00\",\"breadcrumb\":{\"@id\":\"https:\/\/euroc.org\/fr\/eoroc-cookie-policy\/#breadcrumb\"},\"inLanguage\":\"fr-FR\",\"potentialAction\":[{\"@type\":\"ReadAction\",\"target\":[\"https:\/\/euroc.org\/fr\/eoroc-cookie-policy\/\"]}]},{\"@type\":\"BreadcrumbList\",\"@id\":\"https:\/\/euroc.org\/fr\/eoroc-cookie-policy\/#breadcrumb\",\"itemListElement\":[{\"@type\":\"ListItem\",\"position\":1,\"name\":\"Home\",\"item\":\"https:\/\/euroc.org\/\"},{\"@type\":\"ListItem\",\"position\":2,\"name\":\"EUROC Cookie Policy\"}]},{\"@type\":\"WebSite\",\"@id\":\"https:\/\/euroc.org\/#website\",\"url\":\"https:\/\/euroc.org\/\",\"name\":\"EUROC Europe\",\"description\":\"European Resort Owners Coalition\",\"publisher\":{\"@id\":\"https:\/\/euroc.org\/#organization\"},\"potentialAction\":[{\"@type\":\"SearchAction\",\"target\":{\"@type\":\"EntryPoint\",\"urlTemplate\":\"https:\/\/euroc.org\/?s={search_term_string}\"},\"query-input\":{\"@type\":\"PropertyValueSpecification\",\"valueRequired\":true,\"valueName\":\"search_term_string\"}}],\"inLanguage\":\"fr-FR\"},{\"@type\":\"Organization\",\"@id\":\"https:\/\/euroc.org\/#organization\",\"name\":\"EUROC Europe\",\"url\":\"https:\/\/euroc.org\/\",\"logo\":{\"@type\":\"ImageObject\",\"inLanguage\":\"fr-FR\",\"@id\":\"https:\/\/euroc.org\/#\/schema\/logo\/image\/\",\"url\":\"https:\/\/euroc.org\/wp-content\/uploads\/2023\/10\/cropped-EUROC-Final-Logo-colours-1.png\",\"contentUrl\":\"https:\/\/euroc.org\/wp-content\/uploads\/2023\/10\/cropped-EUROC-Final-Logo-colours-1.png\",\"width\":1561,\"height\":650,\"caption\":\"EUROC Europe\"},\"image\":{\"@id\":\"https:\/\/euroc.org\/#\/schema\/logo\/image\/\"}}]}<\/script>\n<!-- \/ Yoast SEO plugin. -->","yoast_head_json":{"title":"EUROC Cookie Policy - EUROC Europe","robots":{"index":"index","follow":"follow","max-snippet":"max-snippet:-1","max-image-preview":"max-image-preview:large","max-video-preview":"max-video-preview:-1"},"canonical":"https:\/\/euroc.org\/fr\/eoroc-cookie-policy\/","og_locale":"fr_FR","og_type":"article","og_title":"EUROC Cookie Policy - EUROC Europe","og_description":"EUROC Limited Cookie Policy 31st October 2023 This Cookie Policy explains how EUROC Limited (&#8220;We&#8221;) uses cookies and similar technologies to recognize you when you visit our website at euroc.org and euroctimesharesupporthub.org. It explains what these technologies are and why we use them, as well as your rights to control our use of them. What [&hellip;]","og_url":"https:\/\/euroc.org\/fr\/eoroc-cookie-policy\/","og_site_name":"EUROC Europe","article_modified_time":"2023-11-01T09:00:03+00:00","twitter_card":"summary_large_image","twitter_misc":{"Dur\u00e9e de lecture estim\u00e9e":"4 minutes"},"schema":{"@context":"https:\/\/schema.org","@graph":[{"@type":"WebPage","@id":"https:\/\/euroc.org\/fr\/eoroc-cookie-policy\/","url":"https:\/\/euroc.org\/fr\/eoroc-cookie-policy\/","name":"EUROC Cookie Policy - EUROC Europe","isPartOf":{"@id":"https:\/\/euroc.org\/#website"},"datePublished":"2023-10-31T07:39:06+00:00","dateModified":"2023-11-01T09:00:03+00:00","breadcrumb":{"@id":"https:\/\/euroc.org\/fr\/eoroc-cookie-policy\/#breadcrumb"},"inLanguage":"fr-FR","potentialAction":[{"@type":"ReadAction","target":["https:\/\/euroc.org\/fr\/eoroc-cookie-policy\/"]}]},{"@type":"BreadcrumbList","@id":"https:\/\/euroc.org\/fr\/eoroc-cookie-policy\/#breadcrumb","itemListElement":[{"@type":"ListItem","position":1,"name":"Home","item":"https:\/\/euroc.org\/"},{"@type":"ListItem","position":2,"name":"EUROC Cookie Policy"}]},{"@type":"WebSite","@id":"https:\/\/euroc.org\/#website","url":"https:\/\/euroc.org\/","name":"EUROC Europe","description":"European Resort Owners Coalition","publisher":{"@id":"https:\/\/euroc.org\/#organization"},"potentialAction":[{"@type":"SearchAction","target":{"@type":"EntryPoint","urlTemplate":"https:\/\/euroc.org\/?s={search_term_string}"},"query-input":{"@type":"PropertyValueSpecification","valueRequired":true,"valueName":"search_term_string"}}],"inLanguage":"fr-FR"},{"@type":"Organization","@id":"https:\/\/euroc.org\/#organization","name":"EUROC Europe","url":"https:\/\/euroc.org\/","logo":{"@type":"ImageObject","inLanguage":"fr-FR","@id":"https:\/\/euroc.org\/#\/schema\/logo\/image\/","url":"https:\/\/euroc.org\/wp-content\/uploads\/2023\/10\/cropped-EUROC-Final-Logo-colours-1.png","contentUrl":"https:\/\/euroc.org\/wp-content\/uploads\/2023\/10\/cropped-EUROC-Final-Logo-colours-1.png","width":1561,"height":650,"caption":"EUROC Europe"},"image":{"@id":"https:\/\/euroc.org\/#\/schema\/logo\/image\/"}}]}},"_links":{"self":[{"href":"https:\/\/euroc.org\/fr\/wp-json\/wp\/v2\/pages\/4641","targetHints":{"allow":["GET"]}}],"collection":[{"href":"https:\/\/euroc.org\/fr\/wp-json\/wp\/v2\/pages"}],"about":[{"href":"https:\/\/euroc.org\/fr\/wp-json\/wp\/v2\/types\/page"}],"author":[{"embeddable":true,"href":"https:\/\/euroc.org\/fr\/wp-json\/wp\/v2\/users\/2"}],"replies":[{"embeddable":true,"href":"https:\/\/euroc.org\/fr\/wp-json\/wp\/v2\/comments?post=4641"}],"version-history":[{"count":6,"href":"https:\/\/euroc.org\/fr\/wp-json\/wp\/v2\/pages\/4641\/revisions"}],"predecessor-version":[{"id":4652,"href":"https:\/\/euroc.org\/fr\/wp-json\/wp\/v2\/pages\/4641\/revisions\/4652"}],"wp:attachment":[{"href":"https:\/\/euroc.org\/fr\/wp-json\/wp\/v2\/media?parent=4641"}],"curies":[{"name":"wp","href":"https:\/\/api.w.org\/{rel}","templated":true}]}}