{"id":4271,"date":"2023-10-25T14:58:10","date_gmt":"2023-10-25T14:58:10","guid":{"rendered":"https:\/\/euroctimesharesupporthub.com\/?page_id=4271"},"modified":"2023-10-29T15:49:09","modified_gmt":"2023-10-29T15:49:09","slug":"news","status":"publish","type":"page","link":"https:\/\/euroc.org\/fr\/nouvelles\/","title":{"rendered":"Nouvelles"},"content":{"rendered":"<div data-elementor-type=\"wp-page\" data-elementor-id=\"4271\" class=\"elementor elementor-4271\" data-elementor-post-type=\"page\">\n\t\t\t\t\t\t<section class=\"elementor-section elementor-top-section elementor-element elementor-element-f09b075 elementor-section-full_width elementor-section-height-min-height elementor-section-stretched elementor-section-height-default elementor-section-items-middle\" data-id=\"f09b075\" data-element_type=\"section\" data-settings=\"{&quot;stretch_section&quot;:&quot;section-stretched&quot;,&quot;background_background&quot;:&quot;classic&quot;}\">\n\t\t\t\t\t\t\t<div class=\"elementor-background-overlay\"><\/div>\n\t\t\t\t\t\t\t<div class=\"elementor-container elementor-column-gap-default\">\n\t\t\t\t\t<div class=\"elementor-column elementor-col-100 elementor-top-column elementor-element elementor-element-a485f16\" data-id=\"a485f16\" data-element_type=\"column\">\n\t\t\t<div class=\"elementor-widget-wrap elementor-element-populated\">\n\t\t\t\t\t\t<div class=\"elementor-element elementor-element-bc69d2b elementor-widget elementor-widget-heading\" data-id=\"bc69d2b\" data-element_type=\"widget\" data-widget_type=\"heading.default\">\n\t\t\t\t<div class=\"elementor-widget-container\">\n\t\t\t<h1 class=\"elementor-heading-title elementor-size-xxl\">Euroc<\/h1>\t\t<\/div>\n\t\t\t\t<\/div>\n\t\t\t\t<div class=\"elementor-element elementor-element-df80f19 elementor-widget elementor-widget-heading\" data-id=\"df80f19\" data-element_type=\"widget\" data-widget_type=\"heading.default\">\n\t\t\t\t<div class=\"elementor-widget-container\">\n\t\t\t<h1 class=\"elementor-heading-title elementor-size-xxl\">Nouvelles<\/h1>\t\t<\/div>\n\t\t\t\t<\/div>\n\t\t\t\t\t<\/div>\n\t\t<\/div>\n\t\t\t\t\t<\/div>\n\t\t<\/section>\n\t\t\t\t<section class=\"elementor-section elementor-top-section elementor-element elementor-element-6e90e99 elementor-section-boxed elementor-section-height-default elementor-section-height-default\" data-id=\"6e90e99\" data-element_type=\"section\">\n\t\t\t\t\t\t<div class=\"elementor-container elementor-column-gap-default\">\n\t\t\t\t\t<div class=\"elementor-column elementor-col-100 elementor-top-column elementor-element elementor-element-da11e6d\" data-id=\"da11e6d\" data-element_type=\"column\">\n\t\t\t<div class=\"elementor-widget-wrap elementor-element-populated\">\n\t\t\t\t\t\t<div class=\"elementor-element elementor-element-0ebf0a4 elementor-grid-1 elementor-grid-tablet-2 elementor-grid-mobile-1 elementor-posts--thumbnail-top elementor-card-shadow-yes elementor-posts__hover-gradient elementor-widget elementor-widget-posts\" data-id=\"0ebf0a4\" data-element_type=\"widget\" data-settings=\"{&quot;cards_columns&quot;:&quot;1&quot;,&quot;pagination_type&quot;:&quot;load_more_infinite_scroll&quot;,&quot;cards_columns_tablet&quot;:&quot;2&quot;,&quot;cards_columns_mobile&quot;:&quot;1&quot;,&quot;cards_row_gap&quot;:{&quot;unit&quot;:&quot;px&quot;,&quot;size&quot;:35,&quot;sizes&quot;:[]},&quot;cards_row_gap_tablet&quot;:{&quot;unit&quot;:&quot;px&quot;,&quot;size&quot;:&quot;&quot;,&quot;sizes&quot;:[]},&quot;cards_row_gap_mobile&quot;:{&quot;unit&quot;:&quot;px&quot;,&quot;size&quot;:&quot;&quot;,&quot;sizes&quot;:[]},&quot;load_more_spinner&quot;:{&quot;value&quot;:&quot;fas fa-spinner&quot;,&quot;library&quot;:&quot;fa-solid&quot;}}\" data-widget_type=\"posts.cards\">\n\t\t\t\t<div class=\"elementor-widget-container\">\n\t\t\t\t\t<div class=\"elementor-posts-container elementor-posts elementor-posts--skin-cards elementor-grid\">\n\t\t\t\t<article class=\"elementor-post elementor-grid-item post-5422 post type-post status-publish format-standard has-post-thumbnail hentry category-uncategorized\">\n\t\t\t<div class=\"elementor-post__card\">\n\t\t\t\t<a class=\"elementor-post__thumbnail__link\" href=\"https:\/\/euroc.org\/fr\/2026\/01\/06\/decision-de-la-cour-espagnole-sur-la-multipropriete\/\" tabindex=\"-1\" ><div class=\"elementor-post__thumbnail\"><img fetchpriority=\"high\" decoding=\"async\" width=\"800\" height=\"450\" src=\"https:\/\/euroc.org\/wp-content\/uploads\/2026\/01\/Untitled-design-2026-01-06T131637.735-1024x576.png\" class=\"attachment-large size-large wp-image-5426\" alt=\"\" srcset=\"https:\/\/euroc.org\/wp-content\/uploads\/2026\/01\/Untitled-design-2026-01-06T131637.735-1024x576.png 1024w, https:\/\/euroc.org\/wp-content\/uploads\/2026\/01\/Untitled-design-2026-01-06T131637.735-300x169.png 300w, https:\/\/euroc.org\/wp-content\/uploads\/2026\/01\/Untitled-design-2026-01-06T131637.735-768x432.png 768w, https:\/\/euroc.org\/wp-content\/uploads\/2026\/01\/Untitled-design-2026-01-06T131637.735-1536x864.png 1536w, https:\/\/euroc.org\/wp-content\/uploads\/2026\/01\/Untitled-design-2026-01-06T131637.735-18x10.png 18w, https:\/\/euroc.org\/wp-content\/uploads\/2026\/01\/Untitled-design-2026-01-06T131637.735.png 1920w\" sizes=\"(max-width: 800px) 100vw, 800px\" \/><\/div><\/a>\n\t\t\t\t<div class=\"elementor-post__badge\">Non class\u00e9<\/div>\n\t\t\t\t<div class=\"elementor-post__text\">\n\t\t\t\t<h3 class=\"elementor-post__title\">\n\t\t\t<a href=\"https:\/\/euroc.org\/fr\/2026\/01\/06\/decision-de-la-cour-espagnole-sur-la-multipropriete\/\" >\n\t\t\t\tCommentaires de l'EUROC sur l'arr\u00eat de la Cour supr\u00eame espagnole concernant la multipropri\u00e9t\u00e9\t\t\t<\/a>\n\t\t<\/h3>\n\t\t\t\t<div class=\"elementor-post__excerpt\">\n\t\t\t<p>EUROC publie des orientations suite \u00e0 l'arr\u00eat de la Cour supr\u00eame espagnole sur les contrats de multipropri\u00e9t\u00e9 ant\u00e9rieurs \u00e0 1998 La Cour supr\u00eame espagnole a rendu un arr\u00eat le 30 octobre 2025 concernant les contrats de multipropri\u00e9t\u00e9 ant\u00e9rieurs \u00e0 1998 et les contrats de multipropri\u00e9t\u00e9 ant\u00e9rieurs \u00e0 1998.<\/p>\n\t\t<\/div>\n\t\t\t\t<\/div>\n\t\t\t\t\t<\/div>\n\t\t<\/article>\n\t\t\t\t<article class=\"elementor-post elementor-grid-item post-5390 post type-post status-publish format-standard has-post-thumbnail hentry category-industry-news\">\n\t\t\t<div class=\"elementor-post__card\">\n\t\t\t\t<a class=\"elementor-post__thumbnail__link\" href=\"https:\/\/euroc.org\/fr\/2025\/07\/24\/protection-des-clients\/\" tabindex=\"-1\" ><div class=\"elementor-post__thumbnail\"><img decoding=\"async\" width=\"800\" height=\"450\" src=\"https:\/\/euroc.org\/wp-content\/uploads\/2025\/07\/EUROC-protect-timeshare-consumers-1024x576.png\" class=\"attachment-large size-large wp-image-5392\" alt=\"\" srcset=\"https:\/\/euroc.org\/wp-content\/uploads\/2025\/07\/EUROC-protect-timeshare-consumers-1024x576.png 1024w, https:\/\/euroc.org\/wp-content\/uploads\/2025\/07\/EUROC-protect-timeshare-consumers-300x169.png 300w, https:\/\/euroc.org\/wp-content\/uploads\/2025\/07\/EUROC-protect-timeshare-consumers-768x432.png 768w, https:\/\/euroc.org\/wp-content\/uploads\/2025\/07\/EUROC-protect-timeshare-consumers-1536x864.png 1536w, https:\/\/euroc.org\/wp-content\/uploads\/2025\/07\/EUROC-protect-timeshare-consumers-18x10.png 18w, https:\/\/euroc.org\/wp-content\/uploads\/2025\/07\/EUROC-protect-timeshare-consumers.png 1920w\" sizes=\"(max-width: 800px) 100vw, 800px\" \/><\/div><\/a>\n\t\t\t\t<div class=\"elementor-post__badge\">Nouvelles de l'industrie<\/div>\n\t\t\t\t<div class=\"elementor-post__text\">\n\t\t\t\t<h3 class=\"elementor-post__title\">\n\t\t\t<a href=\"https:\/\/euroc.org\/fr\/2025\/07\/24\/protection-des-clients\/\" >\n\t\t\t\tUne nouvelle \u00e8re pour la protection des consommateurs - ce qu'il faut savoir\t\t\t<\/a>\n\t\t<\/h3>\n\t\t\t\t<div class=\"elementor-post__excerpt\">\n\t\t\t<p>Le monde du marketing direct, et plus particuli\u00e8rement du d\u00e9marchage t\u00e9l\u00e9phonique, est \u00e0 l'aube d'un changement monumental. Un texte l\u00e9gislatif historique, le Digital Markets, Competition<\/p>\n\t\t<\/div>\n\t\t\t\t<\/div>\n\t\t\t\t\t<\/div>\n\t\t<\/article>\n\t\t\t\t<article class=\"elementor-post elementor-grid-item post-5345 post type-post status-publish format-standard has-post-thumbnail hentry category-breaking-news category-industry-news category-resort-news\">\n\t\t\t<div class=\"elementor-post__card\">\n\t\t\t\t<a class=\"elementor-post__thumbnail__link\" href=\"https:\/\/euroc.org\/fr\/2025\/05\/21\/elementaire-5345\/\" tabindex=\"-1\" ><div class=\"elementor-post__thumbnail\"><img decoding=\"async\" width=\"800\" height=\"450\" src=\"https:\/\/euroc.org\/wp-content\/uploads\/2025\/05\/Communities-Stepping-Forward-To-Transform-Lives-1024x576.png\" class=\"attachment-large size-large wp-image-5376\" alt=\"\" srcset=\"https:\/\/euroc.org\/wp-content\/uploads\/2025\/05\/Communities-Stepping-Forward-To-Transform-Lives-1024x576.png 1024w, https:\/\/euroc.org\/wp-content\/uploads\/2025\/05\/Communities-Stepping-Forward-To-Transform-Lives-300x169.png 300w, https:\/\/euroc.org\/wp-content\/uploads\/2025\/05\/Communities-Stepping-Forward-To-Transform-Lives-768x432.png 768w, https:\/\/euroc.org\/wp-content\/uploads\/2025\/05\/Communities-Stepping-Forward-To-Transform-Lives-1536x864.png 1536w, https:\/\/euroc.org\/wp-content\/uploads\/2025\/05\/Communities-Stepping-Forward-To-Transform-Lives-18x10.png 18w, https:\/\/euroc.org\/wp-content\/uploads\/2025\/05\/Communities-Stepping-Forward-To-Transform-Lives.png 1920w\" sizes=\"(max-width: 800px) 100vw, 800px\" \/><\/div><\/a>\n\t\t\t\t<div class=\"elementor-post__badge\">Derni\u00e8res nouvelles<\/div>\n\t\t\t\t<div class=\"elementor-post__text\">\n\t\t\t\t<h3 class=\"elementor-post__title\">\n\t\t\t<a href=\"https:\/\/euroc.org\/fr\/2025\/05\/21\/elementaire-5345\/\" >\n\t\t\t\tMarche pour l'eau\t\t\t<\/a>\n\t\t<\/h3>\n\t\t\t\t<div class=\"elementor-post__excerpt\">\n\t\t\t<p>Marche pour l'eau : Les communaut\u00e9s s'engagent pour transformer des vies Entre mai et novembre 2025, la troisi\u00e8me \u00e9dition du Marathon pour l'eau rassemblera des milliers de personnes.<\/p>\n\t\t<\/div>\n\t\t\t\t<\/div>\n\t\t\t\t\t<\/div>\n\t\t<\/article>\n\t\t\t\t<article class=\"elementor-post elementor-grid-item post-5325 post type-post status-publish format-standard has-post-thumbnail hentry category-breaking-news category-industry-news category-research\">\n\t\t\t<div class=\"elementor-post__card\">\n\t\t\t\t<a class=\"elementor-post__thumbnail__link\" href=\"https:\/\/euroc.org\/fr\/2025\/04\/23\/bbc-tv-airs-programme-sur-lexploitation-des-anciens-proprietaires-de-la-timeshare\/\" tabindex=\"-1\" ><div class=\"elementor-post__thumbnail\"><img loading=\"lazy\" decoding=\"async\" width=\"800\" height=\"450\" src=\"https:\/\/euroc.org\/wp-content\/uploads\/2025\/04\/BBC-programme-highlights-the-targeting-of-former-timeshare-owners-1-1024x576.jpg\" class=\"attachment-large size-large wp-image-5333\" alt=\"\" srcset=\"https:\/\/euroc.org\/wp-content\/uploads\/2025\/04\/BBC-programme-highlights-the-targeting-of-former-timeshare-owners-1-1024x576.jpg 1024w, https:\/\/euroc.org\/wp-content\/uploads\/2025\/04\/BBC-programme-highlights-the-targeting-of-former-timeshare-owners-1-300x169.jpg 300w, https:\/\/euroc.org\/wp-content\/uploads\/2025\/04\/BBC-programme-highlights-the-targeting-of-former-timeshare-owners-1-768x432.jpg 768w, https:\/\/euroc.org\/wp-content\/uploads\/2025\/04\/BBC-programme-highlights-the-targeting-of-former-timeshare-owners-1-1536x864.jpg 1536w, https:\/\/euroc.org\/wp-content\/uploads\/2025\/04\/BBC-programme-highlights-the-targeting-of-former-timeshare-owners-1-18x10.jpg 18w, https:\/\/euroc.org\/wp-content\/uploads\/2025\/04\/BBC-programme-highlights-the-targeting-of-former-timeshare-owners-1.jpg 1920w\" sizes=\"(max-width: 800px) 100vw, 800px\" \/><\/div><\/a>\n\t\t\t\t<div class=\"elementor-post__badge\">Derni\u00e8res nouvelles<\/div>\n\t\t\t\t<div class=\"elementor-post__text\">\n\t\t\t\t<h3 class=\"elementor-post__title\">\n\t\t\t<a href=\"https:\/\/euroc.org\/fr\/2025\/04\/23\/bbc-tv-airs-programme-sur-lexploitation-des-anciens-proprietaires-de-la-timeshare\/\" >\n\t\t\t\tLa BBC diffuse un programme sur l'exploitation d'anciens propri\u00e9taires de biens \u00e0 temps partag\u00e9\t\t\t<\/a>\n\t\t<\/h3>\n\t\t\t\t<div class=\"elementor-post__excerpt\">\n\t\t\t<p>BBC's Rip Off Britain Exposes Questionable Timeshare Exit Practices Targeting UK Consumers L'EUROC souhaite vous informer d'un \u00e9pisode r\u00e9cent de BBC One's Rip Off Britain.<\/p>\n\t\t<\/div>\n\t\t\t\t<\/div>\n\t\t\t\t\t<\/div>\n\t\t<\/article>\n\t\t\t\t<article class=\"elementor-post elementor-grid-item post-5286 post type-post status-publish format-standard has-post-thumbnail hentry category-industry-news category-research category-resort-news tag-euroc tag-growth-in-self-catering-holidays-in-europe tag-hotels-versus-self-catering tag-self-catering-growth\">\n\t\t\t<div class=\"elementor-post__card\">\n\t\t\t\t<a class=\"elementor-post__thumbnail__link\" href=\"https:\/\/euroc.org\/fr\/2025\/04\/09\/lessor-des-vacances-chez-lhabitant-en-europe\/\" tabindex=\"-1\" ><div class=\"elementor-post__thumbnail\"><img loading=\"lazy\" decoding=\"async\" width=\"800\" height=\"450\" src=\"https:\/\/euroc.org\/wp-content\/uploads\/2025\/04\/reve-image-5.jpeg\" class=\"attachment-large size-large wp-image-5299\" alt=\"L&#039;EUROC compare les h\u00f4tels aux vacances chez l&#039;habitant\" srcset=\"https:\/\/euroc.org\/wp-content\/uploads\/2025\/04\/reve-image-5.jpeg 1024w, https:\/\/euroc.org\/wp-content\/uploads\/2025\/04\/reve-image-5-300x169.jpeg 300w, https:\/\/euroc.org\/wp-content\/uploads\/2025\/04\/reve-image-5-768x432.jpeg 768w, https:\/\/euroc.org\/wp-content\/uploads\/2025\/04\/reve-image-5-18x10.jpeg 18w\" sizes=\"(max-width: 800px) 100vw, 800px\" \/><\/div><\/a>\n\t\t\t\t<div class=\"elementor-post__badge\">Nouvelles de l'industrie<\/div>\n\t\t\t\t<div class=\"elementor-post__text\">\n\t\t\t\t<h3 class=\"elementor-post__title\">\n\t\t\t<a href=\"https:\/\/euroc.org\/fr\/2025\/04\/09\/lessor-des-vacances-chez-lhabitant-en-europe\/\" >\n\t\t\t\tUn article d'EUROC examine la croissance des vacances chez l'habitant en Europe\t\t\t<\/a>\n\t\t<\/h3>\n\t\t\t\t<div class=\"elementor-post__excerpt\">\n\t\t\t<p>Ces derni\u00e8res ann\u00e9es, le paysage des vacances en Europe s'est transform\u00e9, l'h\u00e9bergement chez l'habitant s'imposant comme une pr\u00e9f\u00e9rence pour les voyageurs. Des villas c\u00f4ti\u00e8res aux<\/p>\n\t\t<\/div>\n\t\t\t\t<\/div>\n\t\t\t\t\t<\/div>\n\t\t<\/article>\n\t\t\t\t<article class=\"elementor-post elementor-grid-item post-5190 post type-post status-publish format-standard has-post-thumbnail hentry category-uncategorized\">\n\t\t\t<div class=\"elementor-post__card\">\n\t\t\t\t<a class=\"elementor-post__thumbnail__link\" href=\"https:\/\/euroc.org\/fr\/2024\/11\/08\/avis-important-aux-anciens-proprietaires-de-biens-a-temps-partage-en-europe\/\" tabindex=\"-1\" ><div class=\"elementor-post__thumbnail\"><img loading=\"lazy\" decoding=\"async\" width=\"800\" height=\"450\" src=\"https:\/\/euroc.org\/wp-content\/uploads\/2024\/11\/An-important-message-to-former-timeshare-oweners-1024x576.png\" class=\"attachment-large size-large wp-image-5196\" alt=\"\" srcset=\"https:\/\/euroc.org\/wp-content\/uploads\/2024\/11\/An-important-message-to-former-timeshare-oweners-1024x576.png 1024w, https:\/\/euroc.org\/wp-content\/uploads\/2024\/11\/An-important-message-to-former-timeshare-oweners-300x169.png 300w, https:\/\/euroc.org\/wp-content\/uploads\/2024\/11\/An-important-message-to-former-timeshare-oweners-768x432.png 768w, https:\/\/euroc.org\/wp-content\/uploads\/2024\/11\/An-important-message-to-former-timeshare-oweners-1536x864.png 1536w, https:\/\/euroc.org\/wp-content\/uploads\/2024\/11\/An-important-message-to-former-timeshare-oweners-18x10.png 18w, https:\/\/euroc.org\/wp-content\/uploads\/2024\/11\/An-important-message-to-former-timeshare-oweners.png 1920w\" sizes=\"(max-width: 800px) 100vw, 800px\" \/><\/div><\/a>\n\t\t\t\t<div class=\"elementor-post__badge\">Non class\u00e9<\/div>\n\t\t\t\t<div class=\"elementor-post__text\">\n\t\t\t\t<h3 class=\"elementor-post__title\">\n\t\t\t<a href=\"https:\/\/euroc.org\/fr\/2024\/11\/08\/avis-important-aux-anciens-proprietaires-de-biens-a-temps-partage-en-europe\/\" >\n\t\t\t\tAvis important aux anciens propri\u00e9taires de biens \u00e0 temps partag\u00e9 en Europe\t\t\t<\/a>\n\t\t<\/h3>\n\t\t\t\t<div class=\"elementor-post__excerpt\">\n\t\t\t<p>EUROC Limited, qui g\u00e8re le centre d'assistance EUROC Timeshare pour les membres et les propri\u00e9taires de biens \u00e0 temps partag\u00e9 en Europe, a identifi\u00e9 une tendance inqui\u00e9tante affectant les anciens consommateurs de biens \u00e0 temps partag\u00e9.<\/p>\n\t\t<\/div>\n\t\t\t\t<\/div>\n\t\t\t\t\t<\/div>\n\t\t<\/article>\n\t\t\t\t<\/div>\n\t\t\t\t\t<span class=\"e-load-more-spinner\">\n\t\t\t\t<i aria-hidden=\"true\" class=\"fas fa-spinner\"><\/i>\t\t\t<\/span>\n\t\t\n\t\t\t\t<div class=\"e-load-more-anchor\" data-page=\"1\" data-max-page=\"3\" data-next-page=\"https:\/\/euroc.org\/fr\/wp-json\/wp\/v2\/pages\/4271\/page\/2\/\"><\/div>\n\t\t\t\t<div class=\"e-load-more-message\"><\/div>\n\t\t\t\t<\/div>\n\t\t\t\t<\/div>\n\t\t\t\t\t<\/div>\n\t\t<\/div>\n\t\t\t\t\t<\/div>\n\t\t<\/section>\n\t\t\t\t<\/div>","protected":false},"excerpt":{"rendered":"<p>Nouvelles d'Euroc<\/p>","protected":false},"author":2,"featured_media":0,"parent":0,"menu_order":0,"comment_status":"closed","ping_status":"closed","template":"","meta":{"om_disable_all_campaigns":false,"_monsterinsights_skip_tracking":false,"_monsterinsights_sitenote_active":false,"_monsterinsights_sitenote_note":"","_monsterinsights_sitenote_category":0,"_uf_show_specific_survey":0,"_uf_disable_surveys":false,"footnotes":""},"class_list":["post-4271","page","type-page","status-publish","hentry"],"aioseo_notices":[],"yoast_head":"<!-- This site is optimized with the Yoast SEO plugin v24.0 - https:\/\/yoast.com\/wordpress\/plugins\/seo\/ -->\n<title>News - EUROC Europe<\/title>\n<meta name=\"robots\" content=\"index, follow, max-snippet:-1, max-image-preview:large, max-video-preview:-1\" \/>\n<link rel=\"canonical\" href=\"https:\/\/euroc.org\/fr\/news\/\" \/>\n<meta property=\"og:locale\" content=\"fr_FR\" \/>\n<meta property=\"og:type\" content=\"article\" \/>\n<meta property=\"og:title\" content=\"News - EUROC Europe\" \/>\n<meta property=\"og:description\" content=\"Euroc News\" \/>\n<meta property=\"og:url\" content=\"https:\/\/euroc.org\/fr\/news\/\" \/>\n<meta property=\"og:site_name\" content=\"EUROC Europe\" \/>\n<meta property=\"article:modified_time\" content=\"2023-10-29T15:49:09+00:00\" \/>\n<meta name=\"twitter:card\" content=\"summary_large_image\" \/>\n<meta name=\"twitter:label1\" content=\"Dur\u00e9e de lecture estim\u00e9e\" \/>\n\t<meta name=\"twitter:data1\" content=\"1 minute\" \/>\n<script type=\"application\/ld+json\" class=\"yoast-schema-graph\">{\"@context\":\"https:\/\/schema.org\",\"@graph\":[{\"@type\":\"WebPage\",\"@id\":\"https:\/\/euroc.org\/news\/\",\"url\":\"https:\/\/euroc.org\/news\/\",\"name\":\"News - EUROC Europe\",\"isPartOf\":{\"@id\":\"https:\/\/euroc.org\/#website\"},\"datePublished\":\"2023-10-25T14:58:10+00:00\",\"dateModified\":\"2023-10-29T15:49:09+00:00\",\"breadcrumb\":{\"@id\":\"https:\/\/euroc.org\/news\/#breadcrumb\"},\"inLanguage\":\"fr-FR\",\"potentialAction\":[{\"@type\":\"ReadAction\",\"target\":[\"https:\/\/euroc.org\/news\/\"]}]},{\"@type\":\"BreadcrumbList\",\"@id\":\"https:\/\/euroc.org\/news\/#breadcrumb\",\"itemListElement\":[{\"@type\":\"ListItem\",\"position\":1,\"name\":\"Home\",\"item\":\"https:\/\/euroc.org\/\"},{\"@type\":\"ListItem\",\"position\":2,\"name\":\"News\"}]},{\"@type\":\"WebSite\",\"@id\":\"https:\/\/euroc.org\/#website\",\"url\":\"https:\/\/euroc.org\/\",\"name\":\"EUROC Europe\",\"description\":\"European Resort Owners Coalition\",\"publisher\":{\"@id\":\"https:\/\/euroc.org\/#organization\"},\"potentialAction\":[{\"@type\":\"SearchAction\",\"target\":{\"@type\":\"EntryPoint\",\"urlTemplate\":\"https:\/\/euroc.org\/?s={search_term_string}\"},\"query-input\":{\"@type\":\"PropertyValueSpecification\",\"valueRequired\":true,\"valueName\":\"search_term_string\"}}],\"inLanguage\":\"fr-FR\"},{\"@type\":\"Organization\",\"@id\":\"https:\/\/euroc.org\/#organization\",\"name\":\"EUROC Europe\",\"url\":\"https:\/\/euroc.org\/\",\"logo\":{\"@type\":\"ImageObject\",\"inLanguage\":\"fr-FR\",\"@id\":\"https:\/\/euroc.org\/#\/schema\/logo\/image\/\",\"url\":\"https:\/\/euroc.org\/wp-content\/uploads\/2023\/10\/cropped-EUROC-Final-Logo-colours-1.png\",\"contentUrl\":\"https:\/\/euroc.org\/wp-content\/uploads\/2023\/10\/cropped-EUROC-Final-Logo-colours-1.png\",\"width\":1561,\"height\":650,\"caption\":\"EUROC Europe\"},\"image\":{\"@id\":\"https:\/\/euroc.org\/#\/schema\/logo\/image\/\"}}]}<\/script>\n<!-- \/ Yoast SEO plugin. -->","yoast_head_json":{"title":"News - EUROC Europe","robots":{"index":"index","follow":"follow","max-snippet":"max-snippet:-1","max-image-preview":"max-image-preview:large","max-video-preview":"max-video-preview:-1"},"canonical":"https:\/\/euroc.org\/fr\/news\/","og_locale":"fr_FR","og_type":"article","og_title":"News - EUROC Europe","og_description":"Euroc News","og_url":"https:\/\/euroc.org\/fr\/news\/","og_site_name":"EUROC Europe","article_modified_time":"2023-10-29T15:49:09+00:00","twitter_card":"summary_large_image","twitter_misc":{"Dur\u00e9e de lecture estim\u00e9e":"1 minute"},"schema":{"@context":"https:\/\/schema.org","@graph":[{"@type":"WebPage","@id":"https:\/\/euroc.org\/news\/","url":"https:\/\/euroc.org\/news\/","name":"News - EUROC Europe","isPartOf":{"@id":"https:\/\/euroc.org\/#website"},"datePublished":"2023-10-25T14:58:10+00:00","dateModified":"2023-10-29T15:49:09+00:00","breadcrumb":{"@id":"https:\/\/euroc.org\/news\/#breadcrumb"},"inLanguage":"fr-FR","potentialAction":[{"@type":"ReadAction","target":["https:\/\/euroc.org\/news\/"]}]},{"@type":"BreadcrumbList","@id":"https:\/\/euroc.org\/news\/#breadcrumb","itemListElement":[{"@type":"ListItem","position":1,"name":"Home","item":"https:\/\/euroc.org\/"},{"@type":"ListItem","position":2,"name":"News"}]},{"@type":"WebSite","@id":"https:\/\/euroc.org\/#website","url":"https:\/\/euroc.org\/","name":"EUROC Europe","description":"European Resort Owners Coalition","publisher":{"@id":"https:\/\/euroc.org\/#organization"},"potentialAction":[{"@type":"SearchAction","target":{"@type":"EntryPoint","urlTemplate":"https:\/\/euroc.org\/?s={search_term_string}"},"query-input":{"@type":"PropertyValueSpecification","valueRequired":true,"valueName":"search_term_string"}}],"inLanguage":"fr-FR"},{"@type":"Organization","@id":"https:\/\/euroc.org\/#organization","name":"EUROC Europe","url":"https:\/\/euroc.org\/","logo":{"@type":"ImageObject","inLanguage":"fr-FR","@id":"https:\/\/euroc.org\/#\/schema\/logo\/image\/","url":"https:\/\/euroc.org\/wp-content\/uploads\/2023\/10\/cropped-EUROC-Final-Logo-colours-1.png","contentUrl":"https:\/\/euroc.org\/wp-content\/uploads\/2023\/10\/cropped-EUROC-Final-Logo-colours-1.png","width":1561,"height":650,"caption":"EUROC Europe"},"image":{"@id":"https:\/\/euroc.org\/#\/schema\/logo\/image\/"}}]}},"_links":{"self":[{"href":"https:\/\/euroc.org\/fr\/wp-json\/wp\/v2\/pages\/4271","targetHints":{"allow":["GET"]}}],"collection":[{"href":"https:\/\/euroc.org\/fr\/wp-json\/wp\/v2\/pages"}],"about":[{"href":"https:\/\/euroc.org\/fr\/wp-json\/wp\/v2\/types\/page"}],"author":[{"embeddable":true,"href":"https:\/\/euroc.org\/fr\/wp-json\/wp\/v2\/users\/2"}],"replies":[{"embeddable":true,"href":"https:\/\/euroc.org\/fr\/wp-json\/wp\/v2\/comments?post=4271"}],"version-history":[{"count":16,"href":"https:\/\/euroc.org\/fr\/wp-json\/wp\/v2\/pages\/4271\/revisions"}],"predecessor-version":[{"id":4462,"href":"https:\/\/euroc.org\/fr\/wp-json\/wp\/v2\/pages\/4271\/revisions\/4462"}],"wp:attachment":[{"href":"https:\/\/euroc.org\/fr\/wp-json\/wp\/v2\/media?parent=4271"}],"curies":[{"name":"wp","href":"https:\/\/api.w.org\/{rel}","templated":true}]}}