{"id":3807,"date":"2023-10-02T11:37:07","date_gmt":"2023-10-02T11:37:07","guid":{"rendered":"https:\/\/euroctimesharesupporthub.com\/?page_id=3807"},"modified":"2024-10-03T08:32:50","modified_gmt":"2024-10-03T08:32:50","slug":"email-support","status":"publish","type":"page","link":"https:\/\/euroc.org\/fr\/support-par-courriel\/","title":{"rendered":"Service gratuit d'assistance par courrier \u00e9lectronique"},"content":{"rendered":"<div data-elementor-type=\"wp-page\" data-elementor-id=\"3807\" class=\"elementor elementor-3807\" data-elementor-post-type=\"page\">\n\t\t\t\t\t\t<section class=\"elementor-section elementor-top-section elementor-element elementor-element-c033de6 elementor-section-boxed elementor-section-height-default elementor-section-height-default\" data-id=\"c033de6\" data-element_type=\"section\">\n\t\t\t\t\t\t<div class=\"elementor-container elementor-column-gap-wide\">\n\t\t\t\t\t<div class=\"elementor-column elementor-col-33 elementor-top-column elementor-element elementor-element-e8370fa\" data-id=\"e8370fa\" data-element_type=\"column\">\n\t\t\t<div class=\"elementor-widget-wrap elementor-element-populated\">\n\t\t\t\t\t\t<div class=\"elementor-element elementor-element-e19a3db elementor-widget elementor-widget-image\" data-id=\"e19a3db\" data-element_type=\"widget\" data-widget_type=\"image.default\">\n\t\t\t\t<div class=\"elementor-widget-container\">\n\t\t\t\t\t\t\t\t\t\t\t\t\t<img fetchpriority=\"high\" decoding=\"async\" width=\"336\" height=\"333\" src=\"https:\/\/euroc.org\/wp-content\/uploads\/2023\/10\/logo-support-hub.png\" class=\"attachment-large size-large wp-image-3759\" alt=\"\" srcset=\"https:\/\/euroc.org\/wp-content\/uploads\/2023\/10\/logo-support-hub.png 336w, https:\/\/euroc.org\/wp-content\/uploads\/2023\/10\/logo-support-hub-300x297.png 300w, https:\/\/euroc.org\/wp-content\/uploads\/2023\/10\/logo-support-hub-150x150.png 150w, https:\/\/euroc.org\/wp-content\/uploads\/2023\/10\/logo-support-hub-12x12.png 12w\" sizes=\"(max-width: 336px) 100vw, 336px\" \/>\t\t\t\t\t\t\t\t\t\t\t\t\t<\/div>\n\t\t\t\t<\/div>\n\t\t\t\t\t<\/div>\n\t\t<\/div>\n\t\t\t\t<div class=\"elementor-column elementor-col-33 elementor-top-column elementor-element elementor-element-4528fae\" data-id=\"4528fae\" data-element_type=\"column\">\n\t\t\t<div class=\"elementor-widget-wrap elementor-element-populated\">\n\t\t\t\t\t\t<div class=\"elementor-element elementor-element-cef95b5 elementor-widget elementor-widget-heading\" data-id=\"cef95b5\" data-element_type=\"widget\" data-widget_type=\"heading.default\">\n\t\t\t\t<div class=\"elementor-widget-container\">\n\t\t\t<h1 class=\"elementor-heading-title elementor-size-default\">Service gratuit d'assistance par courrier \u00e9lectronique<\/h1>\t\t<\/div>\n\t\t\t\t<\/div>\n\t\t\t\t\t<\/div>\n\t\t<\/div>\n\t\t\t\t<div class=\"elementor-column elementor-col-33 elementor-top-column elementor-element elementor-element-7a14842\" data-id=\"7a14842\" data-element_type=\"column\">\n\t\t\t<div class=\"elementor-widget-wrap elementor-element-populated\">\n\t\t\t\t\t\t<div class=\"elementor-element elementor-element-5b86ecb elementor-widget elementor-widget-image\" data-id=\"5b86ecb\" data-element_type=\"widget\" data-widget_type=\"image.default\">\n\t\t\t\t<div class=\"elementor-widget-container\">\n\t\t\t\t\t\t\t\t\t\t\t\t\t<img decoding=\"async\" src=\"https:\/\/euroc.org\/wp-content\/uploads\/elementor\/thumbs\/WhatsApp-Image-2023-10-06-at-09.51.441-qdlojem5hcblst5fjbs380mucv7pak2ynfomqaxmjc.jpeg\" title=\"WhatsApp Image 2023-10-06 \u00e0 09.51.44(1)\" alt=\"WhatsApp Image 2023-10-06 \u00e0 09.51.44(1)\" loading=\"lazy\" \/>\t\t\t\t\t\t\t\t\t\t\t\t\t<\/div>\n\t\t\t\t<\/div>\n\t\t\t\t\t<\/div>\n\t\t<\/div>\n\t\t\t\t\t<\/div>\n\t\t<\/section>\n\t\t\t\t<section class=\"elementor-section elementor-top-section elementor-element elementor-element-4414316 elementor-section-boxed elementor-section-height-default elementor-section-height-default\" data-id=\"4414316\" data-element_type=\"section\">\n\t\t\t\t\t\t<div class=\"elementor-container elementor-column-gap-default\">\n\t\t\t\t\t<div class=\"elementor-column elementor-col-100 elementor-top-column elementor-element elementor-element-962ba45\" data-id=\"962ba45\" data-element_type=\"column\">\n\t\t\t<div class=\"elementor-widget-wrap elementor-element-populated\">\n\t\t\t\t\t\t<div class=\"elementor-element elementor-element-cae5ab3 elementor-position-left elementor-vertical-align-middle elementor-widget elementor-widget-image-box\" data-id=\"cae5ab3\" data-element_type=\"widget\" data-widget_type=\"image-box.default\">\n\t\t\t\t<div class=\"elementor-widget-container\">\n\t\t\t<div class=\"elementor-image-box-wrapper\"><figure class=\"elementor-image-box-img\"><img decoding=\"async\" src=\"https:\/\/euroc.org\/wp-content\/uploads\/elementor\/thumbs\/euroc-tick-crest-png-500-square-px-size-opt-qd9mbk8n8mrnbsbj1edcuonrtrb5hkgki88dznjxt4.png\" title=\"euroc-tick-crest-png-500-square-px-size-opt\" alt=\"euroc-tick-crest-png-500-square-px-size-opt\" loading=\"lazy\" \/><\/figure><div class=\"elementor-image-box-content\"><h3 class=\"elementor-image-box-title\">Envoyez-nous un courriel s\u00e9curis\u00e9 pour nous faire part de votre d\u00e9fi ou de votre probl\u00e8me<\/h3><\/div><\/div>\t\t<\/div>\n\t\t\t\t<\/div>\n\t\t\t\t<div class=\"elementor-element elementor-element-4093f7f elementor-position-left elementor-vertical-align-middle elementor-widget elementor-widget-image-box\" data-id=\"4093f7f\" data-element_type=\"widget\" data-widget_type=\"image-box.default\">\n\t\t\t\t<div class=\"elementor-widget-container\">\n\t\t\t<div class=\"elementor-image-box-wrapper\"><figure class=\"elementor-image-box-img\"><img decoding=\"async\" src=\"https:\/\/euroc.org\/wp-content\/uploads\/elementor\/thumbs\/euroc-tick-crest-png-500-square-px-size-opt-qd9mbk8n8mrnbsbj1edcuonrtrb5hkgki88dznjxt4.png\" title=\"euroc-tick-crest-png-500-square-px-size-opt\" alt=\"euroc-tick-crest-png-500-square-px-size-opt\" loading=\"lazy\" \/><\/figure><div class=\"elementor-image-box-content\"><h3 class=\"elementor-image-box-title\">Soutien gratuit d'une association \u00e0 but non lucratif <\/h3><\/div><\/div>\t\t<\/div>\n\t\t\t\t<\/div>\n\t\t\t\t<div class=\"elementor-element elementor-element-d2fcfd4 elementor-position-left elementor-vertical-align-middle elementor-widget elementor-widget-image-box\" data-id=\"d2fcfd4\" data-element_type=\"widget\" data-widget_type=\"image-box.default\">\n\t\t\t\t<div class=\"elementor-widget-container\">\n\t\t\t<div class=\"elementor-image-box-wrapper\"><figure class=\"elementor-image-box-img\"><img decoding=\"async\" src=\"https:\/\/euroc.org\/wp-content\/uploads\/elementor\/thumbs\/euroc-tick-crest-png-500-square-px-size-opt-qd9mbk8n8mrnbsbj1edcuonrtrb5hkgki88dznjxt4.png\" title=\"euroc-tick-crest-png-500-square-px-size-opt\" alt=\"euroc-tick-crest-png-500-square-px-size-opt\" loading=\"lazy\" \/><\/figure><div class=\"elementor-image-box-content\"><h3 class=\"elementor-image-box-title\">Nous fournissons des informations avec int\u00e9grit\u00e9 <\/h3><\/div><\/div>\t\t<\/div>\n\t\t\t\t<\/div>\n\t\t\t\t<div class=\"elementor-element elementor-element-b8d33c5 elementor-position-left elementor-vertical-align-middle elementor-widget elementor-widget-image-box\" data-id=\"b8d33c5\" data-element_type=\"widget\" data-widget_type=\"image-box.default\">\n\t\t\t\t<div class=\"elementor-widget-container\">\n\t\t\t<div class=\"elementor-image-box-wrapper\"><figure class=\"elementor-image-box-img\"><img decoding=\"async\" src=\"https:\/\/euroc.org\/wp-content\/uploads\/elementor\/thumbs\/euroc-tick-crest-png-500-square-px-size-opt-qd9mbk8n8mrnbsbj1edcuonrtrb5hkgki88dznjxt4.png\" title=\"euroc-tick-crest-png-500-square-px-size-opt\" alt=\"euroc-tick-crest-png-500-square-px-size-opt\" loading=\"lazy\" \/><\/figure><div class=\"elementor-image-box-content\"><h3 class=\"elementor-image-box-title\">Tous les courriels sont enregistr\u00e9s \u00e0 des fins d'audit et de formation <\/h3><\/div><\/div>\t\t<\/div>\n\t\t\t\t<\/div>\n\t\t\t\t<div class=\"elementor-element elementor-element-fa47748 elementor-widget-divider--view-line elementor-widget elementor-widget-divider\" data-id=\"fa47748\" data-element_type=\"widget\" data-widget_type=\"divider.default\">\n\t\t\t\t<div class=\"elementor-widget-container\">\n\t\t\t\t\t<div class=\"elementor-divider\">\n\t\t\t<span class=\"elementor-divider-separator\">\n\t\t\t\t\t\t<\/span>\n\t\t<\/div>\n\t\t\t\t<\/div>\n\t\t\t\t<\/div>\n\t\t\t\t<section class=\"elementor-section elementor-inner-section elementor-element elementor-element-7b4ff00 elementor-section-boxed elementor-section-height-default elementor-section-height-default\" data-id=\"7b4ff00\" data-element_type=\"section\">\n\t\t\t\t\t\t<div class=\"elementor-container elementor-column-gap-default\">\n\t\t\t\t\t<div class=\"elementor-column elementor-col-100 elementor-inner-column elementor-element elementor-element-e97961c\" data-id=\"e97961c\" data-element_type=\"column\">\n\t\t\t<div class=\"elementor-widget-wrap elementor-element-populated\">\n\t\t\t\t\t\t<div class=\"elementor-element elementor-element-ff9b5e0 elementor-widget__width-auto elementor-view-default elementor-widget elementor-widget-icon\" data-id=\"ff9b5e0\" data-element_type=\"widget\" data-widget_type=\"icon.default\">\n\t\t\t\t<div class=\"elementor-widget-container\">\n\t\t\t\t\t<div class=\"elementor-icon-wrapper\">\n\t\t\t<div class=\"elementor-icon\">\n\t\t\t<i aria-hidden=\"true\" class=\"fas fa-envelope-open-text\"><\/i>\t\t\t<\/div>\n\t\t<\/div>\n\t\t\t\t<\/div>\n\t\t\t\t<\/div>\n\t\t\t\t<div class=\"elementor-element elementor-element-38865c4 elementor-widget__width-auto elementor-widget elementor-widget-text-editor\" data-id=\"38865c4\" data-element_type=\"widget\" data-widget_type=\"text-editor.default\">\n\t\t\t\t<div class=\"elementor-widget-container\">\n\t\t\t\t\t\t\t<h4><b>Courriel<\/b><b>: <a href=\"mailto:support@euroc.org\">support@euroc.org<\/a><\/b><\/h4>\t\t\t\t\t\t<\/div>\n\t\t\t\t<\/div>\n\t\t\t\t\t<\/div>\n\t\t<\/div>\n\t\t\t\t\t<\/div>\n\t\t<\/section>\n\t\t\t\t<div class=\"elementor-element elementor-element-72521a0 elementor-widget elementor-widget-text-editor\" data-id=\"72521a0\" data-element_type=\"widget\" data-widget_type=\"text-editor.default\">\n\t\t\t\t<div class=\"elementor-widget-container\">\n\t\t\t\t\t\t\t<ul><li><b>Si vous souhaitez t\u00e9l\u00e9charger une brochure expliquant tous les d\u00e9tails de ce service gratuit, veuillez cliquer sur <\/b><span style=\"text-decoration: underline;\"><b><a href=\"https:\/\/euroc-limited-143328780.hubspotpagebuilder.eu\/downlod-euroc-explanatory-guide\">ici<\/a>\u00a0<\/b><\/span><\/li><li><b>Notre service ne comprend pas de conseils juridiques, ni de services d'arbitrage ou de m\u00e9diation.<\/b><\/li><\/ul>\t\t\t\t\t\t<\/div>\n\t\t\t\t<\/div>\n\t\t\t\t\t<\/div>\n\t\t<\/div>\n\t\t\t\t\t<\/div>\n\t\t<\/section>\n\t\t\t\t<section class=\"elementor-section elementor-top-section elementor-element elementor-element-af8aa83 elementor-section-boxed elementor-section-height-default elementor-section-height-default\" data-id=\"af8aa83\" data-element_type=\"section\">\n\t\t\t\t\t\t<div class=\"elementor-container elementor-column-gap-default\">\n\t\t\t\t\t<div class=\"elementor-column elementor-col-100 elementor-top-column elementor-element elementor-element-b0e0cfa\" data-id=\"b0e0cfa\" data-element_type=\"column\">\n\t\t\t<div class=\"elementor-widget-wrap elementor-element-populated\">\n\t\t\t\t\t\t<div class=\"elementor-element elementor-element-6f9b45e elementor-align-center elementor-widget elementor-widget-button\" data-id=\"6f9b45e\" data-element_type=\"widget\" data-widget_type=\"button.default\">\n\t\t\t\t<div class=\"elementor-widget-container\">\n\t\t\t\t\t\t\t<div class=\"elementor-button-wrapper\">\n\t\t\t\t\t<a class=\"elementor-button elementor-button-link elementor-size-lg elementor-animation-grow\" href=\"\/fr\/support-hub\/\">\n\t\t\t\t\t\t<span class=\"elementor-button-content-wrapper\">\n\t\t\t\t\t\t\t\t\t<span class=\"elementor-button-text\">Retour \u00e0 la page d'accueil du Hub de soutien<\/span>\n\t\t\t\t\t<\/span>\n\t\t\t\t\t<\/a>\n\t\t\t\t<\/div>\n\t\t\t\t\t\t<\/div>\n\t\t\t\t<\/div>\n\t\t\t\t\t<\/div>\n\t\t<\/div>\n\t\t\t\t\t<\/div>\n\t\t<\/section>\n\t\t\t\t<\/div>","protected":false},"excerpt":{"rendered":"<p>Service gratuit d'assistance par courrier \u00e9lectronique Envoyez-nous un courrier \u00e9lectronique s\u00e9curis\u00e9 pour nous faire part de votre d\u00e9fi ou de votre probl\u00e8me Assistance gratuite de la part d'une association \u00e0 but non lucratif Nous fournissons des informations avec int\u00e9grit\u00e9 Tous les courriers \u00e9lectroniques sont enregistr\u00e9s \u00e0 des fins d'audit et de formation Courrier \u00e9lectronique : support@euroc.org Si vous souhaitez t\u00e9l\u00e9charger une brochure expliquant tous les d\u00e9tails de ce service gratuit, veuillez cliquer ici Notre service [...]<\/p>","protected":false},"author":3,"featured_media":0,"parent":0,"menu_order":0,"comment_status":"closed","ping_status":"closed","template":"","meta":{"om_disable_all_campaigns":false,"_monsterinsights_skip_tracking":false,"_monsterinsights_sitenote_active":false,"_monsterinsights_sitenote_note":"","_monsterinsights_sitenote_category":0,"_uf_show_specific_survey":0,"_uf_disable_surveys":false,"footnotes":""},"class_list":["post-3807","page","type-page","status-publish","hentry"],"aioseo_notices":[],"yoast_head":"<!-- This site is optimized with the Yoast SEO plugin v24.0 - https:\/\/yoast.com\/wordpress\/plugins\/seo\/ -->\n<title>Free Email Support Service - EUROC Europe<\/title>\n<meta name=\"robots\" content=\"index, follow, max-snippet:-1, max-image-preview:large, max-video-preview:-1\" \/>\n<link rel=\"canonical\" href=\"https:\/\/euroc.org\/fr\/email-support\/\" \/>\n<meta property=\"og:locale\" content=\"fr_FR\" \/>\n<meta property=\"og:type\" content=\"article\" \/>\n<meta property=\"og:title\" content=\"Free Email Support Service - EUROC Europe\" \/>\n<meta property=\"og:description\" content=\"Free Email Support Service Email us securely with your challenge or issue Free support from a not-for-profit association We provide information with integrity All emails are logged for audit and training Email: support@euroc.org If you would like to download a brochure that explains the full details of this free service, please click here\u00a0 Our service [&hellip;]\" \/>\n<meta property=\"og:url\" content=\"https:\/\/euroc.org\/fr\/email-support\/\" \/>\n<meta property=\"og:site_name\" content=\"EUROC Europe\" \/>\n<meta property=\"article:modified_time\" content=\"2024-10-03T08:32:50+00:00\" \/>\n<meta property=\"og:image\" content=\"https:\/\/euroc.org\/wp-content\/uploads\/2023\/10\/logo-support-hub.png\" \/>\n<meta name=\"twitter:card\" content=\"summary_large_image\" \/>\n<meta name=\"twitter:label1\" content=\"Dur\u00e9e de lecture estim\u00e9e\" \/>\n\t<meta name=\"twitter:data1\" content=\"2 minutes\" \/>\n<script type=\"application\/ld+json\" class=\"yoast-schema-graph\">{\"@context\":\"https:\/\/schema.org\",\"@graph\":[{\"@type\":\"WebPage\",\"@id\":\"https:\/\/euroc.org\/email-support\/\",\"url\":\"https:\/\/euroc.org\/email-support\/\",\"name\":\"Free Email Support Service - EUROC Europe\",\"isPartOf\":{\"@id\":\"https:\/\/euroc.org\/#website\"},\"primaryImageOfPage\":{\"@id\":\"https:\/\/euroc.org\/email-support\/#primaryimage\"},\"image\":{\"@id\":\"https:\/\/euroc.org\/email-support\/#primaryimage\"},\"thumbnailUrl\":\"https:\/\/euroc.org\/wp-content\/uploads\/2023\/10\/logo-support-hub.png\",\"datePublished\":\"2023-10-02T11:37:07+00:00\",\"dateModified\":\"2024-10-03T08:32:50+00:00\",\"breadcrumb\":{\"@id\":\"https:\/\/euroc.org\/email-support\/#breadcrumb\"},\"inLanguage\":\"fr-FR\",\"potentialAction\":[{\"@type\":\"ReadAction\",\"target\":[\"https:\/\/euroc.org\/email-support\/\"]}]},{\"@type\":\"ImageObject\",\"inLanguage\":\"fr-FR\",\"@id\":\"https:\/\/euroc.org\/email-support\/#primaryimage\",\"url\":\"https:\/\/euroc.org\/wp-content\/uploads\/2023\/10\/logo-support-hub.png\",\"contentUrl\":\"https:\/\/euroc.org\/wp-content\/uploads\/2023\/10\/logo-support-hub.png\"},{\"@type\":\"BreadcrumbList\",\"@id\":\"https:\/\/euroc.org\/email-support\/#breadcrumb\",\"itemListElement\":[{\"@type\":\"ListItem\",\"position\":1,\"name\":\"Home\",\"item\":\"https:\/\/euroc.org\/\"},{\"@type\":\"ListItem\",\"position\":2,\"name\":\"Free Email Support Service\"}]},{\"@type\":\"WebSite\",\"@id\":\"https:\/\/euroc.org\/#website\",\"url\":\"https:\/\/euroc.org\/\",\"name\":\"EUROC Europe\",\"description\":\"European Resort Owners Coalition\",\"publisher\":{\"@id\":\"https:\/\/euroc.org\/#organization\"},\"potentialAction\":[{\"@type\":\"SearchAction\",\"target\":{\"@type\":\"EntryPoint\",\"urlTemplate\":\"https:\/\/euroc.org\/?s={search_term_string}\"},\"query-input\":{\"@type\":\"PropertyValueSpecification\",\"valueRequired\":true,\"valueName\":\"search_term_string\"}}],\"inLanguage\":\"fr-FR\"},{\"@type\":\"Organization\",\"@id\":\"https:\/\/euroc.org\/#organization\",\"name\":\"EUROC Europe\",\"url\":\"https:\/\/euroc.org\/\",\"logo\":{\"@type\":\"ImageObject\",\"inLanguage\":\"fr-FR\",\"@id\":\"https:\/\/euroc.org\/#\/schema\/logo\/image\/\",\"url\":\"https:\/\/euroc.org\/wp-content\/uploads\/2023\/10\/cropped-EUROC-Final-Logo-colours-1.png\",\"contentUrl\":\"https:\/\/euroc.org\/wp-content\/uploads\/2023\/10\/cropped-EUROC-Final-Logo-colours-1.png\",\"width\":1561,\"height\":650,\"caption\":\"EUROC Europe\"},\"image\":{\"@id\":\"https:\/\/euroc.org\/#\/schema\/logo\/image\/\"}}]}<\/script>\n<!-- \/ Yoast SEO plugin. -->","yoast_head_json":{"title":"Free Email Support Service - EUROC Europe","robots":{"index":"index","follow":"follow","max-snippet":"max-snippet:-1","max-image-preview":"max-image-preview:large","max-video-preview":"max-video-preview:-1"},"canonical":"https:\/\/euroc.org\/fr\/email-support\/","og_locale":"fr_FR","og_type":"article","og_title":"Free Email Support Service - EUROC Europe","og_description":"Free Email Support Service Email us securely with your challenge or issue Free support from a not-for-profit association We provide information with integrity All emails are logged for audit and training Email: support@euroc.org If you would like to download a brochure that explains the full details of this free service, please click here\u00a0 Our service [&hellip;]","og_url":"https:\/\/euroc.org\/fr\/email-support\/","og_site_name":"EUROC Europe","article_modified_time":"2024-10-03T08:32:50+00:00","og_image":[{"url":"https:\/\/euroc.org\/wp-content\/uploads\/2023\/10\/logo-support-hub.png","type":"","width":"","height":""}],"twitter_card":"summary_large_image","twitter_misc":{"Dur\u00e9e de lecture estim\u00e9e":"2 minutes"},"schema":{"@context":"https:\/\/schema.org","@graph":[{"@type":"WebPage","@id":"https:\/\/euroc.org\/email-support\/","url":"https:\/\/euroc.org\/email-support\/","name":"Free Email Support Service - EUROC Europe","isPartOf":{"@id":"https:\/\/euroc.org\/#website"},"primaryImageOfPage":{"@id":"https:\/\/euroc.org\/email-support\/#primaryimage"},"image":{"@id":"https:\/\/euroc.org\/email-support\/#primaryimage"},"thumbnailUrl":"https:\/\/euroc.org\/wp-content\/uploads\/2023\/10\/logo-support-hub.png","datePublished":"2023-10-02T11:37:07+00:00","dateModified":"2024-10-03T08:32:50+00:00","breadcrumb":{"@id":"https:\/\/euroc.org\/email-support\/#breadcrumb"},"inLanguage":"fr-FR","potentialAction":[{"@type":"ReadAction","target":["https:\/\/euroc.org\/email-support\/"]}]},{"@type":"ImageObject","inLanguage":"fr-FR","@id":"https:\/\/euroc.org\/email-support\/#primaryimage","url":"https:\/\/euroc.org\/wp-content\/uploads\/2023\/10\/logo-support-hub.png","contentUrl":"https:\/\/euroc.org\/wp-content\/uploads\/2023\/10\/logo-support-hub.png"},{"@type":"BreadcrumbList","@id":"https:\/\/euroc.org\/email-support\/#breadcrumb","itemListElement":[{"@type":"ListItem","position":1,"name":"Home","item":"https:\/\/euroc.org\/"},{"@type":"ListItem","position":2,"name":"Free Email Support Service"}]},{"@type":"WebSite","@id":"https:\/\/euroc.org\/#website","url":"https:\/\/euroc.org\/","name":"EUROC Europe","description":"European Resort Owners Coalition","publisher":{"@id":"https:\/\/euroc.org\/#organization"},"potentialAction":[{"@type":"SearchAction","target":{"@type":"EntryPoint","urlTemplate":"https:\/\/euroc.org\/?s={search_term_string}"},"query-input":{"@type":"PropertyValueSpecification","valueRequired":true,"valueName":"search_term_string"}}],"inLanguage":"fr-FR"},{"@type":"Organization","@id":"https:\/\/euroc.org\/#organization","name":"EUROC Europe","url":"https:\/\/euroc.org\/","logo":{"@type":"ImageObject","inLanguage":"fr-FR","@id":"https:\/\/euroc.org\/#\/schema\/logo\/image\/","url":"https:\/\/euroc.org\/wp-content\/uploads\/2023\/10\/cropped-EUROC-Final-Logo-colours-1.png","contentUrl":"https:\/\/euroc.org\/wp-content\/uploads\/2023\/10\/cropped-EUROC-Final-Logo-colours-1.png","width":1561,"height":650,"caption":"EUROC Europe"},"image":{"@id":"https:\/\/euroc.org\/#\/schema\/logo\/image\/"}}]}},"_links":{"self":[{"href":"https:\/\/euroc.org\/fr\/wp-json\/wp\/v2\/pages\/3807","targetHints":{"allow":["GET"]}}],"collection":[{"href":"https:\/\/euroc.org\/fr\/wp-json\/wp\/v2\/pages"}],"about":[{"href":"https:\/\/euroc.org\/fr\/wp-json\/wp\/v2\/types\/page"}],"author":[{"embeddable":true,"href":"https:\/\/euroc.org\/fr\/wp-json\/wp\/v2\/users\/3"}],"replies":[{"embeddable":true,"href":"https:\/\/euroc.org\/fr\/wp-json\/wp\/v2\/comments?post=3807"}],"version-history":[{"count":40,"href":"https:\/\/euroc.org\/fr\/wp-json\/wp\/v2\/pages\/3807\/revisions"}],"predecessor-version":[{"id":5180,"href":"https:\/\/euroc.org\/fr\/wp-json\/wp\/v2\/pages\/3807\/revisions\/5180"}],"wp:attachment":[{"href":"https:\/\/euroc.org\/fr\/wp-json\/wp\/v2\/media?parent=3807"}],"curies":[{"name":"wp","href":"https:\/\/api.w.org\/{rel}","templated":true}]}}