{"id":171,"date":"2023-09-19T15:03:10","date_gmt":"2023-09-19T15:03:10","guid":{"rendered":"https:\/\/euroctimesharesupporthub.com\/?page_id=171"},"modified":"2023-10-29T15:48:04","modified_gmt":"2023-10-29T15:48:04","slug":"lovemytimeshare","status":"publish","type":"page","link":"https:\/\/euroc.org\/fr\/lovemytimeshare\/","title":{"rendered":"J'adore ma multipropri\u00e9t\u00e9 !"},"content":{"rendered":"<div data-elementor-type=\"wp-page\" data-elementor-id=\"171\" class=\"elementor elementor-171\" data-elementor-post-type=\"page\">\n\t\t\t\t\t\t<section class=\"elementor-section elementor-top-section elementor-element elementor-element-83fe8ea elementor-section-full_width elementor-section-height-min-height elementor-section-stretched elementor-section-height-default elementor-section-items-middle\" data-id=\"83fe8ea\" data-element_type=\"section\" data-settings=\"{&quot;stretch_section&quot;:&quot;section-stretched&quot;,&quot;background_background&quot;:&quot;classic&quot;}\">\n\t\t\t\t\t\t\t<div class=\"elementor-background-overlay\"><\/div>\n\t\t\t\t\t\t\t<div class=\"elementor-container elementor-column-gap-default\">\n\t\t\t\t\t<div class=\"elementor-column elementor-col-100 elementor-top-column elementor-element elementor-element-dede7a5\" data-id=\"dede7a5\" data-element_type=\"column\">\n\t\t\t<div class=\"elementor-widget-wrap elementor-element-populated\">\n\t\t\t\t\t\t<div class=\"elementor-element elementor-element-43d496c elementor-widget elementor-widget-heading\" data-id=\"43d496c\" data-element_type=\"widget\" data-widget_type=\"heading.default\">\n\t\t\t\t<div class=\"elementor-widget-container\">\n\t\t\t<h1 class=\"elementor-heading-title elementor-size-xxl\">J'aime mon<\/h1>\t\t<\/div>\n\t\t\t\t<\/div>\n\t\t\t\t<div class=\"elementor-element elementor-element-b2338f6 elementor-widget elementor-widget-heading\" data-id=\"b2338f6\" data-element_type=\"widget\" data-widget_type=\"heading.default\">\n\t\t\t\t<div class=\"elementor-widget-container\">\n\t\t\t<h1 class=\"elementor-heading-title elementor-size-xxl\">Multipropri\u00e9t\u00e9<\/h1>\t\t<\/div>\n\t\t\t\t<\/div>\n\t\t\t\t\t<\/div>\n\t\t<\/div>\n\t\t\t\t\t<\/div>\n\t\t<\/section>\n\t\t\t\t<section class=\"elementor-section elementor-top-section elementor-element elementor-element-6f3e207 elementor-section-boxed elementor-section-height-default elementor-section-height-default\" data-id=\"6f3e207\" data-element_type=\"section\">\n\t\t\t\t\t\t<div class=\"elementor-container elementor-column-gap-default\">\n\t\t\t\t\t<div class=\"elementor-column elementor-col-100 elementor-top-column elementor-element elementor-element-265b3ea\" data-id=\"265b3ea\" data-element_type=\"column\">\n\t\t\t<div class=\"elementor-widget-wrap elementor-element-populated\">\n\t\t\t\t\t\t<div class=\"elementor-element elementor-element-3743e9c elementor-grid-1 elementor-grid-tablet-2 elementor-grid-mobile-1 elementor-posts--thumbnail-top elementor-card-shadow-yes elementor-posts__hover-gradient elementor-widget elementor-widget-posts\" data-id=\"3743e9c\" data-element_type=\"widget\" data-settings=\"{&quot;cards_columns&quot;:&quot;1&quot;,&quot;pagination_type&quot;:&quot;load_more_infinite_scroll&quot;,&quot;cards_columns_tablet&quot;:&quot;2&quot;,&quot;cards_columns_mobile&quot;:&quot;1&quot;,&quot;cards_row_gap&quot;:{&quot;unit&quot;:&quot;px&quot;,&quot;size&quot;:35,&quot;sizes&quot;:[]},&quot;cards_row_gap_tablet&quot;:{&quot;unit&quot;:&quot;px&quot;,&quot;size&quot;:&quot;&quot;,&quot;sizes&quot;:[]},&quot;cards_row_gap_mobile&quot;:{&quot;unit&quot;:&quot;px&quot;,&quot;size&quot;:&quot;&quot;,&quot;sizes&quot;:[]},&quot;load_more_spinner&quot;:{&quot;value&quot;:&quot;fas fa-spinner&quot;,&quot;library&quot;:&quot;fa-solid&quot;}}\" data-widget_type=\"posts.cards\">\n\t\t\t\t<div class=\"elementor-widget-container\">\n\t\t\t\t\t<div class=\"elementor-posts-container elementor-posts elementor-posts--skin-cards elementor-grid\">\n\t\t\t\t<article class=\"elementor-post elementor-grid-item post-3449 post type-post status-publish format-standard has-post-thumbnail hentry category-owner-testimonial\">\n\t\t\t<div class=\"elementor-post__card\">\n\t\t\t\t<a class=\"elementor-post__thumbnail__link\" href=\"https:\/\/euroc.org\/fr\/2023\/03\/22\/pas-de-regrets-encore-aimer-nos-vacances\/\" tabindex=\"-1\" ><div class=\"elementor-post__thumbnail\"><img fetchpriority=\"high\" decoding=\"async\" width=\"800\" height=\"534\" src=\"https:\/\/euroc.org\/wp-content\/uploads\/2023\/03\/sta-cruz-de-tenerife-gb8fff6d2d_1920-1-1536x1024.jpg-1024x683.webp\" class=\"attachment-large size-large wp-image-3470\" alt=\"\" srcset=\"https:\/\/euroc.org\/wp-content\/uploads\/2023\/03\/sta-cruz-de-tenerife-gb8fff6d2d_1920-1-1536x1024.jpg-1024x683.webp 1024w, https:\/\/euroc.org\/wp-content\/uploads\/2023\/03\/sta-cruz-de-tenerife-gb8fff6d2d_1920-1-1536x1024.jpg-300x200.webp 300w, https:\/\/euroc.org\/wp-content\/uploads\/2023\/03\/sta-cruz-de-tenerife-gb8fff6d2d_1920-1-1536x1024.jpg-768x512.webp 768w, https:\/\/euroc.org\/wp-content\/uploads\/2023\/03\/sta-cruz-de-tenerife-gb8fff6d2d_1920-1-1536x1024.jpg-18x12.webp 18w, https:\/\/euroc.org\/wp-content\/uploads\/2023\/03\/sta-cruz-de-tenerife-gb8fff6d2d_1920-1-1536x1024.jpg.webp 1536w\" sizes=\"(max-width: 800px) 100vw, 800px\" \/><\/div><\/a>\n\t\t\t\t<div class=\"elementor-post__badge\">T\u00e9moignage d'un propri\u00e9taire<\/div>\n\t\t\t\t<div class=\"elementor-post__text\">\n\t\t\t\t<h3 class=\"elementor-post__title\">\n\t\t\t<a href=\"https:\/\/euroc.org\/fr\/2023\/03\/22\/pas-de-regrets-encore-aimer-nos-vacances\/\" >\n\t\t\t\tPas de regrets et des vacances toujours aussi agr\u00e9ables !\t\t\t<\/a>\n\t\t<\/h3>\n\t\t\t\t<div class=\"elementor-post__excerpt\">\n\t\t\t<p>Mon mari et moi avons achet\u00e9 notre premier timeshare en 1990. Nous avons s\u00e9journ\u00e9 \u00e0 The Bay \u00e0 T\u00e9n\u00e9rife avec les parents de mon mari qui \u00e9taient venus pour la premi\u00e8re fois.<\/p>\n\t\t<\/div>\n\t\t\t\t<\/div>\n\t\t\t\t\t<\/div>\n\t\t<\/article>\n\t\t\t\t<article class=\"elementor-post elementor-grid-item post-3349 post type-post status-publish format-standard has-post-thumbnail hentry category-owner-testimonial\">\n\t\t\t<div class=\"elementor-post__card\">\n\t\t\t\t<a class=\"elementor-post__thumbnail__link\" href=\"https:\/\/euroc.org\/fr\/2023\/01\/04\/souvenirs-de-famille-dans-lalbiceleste\/\" tabindex=\"-1\" ><div class=\"elementor-post__thumbnail\"><img decoding=\"async\" width=\"800\" height=\"600\" src=\"https:\/\/euroc.org\/wp-content\/uploads\/2023\/03\/Unknown-1536x1152.jpeg-1024x768.webp\" class=\"attachment-large size-large wp-image-3471\" alt=\"\" srcset=\"https:\/\/euroc.org\/wp-content\/uploads\/2023\/03\/Unknown-1536x1152.jpeg-1024x768.webp 1024w, https:\/\/euroc.org\/wp-content\/uploads\/2023\/03\/Unknown-1536x1152.jpeg-300x225.webp 300w, https:\/\/euroc.org\/wp-content\/uploads\/2023\/03\/Unknown-1536x1152.jpeg-768x576.webp 768w, https:\/\/euroc.org\/wp-content\/uploads\/2023\/03\/Unknown-1536x1152.jpeg-16x12.webp 16w, https:\/\/euroc.org\/wp-content\/uploads\/2023\/03\/Unknown-1536x1152.jpeg.webp 1536w\" sizes=\"(max-width: 800px) 100vw, 800px\" \/><\/div><\/a>\n\t\t\t\t<div class=\"elementor-post__badge\">T\u00e9moignage d'un propri\u00e9taire<\/div>\n\t\t\t\t<div class=\"elementor-post__text\">\n\t\t\t\t<h3 class=\"elementor-post__title\">\n\t\t\t<a href=\"https:\/\/euroc.org\/fr\/2023\/01\/04\/souvenirs-de-famille-dans-lalbiceleste\/\" >\n\t\t\t\tSouvenirs de famille \u00e0 Ambleside...\t\t\t<\/a>\n\t\t<\/h3>\n\t\t\t\t<div class=\"elementor-post__excerpt\">\n\t\t\t<p>Mon beau-p\u00e8re a achet\u00e9 plusieurs semaines dans diff\u00e9rents appartements de The Lakelands au cours des premi\u00e8res ann\u00e9es qui ont suivi leur construction \u00e0 Ambleside, en Cumbria. Depuis lors, mon beau-p\u00e8re a achet\u00e9 plusieurs semaines dans diff\u00e9rents appartements du Lakelands.<\/p>\n\t\t<\/div>\n\t\t\t\t<\/div>\n\t\t\t\t\t<\/div>\n\t\t<\/article>\n\t\t\t\t<article class=\"elementor-post elementor-grid-item post-3339 post type-post status-publish format-standard has-post-thumbnail hentry category-owner-testimonial\">\n\t\t\t<div class=\"elementor-post__card\">\n\t\t\t\t<a class=\"elementor-post__thumbnail__link\" href=\"https:\/\/euroc.org\/fr\/2022\/11\/02\/notre-paysage-parfait-au-lac-district\/\" tabindex=\"-1\" ><div class=\"elementor-post__thumbnail\"><img decoding=\"async\" width=\"768\" height=\"1024\" src=\"https:\/\/euroc.org\/wp-content\/uploads\/2023\/03\/IMG-20221022-WA0004.jpg\" class=\"attachment-large size-large wp-image-3472\" alt=\"\" srcset=\"https:\/\/euroc.org\/wp-content\/uploads\/2023\/03\/IMG-20221022-WA0004.jpg 768w, https:\/\/euroc.org\/wp-content\/uploads\/2023\/03\/IMG-20221022-WA0004-225x300.jpg 225w, https:\/\/euroc.org\/wp-content\/uploads\/2023\/03\/IMG-20221022-WA0004-9x12.jpg 9w\" sizes=\"(max-width: 768px) 100vw, 768px\" \/><\/div><\/a>\n\t\t\t\t<div class=\"elementor-post__badge\">T\u00e9moignage d'un propri\u00e9taire<\/div>\n\t\t\t\t<div class=\"elementor-post__text\">\n\t\t\t\t<h3 class=\"elementor-post__title\">\n\t\t\t<a href=\"https:\/\/euroc.org\/fr\/2022\/11\/02\/notre-paysage-parfait-au-lac-district\/\" >\n\t\t\t\tNotre escapade parfaite dans la r\u00e9gion des lacs...\t\t\t<\/a>\n\t\t<\/h3>\n\t\t\t\t<div class=\"elementor-post__excerpt\">\n\t\t\t<p>Nous sommes propri\u00e9taires de Lakeland Village depuis 1985. Nous avons commenc\u00e9 par y acheter une semaine et nous l'avons tellement appr\u00e9ci\u00e9e que nous avons d\u00e9cid\u00e9 de nous y installer.<\/p>\n\t\t<\/div>\n\t\t\t\t<\/div>\n\t\t\t\t\t<\/div>\n\t\t<\/article>\n\t\t\t\t<article class=\"elementor-post elementor-grid-item post-3333 post type-post status-publish format-standard has-post-thumbnail hentry category-owner-testimonial\">\n\t\t\t<div class=\"elementor-post__card\">\n\t\t\t\t<a class=\"elementor-post__thumbnail__link\" href=\"https:\/\/euroc.org\/fr\/2022\/09\/28\/coucher-de-coucher-de-soleil-harbour-feels-like-home\/\" tabindex=\"-1\" ><div class=\"elementor-post__thumbnail\"><img loading=\"lazy\" decoding=\"async\" width=\"800\" height=\"528\" src=\"https:\/\/euroc.org\/wp-content\/uploads\/2023\/03\/Screenshot-2022-09-29-at-00.31.31-1536x1014.png-1024x676.webp\" class=\"attachment-large size-large wp-image-3469\" alt=\"\" srcset=\"https:\/\/euroc.org\/wp-content\/uploads\/2023\/03\/Screenshot-2022-09-29-at-00.31.31-1536x1014.png-1024x676.webp 1024w, https:\/\/euroc.org\/wp-content\/uploads\/2023\/03\/Screenshot-2022-09-29-at-00.31.31-1536x1014.png-300x198.webp 300w, https:\/\/euroc.org\/wp-content\/uploads\/2023\/03\/Screenshot-2022-09-29-at-00.31.31-1536x1014.png-768x507.webp 768w, https:\/\/euroc.org\/wp-content\/uploads\/2023\/03\/Screenshot-2022-09-29-at-00.31.31-1536x1014.png-18x12.webp 18w, https:\/\/euroc.org\/wp-content\/uploads\/2023\/03\/Screenshot-2022-09-29-at-00.31.31-1536x1014.png.webp 1536w\" sizes=\"(max-width: 800px) 100vw, 800px\" \/><\/div><\/a>\n\t\t\t\t<div class=\"elementor-post__badge\">T\u00e9moignage d'un propri\u00e9taire<\/div>\n\t\t\t\t<div class=\"elementor-post__text\">\n\t\t\t\t<h3 class=\"elementor-post__title\">\n\t\t\t<a href=\"https:\/\/euroc.org\/fr\/2022\/09\/28\/coucher-de-coucher-de-soleil-harbour-feels-like-home\/\" >\n\t\t\t\tSunset Harbour se sent comme \u00e0 la maison...\t\t\t<\/a>\n\t\t<\/h3>\n\t\t\t\t<div class=\"elementor-post__excerpt\">\n\t\t\t<p>J'ai int\u00e9gr\u00e9 le syst\u00e8me en 1998, apr\u00e8s avoir pass\u00e9 des vacances standard \u00e0 T\u00e9n\u00e9riffe.  Sunset Harbour est un lieu de vill\u00e9giature extraordinaire dont le personnel est des plus sympathiques.<\/p>\n\t\t<\/div>\n\t\t\t\t<\/div>\n\t\t\t\t\t<\/div>\n\t\t<\/article>\n\t\t\t\t<article class=\"elementor-post elementor-grid-item post-3307 post type-post status-publish format-standard has-post-thumbnail hentry category-owner-testimonial\">\n\t\t\t<div class=\"elementor-post__card\">\n\t\t\t\t<a class=\"elementor-post__thumbnail__link\" href=\"https:\/\/euroc.org\/fr\/2022\/08\/10\/maison-chez-soi-a-tenerife\/\" tabindex=\"-1\" ><div class=\"elementor-post__thumbnail\"><img loading=\"lazy\" decoding=\"async\" width=\"708\" height=\"518\" src=\"https:\/\/euroc.org\/wp-content\/uploads\/2023\/03\/Screenshot-2022-08-10-at-16.23.32.png.webp\" class=\"attachment-large size-large wp-image-3468\" alt=\"\" srcset=\"https:\/\/euroc.org\/wp-content\/uploads\/2023\/03\/Screenshot-2022-08-10-at-16.23.32.png.webp 708w, https:\/\/euroc.org\/wp-content\/uploads\/2023\/03\/Screenshot-2022-08-10-at-16.23.32.png-300x219.webp 300w, https:\/\/euroc.org\/wp-content\/uploads\/2023\/03\/Screenshot-2022-08-10-at-16.23.32.png-16x12.webp 16w\" sizes=\"(max-width: 708px) 100vw, 708px\" \/><\/div><\/a>\n\t\t\t\t<div class=\"elementor-post__badge\">T\u00e9moignage d'un propri\u00e9taire<\/div>\n\t\t\t\t<div class=\"elementor-post__text\">\n\t\t\t\t<h3 class=\"elementor-post__title\">\n\t\t\t<a href=\"https:\/\/euroc.org\/fr\/2022\/08\/10\/maison-chez-soi-a-tenerife\/\" >\n\t\t\t\tUn chez-soi \u00e0 T\u00e9n\u00e9rife...\t\t\t<\/a>\n\t\t<\/h3>\n\t\t\t\t<div class=\"elementor-post__excerpt\">\n\t\t\t<p>En janvier 2003, des amis nous ont emmen\u00e9s en vacances au Santa Barbara Golf &amp; Ocean Club, \u00e0 Tenerife. C'est l\u00e0 que nous sommes tomb\u00e9s amoureux<\/p>\n\t\t<\/div>\n\t\t\t\t<\/div>\n\t\t\t\t\t<\/div>\n\t\t<\/article>\n\t\t\t\t<article class=\"elementor-post elementor-grid-item post-3302 post type-post status-publish format-standard has-post-thumbnail hentry category-owner-testimonial\">\n\t\t\t<div class=\"elementor-post__card\">\n\t\t\t\t<a class=\"elementor-post__thumbnail__link\" href=\"https:\/\/euroc.org\/fr\/2022\/08\/10\/timeshare-les-vacances-qui-croissent-sur-vous\/\" tabindex=\"-1\" ><div class=\"elementor-post__thumbnail\"><img loading=\"lazy\" decoding=\"async\" width=\"800\" height=\"666\" src=\"https:\/\/euroc.org\/wp-content\/uploads\/2023\/03\/Screenshot-2022-08-10-at-09.55.07-1536x1280.png-1024x853.webp\" class=\"attachment-large size-large wp-image-3467\" alt=\"\" srcset=\"https:\/\/euroc.org\/wp-content\/uploads\/2023\/03\/Screenshot-2022-08-10-at-09.55.07-1536x1280.png-1024x853.webp 1024w, https:\/\/euroc.org\/wp-content\/uploads\/2023\/03\/Screenshot-2022-08-10-at-09.55.07-1536x1280.png-300x250.webp 300w, https:\/\/euroc.org\/wp-content\/uploads\/2023\/03\/Screenshot-2022-08-10-at-09.55.07-1536x1280.png-768x640.webp 768w, https:\/\/euroc.org\/wp-content\/uploads\/2023\/03\/Screenshot-2022-08-10-at-09.55.07-1536x1280.png-14x12.webp 14w, https:\/\/euroc.org\/wp-content\/uploads\/2023\/03\/Screenshot-2022-08-10-at-09.55.07-1536x1280.png.webp 1536w\" sizes=\"(max-width: 800px) 100vw, 800px\" \/><\/div><\/a>\n\t\t\t\t<div class=\"elementor-post__badge\">T\u00e9moignage d'un propri\u00e9taire<\/div>\n\t\t\t\t<div class=\"elementor-post__text\">\n\t\t\t\t<h3 class=\"elementor-post__title\">\n\t\t\t<a href=\"https:\/\/euroc.org\/fr\/2022\/08\/10\/timeshare-les-vacances-qui-croissent-sur-vous\/\" >\n\t\t\t\tMultipropri\u00e9t\u00e9 - Des vacances qui vous ressemblent !\t\t\t<\/a>\n\t\t<\/h3>\n\t\t\t\t<div class=\"elementor-post__excerpt\">\n\t\t\t<p>Ma famille et moi-m\u00eame venons \u00e0 Langdale depuis 1981 et nous ne nous lassons jamais de la beaut\u00e9 et de la tranquillit\u00e9 du domaine en multipropri\u00e9t\u00e9 et de ses environs.<\/p>\n\t\t<\/div>\n\t\t\t\t<\/div>\n\t\t\t\t\t<\/div>\n\t\t<\/article>\n\t\t\t\t<\/div>\n\t\t\t\t\t<span class=\"e-load-more-spinner\">\n\t\t\t\t<i aria-hidden=\"true\" class=\"fas fa-spinner\"><\/i>\t\t\t<\/span>\n\t\t\n\t\t\t\t<div class=\"e-load-more-anchor\" data-page=\"1\" data-max-page=\"3\" data-next-page=\"https:\/\/euroc.org\/fr\/wp-json\/wp\/v2\/pages\/171\/page\/2\/\"><\/div>\n\t\t\t\t<div class=\"e-load-more-message\"><\/div>\n\t\t\t\t<\/div>\n\t\t\t\t<\/div>\n\t\t\t\t\t<\/div>\n\t\t<\/div>\n\t\t\t\t\t<\/div>\n\t\t<\/section>\n\t\t\t\t<\/div>","protected":false},"excerpt":{"rendered":"<p>J'adore ma multipropri\u00e9t\u00e9<\/p>","protected":false},"author":3,"featured_media":0,"parent":0,"menu_order":0,"comment_status":"closed","ping_status":"closed","template":"","meta":{"om_disable_all_campaigns":false,"_monsterinsights_skip_tracking":false,"_monsterinsights_sitenote_active":false,"_monsterinsights_sitenote_note":"","_monsterinsights_sitenote_category":0,"_uf_show_specific_survey":0,"_uf_disable_surveys":false,"footnotes":""},"class_list":["post-171","page","type-page","status-publish","hentry"],"aioseo_notices":[],"yoast_head":"<!-- This site is optimized with the Yoast SEO plugin v24.0 - https:\/\/yoast.com\/wordpress\/plugins\/seo\/ -->\n<title>Love My Timeshare! - EUROC Europe<\/title>\n<meta name=\"robots\" content=\"index, follow, max-snippet:-1, max-image-preview:large, max-video-preview:-1\" \/>\n<link rel=\"canonical\" href=\"https:\/\/euroc.org\/fr\/lovemytimeshare\/\" \/>\n<meta property=\"og:locale\" content=\"fr_FR\" \/>\n<meta property=\"og:type\" content=\"article\" \/>\n<meta property=\"og:title\" content=\"Love My Timeshare! - EUROC Europe\" \/>\n<meta property=\"og:description\" content=\"Love my Timeshare\" \/>\n<meta property=\"og:url\" content=\"https:\/\/euroc.org\/fr\/lovemytimeshare\/\" \/>\n<meta property=\"og:site_name\" content=\"EUROC Europe\" \/>\n<meta property=\"article:modified_time\" content=\"2023-10-29T15:48:04+00:00\" \/>\n<meta name=\"twitter:card\" content=\"summary_large_image\" \/>\n<meta name=\"twitter:label1\" content=\"Dur\u00e9e de lecture estim\u00e9e\" \/>\n\t<meta name=\"twitter:data1\" content=\"5 minutes\" \/>\n<script type=\"application\/ld+json\" class=\"yoast-schema-graph\">{\"@context\":\"https:\/\/schema.org\",\"@graph\":[{\"@type\":\"WebPage\",\"@id\":\"https:\/\/euroc.org\/lovemytimeshare\/\",\"url\":\"https:\/\/euroc.org\/lovemytimeshare\/\",\"name\":\"Love My Timeshare! - EUROC Europe\",\"isPartOf\":{\"@id\":\"https:\/\/euroc.org\/#website\"},\"datePublished\":\"2023-09-19T15:03:10+00:00\",\"dateModified\":\"2023-10-29T15:48:04+00:00\",\"breadcrumb\":{\"@id\":\"https:\/\/euroc.org\/lovemytimeshare\/#breadcrumb\"},\"inLanguage\":\"fr-FR\",\"potentialAction\":[{\"@type\":\"ReadAction\",\"target\":[\"https:\/\/euroc.org\/lovemytimeshare\/\"]}]},{\"@type\":\"BreadcrumbList\",\"@id\":\"https:\/\/euroc.org\/lovemytimeshare\/#breadcrumb\",\"itemListElement\":[{\"@type\":\"ListItem\",\"position\":1,\"name\":\"Home\",\"item\":\"https:\/\/euroc.org\/\"},{\"@type\":\"ListItem\",\"position\":2,\"name\":\"Love My Timeshare!\"}]},{\"@type\":\"WebSite\",\"@id\":\"https:\/\/euroc.org\/#website\",\"url\":\"https:\/\/euroc.org\/\",\"name\":\"EUROC Europe\",\"description\":\"European Resort Owners Coalition\",\"publisher\":{\"@id\":\"https:\/\/euroc.org\/#organization\"},\"potentialAction\":[{\"@type\":\"SearchAction\",\"target\":{\"@type\":\"EntryPoint\",\"urlTemplate\":\"https:\/\/euroc.org\/?s={search_term_string}\"},\"query-input\":{\"@type\":\"PropertyValueSpecification\",\"valueRequired\":true,\"valueName\":\"search_term_string\"}}],\"inLanguage\":\"fr-FR\"},{\"@type\":\"Organization\",\"@id\":\"https:\/\/euroc.org\/#organization\",\"name\":\"EUROC Europe\",\"url\":\"https:\/\/euroc.org\/\",\"logo\":{\"@type\":\"ImageObject\",\"inLanguage\":\"fr-FR\",\"@id\":\"https:\/\/euroc.org\/#\/schema\/logo\/image\/\",\"url\":\"https:\/\/euroc.org\/wp-content\/uploads\/2023\/10\/cropped-EUROC-Final-Logo-colours-1.png\",\"contentUrl\":\"https:\/\/euroc.org\/wp-content\/uploads\/2023\/10\/cropped-EUROC-Final-Logo-colours-1.png\",\"width\":1561,\"height\":650,\"caption\":\"EUROC Europe\"},\"image\":{\"@id\":\"https:\/\/euroc.org\/#\/schema\/logo\/image\/\"}}]}<\/script>\n<!-- \/ Yoast SEO plugin. -->","yoast_head_json":{"title":"Love My Timeshare! - EUROC Europe","robots":{"index":"index","follow":"follow","max-snippet":"max-snippet:-1","max-image-preview":"max-image-preview:large","max-video-preview":"max-video-preview:-1"},"canonical":"https:\/\/euroc.org\/fr\/lovemytimeshare\/","og_locale":"fr_FR","og_type":"article","og_title":"Love My Timeshare! - EUROC Europe","og_description":"Love my Timeshare","og_url":"https:\/\/euroc.org\/fr\/lovemytimeshare\/","og_site_name":"EUROC Europe","article_modified_time":"2023-10-29T15:48:04+00:00","twitter_card":"summary_large_image","twitter_misc":{"Dur\u00e9e de lecture estim\u00e9e":"5 minutes"},"schema":{"@context":"https:\/\/schema.org","@graph":[{"@type":"WebPage","@id":"https:\/\/euroc.org\/lovemytimeshare\/","url":"https:\/\/euroc.org\/lovemytimeshare\/","name":"Love My Timeshare! - EUROC Europe","isPartOf":{"@id":"https:\/\/euroc.org\/#website"},"datePublished":"2023-09-19T15:03:10+00:00","dateModified":"2023-10-29T15:48:04+00:00","breadcrumb":{"@id":"https:\/\/euroc.org\/lovemytimeshare\/#breadcrumb"},"inLanguage":"fr-FR","potentialAction":[{"@type":"ReadAction","target":["https:\/\/euroc.org\/lovemytimeshare\/"]}]},{"@type":"BreadcrumbList","@id":"https:\/\/euroc.org\/lovemytimeshare\/#breadcrumb","itemListElement":[{"@type":"ListItem","position":1,"name":"Home","item":"https:\/\/euroc.org\/"},{"@type":"ListItem","position":2,"name":"Love My Timeshare!"}]},{"@type":"WebSite","@id":"https:\/\/euroc.org\/#website","url":"https:\/\/euroc.org\/","name":"EUROC Europe","description":"European Resort Owners Coalition","publisher":{"@id":"https:\/\/euroc.org\/#organization"},"potentialAction":[{"@type":"SearchAction","target":{"@type":"EntryPoint","urlTemplate":"https:\/\/euroc.org\/?s={search_term_string}"},"query-input":{"@type":"PropertyValueSpecification","valueRequired":true,"valueName":"search_term_string"}}],"inLanguage":"fr-FR"},{"@type":"Organization","@id":"https:\/\/euroc.org\/#organization","name":"EUROC Europe","url":"https:\/\/euroc.org\/","logo":{"@type":"ImageObject","inLanguage":"fr-FR","@id":"https:\/\/euroc.org\/#\/schema\/logo\/image\/","url":"https:\/\/euroc.org\/wp-content\/uploads\/2023\/10\/cropped-EUROC-Final-Logo-colours-1.png","contentUrl":"https:\/\/euroc.org\/wp-content\/uploads\/2023\/10\/cropped-EUROC-Final-Logo-colours-1.png","width":1561,"height":650,"caption":"EUROC Europe"},"image":{"@id":"https:\/\/euroc.org\/#\/schema\/logo\/image\/"}}]}},"_links":{"self":[{"href":"https:\/\/euroc.org\/fr\/wp-json\/wp\/v2\/pages\/171","targetHints":{"allow":["GET"]}}],"collection":[{"href":"https:\/\/euroc.org\/fr\/wp-json\/wp\/v2\/pages"}],"about":[{"href":"https:\/\/euroc.org\/fr\/wp-json\/wp\/v2\/types\/page"}],"author":[{"embeddable":true,"href":"https:\/\/euroc.org\/fr\/wp-json\/wp\/v2\/users\/3"}],"replies":[{"embeddable":true,"href":"https:\/\/euroc.org\/fr\/wp-json\/wp\/v2\/comments?post=171"}],"version-history":[{"count":19,"href":"https:\/\/euroc.org\/fr\/wp-json\/wp\/v2\/pages\/171\/revisions"}],"predecessor-version":[{"id":4459,"href":"https:\/\/euroc.org\/fr\/wp-json\/wp\/v2\/pages\/171\/revisions\/4459"}],"wp:attachment":[{"href":"https:\/\/euroc.org\/fr\/wp-json\/wp\/v2\/media?parent=171"}],"curies":[{"name":"wp","href":"https:\/\/api.w.org\/{rel}","templated":true}]}}