{"id":160,"date":"2023-09-19T14:58:12","date_gmt":"2023-09-19T14:58:12","guid":{"rendered":"https:\/\/euroctimesharesupporthub.com\/?page_id=160"},"modified":"2025-09-29T15:08:48","modified_gmt":"2025-09-29T15:08:48","slug":"benefits-of-membership","status":"publish","type":"page","link":"https:\/\/euroc.org\/fr\/avantages-de-ladhesion\/","title":{"rendered":"Avantages de l'adh\u00e9sion"},"content":{"rendered":"<div data-elementor-type=\"wp-page\" data-elementor-id=\"160\" class=\"elementor elementor-160\" data-elementor-post-type=\"page\">\n\t\t\t\t\t\t<section class=\"elementor-section elementor-top-section elementor-element elementor-element-6deec4f9 elementor-section-full_width elementor-section-height-min-height elementor-section-stretched elementor-section-height-default elementor-section-items-middle\" data-id=\"6deec4f9\" data-element_type=\"section\" data-settings=\"{&quot;stretch_section&quot;:&quot;section-stretched&quot;,&quot;background_background&quot;:&quot;classic&quot;}\">\n\t\t\t\t\t\t\t<div class=\"elementor-background-overlay\"><\/div>\n\t\t\t\t\t\t\t<div class=\"elementor-container elementor-column-gap-default\">\n\t\t\t\t\t<div class=\"elementor-column elementor-col-100 elementor-top-column elementor-element elementor-element-dcdf6d3\" data-id=\"dcdf6d3\" data-element_type=\"column\">\n\t\t\t<div class=\"elementor-widget-wrap elementor-element-populated\">\n\t\t\t\t\t\t<div class=\"elementor-element elementor-element-1b27064a elementor-invisible elementor-widget elementor-widget-heading\" data-id=\"1b27064a\" data-element_type=\"widget\" data-settings=\"{&quot;_animation&quot;:&quot;slideInRight&quot;}\" data-widget_type=\"heading.default\">\n\t\t\t\t<div class=\"elementor-widget-container\">\n\t\t\t<h1 class=\"elementor-heading-title elementor-size-xxl\">Avantages de la<\/h1>\t\t<\/div>\n\t\t\t\t<\/div>\n\t\t\t\t<div class=\"elementor-element elementor-element-573aff41 elementor-invisible elementor-widget elementor-widget-heading\" data-id=\"573aff41\" data-element_type=\"widget\" data-settings=\"{&quot;_animation&quot;:&quot;slideInLeft&quot;}\" data-widget_type=\"heading.default\">\n\t\t\t\t<div class=\"elementor-widget-container\">\n\t\t\t<h1 class=\"elementor-heading-title elementor-size-xxl\">L'adh\u00e9sion<\/h1>\t\t<\/div>\n\t\t\t\t<\/div>\n\t\t\t\t\t<\/div>\n\t\t<\/div>\n\t\t\t\t\t<\/div>\n\t\t<\/section>\n\t\t\t\t<section class=\"elementor-section elementor-top-section elementor-element elementor-element-5c4d5485 elementor-section-boxed elementor-section-height-default elementor-section-height-default\" data-id=\"5c4d5485\" data-element_type=\"section\">\n\t\t\t\t\t\t<div class=\"elementor-container elementor-column-gap-default\">\n\t\t\t\t\t<div class=\"elementor-column elementor-col-100 elementor-top-column elementor-element elementor-element-542100a\" data-id=\"542100a\" data-element_type=\"column\">\n\t\t\t<div class=\"elementor-widget-wrap elementor-element-populated\">\n\t\t\t\t\t\t<div class=\"elementor-element elementor-element-5503c384 elementor-widget elementor-widget-text-editor\" data-id=\"5503c384\" data-element_type=\"widget\" data-widget_type=\"text-editor.default\">\n\t\t\t\t<div class=\"elementor-widget-container\">\n\t\t\t\t\t\t\t<p>EUROC offre un large \u00e9ventail de services et d'avantages \u00e0 ses membres des clubs europ\u00e9ens de multipropri\u00e9t\u00e9 et des centres de vill\u00e9giature. Il s'agit d'un guichet unique pour les repr\u00e9sentants des comit\u00e9s de propri\u00e9taires et les \u00e9quipes de gestion des centres de vill\u00e9giature, qui leur apporte un soutien inconditionnel, des ressources et des contacts l\u00e9gitimes, des id\u00e9es op\u00e9rationnelles et de g\u00e9n\u00e9ration de revenus, ainsi que des mises \u00e0 jour r\u00e9guli\u00e8res et des conseils sur les questions ayant un impact sur le monde de la propri\u00e9t\u00e9 en temps partag\u00e9. <\/p><p>Si vous \u00eates membre d'un comit\u00e9 de club\/station en temps partag\u00e9 ou d'une \u00e9quipe de gestion de station et que vous souhaitez en savoir plus sur l'adh\u00e9sion et les avantages pour votre club\/station en temps partag\u00e9, contactez le responsable des relations avec les membres de l'EUROC par courrier \u00e9lectronique \u00e0 l'adresse suivante <a href=\"mailto:info@euroc.org\">info@euroc.org<\/a><\/p>\t\t\t\t\t\t<\/div>\n\t\t\t\t<\/div>\n\t\t\t\t<div class=\"elementor-element elementor-element-351d84c1 elementor-widget-divider--view-line elementor-widget elementor-widget-divider\" data-id=\"351d84c1\" data-element_type=\"widget\" data-widget_type=\"divider.default\">\n\t\t\t\t<div class=\"elementor-widget-container\">\n\t\t\t\t\t<div class=\"elementor-divider\">\n\t\t\t<span class=\"elementor-divider-separator\">\n\t\t\t\t\t\t<\/span>\n\t\t<\/div>\n\t\t\t\t<\/div>\n\t\t\t\t<\/div>\n\t\t\t\t<div class=\"elementor-element elementor-element-73028834 elementor-invisible elementor-widget elementor-widget-heading\" data-id=\"73028834\" data-element_type=\"widget\" data-settings=\"{&quot;_animation&quot;:&quot;slideInLeft&quot;}\" data-widget_type=\"heading.default\">\n\t\t\t\t<div class=\"elementor-widget-container\">\n\t\t\t<h2 class=\"elementor-heading-title elementor-size-large\">Soutien, orientation et conseils aux repr\u00e9sentants des comit\u00e9s de propri\u00e9taires et aux \u00e9quipes de gestion des centres de vill\u00e9giature<\/h2>\t\t<\/div>\n\t\t\t\t<\/div>\n\t\t\t\t<div class=\"elementor-element elementor-element-3defd75d elementor-widget elementor-widget-text-editor\" data-id=\"3defd75d\" data-element_type=\"widget\" data-widget_type=\"text-editor.default\">\n\t\t\t\t<div class=\"elementor-widget-container\">\n\t\t\t\t\t\t\t<p><b>B\u00e9n\u00e9ficier de connexions et d'une orientation vers des contacts <\/b>au sein du r\u00e9seau des membres de l'EUROC et des professionnels de confiance du secteur qui peuvent partager leurs conseils et leurs exp\u00e9riences sur la mani\u00e8re dont ils ont abord\u00e9 des questions similaires, par exemple les questions de frais de gestion, la r\u00e9duction des co\u00fbts op\u00e9rationnels des clubs et l'am\u00e9lioration de l'exp\u00e9rience et de l'engagement des propri\u00e9taires.<\/p>\t\t\t\t\t\t<\/div>\n\t\t\t\t<\/div>\n\t\t\t\t<div class=\"elementor-element elementor-element-4680346e elementor-widget elementor-widget-text-editor\" data-id=\"4680346e\" data-element_type=\"widget\" data-widget_type=\"text-editor.default\">\n\t\t\t\t<div class=\"elementor-widget-container\">\n\t\t\t\t\t\t\t<p>Joignez vos forces \u00e0 celles d'autres clubs partageant les m\u00eames id\u00e9es dans l'Union europ\u00e9enne. <b>Consortium d'achat EUROC<\/b>. Un pouvoir d'achat collectif peut permettre de r\u00e9aliser d'importantes \u00e9conomies qui profiteront \u00e0 votre club et \u00e0 vos propri\u00e9taires.  Qu'il s'agisse de fournitures pour le club ou le centre de vill\u00e9giature, de services publics, de produits sp\u00e9cifiques ou de services de tiers, le consortium travaillera en collaboration avec son partenaire d'approvisionnement afin d'explorer les meilleures offres possibles et d'obtenir des prix plus favorables pour les clubs collectifs de multipropri\u00e9t\u00e9, plut\u00f4t que de s'approvisionner seul en prix et en offres.<\/p>\t\t\t\t\t\t<\/div>\n\t\t\t\t<\/div>\n\t\t\t\t<div class=\"elementor-element elementor-element-753871f1 elementor-widget elementor-widget-text-editor\" data-id=\"753871f1\" data-element_type=\"widget\" data-widget_type=\"text-editor.default\">\n\t\t\t\t<div class=\"elementor-widget-container\">\n\t\t\t\t\t\t\t<p><b>Recevoir des mises \u00e0 jour, des id\u00e9es et des alertes <\/b>fournies par le responsable des relations avec les membres de l'EUROC, que vous pouvez utiliser et partager avec vos propri\u00e9taires afin d'am\u00e9liorer vos canaux de communication et l'engagement des propri\u00e9taires.<\/p>\t\t\t\t\t\t<\/div>\n\t\t\t\t<\/div>\n\t\t\t\t<div class=\"elementor-element elementor-element-5b12cb32 elementor-widget elementor-widget-text-editor\" data-id=\"5b12cb32\" data-element_type=\"widget\" data-widget_type=\"text-editor.default\">\n\t\t\t\t<div class=\"elementor-widget-container\">\n\t\t\t\t\t\t\t<p><b>Id\u00e9es et suggestions sur des sujets en rapport avec votre exp\u00e9rience de propri\u00e9taire et la gestion quotidienne de votre club\/centre de vill\u00e9giature <\/b>ainsi que la mise en relation avec les soci\u00e9t\u00e9s d'\u00e9change et les agences de r\u00e9servation externes afin de garantir l'augmentation des recettes provenant des semaines de club non utilis\u00e9es.<\/p>\t\t\t\t\t\t<\/div>\n\t\t\t\t<\/div>\n\t\t\t\t<div class=\"elementor-element elementor-element-7df2fd2e elementor-widget elementor-widget-text-editor\" data-id=\"7df2fd2e\" data-element_type=\"widget\" data-widget_type=\"text-editor.default\">\n\t\t\t\t<div class=\"elementor-widget-container\">\n\t\t\t\t\t\t\t<p><strong>Acc\u00e8s au groupe \"Whats App\" du directeur du centre de vill\u00e9giature<\/strong> - cette plateforme a \u00e9t\u00e9 facilit\u00e9e pour permettre \u00e0 votre directeur de centre de vill\u00e9giature d'entrer en contact avec d'autres clubs de multipropri\u00e9t\u00e9 en temps opportun pour poser des questions et demander des conseils sur des sujets relatifs \u00e0 leurs clubs.<\/p>\t\t\t\t\t\t<\/div>\n\t\t\t\t<\/div>\n\t\t\t\t<div class=\"elementor-element elementor-element-27e6af6a elementor-widget elementor-widget-text-editor\" data-id=\"27e6af6a\" data-element_type=\"widget\" data-widget_type=\"text-editor.default\">\n\t\t\t\t<div class=\"elementor-widget-container\">\n\t\t\t\t\t\t\t<p>Les repr\u00e9sentants des comit\u00e9s et les \u00e9quipes de gestion des clubs et centres de vill\u00e9giature \u00e0 temps partag\u00e9 se r\u00e9unissent r\u00e9guli\u00e8rement sur les th\u00e8mes suivants <strong>des vid\u00e9oconf\u00e9rences pour rester en contact<\/strong>Ils peuvent ainsi discuter de questions communes et \u00e9changer des bonnes pratiques.<\/p>\t\t\t\t\t\t<\/div>\n\t\t\t\t<\/div>\n\t\t\t\t<div class=\"elementor-element elementor-element-6954233 elementor-widget elementor-widget-text-editor\" data-id=\"6954233\" data-element_type=\"widget\" data-widget_type=\"text-editor.default\">\n\t\t\t\t<div class=\"elementor-widget-container\">\n\t\t\t\t\t\t\t<p><b>Invitations aux conf\u00e9rences et r\u00e9unions EUROC, aux d\u00e9jeuners et aux vid\u00e9oconf\u00e9rences r\u00e9guli\u00e8res <\/b>pour les repr\u00e9sentants des comit\u00e9s de club et les \u00e9quipes de gestion des centres de vill\u00e9giature de se r\u00e9unir pour \u00e9couter des mises \u00e0 jour, partager des id\u00e9es, d\u00e9velopper des solutions, renforcer les liens et \u00e9tablir des connexions avec des personnes partageant les m\u00eames id\u00e9es dans d'autres clubs de multipropri\u00e9t\u00e9.<\/p>\t\t\t\t\t\t<\/div>\n\t\t\t\t<\/div>\n\t\t\t\t<div class=\"elementor-element elementor-element-1a3990a elementor-widget-divider--view-line elementor-widget elementor-widget-divider\" data-id=\"1a3990a\" data-element_type=\"widget\" data-widget_type=\"divider.default\">\n\t\t\t\t<div class=\"elementor-widget-container\">\n\t\t\t\t\t<div class=\"elementor-divider\">\n\t\t\t<span class=\"elementor-divider-separator\">\n\t\t\t\t\t\t<\/span>\n\t\t<\/div>\n\t\t\t\t<\/div>\n\t\t\t\t<\/div>\n\t\t\t\t<div class=\"elementor-element elementor-element-3761f1fc elementor-invisible elementor-widget elementor-widget-heading\" data-id=\"3761f1fc\" data-element_type=\"widget\" data-settings=\"{&quot;_animation&quot;:&quot;slideInLeft&quot;}\" data-widget_type=\"heading.default\">\n\t\t\t\t<div class=\"elementor-widget-container\">\n\t\t\t<h2 class=\"elementor-heading-title elementor-size-large\">Fraude li\u00e9e \u00e0 la multipropri\u00e9t\u00e9 et protection des propri\u00e9taires<\/h2>\t\t<\/div>\n\t\t\t\t<\/div>\n\t\t\t\t<div class=\"elementor-element elementor-element-1f699ddb elementor-widget elementor-widget-text-editor\" data-id=\"1f699ddb\" data-element_type=\"widget\" data-widget_type=\"text-editor.default\">\n\t\t\t\t<div class=\"elementor-widget-container\">\n\t\t\t\t\t\t\t<div class=\"wpb_text_column wpb_content_element\"><div class=\"wpb_wrapper\"><p><strong>EUROC fournit un service interne intitul\u00e9 <a href=\"https:\/\/euroctimesharesupporthub.com\/support-hub\/\">EUROC Timeshare Support Hub<\/a><\/strong>- un service mis \u00e0 la disposition des propri\u00e9taires de biens \u00e0 temps partag\u00e9 qui ont des inqui\u00e9tudes concernant une entreprise et qui ont besoin d'aide pour r\u00e9soudre un probl\u00e8me. Le service d'assistance t\u00e9l\u00e9phonique offre des conseils sur les remboursements, les renonciations, l'application de la loi et les questions g\u00e9n\u00e9rales relatives \u00e0 la multipropri\u00e9t\u00e9.<\/p><\/div><\/div>\t\t\t\t\t\t<\/div>\n\t\t\t\t<\/div>\n\t\t\t\t<div class=\"elementor-element elementor-element-7aea7285 elementor-widget elementor-widget-text-editor\" data-id=\"7aea7285\" data-element_type=\"widget\" data-widget_type=\"text-editor.default\">\n\t\t\t\t<div class=\"elementor-widget-container\">\n\t\t\t\t\t\t\t<p><b>B\u00e9n\u00e9ficier de mises \u00e0 jour, d'alertes et de conseils sur les activit\u00e9s ill\u00e9gales et les escroqueries actuelles<\/b>\u00a0\u00e0 partager et \u00e0 faire conna\u00eetre \u00e0 vos propri\u00e9taires.  Recevoir une formation, des conseils et des documents r\u00e9dig\u00e9s sur la mani\u00e8re d'informer les propri\u00e9taires sur la fa\u00e7on de se prot\u00e9ger contre les escroqueries trompeuses \u00e0 la revente, au transfert et \u00e0 la commercialisation.<\/p>\t\t\t\t\t\t<\/div>\n\t\t\t\t<\/div>\n\t\t\t\t<div class=\"elementor-element elementor-element-11a28898 elementor-widget elementor-widget-text-editor\" data-id=\"11a28898\" data-element_type=\"widget\" data-widget_type=\"text-editor.default\">\n\t\t\t\t<div class=\"elementor-widget-container\">\n\t\t\t\t\t\t\t<div class=\"wpb_text_column wpb_content_element\"><div class=\"wpb_wrapper\"><p><strong>Les membres d'EUROC soutiennent les organisations et les initiatives qui cherchent \u00e0 pr\u00e9venir les maladies infectieuses.<\/strong> les propri\u00e9taires de biens \u00e0 temps partag\u00e9 ne soient pas expos\u00e9s \u00e0 la fraude et \u00e0 la tromperie. Dans la mesure du possible, l'EUROC collaborera avec les autorit\u00e9s, la police et d'autres organismes charg\u00e9s de faire respecter la loi dans toute l'Europe pour traduire les contrevenants en justice.\u00a0<\/p><\/div><\/div>\t\t\t\t\t\t<\/div>\n\t\t\t\t<\/div>\n\t\t\t\t<div class=\"elementor-element elementor-element-2973a47d elementor-widget elementor-widget-text-editor\" data-id=\"2973a47d\" data-element_type=\"widget\" data-widget_type=\"text-editor.default\">\n\t\t\t\t<div class=\"elementor-widget-container\">\n\t\t\t\t\t\t\t<p><strong>R\u00e9aliser des \u00e9conomies potentielles sur les frais de justice<\/strong> qui peuvent \u00eatre encourus dans le processus de r\u00e9daction des lettres de r\u00e9ponse, au nom de vos propri\u00e9taires, aux compagnies d'assurance. Pour ce faire, vous pouvez utiliser une s\u00e9lection de mod\u00e8les de lettres approuv\u00e9s, r\u00e9serv\u00e9s aux membres d'EUROC.<\/p>\t\t\t\t\t\t<\/div>\n\t\t\t\t<\/div>\n\t\t\t\t<div class=\"elementor-element elementor-element-10e054b3 elementor-widget-divider--view-line elementor-widget elementor-widget-divider\" data-id=\"10e054b3\" data-element_type=\"widget\" data-widget_type=\"divider.default\">\n\t\t\t\t<div class=\"elementor-widget-container\">\n\t\t\t\t\t<div class=\"elementor-divider\">\n\t\t\t<span class=\"elementor-divider-separator\">\n\t\t\t\t\t\t<\/span>\n\t\t<\/div>\n\t\t\t\t<\/div>\n\t\t\t\t<\/div>\n\t\t\t\t<div class=\"elementor-element elementor-element-7950422c elementor-invisible elementor-widget elementor-widget-heading\" data-id=\"7950422c\" data-element_type=\"widget\" data-settings=\"{&quot;_animation&quot;:&quot;slideInLeft&quot;}\" data-widget_type=\"heading.default\">\n\t\t\t\t<div class=\"elementor-widget-container\">\n\t\t\t<h2 class=\"elementor-heading-title elementor-size-large\">Questions relatives \u00e0 la propri\u00e9t\u00e9 en temps partag\u00e9 et ayant un impact sur celle-ci<\/h2>\t\t<\/div>\n\t\t\t\t<\/div>\n\t\t\t\t<div class=\"elementor-element elementor-element-38d7aafe elementor-widget elementor-widget-text-editor\" data-id=\"38d7aafe\" data-element_type=\"widget\" data-widget_type=\"text-editor.default\">\n\t\t\t\t<div class=\"elementor-widget-container\">\n\t\t\t\t\t\t\t<p>Se tenir au courant de toute <strong>les questions l\u00e9gislatives, r\u00e9glementaires et li\u00e9es au march\u00e9, actuelles et potentielles<\/strong> qui ont un impact sur les clubs et les propri\u00e9taires de biens \u00e0 temps partag\u00e9 au Royaume-Uni et en Europe. <strong>premi\u00e8re ligne de d\u00e9fense contre la l\u00e9gislation<\/strong> qui pourraient avoir un impact n\u00e9gatif sur vos propri\u00e9taires, clubs ou centres de vill\u00e9giature.<\/p>\t\t\t\t\t\t<\/div>\n\t\t\t\t<\/div>\n\t\t\t\t<div class=\"elementor-element elementor-element-67871614 elementor-widget elementor-widget-text-editor\" data-id=\"67871614\" data-element_type=\"widget\" data-widget_type=\"text-editor.default\">\n\t\t\t\t<div class=\"elementor-widget-container\">\n\t\t\t\t\t\t\t<p><b>Des documents r\u00e9dig\u00e9s de mani\u00e8re professionnelle<\/b> seront soumises au nom des membres de l'EUROC aux conseils locaux et aux gouvernements sur des questions sp\u00e9cifiques susceptibles d'affecter l'utilisation et l'exploitation des biens \u00e0 temps partag\u00e9, telles que la mise en \u0153uvre potentielle de la taxe sur les lits et le tourisme au Royaume-Uni, les taux d'imposition des entreprises, les d\u00e9cisions de la Cour supr\u00eame espagnole et les questions relatives \u00e0 la propri\u00e9t\u00e9 perp\u00e9tuelle, pour n'en citer que quelques-unes.<\/p>\t\t\t\t\t\t<\/div>\n\t\t\t\t<\/div>\n\t\t\t\t<div class=\"elementor-element elementor-element-311f0ec6 elementor-widget elementor-widget-text-editor\" data-id=\"311f0ec6\" data-element_type=\"widget\" data-widget_type=\"text-editor.default\">\n\t\t\t\t<div class=\"elementor-widget-container\">\n\t\t\t\t\t\t\t<p>Les membres de l'organisation seront reconnus comme repr\u00e9sentant le meilleur de la multipropri\u00e9t\u00e9 en temps partag\u00e9 en suivant les crit\u00e8res suivants <strong>Lignes directrices sur les bonnes pratiques\/code de conduite de l'EUROC<\/strong>.<\/p>\t\t\t\t\t\t<\/div>\n\t\t\t\t<\/div>\n\t\t\t\t<div class=\"elementor-element elementor-element-4326454a elementor-widget elementor-widget-text-editor\" data-id=\"4326454a\" data-element_type=\"widget\" data-widget_type=\"text-editor.default\">\n\t\t\t\t<div class=\"elementor-widget-container\">\n\t\t\t\t\t\t\t<p>EUROC repr\u00e9sente et sert de <strong>la voix officielle de tous les propri\u00e9taires de biens \u00e0 temps partag\u00e9<\/strong> avec les m\u00e9dias, les organismes charg\u00e9s de l'application de la loi, les organes gouvernementaux et les autorit\u00e9s locales.<\/p>\t\t\t\t\t\t<\/div>\n\t\t\t\t<\/div>\n\t\t\t\t\t<\/div>\n\t\t<\/div>\n\t\t\t\t\t<\/div>\n\t\t<\/section>\n\t\t\t\t<\/div>","protected":false},"excerpt":{"rendered":"<p>Avantages de l'adh\u00e9sion EUROC offre un large \u00e9ventail de services et d'avantages \u00e0 ses membres des clubs europ\u00e9ens de multipropri\u00e9t\u00e9 et des centres de vill\u00e9giature. Il s'agit d'un guichet unique pour les repr\u00e9sentants des comit\u00e9s de propri\u00e9taires et les \u00e9quipes de gestion des centres de vill\u00e9giature, qui leur apporte un soutien inconditionnel, des ressources et des contacts l\u00e9gitimes, des id\u00e9es en mati\u00e8re d'exploitation et de g\u00e9n\u00e9ration de revenus, ainsi que des [...]<\/p>","protected":false},"author":3,"featured_media":0,"parent":0,"menu_order":0,"comment_status":"closed","ping_status":"closed","template":"","meta":{"om_disable_all_campaigns":false,"_monsterinsights_skip_tracking":false,"_monsterinsights_sitenote_active":false,"_monsterinsights_sitenote_note":"","_monsterinsights_sitenote_category":0,"_uf_show_specific_survey":0,"_uf_disable_surveys":false,"footnotes":""},"class_list":["post-160","page","type-page","status-publish","hentry"],"aioseo_notices":[],"yoast_head":"<!-- This site is optimized with the Yoast SEO plugin v24.0 - https:\/\/yoast.com\/wordpress\/plugins\/seo\/ -->\n<title>Benefits of Membership - EUROC Europe<\/title>\n<meta name=\"robots\" content=\"index, follow, max-snippet:-1, max-image-preview:large, max-video-preview:-1\" \/>\n<link rel=\"canonical\" href=\"https:\/\/euroc.org\/fr\/benefits-of-membership\/\" \/>\n<meta property=\"og:locale\" content=\"fr_FR\" \/>\n<meta property=\"og:type\" content=\"article\" \/>\n<meta property=\"og:title\" content=\"Benefits of Membership - EUROC Europe\" \/>\n<meta property=\"og:description\" content=\"Benefits of Membership EUROC offers a wide range of services and benefits to its European Timeshare Club and Resort members. It will act as a one stop shop for the owner committee representatives and resort management teams providing them with unconditional support, legitimate resources and contacts, operational and revenue generation ideas along with, providing regular [&hellip;]\" \/>\n<meta property=\"og:url\" content=\"https:\/\/euroc.org\/fr\/benefits-of-membership\/\" \/>\n<meta property=\"og:site_name\" content=\"EUROC Europe\" \/>\n<meta property=\"article:modified_time\" content=\"2025-09-29T15:08:48+00:00\" \/>\n<meta name=\"twitter:card\" content=\"summary_large_image\" \/>\n<meta name=\"twitter:label1\" content=\"Dur\u00e9e de lecture estim\u00e9e\" \/>\n\t<meta name=\"twitter:data1\" content=\"4 minutes\" \/>\n<script type=\"application\/ld+json\" class=\"yoast-schema-graph\">{\"@context\":\"https:\/\/schema.org\",\"@graph\":[{\"@type\":\"WebPage\",\"@id\":\"https:\/\/euroc.org\/benefits-of-membership\/\",\"url\":\"https:\/\/euroc.org\/benefits-of-membership\/\",\"name\":\"Benefits of Membership - EUROC Europe\",\"isPartOf\":{\"@id\":\"https:\/\/euroc.org\/#website\"},\"datePublished\":\"2023-09-19T14:58:12+00:00\",\"dateModified\":\"2025-09-29T15:08:48+00:00\",\"breadcrumb\":{\"@id\":\"https:\/\/euroc.org\/benefits-of-membership\/#breadcrumb\"},\"inLanguage\":\"fr-FR\",\"potentialAction\":[{\"@type\":\"ReadAction\",\"target\":[\"https:\/\/euroc.org\/benefits-of-membership\/\"]}]},{\"@type\":\"BreadcrumbList\",\"@id\":\"https:\/\/euroc.org\/benefits-of-membership\/#breadcrumb\",\"itemListElement\":[{\"@type\":\"ListItem\",\"position\":1,\"name\":\"Home\",\"item\":\"https:\/\/euroc.org\/\"},{\"@type\":\"ListItem\",\"position\":2,\"name\":\"Benefits of Membership\"}]},{\"@type\":\"WebSite\",\"@id\":\"https:\/\/euroc.org\/#website\",\"url\":\"https:\/\/euroc.org\/\",\"name\":\"EUROC Europe\",\"description\":\"European Resort Owners Coalition\",\"publisher\":{\"@id\":\"https:\/\/euroc.org\/#organization\"},\"potentialAction\":[{\"@type\":\"SearchAction\",\"target\":{\"@type\":\"EntryPoint\",\"urlTemplate\":\"https:\/\/euroc.org\/?s={search_term_string}\"},\"query-input\":{\"@type\":\"PropertyValueSpecification\",\"valueRequired\":true,\"valueName\":\"search_term_string\"}}],\"inLanguage\":\"fr-FR\"},{\"@type\":\"Organization\",\"@id\":\"https:\/\/euroc.org\/#organization\",\"name\":\"EUROC Europe\",\"url\":\"https:\/\/euroc.org\/\",\"logo\":{\"@type\":\"ImageObject\",\"inLanguage\":\"fr-FR\",\"@id\":\"https:\/\/euroc.org\/#\/schema\/logo\/image\/\",\"url\":\"https:\/\/euroc.org\/wp-content\/uploads\/2023\/10\/cropped-EUROC-Final-Logo-colours-1.png\",\"contentUrl\":\"https:\/\/euroc.org\/wp-content\/uploads\/2023\/10\/cropped-EUROC-Final-Logo-colours-1.png\",\"width\":1561,\"height\":650,\"caption\":\"EUROC Europe\"},\"image\":{\"@id\":\"https:\/\/euroc.org\/#\/schema\/logo\/image\/\"}}]}<\/script>\n<!-- \/ Yoast SEO plugin. -->","yoast_head_json":{"title":"Benefits of Membership - EUROC Europe","robots":{"index":"index","follow":"follow","max-snippet":"max-snippet:-1","max-image-preview":"max-image-preview:large","max-video-preview":"max-video-preview:-1"},"canonical":"https:\/\/euroc.org\/fr\/benefits-of-membership\/","og_locale":"fr_FR","og_type":"article","og_title":"Benefits of Membership - EUROC Europe","og_description":"Benefits of Membership EUROC offers a wide range of services and benefits to its European Timeshare Club and Resort members. It will act as a one stop shop for the owner committee representatives and resort management teams providing them with unconditional support, legitimate resources and contacts, operational and revenue generation ideas along with, providing regular [&hellip;]","og_url":"https:\/\/euroc.org\/fr\/benefits-of-membership\/","og_site_name":"EUROC Europe","article_modified_time":"2025-09-29T15:08:48+00:00","twitter_card":"summary_large_image","twitter_misc":{"Dur\u00e9e de lecture estim\u00e9e":"4 minutes"},"schema":{"@context":"https:\/\/schema.org","@graph":[{"@type":"WebPage","@id":"https:\/\/euroc.org\/benefits-of-membership\/","url":"https:\/\/euroc.org\/benefits-of-membership\/","name":"Benefits of Membership - EUROC Europe","isPartOf":{"@id":"https:\/\/euroc.org\/#website"},"datePublished":"2023-09-19T14:58:12+00:00","dateModified":"2025-09-29T15:08:48+00:00","breadcrumb":{"@id":"https:\/\/euroc.org\/benefits-of-membership\/#breadcrumb"},"inLanguage":"fr-FR","potentialAction":[{"@type":"ReadAction","target":["https:\/\/euroc.org\/benefits-of-membership\/"]}]},{"@type":"BreadcrumbList","@id":"https:\/\/euroc.org\/benefits-of-membership\/#breadcrumb","itemListElement":[{"@type":"ListItem","position":1,"name":"Home","item":"https:\/\/euroc.org\/"},{"@type":"ListItem","position":2,"name":"Benefits of Membership"}]},{"@type":"WebSite","@id":"https:\/\/euroc.org\/#website","url":"https:\/\/euroc.org\/","name":"EUROC Europe","description":"European Resort Owners Coalition","publisher":{"@id":"https:\/\/euroc.org\/#organization"},"potentialAction":[{"@type":"SearchAction","target":{"@type":"EntryPoint","urlTemplate":"https:\/\/euroc.org\/?s={search_term_string}"},"query-input":{"@type":"PropertyValueSpecification","valueRequired":true,"valueName":"search_term_string"}}],"inLanguage":"fr-FR"},{"@type":"Organization","@id":"https:\/\/euroc.org\/#organization","name":"EUROC Europe","url":"https:\/\/euroc.org\/","logo":{"@type":"ImageObject","inLanguage":"fr-FR","@id":"https:\/\/euroc.org\/#\/schema\/logo\/image\/","url":"https:\/\/euroc.org\/wp-content\/uploads\/2023\/10\/cropped-EUROC-Final-Logo-colours-1.png","contentUrl":"https:\/\/euroc.org\/wp-content\/uploads\/2023\/10\/cropped-EUROC-Final-Logo-colours-1.png","width":1561,"height":650,"caption":"EUROC Europe"},"image":{"@id":"https:\/\/euroc.org\/#\/schema\/logo\/image\/"}}]}},"_links":{"self":[{"href":"https:\/\/euroc.org\/fr\/wp-json\/wp\/v2\/pages\/160","targetHints":{"allow":["GET"]}}],"collection":[{"href":"https:\/\/euroc.org\/fr\/wp-json\/wp\/v2\/pages"}],"about":[{"href":"https:\/\/euroc.org\/fr\/wp-json\/wp\/v2\/types\/page"}],"author":[{"embeddable":true,"href":"https:\/\/euroc.org\/fr\/wp-json\/wp\/v2\/users\/3"}],"replies":[{"embeddable":true,"href":"https:\/\/euroc.org\/fr\/wp-json\/wp\/v2\/comments?post=160"}],"version-history":[{"count":28,"href":"https:\/\/euroc.org\/fr\/wp-json\/wp\/v2\/pages\/160\/revisions"}],"predecessor-version":[{"id":5420,"href":"https:\/\/euroc.org\/fr\/wp-json\/wp\/v2\/pages\/160\/revisions\/5420"}],"wp:attachment":[{"href":"https:\/\/euroc.org\/fr\/wp-json\/wp\/v2\/media?parent=160"}],"curies":[{"name":"wp","href":"https:\/\/api.w.org\/{rel}","templated":true}]}}