{"id":94,"date":"2023-09-19T14:24:08","date_gmt":"2023-09-19T14:24:08","guid":{"rendered":"https:\/\/euroctimesharesupporthub.com\/?page_id=94"},"modified":"2023-09-19T14:25:19","modified_gmt":"2023-09-19T14:25:19","slug":"privacy-policy","status":"publish","type":"page","link":"https:\/\/euroc.org\/es\/politica-de-privacidad\/","title":{"rendered":"Pol\u00edtica de privacidad"},"content":{"rendered":"<div data-elementor-type=\"wp-page\" data-elementor-id=\"94\" class=\"elementor elementor-94\" data-elementor-post-type=\"page\">\n\t\t\t\t\t\t<section class=\"elementor-section elementor-top-section elementor-element elementor-element-c3d4b84 elementor-section-full_width elementor-section-height-min-height elementor-section-stretched elementor-section-height-default elementor-section-items-middle\" data-id=\"c3d4b84\" data-element_type=\"section\" data-settings=\"{&quot;stretch_section&quot;:&quot;section-stretched&quot;,&quot;background_background&quot;:&quot;classic&quot;}\">\n\t\t\t\t\t\t\t<div class=\"elementor-background-overlay\"><\/div>\n\t\t\t\t\t\t\t<div class=\"elementor-container elementor-column-gap-default\">\n\t\t\t\t\t<div class=\"elementor-column elementor-col-100 elementor-top-column elementor-element elementor-element-2290718\" data-id=\"2290718\" data-element_type=\"column\">\n\t\t\t<div class=\"elementor-widget-wrap elementor-element-populated\">\n\t\t\t\t\t\t<div class=\"elementor-element elementor-element-e4229c0 elementor-widget elementor-widget-heading\" data-id=\"e4229c0\" data-element_type=\"widget\" data-widget_type=\"heading.default\">\n\t\t\t\t<div class=\"elementor-widget-container\">\n\t\t\t<h1 class=\"elementor-heading-title elementor-size-xxl\">Privacidad <\/h1>\t\t<\/div>\n\t\t\t\t<\/div>\n\t\t\t\t<div class=\"elementor-element elementor-element-bc30f88 elementor-widget elementor-widget-heading\" data-id=\"bc30f88\" data-element_type=\"widget\" data-widget_type=\"heading.default\">\n\t\t\t\t<div class=\"elementor-widget-container\">\n\t\t\t<h1 class=\"elementor-heading-title elementor-size-xxl\">Pol\u00edtica<\/h1>\t\t<\/div>\n\t\t\t\t<\/div>\n\t\t\t\t\t<\/div>\n\t\t<\/div>\n\t\t\t\t\t<\/div>\n\t\t<\/section>\n\t\t\t\t<section class=\"elementor-section elementor-top-section elementor-element elementor-element-c033de6 elementor-section-boxed elementor-section-height-default elementor-section-height-default\" data-id=\"c033de6\" data-element_type=\"section\">\n\t\t\t\t\t\t<div class=\"elementor-container elementor-column-gap-default\">\n\t\t\t\t\t<div class=\"elementor-column elementor-col-100 elementor-top-column elementor-element elementor-element-e8370fa\" data-id=\"e8370fa\" data-element_type=\"column\">\n\t\t\t<div class=\"elementor-widget-wrap elementor-element-populated\">\n\t\t\t\t\t\t<div class=\"elementor-element elementor-element-aee0fff elementor-widget elementor-widget-text-editor\" data-id=\"aee0fff\" data-element_type=\"widget\" data-widget_type=\"text-editor.default\">\n\t\t\t\t<div class=\"elementor-widget-container\">\n\t\t\t\t\t\t\t<p><b>Privacidad - Nuestro compromiso\u00a0<\/b><\/p><p>EUROC se compromete a garantizar la protecci\u00f3n de su privacidad. Toda la informaci\u00f3n que nos proporcione y que permita identificarle cuando utilice nuestro sitio web se utilizar\u00e1 \u00fanicamente de conformidad con la presente declaraci\u00f3n de confidencialidad. Esta pol\u00edtica de privacidad se aplica a su uso de nuestro sitio web <a href=\"https:\/\/euroc.org\/es\/\">https:\/\/euroc.org<\/a>.<\/p><p>EUROC puede cambiar esta pol\u00edtica de vez en cuando actualizando esta p\u00e1gina. Usted debe revisar esta p\u00e1gina de vez en cuando para asegurarse de que est\u00e1 satisfecho con cualquier cambio. Esta pol\u00edtica es efectiva desde el 25 de julio de 2019.<\/p><p><strong>El responsable del tratamiento de datos es<\/strong>:<\/p><p>EUROC Ltd<\/p><p>N\u00ba de empresa: 11687730<\/p><p>Direcci\u00f3n registrada:  4th Floor, 3 More London Riverside, Londres, SE1 2AQ.<\/p><p>Direcci\u00f3n de correo electr\u00f3nico: <a href=\"mailto:info@euroc.eu\">info@euroc.org<\/a><\/p><p><b>Datos personales<\/b><\/p><p>Los datos personales se definen en el Reglamento General de Protecci\u00f3n de Datos (Reglamento UE 2016\/679) (el \"RGPD\") como \"cualquier informaci\u00f3n relativa a una persona identificable que pueda ser identificada directa o indirectamente, en particular mediante un identificador\".<\/p><p>Los datos personales son, en t\u00e9rminos m\u00e1s sencillos, cualquier informaci\u00f3n sobre usted que permita identificarle. Los datos personales incluyen informaci\u00f3n obvia, como su nombre y datos de contacto, pero tambi\u00e9n informaci\u00f3n menos obvia, como n\u00fameros de identificaci\u00f3n, datos de localizaci\u00f3n electr\u00f3nica y otros identificadores en l\u00ednea.<\/p><p><b>Cookies<\/b><\/p><p>Cuando utiliza nuestro sitio web para consultar la informaci\u00f3n que ponemos a su disposici\u00f3n, se utilizan una serie de cookies propias y de terceros para permitir el funcionamiento del sitio web, recopilar informaci\u00f3n \u00fatil sobre los visitantes y contribuir a mejorar su experiencia de usuario.<\/p><p>Las cookies son peque\u00f1os archivos que se env\u00edan de ida y vuelta con las p\u00e1ginas web, que pueden utilizarse para identificar que usted ha visitado previamente un sitio, o para almacenar peque\u00f1os fragmentos de informaci\u00f3n localmente con usted.<\/p><p>Utilizamos una herramienta de Google llamada Google Analytics, que nos informa sobre el uso que hacen los usuarios de euroc.eu. Utiliza cookies para detectar cu\u00e1nto tiempo permanecen los usuarios en el sitio, qu\u00e9 p\u00e1ginas visitan, su pa\u00eds de origen y si son visitantes nuevos o recurrentes.<\/p><p>Tambi\u00e9n utilizamos botones y\/o plugins de redes sociales en este sitio que le permiten conectarse con su(s) red(es) social(es) de diversas maneras. Para que funcionen, las redes sociales instalar\u00e1n cookies a trav\u00e9s de nuestro sitio, que pueden utilizarse para mejorar su perfil en su sitio o contribuir a los datos que poseen para diversos fines descritos en sus respectivas pol\u00edticas de privacidad.<\/p><p>A veces incluimos contenidos de otros sitios en nuestro sitio, por ejemplo v\u00eddeos de YouTube. Cuando hacemos esto, YouTube puede almacenar cookies con el fin de rastrear c\u00f3mo la gente est\u00e1 viendo videos en su sitio.<\/p><p>Los miembros de EUROC pueden iniciar sesi\u00f3n en euroc.eu, y cuando lo hacen utilizamos cookies para saber que han iniciado sesi\u00f3n.<\/p><p>Utilizamos cookies para hacer un seguimiento del n\u00famero de \"aperturas\" y \"clics\" en los boletines enviados por EUROC.<\/p><p>Puede evitar la instalaci\u00f3n de cookies ajustando la configuraci\u00f3n de su navegador (consulte la Ayuda de su navegador para saber c\u00f3mo hacerlo). Tenga en cuenta que desactivar las cookies afectar\u00e1 a la funcionalidad de este y muchos otros sitios web que visite.<\/p><p>Si quieres saber m\u00e1s sobre qu\u00e9 son las cookies y c\u00f3mo controlarlas, <a href=\"http:\/\/www.aboutcookies.org\/\">www.aboutcookies.org<\/a> es un gran recurso.<\/p><p><b>Enlaces a otros sitios web y redes sociales<\/b><\/p><p>Nuestro sitio web puede contener enlaces que le permitan visitar f\u00e1cilmente otros sitios web de su inter\u00e9s. Sin embargo, una vez que haya utilizado estos enlaces para salir de nuestro sitio, debe tener en cuenta que no tenemos ning\u00fan control sobre ese otro sitio web. Por lo tanto, no podemos responsabilizarnos de la protecci\u00f3n y privacidad de la informaci\u00f3n que usted proporcione al visitar esos sitios, que no se rigen por la presente declaraci\u00f3n de privacidad. Le recomendamos que sea prudente y consulte la declaraci\u00f3n de privacidad aplicable al sitio web en cuesti\u00f3n.<\/p><p>Nuestro sitio web puede permitirle compartir informaci\u00f3n con sitios de medios sociales o utilizar sitios de medios sociales para crear su cuenta o conectar su cuenta de medios sociales. Estas redes sociales pueden proporcionarnos autom\u00e1ticamente acceso a determinada informaci\u00f3n personal que conservan sobre usted (por ejemplo, cualquier contenido que haya visto). Deber\u00eda poder gestionar su configuraci\u00f3n de privacidad desde su(s) propia(s) cuenta(s) de redes sociales de terceros para gestionar a qu\u00e9 informaci\u00f3n personal nos permite acceder desde esa cuenta.<\/p><p><b>Cuando env\u00ede una consulta por correo electr\u00f3nico<\/b><\/p><p>Las comunicaciones por correo electr\u00f3nico se almacenan y procesan en Google G Suite, alojado en el Espacio Econ\u00f3mico Europeo (EEE). La informaci\u00f3n de registro, los datos de afiliaci\u00f3n y la documentaci\u00f3n adicional de apoyo se almacenan utilizando servicios en la nube proporcionados por Dropbox.  Dropbox procesa y transmite informaci\u00f3n en Estados Unidos y en ubicaciones de todo el mundo, y los archivos tambi\u00e9n pueden almacenarse localmente en los dispositivos utilizados para acceder a los servicios de Dropbox. Dropbox participa y ha certificado su conformidad con la\u00a0<a href=\"https:\/\/www.privacyshield.gov\/welcome\">Marco del Escudo de la privacidad UE-EE.UU. y Marco del Escudo de la privacidad Suiza-EE.UU.<\/a>. Puede ver el <a href=\"https:\/\/www.dropbox.com\/privacy\">Pol\u00edtica de privacidad de Dropbox<\/a> en su p\u00e1gina web.<\/p><p><b>Informaci\u00f3n relativa \u00fanicamente a las empresas<\/b><b><br \/><\/b><\/p><p>Si act\u00faa en calidad de empresario, la informaci\u00f3n que podemos recopilar incluir\u00e1 la informaci\u00f3n necesaria para solicitar la afiliaci\u00f3n o la continuaci\u00f3n de la afiliaci\u00f3n a EUROC, y la informaci\u00f3n necesaria a efectos de facturaci\u00f3n, como el nombre y la direcci\u00f3n de la empresa registrada, el nombre y la direcci\u00f3n comercial, el n\u00famero de tel\u00e9fono, el n\u00famero de fax, la direcci\u00f3n de correo electr\u00f3nico, el n\u00famero de IVA, el nombre de la persona que cumplimenta la solicitud, el cargo en la empresa, la direcci\u00f3n de correo electr\u00f3nico y el n\u00famero de tel\u00e9fono.<\/p><p>Adem\u00e1s, cuando act\u00fae en calidad de empresa, podremos utilizar sus datos con fines leg\u00edtimos de marketing si creemos que nuestros servicios pueden interesarle. Puede pedirnos que no utilicemos sus datos personales con fines comerciales. Puede hacerlo marcando determinadas casillas en los formularios que utilicemos para recabar sus datos y en los correos electr\u00f3nicos comerciales que le enviemos. Tambi\u00e9n puede pedirnos que dejemos de enviarle informaci\u00f3n comercial en cualquier momento poni\u00e9ndose en contacto con nosotros.<\/p><p><b>Motivos por los que podemos utilizar sus datos personales<\/b><\/p><p>S\u00f3lo utilizaremos sus datos personales cuando se den una o varias de las circunstancias siguientes:<\/p><ol><li>Usted ha dado su consentimiento para el uso (que puede retirar en cualquier momento notific\u00e1ndonoslo), o bien<\/li><li>Es necesaria para celebrar o ejecutar un contrato entre nosotros, o<\/li><li>Es necesario para el cumplimiento de una obligaci\u00f3n legal a la que estamos sujetos, o<\/li><li>Es necesario para proteger su inter\u00e9s vital o el de otra persona.<\/li><li>Es necesario para que podamos perseguir nuestros intereses leg\u00edtimos, como la comercializaci\u00f3n de nuestros servicios en las circunstancias apropiadas, por ejemplo, cuando usted ha utilizado nuestros servicios y no se ha opuesto a recibir informaci\u00f3n sobre otros servicios de naturaleza similar, o cuando hace uso de nuestro servicio de resoluci\u00f3n alternativa de litigios.<\/li><\/ol><p><b>Sus derechos como interesado<\/b><\/p><p>Por ley, puede preguntarnos qu\u00e9 informaci\u00f3n tenemos sobre usted (lo que suele denominarse solicitud de acceso del interesado), y puede pedirnos que la corrijamos si es inexacta.<\/p><p>Si le hemos pedido su consentimiento para tratar sus datos personales, puede retirarlo en cualquier momento.<\/p><p>Si estamos tratando sus datos personales por razones de consentimiento o inter\u00e9s leg\u00edtimo, puede solicitar que se borren sus datos.<\/p><p>Puede solicitar que le entreguemos los datos personales que tenemos sobre usted, o (cuando sea t\u00e9cnicamente factible) a un tercero que usted haya elegido, en un formato de uso com\u00fan legible por m\u00e1quina.<\/p><p>Tiene derecho a presentar una reclamaci\u00f3n ante la autoridad de control competente en materia de protecci\u00f3n de datos (por ejemplo, en el Reino Unido, la Oficina del Comisario de Informaci\u00f3n. Las personas residentes en otros pa\u00edses de la UE tienen derecho a reclamar ante su propia autoridad de control).<\/p><p>Tenga en cuenta que estos derechos no est\u00e1n disponibles para todo el mundo en todo momento.<\/p><p>EUROC puede solicitar una prueba de identidad (como un pasaporte o permiso de conducir) para garantizar que estamos proporcionando la informaci\u00f3n personal correcta a la persona correcta.<\/p><p>Aunque EUROC tiene que atender una solicitud suya para ejercer sus derechos en el plazo de un mes, EUROC puede tener derecho a responder m\u00e1s tarde si la solicitud es especialmente compleja o se ha presentado m\u00e1s de una solicitud. En caso de que sea necesaria una pr\u00f3rroga, EUROC le mantendr\u00e1 informado durante todo el proceso.<\/p><p>Tenga en cuenta que, aunque EUROC no puede cobrar honorarios por atender una solicitud suya, puede hacerlo si la solicitud es claramente infundada, repetitiva o excesiva; alternativamente, EUROC puede negarse a atender la solicitud por este motivo.<\/p><p>Para presentar una solicitud relativa a sus datos personales, p\u00f3ngase en contacto con nosotros en: <a href=\"mailto:info@euroc.org\"><strong>info@euroc.org<\/strong><\/a><\/p>\t\t\t\t\t\t<\/div>\n\t\t\t\t<\/div>\n\t\t\t\t\t<\/div>\n\t\t<\/div>\n\t\t\t\t\t<\/div>\n\t\t<\/section>\n\t\t\t\t<\/div>","protected":false},"excerpt":{"rendered":"<p>Pol\u00edtica de privacidad Privacidad - Nuestro compromiso EUROC se compromete a garantizar la protecci\u00f3n de su privacidad. Cualquier informaci\u00f3n que nos proporcione y que permita identificarle cuando utilice nuestro sitio web s\u00f3lo se utilizar\u00e1 de acuerdo con esta declaraci\u00f3n de privacidad. Esta pol\u00edtica de privacidad se aplica a su uso de nuestro sitio web https:\/\/euroc.org. EUROC puede cambiar [...]<\/p>","protected":false},"author":3,"featured_media":0,"parent":0,"menu_order":0,"comment_status":"closed","ping_status":"closed","template":"","meta":{"om_disable_all_campaigns":false,"_monsterinsights_skip_tracking":false,"_monsterinsights_sitenote_active":false,"_monsterinsights_sitenote_note":"","_monsterinsights_sitenote_category":0,"_uf_show_specific_survey":0,"_uf_disable_surveys":false,"footnotes":""},"class_list":["post-94","page","type-page","status-publish","hentry"],"aioseo_notices":[],"yoast_head":"<!-- This site is optimized with the Yoast SEO plugin v24.0 - https:\/\/yoast.com\/wordpress\/plugins\/seo\/ -->\n<title>Privacy Policy - EUROC Europe<\/title>\n<meta name=\"robots\" content=\"index, follow, max-snippet:-1, max-image-preview:large, max-video-preview:-1\" \/>\n<link rel=\"canonical\" href=\"https:\/\/euroc.org\/es\/politica-sulla-privacy\/\" \/>\n<meta property=\"og:locale\" content=\"es_ES\" \/>\n<meta property=\"og:type\" content=\"article\" \/>\n<meta property=\"og:title\" content=\"Privacy Policy - EUROC Europe\" \/>\n<meta property=\"og:description\" content=\"Privacy Policy Privacy \u2013 Our Commitment\u00a0 EUROC is committed to ensuring that your privacy is protected. Any information that you provide by which you can be identified when using our website will only be used in accordance with this privacy statement. This privacy policy applies to your use of our website https:\/\/euroc.org. EUROC may change [&hellip;]\" \/>\n<meta property=\"og:url\" content=\"https:\/\/euroc.org\/es\/politica-sulla-privacy\/\" \/>\n<meta property=\"og:site_name\" content=\"EUROC Europe\" \/>\n<meta property=\"article:modified_time\" content=\"2023-09-19T14:25:19+00:00\" \/>\n<meta name=\"twitter:card\" content=\"summary_large_image\" \/>\n<meta name=\"twitter:label1\" content=\"Tiempo de lectura\" \/>\n\t<meta name=\"twitter:data1\" content=\"7 minutos\" \/>\n<script type=\"application\/ld+json\" class=\"yoast-schema-graph\">{\"@context\":\"https:\/\/schema.org\",\"@graph\":[{\"@type\":\"WebPage\",\"@id\":\"https:\/\/euroc.org\/it\/politica-sulla-privacy\/\",\"url\":\"https:\/\/euroc.org\/it\/politica-sulla-privacy\/\",\"name\":\"Privacy Policy - EUROC Europe\",\"isPartOf\":{\"@id\":\"https:\/\/euroc.org\/#website\"},\"datePublished\":\"2023-09-19T14:24:08+00:00\",\"dateModified\":\"2023-09-19T14:25:19+00:00\",\"breadcrumb\":{\"@id\":\"https:\/\/euroc.org\/it\/politica-sulla-privacy\/#breadcrumb\"},\"inLanguage\":\"es\",\"potentialAction\":[{\"@type\":\"ReadAction\",\"target\":[\"https:\/\/euroc.org\/it\/politica-sulla-privacy\/\"]}]},{\"@type\":\"BreadcrumbList\",\"@id\":\"https:\/\/euroc.org\/it\/politica-sulla-privacy\/#breadcrumb\",\"itemListElement\":[{\"@type\":\"ListItem\",\"position\":1,\"name\":\"Home\",\"item\":\"https:\/\/euroc.org\/\"},{\"@type\":\"ListItem\",\"position\":2,\"name\":\"Privacy Policy\"}]},{\"@type\":\"WebSite\",\"@id\":\"https:\/\/euroc.org\/#website\",\"url\":\"https:\/\/euroc.org\/\",\"name\":\"EUROC Europe\",\"description\":\"European Resort Owners Coalition\",\"publisher\":{\"@id\":\"https:\/\/euroc.org\/#organization\"},\"potentialAction\":[{\"@type\":\"SearchAction\",\"target\":{\"@type\":\"EntryPoint\",\"urlTemplate\":\"https:\/\/euroc.org\/?s={search_term_string}\"},\"query-input\":{\"@type\":\"PropertyValueSpecification\",\"valueRequired\":true,\"valueName\":\"search_term_string\"}}],\"inLanguage\":\"es\"},{\"@type\":\"Organization\",\"@id\":\"https:\/\/euroc.org\/#organization\",\"name\":\"EUROC Europe\",\"url\":\"https:\/\/euroc.org\/\",\"logo\":{\"@type\":\"ImageObject\",\"inLanguage\":\"es\",\"@id\":\"https:\/\/euroc.org\/#\/schema\/logo\/image\/\",\"url\":\"https:\/\/euroc.org\/wp-content\/uploads\/2023\/10\/cropped-EUROC-Final-Logo-colours-1.png\",\"contentUrl\":\"https:\/\/euroc.org\/wp-content\/uploads\/2023\/10\/cropped-EUROC-Final-Logo-colours-1.png\",\"width\":1561,\"height\":650,\"caption\":\"EUROC Europe\"},\"image\":{\"@id\":\"https:\/\/euroc.org\/#\/schema\/logo\/image\/\"}}]}<\/script>\n<!-- \/ Yoast SEO plugin. -->","yoast_head_json":{"title":"Privacy Policy - EUROC Europe","robots":{"index":"index","follow":"follow","max-snippet":"max-snippet:-1","max-image-preview":"max-image-preview:large","max-video-preview":"max-video-preview:-1"},"canonical":"https:\/\/euroc.org\/es\/politica-sulla-privacy\/","og_locale":"es_ES","og_type":"article","og_title":"Privacy Policy - EUROC Europe","og_description":"Privacy Policy Privacy \u2013 Our Commitment\u00a0 EUROC is committed to ensuring that your privacy is protected. Any information that you provide by which you can be identified when using our website will only be used in accordance with this privacy statement. This privacy policy applies to your use of our website https:\/\/euroc.org. EUROC may change [&hellip;]","og_url":"https:\/\/euroc.org\/es\/politica-sulla-privacy\/","og_site_name":"EUROC Europe","article_modified_time":"2023-09-19T14:25:19+00:00","twitter_card":"summary_large_image","twitter_misc":{"Tiempo de lectura":"7 minutos"},"schema":{"@context":"https:\/\/schema.org","@graph":[{"@type":"WebPage","@id":"https:\/\/euroc.org\/it\/politica-sulla-privacy\/","url":"https:\/\/euroc.org\/it\/politica-sulla-privacy\/","name":"Privacy Policy - EUROC Europe","isPartOf":{"@id":"https:\/\/euroc.org\/#website"},"datePublished":"2023-09-19T14:24:08+00:00","dateModified":"2023-09-19T14:25:19+00:00","breadcrumb":{"@id":"https:\/\/euroc.org\/it\/politica-sulla-privacy\/#breadcrumb"},"inLanguage":"es","potentialAction":[{"@type":"ReadAction","target":["https:\/\/euroc.org\/it\/politica-sulla-privacy\/"]}]},{"@type":"BreadcrumbList","@id":"https:\/\/euroc.org\/it\/politica-sulla-privacy\/#breadcrumb","itemListElement":[{"@type":"ListItem","position":1,"name":"Home","item":"https:\/\/euroc.org\/"},{"@type":"ListItem","position":2,"name":"Privacy Policy"}]},{"@type":"WebSite","@id":"https:\/\/euroc.org\/#website","url":"https:\/\/euroc.org\/","name":"EUROC Europe","description":"European Resort Owners Coalition","publisher":{"@id":"https:\/\/euroc.org\/#organization"},"potentialAction":[{"@type":"SearchAction","target":{"@type":"EntryPoint","urlTemplate":"https:\/\/euroc.org\/?s={search_term_string}"},"query-input":{"@type":"PropertyValueSpecification","valueRequired":true,"valueName":"search_term_string"}}],"inLanguage":"es"},{"@type":"Organization","@id":"https:\/\/euroc.org\/#organization","name":"EUROC Europe","url":"https:\/\/euroc.org\/","logo":{"@type":"ImageObject","inLanguage":"es","@id":"https:\/\/euroc.org\/#\/schema\/logo\/image\/","url":"https:\/\/euroc.org\/wp-content\/uploads\/2023\/10\/cropped-EUROC-Final-Logo-colours-1.png","contentUrl":"https:\/\/euroc.org\/wp-content\/uploads\/2023\/10\/cropped-EUROC-Final-Logo-colours-1.png","width":1561,"height":650,"caption":"EUROC Europe"},"image":{"@id":"https:\/\/euroc.org\/#\/schema\/logo\/image\/"}}]}},"_links":{"self":[{"href":"https:\/\/euroc.org\/es\/wp-json\/wp\/v2\/pages\/94","targetHints":{"allow":["GET"]}}],"collection":[{"href":"https:\/\/euroc.org\/es\/wp-json\/wp\/v2\/pages"}],"about":[{"href":"https:\/\/euroc.org\/es\/wp-json\/wp\/v2\/types\/page"}],"author":[{"embeddable":true,"href":"https:\/\/euroc.org\/es\/wp-json\/wp\/v2\/users\/3"}],"replies":[{"embeddable":true,"href":"https:\/\/euroc.org\/es\/wp-json\/wp\/v2\/comments?post=94"}],"version-history":[{"count":4,"href":"https:\/\/euroc.org\/es\/wp-json\/wp\/v2\/pages\/94\/revisions"}],"predecessor-version":[{"id":98,"href":"https:\/\/euroc.org\/es\/wp-json\/wp\/v2\/pages\/94\/revisions\/98"}],"wp:attachment":[{"href":"https:\/\/euroc.org\/es\/wp-json\/wp\/v2\/media?parent=94"}],"curies":[{"name":"wp","href":"https:\/\/api.w.org\/{rel}","templated":true}]}}