{"id":73,"date":"2023-09-19T14:14:29","date_gmt":"2023-09-19T14:14:29","guid":{"rendered":"https:\/\/euroctimesharesupporthub.com\/?page_id=73"},"modified":"2025-09-29T15:07:19","modified_gmt":"2025-09-29T15:07:19","slug":"about-euroc","status":"publish","type":"page","link":"https:\/\/euroc.org\/es\/sobre-euroc\/","title":{"rendered":"Acerca de EUROC"},"content":{"rendered":"<div data-elementor-type=\"wp-page\" data-elementor-id=\"73\" class=\"elementor elementor-73\" data-elementor-post-type=\"page\">\n\t\t\t\t\t\t<section class=\"elementor-section elementor-top-section elementor-element elementor-element-c3d4b84 elementor-section-full_width elementor-section-height-min-height elementor-section-stretched elementor-section-height-default elementor-section-items-middle\" data-id=\"c3d4b84\" data-element_type=\"section\" data-settings=\"{&quot;stretch_section&quot;:&quot;section-stretched&quot;,&quot;background_background&quot;:&quot;classic&quot;}\">\n\t\t\t\t\t\t\t<div class=\"elementor-background-overlay\"><\/div>\n\t\t\t\t\t\t\t<div class=\"elementor-container elementor-column-gap-default\">\n\t\t\t\t\t<div class=\"elementor-column elementor-col-100 elementor-top-column elementor-element elementor-element-2290718\" data-id=\"2290718\" data-element_type=\"column\">\n\t\t\t<div class=\"elementor-widget-wrap elementor-element-populated\">\n\t\t\t\t\t\t<div class=\"elementor-element elementor-element-e4229c0 elementor-widget elementor-widget-heading\" data-id=\"e4229c0\" data-element_type=\"widget\" data-widget_type=\"heading.default\">\n\t\t\t\t<div class=\"elementor-widget-container\">\n\t\t\t<h1 class=\"elementor-heading-title elementor-size-xxl\">Acerca de<\/h1>\t\t<\/div>\n\t\t\t\t<\/div>\n\t\t\t\t<div class=\"elementor-element elementor-element-bc30f88 elementor-widget elementor-widget-heading\" data-id=\"bc30f88\" data-element_type=\"widget\" data-widget_type=\"heading.default\">\n\t\t\t\t<div class=\"elementor-widget-container\">\n\t\t\t<h1 class=\"elementor-heading-title elementor-size-xxl\">EUROC<\/h1>\t\t<\/div>\n\t\t\t\t<\/div>\n\t\t\t\t\t<\/div>\n\t\t<\/div>\n\t\t\t\t\t<\/div>\n\t\t<\/section>\n\t\t\t\t<section class=\"elementor-section elementor-top-section elementor-element elementor-element-c033de6 elementor-section-boxed elementor-section-height-default elementor-section-height-default\" data-id=\"c033de6\" data-element_type=\"section\">\n\t\t\t\t\t\t<div class=\"elementor-container elementor-column-gap-default\">\n\t\t\t\t\t<div class=\"elementor-column elementor-col-100 elementor-top-column elementor-element elementor-element-e8370fa\" data-id=\"e8370fa\" data-element_type=\"column\">\n\t\t\t<div class=\"elementor-widget-wrap elementor-element-populated\">\n\t\t\t\t\t\t<div class=\"elementor-element elementor-element-aee0fff elementor-widget elementor-widget-text-editor\" data-id=\"aee0fff\" data-element_type=\"widget\" data-widget_type=\"text-editor.default\">\n\t\t\t\t<div class=\"elementor-widget-container\">\n\t\t\t\t\t\t\t<p>EUROC es la asociaci\u00f3n oficial, independiente y sin \u00e1nimo de lucro de tiempo compartido que sigue trabajando codo con codo con los propietarios de tiempo compartido, los representantes de los comit\u00e9s de propietarios y los equipos de gesti\u00f3n de complejos de tiempo compartido de clubes y complejos de toda Europa.<\/p><p>Juntos, forman una alianza de personas con ideas afines que tienen el mismo objetivo, deber y compromiso de preservar, proteger y mejorar el mundo de la propiedad del tiempo compartido.<\/p><p>El objetivo principal de EUROC es proporcionar una plataforma y una red s\u00f3lida para que los representantes de los clubes y complejos de tiempo compartido europeos se re\u00fanan -con una voz unificada para el sector de la propiedad en r\u00e9gimen de tiempo compartido- para compartir ideas, buenas pr\u00e1cticas y explorar soluciones para los problemas actuales y futuros que afectan a los propietarios de tiempo compartido y a sus clubes.<\/p><p>La organizaci\u00f3n es proactiva en su planteamiento, buscando soluciones y abogando por resultados positivos antes de que puedan repercutir en los propietarios de tiempo compartido y sus clubes.<\/p><p><b>Algunas de las \u00e1reas en las que EUROC centra su atenci\u00f3n son:<\/b><\/p><ul><li aria-level=\"1\">Promover las mejores pr\u00e1cticas entre la comunidad de propietarios de tiempo compartido.<\/li><li aria-level=\"1\">Proporcionar un \"Centro de Asesoramiento al Propietario\" y actuar como fuente leg\u00edtima de informaci\u00f3n y apoyo para los propietarios de tiempo compartido\".<\/li><li aria-level=\"1\">Consultor\u00eda y apoyo a funcionarios gubernamentales y organismos de consumidores en asuntos que afectan a la propiedad del tiempo compartido.<\/li><li aria-level=\"1\">EUROC proporciona a sus miembros conexiones y una s\u00f3lida red con clubes de tiempo compartido y profesionales del sector afines.<\/li><li aria-level=\"1\">Proteger a los propietarios de tiempo compartido a trav\u00e9s de su c\u00f3digo de conducta.<\/li><li aria-level=\"1\">Sensibilizar sobre las pr\u00e1cticas fraudulentas que afectan a los propietarios de tiempo compartido.<\/li><\/ul>\t\t\t\t\t\t<\/div>\n\t\t\t\t<\/div>\n\t\t\t\t<div class=\"elementor-element elementor-element-07de1aa elementor-widget elementor-widget-heading\" data-id=\"07de1aa\" data-element_type=\"widget\" data-widget_type=\"heading.default\">\n\t\t\t\t<div class=\"elementor-widget-container\">\n\t\t\t<h2 class=\"elementor-heading-title elementor-size-default\">Consejo de Administraci\u00f3n de EUROC<\/h2>\t\t<\/div>\n\t\t\t\t<\/div>\n\t\t\t\t<div class=\"elementor-element elementor-element-4623967 elementor-widget elementor-widget-text-editor\" data-id=\"4623967\" data-element_type=\"widget\" data-widget_type=\"text-editor.default\">\n\t\t\t\t<div class=\"elementor-widget-container\">\n\t\t\t\t\t\t\t<div class=\"elementor-element elementor-element-e4c8ae1 elementor-widget elementor-widget-text-editor\" data-id=\"e4c8ae1\" data-element_type=\"widget\" data-widget_type=\"text-editor.default\"><div class=\"elementor-widget-container\"><p>Se acord\u00f3 que el Consejo de EUROC ser\u00e1 un \u00f3rgano electo y estar\u00e1 compuesto por un m\u00e1ximo de nueve directores. Cada director dona su tiempo y sus esfuerzos a EUROC de forma voluntaria y no remunerada. La mayor\u00eda de los directores de EUROC son propietarios de tiempo compartido que tambi\u00e9n son miembros del comit\u00e9 representantes de clubes y complejos de tiempo compartido de toda Europa.<\/p><p><b>La estructura del consejo de EUROC garantiza:<\/b><\/p><ul><li aria-level=\"1\">Que los intereses de los propietarios de tiempo compartido y sus clubes sean el centro de atenci\u00f3n de la organizaci\u00f3n.<\/li><li aria-level=\"1\">Los propietarios de EUROC y las Asociaciones de Propietarios disponen de una amplia experiencia en materia de propiedad en r\u00e9gimen de tiempo compartido y de competencias profesionales.<\/li><li aria-level=\"1\">En el consejo est\u00e1n representados un amplio espectro de propietarios de tiempo compartido y de experiencia operativa, incluidos clubes totalmente independientes, complejos gestionados por sus propietarios, clubes basados en puntos y complejos de promotores.<\/li><\/ul><\/div><\/div>\t\t\t\t\t\t<\/div>\n\t\t\t\t<\/div>\n\t\t\t\t<div class=\"elementor-element elementor-element-44f5f0a elementor-widget elementor-widget-heading\" data-id=\"44f5f0a\" data-element_type=\"widget\" data-widget_type=\"heading.default\">\n\t\t\t\t<div class=\"elementor-widget-container\">\n\t\t\t<h2 class=\"elementor-heading-title elementor-size-default\">Miembros actuales del Consejo<\/h2>\t\t<\/div>\n\t\t\t\t<\/div>\n\t\t\t\t<div class=\"elementor-element elementor-element-4960b10 elementor-widget elementor-widget-text-editor\" data-id=\"4960b10\" data-element_type=\"widget\" data-widget_type=\"text-editor.default\">\n\t\t\t\t<div class=\"elementor-widget-container\">\n\t\t\t\t\t\t\t<div class=\"elementor-element elementor-element-592a3b0 elementor-widget elementor-widget-text-editor\" data-id=\"592a3b0\" data-element_type=\"widget\" data-widget_type=\"text-editor.default\"><div class=\"elementor-widget-container\"><p><b>Bill Johnston (Presidente)<\/b> - Propietario del Club de Propietarios de Cameron Lodges.<\/p><p><b>Michael Coletta<\/b>\u00a0<b>(Vicepresidente)<\/b>\u00a0- Propietario de Coylumbridge Highland Lodges y Director Gerente de The Langdale Estate.<\/p><p><b>Sue Barnett<\/b>\u00a0- Miembro de la Diamond Resorts European Points Collection.<\/p><p><b>John Davey<\/b>\u00a0- Propietario en Alpine Club, Austria.<\/p><p><b>Des Pitman - <\/b>Director General de los Apartamentos Osborne.<\/p><p><strong>Kevin Riley -<\/strong>\u00a0ARDA-ROC.<\/p><p><strong>Peter Drury - <\/strong>Propietario<strong>\u00a0<\/strong>en<strong>\u00a0<\/strong>Club de propietarios de Craigendarroch<\/p><p><strong>Silke Pothoff - <\/strong>Propietario en<strong>\u00a0<\/strong>Club de Marriott son Antem<\/p><\/div><\/div>\t\t\t\t\t\t<\/div>\n\t\t\t\t<\/div>\n\t\t\t\t\t<\/div>\n\t\t<\/div>\n\t\t\t\t\t<\/div>\n\t\t<\/section>\n\t\t\t\t<\/div>","protected":false},"excerpt":{"rendered":"<p>Acerca de EUROC EUROC es la asociaci\u00f3n de tiempo compartido oficial, independiente y sin \u00e1nimo de lucro que contin\u00faa codo con codo con los propietarios de tiempo compartido, los representantes de los comit\u00e9s de propietarios y los equipos de gesti\u00f3n de los clubes y complejos de tiempo compartido de toda Europa. Juntos, forman una alianza de personas con ideas afines que tienen el mismo objetivo, deber y compromiso de preservar, proteger y mejorar la [...].<\/p>","protected":false},"author":3,"featured_media":0,"parent":0,"menu_order":0,"comment_status":"closed","ping_status":"closed","template":"","meta":{"om_disable_all_campaigns":false,"_monsterinsights_skip_tracking":false,"_monsterinsights_sitenote_active":false,"_monsterinsights_sitenote_note":"","_monsterinsights_sitenote_category":0,"_uf_show_specific_survey":0,"_uf_disable_surveys":false,"footnotes":""},"class_list":["post-73","page","type-page","status-publish","hentry"],"aioseo_notices":[],"yoast_head":"<!-- This site is optimized with the Yoast SEO plugin v24.0 - https:\/\/yoast.com\/wordpress\/plugins\/seo\/ -->\n<title>About EUROC - EUROC Europe<\/title>\n<meta name=\"robots\" content=\"index, follow, max-snippet:-1, max-image-preview:large, max-video-preview:-1\" \/>\n<link rel=\"canonical\" href=\"https:\/\/euroc.org\/es\/about-euroc\/\" \/>\n<meta property=\"og:locale\" content=\"es_ES\" \/>\n<meta property=\"og:type\" content=\"article\" \/>\n<meta property=\"og:title\" content=\"About EUROC - EUROC Europe\" \/>\n<meta property=\"og:description\" content=\"About EUROC EUROC is the official, independent, non-profit timeshare association that continues to stand side-by-side with timeshare owners, owner committee representatives and resort management teams from timeshare clubs and resorts around Europe. Together, they form an alliance of likeminded people who all have the same goal, duty and commitment towards preserving, protecting and enhancing the [&hellip;]\" \/>\n<meta property=\"og:url\" content=\"https:\/\/euroc.org\/es\/about-euroc\/\" \/>\n<meta property=\"og:site_name\" content=\"EUROC Europe\" \/>\n<meta property=\"article:modified_time\" content=\"2025-09-29T15:07:19+00:00\" \/>\n<meta name=\"twitter:card\" content=\"summary_large_image\" \/>\n<meta name=\"twitter:label1\" content=\"Tiempo de lectura\" \/>\n\t<meta name=\"twitter:data1\" content=\"3 minutos\" \/>\n<script type=\"application\/ld+json\" class=\"yoast-schema-graph\">{\"@context\":\"https:\/\/schema.org\",\"@graph\":[{\"@type\":\"WebPage\",\"@id\":\"https:\/\/euroc.org\/about-euroc\/\",\"url\":\"https:\/\/euroc.org\/about-euroc\/\",\"name\":\"About EUROC - EUROC Europe\",\"isPartOf\":{\"@id\":\"https:\/\/euroc.org\/#website\"},\"datePublished\":\"2023-09-19T14:14:29+00:00\",\"dateModified\":\"2025-09-29T15:07:19+00:00\",\"breadcrumb\":{\"@id\":\"https:\/\/euroc.org\/about-euroc\/#breadcrumb\"},\"inLanguage\":\"es\",\"potentialAction\":[{\"@type\":\"ReadAction\",\"target\":[\"https:\/\/euroc.org\/about-euroc\/\"]}]},{\"@type\":\"BreadcrumbList\",\"@id\":\"https:\/\/euroc.org\/about-euroc\/#breadcrumb\",\"itemListElement\":[{\"@type\":\"ListItem\",\"position\":1,\"name\":\"Home\",\"item\":\"https:\/\/euroc.org\/\"},{\"@type\":\"ListItem\",\"position\":2,\"name\":\"About EUROC\"}]},{\"@type\":\"WebSite\",\"@id\":\"https:\/\/euroc.org\/#website\",\"url\":\"https:\/\/euroc.org\/\",\"name\":\"EUROC Europe\",\"description\":\"European Resort Owners Coalition\",\"publisher\":{\"@id\":\"https:\/\/euroc.org\/#organization\"},\"potentialAction\":[{\"@type\":\"SearchAction\",\"target\":{\"@type\":\"EntryPoint\",\"urlTemplate\":\"https:\/\/euroc.org\/?s={search_term_string}\"},\"query-input\":{\"@type\":\"PropertyValueSpecification\",\"valueRequired\":true,\"valueName\":\"search_term_string\"}}],\"inLanguage\":\"es\"},{\"@type\":\"Organization\",\"@id\":\"https:\/\/euroc.org\/#organization\",\"name\":\"EUROC Europe\",\"url\":\"https:\/\/euroc.org\/\",\"logo\":{\"@type\":\"ImageObject\",\"inLanguage\":\"es\",\"@id\":\"https:\/\/euroc.org\/#\/schema\/logo\/image\/\",\"url\":\"https:\/\/euroc.org\/wp-content\/uploads\/2023\/10\/cropped-EUROC-Final-Logo-colours-1.png\",\"contentUrl\":\"https:\/\/euroc.org\/wp-content\/uploads\/2023\/10\/cropped-EUROC-Final-Logo-colours-1.png\",\"width\":1561,\"height\":650,\"caption\":\"EUROC Europe\"},\"image\":{\"@id\":\"https:\/\/euroc.org\/#\/schema\/logo\/image\/\"}}]}<\/script>\n<!-- \/ Yoast SEO plugin. -->","yoast_head_json":{"title":"About EUROC - EUROC Europe","robots":{"index":"index","follow":"follow","max-snippet":"max-snippet:-1","max-image-preview":"max-image-preview:large","max-video-preview":"max-video-preview:-1"},"canonical":"https:\/\/euroc.org\/es\/about-euroc\/","og_locale":"es_ES","og_type":"article","og_title":"About EUROC - EUROC Europe","og_description":"About EUROC EUROC is the official, independent, non-profit timeshare association that continues to stand side-by-side with timeshare owners, owner committee representatives and resort management teams from timeshare clubs and resorts around Europe. Together, they form an alliance of likeminded people who all have the same goal, duty and commitment towards preserving, protecting and enhancing the [&hellip;]","og_url":"https:\/\/euroc.org\/es\/about-euroc\/","og_site_name":"EUROC Europe","article_modified_time":"2025-09-29T15:07:19+00:00","twitter_card":"summary_large_image","twitter_misc":{"Tiempo de lectura":"3 minutos"},"schema":{"@context":"https:\/\/schema.org","@graph":[{"@type":"WebPage","@id":"https:\/\/euroc.org\/about-euroc\/","url":"https:\/\/euroc.org\/about-euroc\/","name":"About EUROC - EUROC Europe","isPartOf":{"@id":"https:\/\/euroc.org\/#website"},"datePublished":"2023-09-19T14:14:29+00:00","dateModified":"2025-09-29T15:07:19+00:00","breadcrumb":{"@id":"https:\/\/euroc.org\/about-euroc\/#breadcrumb"},"inLanguage":"es","potentialAction":[{"@type":"ReadAction","target":["https:\/\/euroc.org\/about-euroc\/"]}]},{"@type":"BreadcrumbList","@id":"https:\/\/euroc.org\/about-euroc\/#breadcrumb","itemListElement":[{"@type":"ListItem","position":1,"name":"Home","item":"https:\/\/euroc.org\/"},{"@type":"ListItem","position":2,"name":"About EUROC"}]},{"@type":"WebSite","@id":"https:\/\/euroc.org\/#website","url":"https:\/\/euroc.org\/","name":"EUROC Europe","description":"European Resort Owners Coalition","publisher":{"@id":"https:\/\/euroc.org\/#organization"},"potentialAction":[{"@type":"SearchAction","target":{"@type":"EntryPoint","urlTemplate":"https:\/\/euroc.org\/?s={search_term_string}"},"query-input":{"@type":"PropertyValueSpecification","valueRequired":true,"valueName":"search_term_string"}}],"inLanguage":"es"},{"@type":"Organization","@id":"https:\/\/euroc.org\/#organization","name":"EUROC Europe","url":"https:\/\/euroc.org\/","logo":{"@type":"ImageObject","inLanguage":"es","@id":"https:\/\/euroc.org\/#\/schema\/logo\/image\/","url":"https:\/\/euroc.org\/wp-content\/uploads\/2023\/10\/cropped-EUROC-Final-Logo-colours-1.png","contentUrl":"https:\/\/euroc.org\/wp-content\/uploads\/2023\/10\/cropped-EUROC-Final-Logo-colours-1.png","width":1561,"height":650,"caption":"EUROC Europe"},"image":{"@id":"https:\/\/euroc.org\/#\/schema\/logo\/image\/"}}]}},"_links":{"self":[{"href":"https:\/\/euroc.org\/es\/wp-json\/wp\/v2\/pages\/73","targetHints":{"allow":["GET"]}}],"collection":[{"href":"https:\/\/euroc.org\/es\/wp-json\/wp\/v2\/pages"}],"about":[{"href":"https:\/\/euroc.org\/es\/wp-json\/wp\/v2\/types\/page"}],"author":[{"embeddable":true,"href":"https:\/\/euroc.org\/es\/wp-json\/wp\/v2\/users\/3"}],"replies":[{"embeddable":true,"href":"https:\/\/euroc.org\/es\/wp-json\/wp\/v2\/comments?post=73"}],"version-history":[{"count":32,"href":"https:\/\/euroc.org\/es\/wp-json\/wp\/v2\/pages\/73\/revisions"}],"predecessor-version":[{"id":5417,"href":"https:\/\/euroc.org\/es\/wp-json\/wp\/v2\/pages\/73\/revisions\/5417"}],"wp:attachment":[{"href":"https:\/\/euroc.org\/es\/wp-json\/wp\/v2\/media?parent=73"}],"curies":[{"name":"wp","href":"https:\/\/api.w.org\/{rel}","templated":true}]}}