{"id":4858,"date":"2024-04-24T08:57:25","date_gmt":"2024-04-24T08:57:25","guid":{"rendered":"https:\/\/euroctimesharesupporthub.com\/?page_id=4858"},"modified":"2024-05-21T06:42:52","modified_gmt":"2024-05-21T06:42:52","slug":"avoidscams","status":"publish","type":"page","link":"https:\/\/euroc.org\/es\/avoidscams\/","title":{"rendered":"C\u00f3mo evitar las estafas"},"content":{"rendered":"<div data-elementor-type=\"wp-page\" data-elementor-id=\"4858\" class=\"elementor elementor-4858\" data-elementor-post-type=\"page\">\n\t\t\t\t\t\t<section class=\"elementor-section elementor-top-section elementor-element elementor-element-4082363 elementor-section-boxed elementor-section-height-default elementor-section-height-default\" data-id=\"4082363\" data-element_type=\"section\">\n\t\t\t\t\t\t<div class=\"elementor-container elementor-column-gap-default\">\n\t\t\t\t\t<div class=\"elementor-column elementor-col-50 elementor-top-column elementor-element elementor-element-57bb060\" data-id=\"57bb060\" data-element_type=\"column\">\n\t\t\t<div class=\"elementor-widget-wrap elementor-element-populated\">\n\t\t\t\t\t\t<div class=\"elementor-element elementor-element-a881808 elementor-widget elementor-widget-image\" data-id=\"a881808\" data-element_type=\"widget\" data-widget_type=\"image.default\">\n\t\t\t\t<div class=\"elementor-widget-container\">\n\t\t\t\t\t\t\t\t\t\t\t\t\t<img fetchpriority=\"high\" decoding=\"async\" width=\"768\" height=\"1086\" src=\"https:\/\/euroc.org\/wp-content\/uploads\/2024\/04\/EUROC-scammers-guide-1-768x1086.png\" class=\"attachment-medium_large size-medium_large wp-image-4860\" alt=\"\" srcset=\"https:\/\/euroc.org\/wp-content\/uploads\/2024\/04\/EUROC-scammers-guide-1-768x1086.png 768w, https:\/\/euroc.org\/wp-content\/uploads\/2024\/04\/EUROC-scammers-guide-1-212x300.png 212w, https:\/\/euroc.org\/wp-content\/uploads\/2024\/04\/EUROC-scammers-guide-1-724x1024.png 724w, https:\/\/euroc.org\/wp-content\/uploads\/2024\/04\/EUROC-scammers-guide-1-1086x1536.png 1086w, https:\/\/euroc.org\/wp-content\/uploads\/2024\/04\/EUROC-scammers-guide-1-8x12.png 8w, https:\/\/euroc.org\/wp-content\/uploads\/2024\/04\/EUROC-scammers-guide-1.png 1414w\" sizes=\"(max-width: 768px) 100vw, 768px\" \/>\t\t\t\t\t\t\t\t\t\t\t\t\t<\/div>\n\t\t\t\t<\/div>\n\t\t\t\t\t<\/div>\n\t\t<\/div>\n\t\t\t\t<div class=\"elementor-column elementor-col-50 elementor-top-column elementor-element elementor-element-173922d\" data-id=\"173922d\" data-element_type=\"column\">\n\t\t\t<div class=\"elementor-widget-wrap elementor-element-populated\">\n\t\t\t\t\t\t<div class=\"elementor-element elementor-element-e762df0 elementor-widget elementor-widget-text-editor\" data-id=\"e762df0\" data-element_type=\"widget\" data-widget_type=\"text-editor.default\">\n\t\t\t\t<div class=\"elementor-widget-container\">\n\t\t\t\t\t\t\t<p>Este folleto proporciona una lista \u00fatil de los organismos reguladores del Reino Unido, y ofrece algunos consejos sobre c\u00f3mo evitar y comunicarse con empresas que pueden estar tratando de enga\u00f1arle y estafarle. Haga clic a continuaci\u00f3n para descargarlo.<\/p>\t\t\t\t\t\t<\/div>\n\t\t\t\t<\/div>\n\t\t\t\t<div class=\"elementor-element elementor-element-9bcb450 elementor-align-center elementor-widget elementor-widget-button\" data-id=\"9bcb450\" data-element_type=\"widget\" data-widget_type=\"button.default\">\n\t\t\t\t<div class=\"elementor-widget-container\">\n\t\t\t\t\t\t\t<div class=\"elementor-button-wrapper\">\n\t\t\t\t\t<a class=\"elementor-button elementor-button-link elementor-size-sm elementor-animation-grow\" href=\"https:\/\/euroc-limited-143328780.hubspotpagebuilder.eu\/downlod-euroc-explanatory-guide-0\">\n\t\t\t\t\t\t<span class=\"elementor-button-content-wrapper\">\n\t\t\t\t\t\t\t\t\t<span class=\"elementor-button-text\">Haga clic aqu\u00ed para descargar el folleto <\/span>\n\t\t\t\t\t<\/span>\n\t\t\t\t\t<\/a>\n\t\t\t\t<\/div>\n\t\t\t\t\t\t<\/div>\n\t\t\t\t<\/div>\n\t\t\t\t\t<\/div>\n\t\t<\/div>\n\t\t\t\t\t<\/div>\n\t\t<\/section>\n\t\t\t\t<section class=\"elementor-section elementor-top-section elementor-element elementor-element-3887a85 elementor-section-boxed elementor-section-height-default elementor-section-height-default\" data-id=\"3887a85\" data-element_type=\"section\">\n\t\t\t\t\t\t<div class=\"elementor-container elementor-column-gap-default\">\n\t\t\t\t\t<div class=\"elementor-column elementor-col-100 elementor-top-column elementor-element elementor-element-e291cbe\" data-id=\"e291cbe\" data-element_type=\"column\">\n\t\t\t<div class=\"elementor-widget-wrap elementor-element-populated\">\n\t\t\t\t\t\t<div class=\"elementor-element elementor-element-9763ee6 elementor-align-center elementor-widget elementor-widget-button\" data-id=\"9763ee6\" data-element_type=\"widget\" data-widget_type=\"button.default\">\n\t\t\t\t<div class=\"elementor-widget-container\">\n\t\t\t\t\t\t\t<div class=\"elementor-button-wrapper\">\n\t\t\t\t\t<a class=\"elementor-button elementor-button-link elementor-size-sm\" href=\"https:\/\/euroctimesharesupporthub.com\/support-hub\/\">\n\t\t\t\t\t\t<span class=\"elementor-button-content-wrapper\">\n\t\t\t\t\t\t\t\t\t<span class=\"elementor-button-text\">Volver al panel de control del Support Hub<\/span>\n\t\t\t\t\t<\/span>\n\t\t\t\t\t<\/a>\n\t\t\t\t<\/div>\n\t\t\t\t\t\t<\/div>\n\t\t\t\t<\/div>\n\t\t\t\t\t<\/div>\n\t\t<\/div>\n\t\t\t\t\t<\/div>\n\t\t<\/section>\n\t\t\t\t<\/div>","protected":false},"excerpt":{"rendered":"<p>Este folleto proporciona una lista \u00fatil de los organismos reguladores del Reino Unido, y ofrece algunos consejos sobre c\u00f3mo evitar y comunicarse con empresas que pueden estar tratando de enga\u00f1arle y estafarle. Haga clic a continuaci\u00f3n para descargarlo. Haga clic aqu\u00ed para descargar el folleto Volver al panel de control del Centro de asistencia<\/p>","protected":false},"author":2,"featured_media":0,"parent":0,"menu_order":0,"comment_status":"closed","ping_status":"closed","template":"","meta":{"om_disable_all_campaigns":false,"_monsterinsights_skip_tracking":false,"_monsterinsights_sitenote_active":false,"_monsterinsights_sitenote_note":"","_monsterinsights_sitenote_category":0,"_uf_show_specific_survey":0,"_uf_disable_surveys":false,"footnotes":""},"class_list":["post-4858","page","type-page","status-publish","hentry"],"aioseo_notices":[],"yoast_head":"<!-- This site is optimized with the Yoast SEO plugin v24.0 - https:\/\/yoast.com\/wordpress\/plugins\/seo\/ -->\n<title>How to avoid scams - EUROC Europe<\/title>\n<meta name=\"robots\" content=\"index, follow, max-snippet:-1, max-image-preview:large, max-video-preview:-1\" \/>\n<link rel=\"canonical\" href=\"https:\/\/euroc.org\/es\/avoidscams\/\" \/>\n<meta property=\"og:locale\" content=\"es_ES\" \/>\n<meta property=\"og:type\" content=\"article\" \/>\n<meta property=\"og:title\" content=\"How to avoid scams - EUROC Europe\" \/>\n<meta property=\"og:description\" content=\"This booklet provides a useful list of the regulators in the UK, and offers some tips on how to avoid and communicate with companies who may be looking to seeking to mislead and defraud you. Please click below to download. Click Here To Download Booklet Back to Support Hub Dashboard\" \/>\n<meta property=\"og:url\" content=\"https:\/\/euroc.org\/es\/avoidscams\/\" \/>\n<meta property=\"og:site_name\" content=\"EUROC Europe\" \/>\n<meta property=\"article:modified_time\" content=\"2024-05-21T06:42:52+00:00\" \/>\n<meta property=\"og:image\" content=\"https:\/\/euroctimesharesupporthub.com\/wp-content\/uploads\/2024\/04\/EUROC-scammers-guide-1-768x1086.png\" \/>\n<meta name=\"twitter:card\" content=\"summary_large_image\" \/>\n<meta name=\"twitter:label1\" content=\"Tiempo de lectura\" \/>\n\t<meta name=\"twitter:data1\" content=\"1 minuto\" \/>\n<script type=\"application\/ld+json\" class=\"yoast-schema-graph\">{\"@context\":\"https:\/\/schema.org\",\"@graph\":[{\"@type\":\"WebPage\",\"@id\":\"https:\/\/euroc.org\/avoidscams\/\",\"url\":\"https:\/\/euroc.org\/avoidscams\/\",\"name\":\"How to avoid scams - EUROC Europe\",\"isPartOf\":{\"@id\":\"https:\/\/euroc.org\/#website\"},\"primaryImageOfPage\":{\"@id\":\"https:\/\/euroc.org\/avoidscams\/#primaryimage\"},\"image\":{\"@id\":\"https:\/\/euroc.org\/avoidscams\/#primaryimage\"},\"thumbnailUrl\":\"https:\/\/euroctimesharesupporthub.com\/wp-content\/uploads\/2024\/04\/EUROC-scammers-guide-1-768x1086.png\",\"datePublished\":\"2024-04-24T08:57:25+00:00\",\"dateModified\":\"2024-05-21T06:42:52+00:00\",\"breadcrumb\":{\"@id\":\"https:\/\/euroc.org\/avoidscams\/#breadcrumb\"},\"inLanguage\":\"es\",\"potentialAction\":[{\"@type\":\"ReadAction\",\"target\":[\"https:\/\/euroc.org\/avoidscams\/\"]}]},{\"@type\":\"ImageObject\",\"inLanguage\":\"es\",\"@id\":\"https:\/\/euroc.org\/avoidscams\/#primaryimage\",\"url\":\"https:\/\/euroctimesharesupporthub.com\/wp-content\/uploads\/2024\/04\/EUROC-scammers-guide-1-768x1086.png\",\"contentUrl\":\"https:\/\/euroctimesharesupporthub.com\/wp-content\/uploads\/2024\/04\/EUROC-scammers-guide-1-768x1086.png\"},{\"@type\":\"BreadcrumbList\",\"@id\":\"https:\/\/euroc.org\/avoidscams\/#breadcrumb\",\"itemListElement\":[{\"@type\":\"ListItem\",\"position\":1,\"name\":\"Home\",\"item\":\"https:\/\/euroc.org\/\"},{\"@type\":\"ListItem\",\"position\":2,\"name\":\"How to avoid scams\"}]},{\"@type\":\"WebSite\",\"@id\":\"https:\/\/euroc.org\/#website\",\"url\":\"https:\/\/euroc.org\/\",\"name\":\"EUROC Europe\",\"description\":\"European Resort Owners Coalition\",\"publisher\":{\"@id\":\"https:\/\/euroc.org\/#organization\"},\"potentialAction\":[{\"@type\":\"SearchAction\",\"target\":{\"@type\":\"EntryPoint\",\"urlTemplate\":\"https:\/\/euroc.org\/?s={search_term_string}\"},\"query-input\":{\"@type\":\"PropertyValueSpecification\",\"valueRequired\":true,\"valueName\":\"search_term_string\"}}],\"inLanguage\":\"es\"},{\"@type\":\"Organization\",\"@id\":\"https:\/\/euroc.org\/#organization\",\"name\":\"EUROC Europe\",\"url\":\"https:\/\/euroc.org\/\",\"logo\":{\"@type\":\"ImageObject\",\"inLanguage\":\"es\",\"@id\":\"https:\/\/euroc.org\/#\/schema\/logo\/image\/\",\"url\":\"https:\/\/euroc.org\/wp-content\/uploads\/2023\/10\/cropped-EUROC-Final-Logo-colours-1.png\",\"contentUrl\":\"https:\/\/euroc.org\/wp-content\/uploads\/2023\/10\/cropped-EUROC-Final-Logo-colours-1.png\",\"width\":1561,\"height\":650,\"caption\":\"EUROC Europe\"},\"image\":{\"@id\":\"https:\/\/euroc.org\/#\/schema\/logo\/image\/\"}}]}<\/script>\n<!-- \/ Yoast SEO plugin. -->","yoast_head_json":{"title":"How to avoid scams - EUROC Europe","robots":{"index":"index","follow":"follow","max-snippet":"max-snippet:-1","max-image-preview":"max-image-preview:large","max-video-preview":"max-video-preview:-1"},"canonical":"https:\/\/euroc.org\/es\/avoidscams\/","og_locale":"es_ES","og_type":"article","og_title":"How to avoid scams - EUROC Europe","og_description":"This booklet provides a useful list of the regulators in the UK, and offers some tips on how to avoid and communicate with companies who may be looking to seeking to mislead and defraud you. Please click below to download. Click Here To Download Booklet Back to Support Hub Dashboard","og_url":"https:\/\/euroc.org\/es\/avoidscams\/","og_site_name":"EUROC Europe","article_modified_time":"2024-05-21T06:42:52+00:00","og_image":[{"url":"https:\/\/euroctimesharesupporthub.com\/wp-content\/uploads\/2024\/04\/EUROC-scammers-guide-1-768x1086.png","type":"","width":"","height":""}],"twitter_card":"summary_large_image","twitter_misc":{"Tiempo de lectura":"1 minuto"},"schema":{"@context":"https:\/\/schema.org","@graph":[{"@type":"WebPage","@id":"https:\/\/euroc.org\/avoidscams\/","url":"https:\/\/euroc.org\/avoidscams\/","name":"How to avoid scams - EUROC Europe","isPartOf":{"@id":"https:\/\/euroc.org\/#website"},"primaryImageOfPage":{"@id":"https:\/\/euroc.org\/avoidscams\/#primaryimage"},"image":{"@id":"https:\/\/euroc.org\/avoidscams\/#primaryimage"},"thumbnailUrl":"https:\/\/euroctimesharesupporthub.com\/wp-content\/uploads\/2024\/04\/EUROC-scammers-guide-1-768x1086.png","datePublished":"2024-04-24T08:57:25+00:00","dateModified":"2024-05-21T06:42:52+00:00","breadcrumb":{"@id":"https:\/\/euroc.org\/avoidscams\/#breadcrumb"},"inLanguage":"es","potentialAction":[{"@type":"ReadAction","target":["https:\/\/euroc.org\/avoidscams\/"]}]},{"@type":"ImageObject","inLanguage":"es","@id":"https:\/\/euroc.org\/avoidscams\/#primaryimage","url":"https:\/\/euroctimesharesupporthub.com\/wp-content\/uploads\/2024\/04\/EUROC-scammers-guide-1-768x1086.png","contentUrl":"https:\/\/euroctimesharesupporthub.com\/wp-content\/uploads\/2024\/04\/EUROC-scammers-guide-1-768x1086.png"},{"@type":"BreadcrumbList","@id":"https:\/\/euroc.org\/avoidscams\/#breadcrumb","itemListElement":[{"@type":"ListItem","position":1,"name":"Home","item":"https:\/\/euroc.org\/"},{"@type":"ListItem","position":2,"name":"How to avoid scams"}]},{"@type":"WebSite","@id":"https:\/\/euroc.org\/#website","url":"https:\/\/euroc.org\/","name":"EUROC Europe","description":"European Resort Owners Coalition","publisher":{"@id":"https:\/\/euroc.org\/#organization"},"potentialAction":[{"@type":"SearchAction","target":{"@type":"EntryPoint","urlTemplate":"https:\/\/euroc.org\/?s={search_term_string}"},"query-input":{"@type":"PropertyValueSpecification","valueRequired":true,"valueName":"search_term_string"}}],"inLanguage":"es"},{"@type":"Organization","@id":"https:\/\/euroc.org\/#organization","name":"EUROC Europe","url":"https:\/\/euroc.org\/","logo":{"@type":"ImageObject","inLanguage":"es","@id":"https:\/\/euroc.org\/#\/schema\/logo\/image\/","url":"https:\/\/euroc.org\/wp-content\/uploads\/2023\/10\/cropped-EUROC-Final-Logo-colours-1.png","contentUrl":"https:\/\/euroc.org\/wp-content\/uploads\/2023\/10\/cropped-EUROC-Final-Logo-colours-1.png","width":1561,"height":650,"caption":"EUROC Europe"},"image":{"@id":"https:\/\/euroc.org\/#\/schema\/logo\/image\/"}}]}},"_links":{"self":[{"href":"https:\/\/euroc.org\/es\/wp-json\/wp\/v2\/pages\/4858","targetHints":{"allow":["GET"]}}],"collection":[{"href":"https:\/\/euroc.org\/es\/wp-json\/wp\/v2\/pages"}],"about":[{"href":"https:\/\/euroc.org\/es\/wp-json\/wp\/v2\/types\/page"}],"author":[{"embeddable":true,"href":"https:\/\/euroc.org\/es\/wp-json\/wp\/v2\/users\/2"}],"replies":[{"embeddable":true,"href":"https:\/\/euroc.org\/es\/wp-json\/wp\/v2\/comments?post=4858"}],"version-history":[{"count":33,"href":"https:\/\/euroc.org\/es\/wp-json\/wp\/v2\/pages\/4858\/revisions"}],"predecessor-version":[{"id":4966,"href":"https:\/\/euroc.org\/es\/wp-json\/wp\/v2\/pages\/4858\/revisions\/4966"}],"wp:attachment":[{"href":"https:\/\/euroc.org\/es\/wp-json\/wp\/v2\/media?parent=4858"}],"curies":[{"name":"wp","href":"https:\/\/api.w.org\/{rel}","templated":true}]}}