{"id":4641,"date":"2023-10-31T07:39:06","date_gmt":"2023-10-31T07:39:06","guid":{"rendered":"https:\/\/euroctimesharesupporthub.com\/?page_id=4641"},"modified":"2023-11-01T09:00:03","modified_gmt":"2023-11-01T09:00:03","slug":"eoroc-cookie-policy","status":"publish","type":"page","link":"https:\/\/euroc.org\/es\/eoroc-cookie-policy\/","title":{"rendered":"Pol\u00edtica de cookies de EUROC"},"content":{"rendered":"<div data-elementor-type=\"wp-page\" data-elementor-id=\"4641\" class=\"elementor elementor-4641\" data-elementor-post-type=\"page\">\n\t\t\t\t\t\t<section class=\"elementor-section elementor-top-section elementor-element elementor-element-a799567 elementor-section-boxed elementor-section-height-default elementor-section-height-default\" data-id=\"a799567\" data-element_type=\"section\">\n\t\t\t\t\t\t<div class=\"elementor-container elementor-column-gap-default\">\n\t\t\t\t\t<div class=\"elementor-column elementor-col-100 elementor-top-column elementor-element elementor-element-d7b2603\" data-id=\"d7b2603\" data-element_type=\"column\">\n\t\t\t<div class=\"elementor-widget-wrap elementor-element-populated\">\n\t\t\t\t\t\t<div class=\"elementor-element elementor-element-21638d0 elementor-widget elementor-widget-text-editor\" data-id=\"21638d0\" data-element_type=\"widget\" data-widget_type=\"text-editor.default\">\n\t\t\t\t<div class=\"elementor-widget-container\">\n\t\t\t\t\t\t\t<p><strong>Pol\u00edtica de cookies de EUROC Limited 31<sup>st<\/sup> Octubre de 2023<\/strong><\/p><p>Esta Pol\u00edtica de Cookies explica c\u00f3mo EUROC Limited (\"Nosotros\") utiliza las cookies y tecnolog\u00edas similares para reconocerle cuando visita nuestro sitio web en euroc.org y euroctimesharesupporthub.org. Explica qu\u00e9 son estas tecnolog\u00edas y por qu\u00e9 las utilizamos, as\u00ed como sus derechos para controlar el uso que hacemos de ellas.<\/p><p><strong>\u00bfQu\u00e9 son las cookies?<\/strong><\/p><p>Las cookies son peque\u00f1os archivos de datos que se colocan en su ordenador o dispositivo m\u00f3vil cuando visita un sitio web. Los propietarios de sitios web utilizan ampliamente las cookies para que sus sitios web funcionen, o para que lo hagan de forma m\u00e1s eficiente, as\u00ed como para proporcionar informaci\u00f3n de informes.<\/p><p>Las cookies establecidas por el propietario del sitio web (en este caso, EUROC Limited) se denominan \"cookies de origen\". Las cookies establecidas por terceros distintos del propietario del sitio web se denominan \"cookies de terceros\". Las cookies de terceros permiten ofrecer caracter\u00edsticas o funciones de terceros en el sitio web o a trav\u00e9s de \u00e9l (por ejemplo, publicidad, contenido interactivo y an\u00e1lisis). Las partes que establecen estas cookies de terceros pueden reconocer su ordenador tanto cuando visita el sitio web en cuesti\u00f3n como cuando visita otros sitios web.<\/p><p><strong>\u00bfPor qu\u00e9 utilizamos cookies?<\/strong><\/p><p>Utilizamos cookies propias y de terceros por varias razones. Algunas cookies son necesarias por razones t\u00e9cnicas para que nuestros sitios web funcionen, y nos referimos a ellas como cookies \"esenciales\" o \"estrictamente necesarias\". Otras cookies tambi\u00e9n nos permiten rastrear y orientar los intereses de nuestros usuarios para mejorar la experiencia en nuestras Propiedades en l\u00ednea. Los terceros utilizan cookies en nuestros sitios web con fines publicitarios, anal\u00edticos y de otro tipo. Esto se describe con m\u00e1s detalle a continuaci\u00f3n.<\/p><p>A continuaci\u00f3n se describen los tipos espec\u00edficos de cookies propias y de terceros que se utilizan en nuestros sitios web y los fines que persiguen:<\/p><ul><li>Cookies esenciales del sitio web: Estas cookies son estrictamente necesarias para prestarle los servicios disponibles a trav\u00e9s de nuestros sitios web y para utilizar algunas de sus funciones, como el acceso a \u00e1reas seguras.<\/li><li>Cookies anal\u00edticas y de personalizaci\u00f3n: Estas cookies recopilan informaci\u00f3n que se utiliza de forma agregada para ayudarnos a comprender c\u00f3mo se utilizan nuestros sitios web o la eficacia de nuestras campa\u00f1as de marketing, o para ayudarnos a personalizar nuestros sitios web para usted.<\/li><li>Cookies publicitarias: Estas cookies se utilizan para que los mensajes publicitarios sean m\u00e1s relevantes para usted. Realizan funciones como evitar que reaparezca continuamente el mismo anuncio, garantizar que los anuncios se muestren correctamente para los anunciantes y, en algunos casos, seleccionar anuncios que se basen en sus intereses.<\/li><li>Cookies de redes sociales: Estas cookies se utilizan para permitirle compartir p\u00e1ginas y contenidos que le resulten interesantes en nuestros sitios web a trav\u00e9s de redes sociales de terceros y otros sitios web. Estas cookies tambi\u00e9n pueden utilizarse con fines publicitarios.<\/li><li>Cookies no clasificadas: Se trata de cookies que a\u00fan no han sido clasificadas. Estamos en proceso de clasificar estas cookies con la ayuda de sus proveedores.<\/li><\/ul><p><strong>\u00bfQu\u00e9 cookies utilizamos?<\/strong><\/p><p>A continuaci\u00f3n se describen las cookies espec\u00edficas que utilizamos en nuestros sitios web. Esta lista se actualiza peri\u00f3dicamente a medida que introducimos cambios en nuestros sitios web.<\/p><p>\u00a0<\/p><p>\u00a0Google Analytics, Google AdSense, Monsterinsights<\/p><p><strong>\u00bfC\u00f3mo puedo controlar las cookies?<\/strong><\/p><p>Usted tiene derecho a decidir si acepta o rechaza las cookies. Puede ejercer sus derechos sobre las cookies configurando sus preferencias en el Gestor de Consentimiento de Cookies. El Cookie Consent Manager le permite seleccionar qu\u00e9 categor\u00edas de cookies acepta o rechaza.<\/p><p>Las cookies esenciales no pueden rechazarse, ya que son estrictamente necesarias para prestarle servicios.<\/p><p>El gestor de consentimiento de cookies se encuentra en el banner de notificaci\u00f3n y en nuestro sitio web. Si decide rechazar las cookies, podr\u00e1 seguir utilizando nuestro sitio web, aunque su acceso a algunas funciones y \u00e1reas de nuestro sitio web puede estar restringido. Tambi\u00e9n puede configurar o modificar los controles de su navegador web para aceptar o rechazar las cookies. Dado que los medios para rechazar las cookies a trav\u00e9s de los controles de su navegador var\u00edan de un navegador a otro, le recomendamos que visite el men\u00fa de ayuda de su navegador para obtener m\u00e1s informaci\u00f3n.<\/p><p>Adem\u00e1s, la mayor\u00eda de las redes publicitarias le ofrecen la posibilidad de rechazar la publicidad dirigida. Si desea obtener m\u00e1s informaci\u00f3n, visite http:\/\/www.aboutads.info\/choices\/ o http:\/\/www.youronlinechoices.com.<\/p><p><strong>Con qu\u00e9 frecuencia actualizar\u00e1n esta Pol\u00edtica de Cookies?<\/strong><\/p><p>Podemos actualizar esta Pol\u00edtica de Cookies de vez en cuando para reflejar, por ejemplo, los cambios en las cookies que utilizamos o por otras razones operativas, legales o reglamentarias. Por lo tanto, vuelva a visitar esta Pol\u00edtica de Cookies con regularidad para mantenerse informado sobre nuestro uso de cookies y tecnolog\u00edas relacionadas.<\/p><p>La fecha que aparece en la parte superior de esta Pol\u00edtica de Cookies indica cu\u00e1ndo se actualiz\u00f3 por \u00faltima vez.<\/p><p><strong>\u00bfD\u00f3nde puedo obtener m\u00e1s informaci\u00f3n?<\/strong><\/p><p>Si tiene alguna pregunta sobre nuestro uso de cookies u otras tecnolog\u00edas, env\u00edenos un correo electr\u00f3nico a support@euroc.org.<\/p>\t\t\t\t\t\t<\/div>\n\t\t\t\t<\/div>\n\t\t\t\t\t<\/div>\n\t\t<\/div>\n\t\t\t\t\t<\/div>\n\t\t<\/section>\n\t\t\t\t<\/div>","protected":false},"excerpt":{"rendered":"<p>Pol\u00edtica de cookies de EUROC Limited 31 de octubre de 2023 Esta Pol\u00edtica de cookies explica c\u00f3mo EUROC Limited (\"Nosotros\") utiliza cookies y tecnolog\u00edas similares para reconocerle cuando visita nuestro sitio web en euroc.org y euroctimesharesupporthub.org. Explica qu\u00e9 son estas tecnolog\u00edas y por qu\u00e9 las utilizamos, as\u00ed como sus derechos para controlar el uso que hacemos de ellas. Qu\u00e9 [...]<\/p>","protected":false},"author":2,"featured_media":0,"parent":0,"menu_order":0,"comment_status":"closed","ping_status":"closed","template":"","meta":{"om_disable_all_campaigns":false,"_monsterinsights_skip_tracking":false,"_monsterinsights_sitenote_active":false,"_monsterinsights_sitenote_note":"","_monsterinsights_sitenote_category":0,"_uf_show_specific_survey":0,"_uf_disable_surveys":false,"footnotes":""},"class_list":["post-4641","page","type-page","status-publish","hentry"],"aioseo_notices":[],"yoast_head":"<!-- This site is optimized with the Yoast SEO plugin v24.0 - https:\/\/yoast.com\/wordpress\/plugins\/seo\/ -->\n<title>EUROC Cookie Policy - EUROC Europe<\/title>\n<meta name=\"robots\" content=\"index, follow, max-snippet:-1, max-image-preview:large, max-video-preview:-1\" \/>\n<link rel=\"canonical\" href=\"https:\/\/euroc.org\/es\/eoroc-cookie-policy\/\" \/>\n<meta property=\"og:locale\" content=\"es_ES\" \/>\n<meta property=\"og:type\" content=\"article\" \/>\n<meta property=\"og:title\" content=\"EUROC Cookie Policy - EUROC Europe\" \/>\n<meta property=\"og:description\" content=\"EUROC Limited Cookie Policy 31st October 2023 This Cookie Policy explains how EUROC Limited (&#8220;We&#8221;) uses cookies and similar technologies to recognize you when you visit our website at euroc.org and euroctimesharesupporthub.org. It explains what these technologies are and why we use them, as well as your rights to control our use of them. What [&hellip;]\" \/>\n<meta property=\"og:url\" content=\"https:\/\/euroc.org\/es\/eoroc-cookie-policy\/\" \/>\n<meta property=\"og:site_name\" content=\"EUROC Europe\" \/>\n<meta property=\"article:modified_time\" content=\"2023-11-01T09:00:03+00:00\" \/>\n<meta name=\"twitter:card\" content=\"summary_large_image\" \/>\n<meta name=\"twitter:label1\" content=\"Tiempo de lectura\" \/>\n\t<meta name=\"twitter:data1\" content=\"4 minutos\" \/>\n<script type=\"application\/ld+json\" class=\"yoast-schema-graph\">{\"@context\":\"https:\/\/schema.org\",\"@graph\":[{\"@type\":\"WebPage\",\"@id\":\"https:\/\/euroc.org\/fr\/eoroc-cookie-policy\/\",\"url\":\"https:\/\/euroc.org\/fr\/eoroc-cookie-policy\/\",\"name\":\"EUROC Cookie Policy - EUROC Europe\",\"isPartOf\":{\"@id\":\"https:\/\/euroc.org\/#website\"},\"datePublished\":\"2023-10-31T07:39:06+00:00\",\"dateModified\":\"2023-11-01T09:00:03+00:00\",\"breadcrumb\":{\"@id\":\"https:\/\/euroc.org\/fr\/eoroc-cookie-policy\/#breadcrumb\"},\"inLanguage\":\"es\",\"potentialAction\":[{\"@type\":\"ReadAction\",\"target\":[\"https:\/\/euroc.org\/fr\/eoroc-cookie-policy\/\"]}]},{\"@type\":\"BreadcrumbList\",\"@id\":\"https:\/\/euroc.org\/fr\/eoroc-cookie-policy\/#breadcrumb\",\"itemListElement\":[{\"@type\":\"ListItem\",\"position\":1,\"name\":\"Home\",\"item\":\"https:\/\/euroc.org\/\"},{\"@type\":\"ListItem\",\"position\":2,\"name\":\"EUROC Cookie Policy\"}]},{\"@type\":\"WebSite\",\"@id\":\"https:\/\/euroc.org\/#website\",\"url\":\"https:\/\/euroc.org\/\",\"name\":\"EUROC Europe\",\"description\":\"European Resort Owners Coalition\",\"publisher\":{\"@id\":\"https:\/\/euroc.org\/#organization\"},\"potentialAction\":[{\"@type\":\"SearchAction\",\"target\":{\"@type\":\"EntryPoint\",\"urlTemplate\":\"https:\/\/euroc.org\/?s={search_term_string}\"},\"query-input\":{\"@type\":\"PropertyValueSpecification\",\"valueRequired\":true,\"valueName\":\"search_term_string\"}}],\"inLanguage\":\"es\"},{\"@type\":\"Organization\",\"@id\":\"https:\/\/euroc.org\/#organization\",\"name\":\"EUROC Europe\",\"url\":\"https:\/\/euroc.org\/\",\"logo\":{\"@type\":\"ImageObject\",\"inLanguage\":\"es\",\"@id\":\"https:\/\/euroc.org\/#\/schema\/logo\/image\/\",\"url\":\"https:\/\/euroc.org\/wp-content\/uploads\/2023\/10\/cropped-EUROC-Final-Logo-colours-1.png\",\"contentUrl\":\"https:\/\/euroc.org\/wp-content\/uploads\/2023\/10\/cropped-EUROC-Final-Logo-colours-1.png\",\"width\":1561,\"height\":650,\"caption\":\"EUROC Europe\"},\"image\":{\"@id\":\"https:\/\/euroc.org\/#\/schema\/logo\/image\/\"}}]}<\/script>\n<!-- \/ Yoast SEO plugin. -->","yoast_head_json":{"title":"EUROC Cookie Policy - EUROC Europe","robots":{"index":"index","follow":"follow","max-snippet":"max-snippet:-1","max-image-preview":"max-image-preview:large","max-video-preview":"max-video-preview:-1"},"canonical":"https:\/\/euroc.org\/es\/eoroc-cookie-policy\/","og_locale":"es_ES","og_type":"article","og_title":"EUROC Cookie Policy - EUROC Europe","og_description":"EUROC Limited Cookie Policy 31st October 2023 This Cookie Policy explains how EUROC Limited (&#8220;We&#8221;) uses cookies and similar technologies to recognize you when you visit our website at euroc.org and euroctimesharesupporthub.org. It explains what these technologies are and why we use them, as well as your rights to control our use of them. What [&hellip;]","og_url":"https:\/\/euroc.org\/es\/eoroc-cookie-policy\/","og_site_name":"EUROC Europe","article_modified_time":"2023-11-01T09:00:03+00:00","twitter_card":"summary_large_image","twitter_misc":{"Tiempo de lectura":"4 minutos"},"schema":{"@context":"https:\/\/schema.org","@graph":[{"@type":"WebPage","@id":"https:\/\/euroc.org\/fr\/eoroc-cookie-policy\/","url":"https:\/\/euroc.org\/fr\/eoroc-cookie-policy\/","name":"EUROC Cookie Policy - EUROC Europe","isPartOf":{"@id":"https:\/\/euroc.org\/#website"},"datePublished":"2023-10-31T07:39:06+00:00","dateModified":"2023-11-01T09:00:03+00:00","breadcrumb":{"@id":"https:\/\/euroc.org\/fr\/eoroc-cookie-policy\/#breadcrumb"},"inLanguage":"es","potentialAction":[{"@type":"ReadAction","target":["https:\/\/euroc.org\/fr\/eoroc-cookie-policy\/"]}]},{"@type":"BreadcrumbList","@id":"https:\/\/euroc.org\/fr\/eoroc-cookie-policy\/#breadcrumb","itemListElement":[{"@type":"ListItem","position":1,"name":"Home","item":"https:\/\/euroc.org\/"},{"@type":"ListItem","position":2,"name":"EUROC Cookie Policy"}]},{"@type":"WebSite","@id":"https:\/\/euroc.org\/#website","url":"https:\/\/euroc.org\/","name":"EUROC Europe","description":"European Resort Owners Coalition","publisher":{"@id":"https:\/\/euroc.org\/#organization"},"potentialAction":[{"@type":"SearchAction","target":{"@type":"EntryPoint","urlTemplate":"https:\/\/euroc.org\/?s={search_term_string}"},"query-input":{"@type":"PropertyValueSpecification","valueRequired":true,"valueName":"search_term_string"}}],"inLanguage":"es"},{"@type":"Organization","@id":"https:\/\/euroc.org\/#organization","name":"EUROC Europe","url":"https:\/\/euroc.org\/","logo":{"@type":"ImageObject","inLanguage":"es","@id":"https:\/\/euroc.org\/#\/schema\/logo\/image\/","url":"https:\/\/euroc.org\/wp-content\/uploads\/2023\/10\/cropped-EUROC-Final-Logo-colours-1.png","contentUrl":"https:\/\/euroc.org\/wp-content\/uploads\/2023\/10\/cropped-EUROC-Final-Logo-colours-1.png","width":1561,"height":650,"caption":"EUROC Europe"},"image":{"@id":"https:\/\/euroc.org\/#\/schema\/logo\/image\/"}}]}},"_links":{"self":[{"href":"https:\/\/euroc.org\/es\/wp-json\/wp\/v2\/pages\/4641","targetHints":{"allow":["GET"]}}],"collection":[{"href":"https:\/\/euroc.org\/es\/wp-json\/wp\/v2\/pages"}],"about":[{"href":"https:\/\/euroc.org\/es\/wp-json\/wp\/v2\/types\/page"}],"author":[{"embeddable":true,"href":"https:\/\/euroc.org\/es\/wp-json\/wp\/v2\/users\/2"}],"replies":[{"embeddable":true,"href":"https:\/\/euroc.org\/es\/wp-json\/wp\/v2\/comments?post=4641"}],"version-history":[{"count":6,"href":"https:\/\/euroc.org\/es\/wp-json\/wp\/v2\/pages\/4641\/revisions"}],"predecessor-version":[{"id":4652,"href":"https:\/\/euroc.org\/es\/wp-json\/wp\/v2\/pages\/4641\/revisions\/4652"}],"wp:attachment":[{"href":"https:\/\/euroc.org\/es\/wp-json\/wp\/v2\/media?parent=4641"}],"curies":[{"name":"wp","href":"https:\/\/api.w.org\/{rel}","templated":true}]}}