{"id":160,"date":"2023-09-19T14:58:12","date_gmt":"2023-09-19T14:58:12","guid":{"rendered":"https:\/\/euroctimesharesupporthub.com\/?page_id=160"},"modified":"2025-09-29T15:08:48","modified_gmt":"2025-09-29T15:08:48","slug":"benefits-of-membership","status":"publish","type":"page","link":"https:\/\/euroc.org\/es\/ventajas-de-ser-socio\/","title":{"rendered":"Ventajas de la afiliaci\u00f3n"},"content":{"rendered":"<div data-elementor-type=\"wp-page\" data-elementor-id=\"160\" class=\"elementor elementor-160\" data-elementor-post-type=\"page\">\n\t\t\t\t\t\t<section class=\"elementor-section elementor-top-section elementor-element elementor-element-6deec4f9 elementor-section-full_width elementor-section-height-min-height elementor-section-stretched elementor-section-height-default elementor-section-items-middle\" data-id=\"6deec4f9\" data-element_type=\"section\" data-settings=\"{&quot;stretch_section&quot;:&quot;section-stretched&quot;,&quot;background_background&quot;:&quot;classic&quot;}\">\n\t\t\t\t\t\t\t<div class=\"elementor-background-overlay\"><\/div>\n\t\t\t\t\t\t\t<div class=\"elementor-container elementor-column-gap-default\">\n\t\t\t\t\t<div class=\"elementor-column elementor-col-100 elementor-top-column elementor-element elementor-element-dcdf6d3\" data-id=\"dcdf6d3\" data-element_type=\"column\">\n\t\t\t<div class=\"elementor-widget-wrap elementor-element-populated\">\n\t\t\t\t\t\t<div class=\"elementor-element elementor-element-1b27064a elementor-invisible elementor-widget elementor-widget-heading\" data-id=\"1b27064a\" data-element_type=\"widget\" data-settings=\"{&quot;_animation&quot;:&quot;slideInRight&quot;}\" data-widget_type=\"heading.default\">\n\t\t\t\t<div class=\"elementor-widget-container\">\n\t\t\t<h1 class=\"elementor-heading-title elementor-size-xxl\">Beneficios de<\/h1>\t\t<\/div>\n\t\t\t\t<\/div>\n\t\t\t\t<div class=\"elementor-element elementor-element-573aff41 elementor-invisible elementor-widget elementor-widget-heading\" data-id=\"573aff41\" data-element_type=\"widget\" data-settings=\"{&quot;_animation&quot;:&quot;slideInLeft&quot;}\" data-widget_type=\"heading.default\">\n\t\t\t\t<div class=\"elementor-widget-container\">\n\t\t\t<h1 class=\"elementor-heading-title elementor-size-xxl\">Afiliaci\u00f3n<\/h1>\t\t<\/div>\n\t\t\t\t<\/div>\n\t\t\t\t\t<\/div>\n\t\t<\/div>\n\t\t\t\t\t<\/div>\n\t\t<\/section>\n\t\t\t\t<section class=\"elementor-section elementor-top-section elementor-element elementor-element-5c4d5485 elementor-section-boxed elementor-section-height-default elementor-section-height-default\" data-id=\"5c4d5485\" data-element_type=\"section\">\n\t\t\t\t\t\t<div class=\"elementor-container elementor-column-gap-default\">\n\t\t\t\t\t<div class=\"elementor-column elementor-col-100 elementor-top-column elementor-element elementor-element-542100a\" data-id=\"542100a\" data-element_type=\"column\">\n\t\t\t<div class=\"elementor-widget-wrap elementor-element-populated\">\n\t\t\t\t\t\t<div class=\"elementor-element elementor-element-5503c384 elementor-widget elementor-widget-text-editor\" data-id=\"5503c384\" data-element_type=\"widget\" data-widget_type=\"text-editor.default\">\n\t\t\t\t<div class=\"elementor-widget-container\">\n\t\t\t\t\t\t\t<p>EUROC ofrece una amplia gama de servicios y ventajas a los miembros de sus clubes y complejos de tiempo compartido europeos. Actuar\u00e1 como una ventanilla \u00fanica para los representantes de los comit\u00e9s de propietarios y los equipos de gesti\u00f3n de los complejos, proporcion\u00e1ndoles apoyo incondicional, recursos y contactos leg\u00edtimos, ideas operativas y de generaci\u00f3n de ingresos, as\u00ed como actualizaciones peri\u00f3dicas y orientaci\u00f3n sobre cuestiones que afectan al mundo de la propiedad del tiempo compartido. <\/p><p>Si es usted miembro de un comit\u00e9 de un club\/resort de tiempo compartido o de un equipo de gesti\u00f3n de un resort y desea obtener m\u00e1s informaci\u00f3n sobre la afiliaci\u00f3n y las ventajas para su club\/resort de tiempo compartido, p\u00f3ngase en contacto con el Director de Relaciones con los Miembros de EUROC por correo electr\u00f3nico en la direcci\u00f3n <a href=\"mailto:info@euroc.org\">info@euroc.org<\/a><\/p>\t\t\t\t\t\t<\/div>\n\t\t\t\t<\/div>\n\t\t\t\t<div class=\"elementor-element elementor-element-351d84c1 elementor-widget-divider--view-line elementor-widget elementor-widget-divider\" data-id=\"351d84c1\" data-element_type=\"widget\" data-widget_type=\"divider.default\">\n\t\t\t\t<div class=\"elementor-widget-container\">\n\t\t\t\t\t<div class=\"elementor-divider\">\n\t\t\t<span class=\"elementor-divider-separator\">\n\t\t\t\t\t\t<\/span>\n\t\t<\/div>\n\t\t\t\t<\/div>\n\t\t\t\t<\/div>\n\t\t\t\t<div class=\"elementor-element elementor-element-73028834 elementor-invisible elementor-widget elementor-widget-heading\" data-id=\"73028834\" data-element_type=\"widget\" data-settings=\"{&quot;_animation&quot;:&quot;slideInLeft&quot;}\" data-widget_type=\"heading.default\">\n\t\t\t\t<div class=\"elementor-widget-container\">\n\t\t\t<h2 class=\"elementor-heading-title elementor-size-large\">Apoyo, orientaci\u00f3n y asesoramiento para los representantes de los comit\u00e9s de propietarios y los equipos de gesti\u00f3n de los complejos tur\u00edsticos<\/h2>\t\t<\/div>\n\t\t\t\t<\/div>\n\t\t\t\t<div class=\"elementor-element elementor-element-3defd75d elementor-widget elementor-widget-text-editor\" data-id=\"3defd75d\" data-element_type=\"widget\" data-widget_type=\"text-editor.default\">\n\t\t\t\t<div class=\"elementor-widget-container\">\n\t\t\t\t\t\t\t<p><b>Benef\u00edciese de las conexiones y la orientaci\u00f3n a contactos <\/b>dentro de la red de miembros de EUROC y profesionales de confianza del sector que puedan compartir sus consejos y experiencias sobre c\u00f3mo han abordado cuestiones similares, por ejemplo, asuntos relacionados con las comisiones de gesti\u00f3n, la reducci\u00f3n de los costes operativos de los clubes y la mejora de la experiencia y el compromiso de los propietarios.<\/p>\t\t\t\t\t\t<\/div>\n\t\t\t\t<\/div>\n\t\t\t\t<div class=\"elementor-element elementor-element-4680346e elementor-widget elementor-widget-text-editor\" data-id=\"4680346e\" data-element_type=\"widget\" data-widget_type=\"text-editor.default\">\n\t\t\t\t<div class=\"elementor-widget-container\">\n\t\t\t\t\t\t\t<p>Unir fuerzas con otros clubes afines de la <b>Consorcio de compra EUROC<\/b>. Un poder de compra colectivo ofrecer\u00e1 potencialmente grandes ahorros que beneficiar\u00e1n a su club y a sus propietarios.  Desde suministros para el club\/resort, servicios p\u00fablicos, productos espec\u00edficos y servicios de terceros, el consorcio trabajar\u00e1 junto con su socio de compras para explorar las mejores ofertas posibles y obtener precios m\u00e1s favorables para los clubes de tiempo compartido colectivos, en lugar de que cada uno busque precios y ofertas por su cuenta.<\/p>\t\t\t\t\t\t<\/div>\n\t\t\t\t<\/div>\n\t\t\t\t<div class=\"elementor-element elementor-element-753871f1 elementor-widget elementor-widget-text-editor\" data-id=\"753871f1\" data-element_type=\"widget\" data-widget_type=\"text-editor.default\">\n\t\t\t\t<div class=\"elementor-widget-container\">\n\t\t\t\t\t\t\t<p><b>Recibir actualizaciones, ideas y alertas <\/b>proporcionada por el Director de Relaciones con los Miembros de EUROC para que usted la utilice y la comparta con sus propietarios con el fin de mejorar sus canales de comunicaci\u00f3n y la participaci\u00f3n de los propietarios.<\/p>\t\t\t\t\t\t<\/div>\n\t\t\t\t<\/div>\n\t\t\t\t<div class=\"elementor-element elementor-element-5b12cb32 elementor-widget elementor-widget-text-editor\" data-id=\"5b12cb32\" data-element_type=\"widget\" data-widget_type=\"text-editor.default\">\n\t\t\t\t<div class=\"elementor-widget-container\">\n\t\t\t\t\t\t\t<p><b>Ideas y sugerencias sobre temas relevantes para su experiencia como propietario y para el funcionamiento diario de su club\/resort. <\/b>junto con la conexi\u00f3n y el establecimiento de redes con empresas de intercambio y agencias de reservas externas para garantizar el crecimiento de los ingresos procedentes de las semanas no utilizadas del club.<\/p>\t\t\t\t\t\t<\/div>\n\t\t\t\t<\/div>\n\t\t\t\t<div class=\"elementor-element elementor-element-7df2fd2e elementor-widget elementor-widget-text-editor\" data-id=\"7df2fd2e\" data-element_type=\"widget\" data-widget_type=\"text-editor.default\">\n\t\t\t\t<div class=\"elementor-widget-container\">\n\t\t\t\t\t\t\t<p><strong>Acceso a un grupo de \"Whats App\" de gestores de complejos tur\u00edsticos<\/strong> - se ha facilitado esta plataforma que permite al gerente de su complejo conectarse con otros clubes de tiempo compartido de manera oportuna para hacer preguntas y solicitar asesoramiento sobre asuntos relacionados con sus clubes.<\/p>\t\t\t\t\t\t<\/div>\n\t\t\t\t<\/div>\n\t\t\t\t<div class=\"elementor-element elementor-element-27e6af6a elementor-widget elementor-widget-text-editor\" data-id=\"27e6af6a\" data-element_type=\"widget\" data-widget_type=\"text-editor.default\">\n\t\t\t\t<div class=\"elementor-widget-container\">\n\t\t\t\t\t\t\t<p>Los representantes de los comit\u00e9s y los equipos de gesti\u00f3n de los clubes y complejos de tiempo compartido se re\u00fanen peri\u00f3dicamente en <strong>videoconferencias para mantenerse conectado<\/strong>debatir temas comunes y compartir buenas pr\u00e1cticas.<\/p>\t\t\t\t\t\t<\/div>\n\t\t\t\t<\/div>\n\t\t\t\t<div class=\"elementor-element elementor-element-6954233 elementor-widget elementor-widget-text-editor\" data-id=\"6954233\" data-element_type=\"widget\" data-widget_type=\"text-editor.default\">\n\t\t\t\t<div class=\"elementor-widget-container\">\n\t\t\t\t\t\t\t<p><b>Invitaciones a conferencias y reuniones de EUROC, almuerzos y videoconferencias peri\u00f3dicas <\/b>para que los representantes de los comit\u00e9s de los clubes y los equipos de gesti\u00f3n de los complejos se re\u00fanan para escuchar las \u00faltimas novedades, compartir ideas, desarrollar soluciones, estrechar lazos y establecer conexiones con personas afines de otros clubes de tiempo compartido.<\/p>\t\t\t\t\t\t<\/div>\n\t\t\t\t<\/div>\n\t\t\t\t<div class=\"elementor-element elementor-element-1a3990a elementor-widget-divider--view-line elementor-widget elementor-widget-divider\" data-id=\"1a3990a\" data-element_type=\"widget\" data-widget_type=\"divider.default\">\n\t\t\t\t<div class=\"elementor-widget-container\">\n\t\t\t\t\t<div class=\"elementor-divider\">\n\t\t\t<span class=\"elementor-divider-separator\">\n\t\t\t\t\t\t<\/span>\n\t\t<\/div>\n\t\t\t\t<\/div>\n\t\t\t\t<\/div>\n\t\t\t\t<div class=\"elementor-element elementor-element-3761f1fc elementor-invisible elementor-widget elementor-widget-heading\" data-id=\"3761f1fc\" data-element_type=\"widget\" data-settings=\"{&quot;_animation&quot;:&quot;slideInLeft&quot;}\" data-widget_type=\"heading.default\">\n\t\t\t\t<div class=\"elementor-widget-container\">\n\t\t\t<h2 class=\"elementor-heading-title elementor-size-large\">Fraude relacionado con la multipropiedad y protecci\u00f3n de sus propietarios<\/h2>\t\t<\/div>\n\t\t\t\t<\/div>\n\t\t\t\t<div class=\"elementor-element elementor-element-1f699ddb elementor-widget elementor-widget-text-editor\" data-id=\"1f699ddb\" data-element_type=\"widget\" data-widget_type=\"text-editor.default\">\n\t\t\t\t<div class=\"elementor-widget-container\">\n\t\t\t\t\t\t\t<div class=\"wpb_text_column wpb_content_element\"><div class=\"wpb_wrapper\"><p><strong>EUROC ofrece un servicio interno denominado <a href=\"https:\/\/euroctimesharesupporthub.com\/support-hub\/\">EUROC Centro de Apoyo al Tiempo Compartido<\/a><\/strong>- un servicio a disposici\u00f3n de los titulares de tiempo compartido que tengan dudas sobre una empresa y necesiten ayuda para resolver un problema. La l\u00ednea de ayuda ofrece asesoramiento sobre reembolsos, renuncias, cumplimiento de la ley y problemas generales con su tiempo compartido.<\/p><\/div><\/div>\t\t\t\t\t\t<\/div>\n\t\t\t\t<\/div>\n\t\t\t\t<div class=\"elementor-element elementor-element-7aea7285 elementor-widget elementor-widget-text-editor\" data-id=\"7aea7285\" data-element_type=\"widget\" data-widget_type=\"text-editor.default\">\n\t\t\t\t<div class=\"elementor-widget-container\">\n\t\t\t\t\t\t\t<p><b>Benef\u00edciese de actualizaciones, alertas y consejos sobre actividades ilegales y estafas actuales<\/b>\u00a0para que lo comparta y lo d\u00e9 a conocer entre sus propietarios.  Reciba formaci\u00f3n, asesoramiento y materiales redactados para informar a los propietarios sobre c\u00f3mo protegerse de estafas enga\u00f1osas en la reventa, el traspaso y la comercializaci\u00f3n.<\/p>\t\t\t\t\t\t<\/div>\n\t\t\t\t<\/div>\n\t\t\t\t<div class=\"elementor-element elementor-element-11a28898 elementor-widget elementor-widget-text-editor\" data-id=\"11a28898\" data-element_type=\"widget\" data-widget_type=\"text-editor.default\">\n\t\t\t\t<div class=\"elementor-widget-container\">\n\t\t\t\t\t\t\t<div class=\"wpb_text_column wpb_content_element\"><div class=\"wpb_wrapper\"><p><strong>Los miembros de EUROC apoyan a organizaciones e iniciativas que tratan de prevenir<\/strong> evitar que los propietarios de tiempo compartido se vean expuestos a fraudes y enga\u00f1os. Siempre que sea posible, EUROC colaborar\u00e1 con las autoridades, la polic\u00eda y otros organismos encargados de hacer cumplir la ley de toda Europa para llevar a los delincuentes ante la justicia.\u00a0<\/p><\/div><\/div>\t\t\t\t\t\t<\/div>\n\t\t\t\t<\/div>\n\t\t\t\t<div class=\"elementor-element elementor-element-2973a47d elementor-widget elementor-widget-text-editor\" data-id=\"2973a47d\" data-element_type=\"widget\" data-widget_type=\"text-editor.default\">\n\t\t\t\t<div class=\"elementor-widget-container\">\n\t\t\t\t\t\t\t<p><strong>Ahorrar en honorarios de abogados<\/strong> en que se puede incurrir en el proceso de redacci\u00f3n de cartas de respuesta, en nombre de sus propietarios, a las compa\u00f1\u00edas de siniestros. Para ello, puede utilizar una selecci\u00f3n de modelos de cartas aprobados que est\u00e1n a disposici\u00f3n exclusiva de los miembros de EUROC.<\/p>\t\t\t\t\t\t<\/div>\n\t\t\t\t<\/div>\n\t\t\t\t<div class=\"elementor-element elementor-element-10e054b3 elementor-widget-divider--view-line elementor-widget elementor-widget-divider\" data-id=\"10e054b3\" data-element_type=\"widget\" data-widget_type=\"divider.default\">\n\t\t\t\t<div class=\"elementor-widget-container\">\n\t\t\t\t\t<div class=\"elementor-divider\">\n\t\t\t<span class=\"elementor-divider-separator\">\n\t\t\t\t\t\t<\/span>\n\t\t<\/div>\n\t\t\t\t<\/div>\n\t\t\t\t<\/div>\n\t\t\t\t<div class=\"elementor-element elementor-element-7950422c elementor-invisible elementor-widget elementor-widget-heading\" data-id=\"7950422c\" data-element_type=\"widget\" data-settings=\"{&quot;_animation&quot;:&quot;slideInLeft&quot;}\" data-widget_type=\"heading.default\">\n\t\t\t\t<div class=\"elementor-widget-container\">\n\t\t\t<h2 class=\"elementor-heading-title elementor-size-large\">Cuestiones relacionadas con el aprovechamiento por turno de bienes de uso tur\u00edstico<\/h2>\t\t<\/div>\n\t\t\t\t<\/div>\n\t\t\t\t<div class=\"elementor-element elementor-element-38d7aafe elementor-widget elementor-widget-text-editor\" data-id=\"38d7aafe\" data-element_type=\"widget\" data-widget_type=\"text-editor.default\">\n\t\t\t\t<div class=\"elementor-widget-container\">\n\t\t\t\t\t\t\t<p>Mantenerse al corriente de cualquier <strong>cuestiones legislativas, reglamentarias y de mercado actuales y potenciales<\/strong> que afectan a los clubes y propietarios de tiempo compartido de todo el Reino Unido y Europa y es el <strong>primera l\u00ednea de defensa contra la legislaci\u00f3n<\/strong> que puedan afectar negativamente a sus propietarios, clubes o complejos tur\u00edsticos.<\/p>\t\t\t\t\t\t<\/div>\n\t\t\t\t<\/div>\n\t\t\t\t<div class=\"elementor-element elementor-element-67871614 elementor-widget elementor-widget-text-editor\" data-id=\"67871614\" data-element_type=\"widget\" data-widget_type=\"text-editor.default\">\n\t\t\t\t<div class=\"elementor-widget-container\">\n\t\t\t\t\t\t\t<p><b>Documentos redactados por profesionales<\/b> se presentar\u00e1n en nombre de los miembros de EUROC a los ayuntamientos y gobiernos locales sobre cuestiones espec\u00edficas que pueden afectar al uso y explotaci\u00f3n del tiempo compartido, como la posible aplicaci\u00f3n del impuesto sobre la estancia\/turismo en el Reino Unido, las tasas empresariales, las sentencias del Tribunal Supremo espa\u00f1ol y las cuestiones relativas a la propiedad a perpetuidad, por citar algunas.<\/p>\t\t\t\t\t\t<\/div>\n\t\t\t\t<\/div>\n\t\t\t\t<div class=\"elementor-element elementor-element-311f0ec6 elementor-widget elementor-widget-text-editor\" data-id=\"311f0ec6\" data-element_type=\"widget\" data-widget_type=\"text-editor.default\">\n\t\t\t\t<div class=\"elementor-widget-container\">\n\t\t\t\t\t\t\t<p>Se reconocer\u00e1 a los miembros de la organizaci\u00f3n como representantes de lo mejor del aprovechamiento por turno siguiendo los <strong>Directrices de buenas pr\u00e1cticas\/c\u00f3digo de conducta EUROC<\/strong>.<\/p>\t\t\t\t\t\t<\/div>\n\t\t\t\t<\/div>\n\t\t\t\t<div class=\"elementor-element elementor-element-4326454a elementor-widget elementor-widget-text-editor\" data-id=\"4326454a\" data-element_type=\"widget\" data-widget_type=\"text-editor.default\">\n\t\t\t\t<div class=\"elementor-widget-container\">\n\t\t\t\t\t\t\t<p>EUROC representa y act\u00faa como <strong>la voz oficial de todos los propietarios de tiempo compartido<\/strong> con los medios de comunicaci\u00f3n, las fuerzas del orden, los organismos gubernamentales y las autoridades locales.<\/p>\t\t\t\t\t\t<\/div>\n\t\t\t\t<\/div>\n\t\t\t\t\t<\/div>\n\t\t<\/div>\n\t\t\t\t\t<\/div>\n\t\t<\/section>\n\t\t\t\t<\/div>","protected":false},"excerpt":{"rendered":"<p>Beneficios de la afiliaci\u00f3n EUROC ofrece una amplia gama de servicios y beneficios a sus miembros del European Timeshare Club and Resort. Actuar\u00e1 como una ventanilla \u00fanica para los representantes de los comit\u00e9s de propietarios y los equipos de gesti\u00f3n de los complejos, proporcion\u00e1ndoles apoyo incondicional, recursos y contactos leg\u00edtimos, ideas operativas y de generaci\u00f3n de [...]<\/p>","protected":false},"author":3,"featured_media":0,"parent":0,"menu_order":0,"comment_status":"closed","ping_status":"closed","template":"","meta":{"om_disable_all_campaigns":false,"_monsterinsights_skip_tracking":false,"_monsterinsights_sitenote_active":false,"_monsterinsights_sitenote_note":"","_monsterinsights_sitenote_category":0,"_uf_show_specific_survey":0,"_uf_disable_surveys":false,"footnotes":""},"class_list":["post-160","page","type-page","status-publish","hentry"],"aioseo_notices":[],"yoast_head":"<!-- This site is optimized with the Yoast SEO plugin v24.0 - https:\/\/yoast.com\/wordpress\/plugins\/seo\/ -->\n<title>Benefits of Membership - EUROC Europe<\/title>\n<meta name=\"robots\" content=\"index, follow, max-snippet:-1, max-image-preview:large, max-video-preview:-1\" \/>\n<link rel=\"canonical\" href=\"https:\/\/euroc.org\/es\/benefits-of-membership\/\" \/>\n<meta property=\"og:locale\" content=\"es_ES\" \/>\n<meta property=\"og:type\" content=\"article\" \/>\n<meta property=\"og:title\" content=\"Benefits of Membership - EUROC Europe\" \/>\n<meta property=\"og:description\" content=\"Benefits of Membership EUROC offers a wide range of services and benefits to its European Timeshare Club and Resort members. It will act as a one stop shop for the owner committee representatives and resort management teams providing them with unconditional support, legitimate resources and contacts, operational and revenue generation ideas along with, providing regular [&hellip;]\" \/>\n<meta property=\"og:url\" content=\"https:\/\/euroc.org\/es\/benefits-of-membership\/\" \/>\n<meta property=\"og:site_name\" content=\"EUROC Europe\" \/>\n<meta property=\"article:modified_time\" content=\"2025-09-29T15:08:48+00:00\" \/>\n<meta name=\"twitter:card\" content=\"summary_large_image\" \/>\n<meta name=\"twitter:label1\" content=\"Tiempo de lectura\" \/>\n\t<meta name=\"twitter:data1\" content=\"4 minutos\" \/>\n<script type=\"application\/ld+json\" class=\"yoast-schema-graph\">{\"@context\":\"https:\/\/schema.org\",\"@graph\":[{\"@type\":\"WebPage\",\"@id\":\"https:\/\/euroc.org\/benefits-of-membership\/\",\"url\":\"https:\/\/euroc.org\/benefits-of-membership\/\",\"name\":\"Benefits of Membership - EUROC Europe\",\"isPartOf\":{\"@id\":\"https:\/\/euroc.org\/#website\"},\"datePublished\":\"2023-09-19T14:58:12+00:00\",\"dateModified\":\"2025-09-29T15:08:48+00:00\",\"breadcrumb\":{\"@id\":\"https:\/\/euroc.org\/benefits-of-membership\/#breadcrumb\"},\"inLanguage\":\"es\",\"potentialAction\":[{\"@type\":\"ReadAction\",\"target\":[\"https:\/\/euroc.org\/benefits-of-membership\/\"]}]},{\"@type\":\"BreadcrumbList\",\"@id\":\"https:\/\/euroc.org\/benefits-of-membership\/#breadcrumb\",\"itemListElement\":[{\"@type\":\"ListItem\",\"position\":1,\"name\":\"Home\",\"item\":\"https:\/\/euroc.org\/\"},{\"@type\":\"ListItem\",\"position\":2,\"name\":\"Benefits of Membership\"}]},{\"@type\":\"WebSite\",\"@id\":\"https:\/\/euroc.org\/#website\",\"url\":\"https:\/\/euroc.org\/\",\"name\":\"EUROC Europe\",\"description\":\"European Resort Owners Coalition\",\"publisher\":{\"@id\":\"https:\/\/euroc.org\/#organization\"},\"potentialAction\":[{\"@type\":\"SearchAction\",\"target\":{\"@type\":\"EntryPoint\",\"urlTemplate\":\"https:\/\/euroc.org\/?s={search_term_string}\"},\"query-input\":{\"@type\":\"PropertyValueSpecification\",\"valueRequired\":true,\"valueName\":\"search_term_string\"}}],\"inLanguage\":\"es\"},{\"@type\":\"Organization\",\"@id\":\"https:\/\/euroc.org\/#organization\",\"name\":\"EUROC Europe\",\"url\":\"https:\/\/euroc.org\/\",\"logo\":{\"@type\":\"ImageObject\",\"inLanguage\":\"es\",\"@id\":\"https:\/\/euroc.org\/#\/schema\/logo\/image\/\",\"url\":\"https:\/\/euroc.org\/wp-content\/uploads\/2023\/10\/cropped-EUROC-Final-Logo-colours-1.png\",\"contentUrl\":\"https:\/\/euroc.org\/wp-content\/uploads\/2023\/10\/cropped-EUROC-Final-Logo-colours-1.png\",\"width\":1561,\"height\":650,\"caption\":\"EUROC Europe\"},\"image\":{\"@id\":\"https:\/\/euroc.org\/#\/schema\/logo\/image\/\"}}]}<\/script>\n<!-- \/ Yoast SEO plugin. -->","yoast_head_json":{"title":"Benefits of Membership - EUROC Europe","robots":{"index":"index","follow":"follow","max-snippet":"max-snippet:-1","max-image-preview":"max-image-preview:large","max-video-preview":"max-video-preview:-1"},"canonical":"https:\/\/euroc.org\/es\/benefits-of-membership\/","og_locale":"es_ES","og_type":"article","og_title":"Benefits of Membership - EUROC Europe","og_description":"Benefits of Membership EUROC offers a wide range of services and benefits to its European Timeshare Club and Resort members. It will act as a one stop shop for the owner committee representatives and resort management teams providing them with unconditional support, legitimate resources and contacts, operational and revenue generation ideas along with, providing regular [&hellip;]","og_url":"https:\/\/euroc.org\/es\/benefits-of-membership\/","og_site_name":"EUROC Europe","article_modified_time":"2025-09-29T15:08:48+00:00","twitter_card":"summary_large_image","twitter_misc":{"Tiempo de lectura":"4 minutos"},"schema":{"@context":"https:\/\/schema.org","@graph":[{"@type":"WebPage","@id":"https:\/\/euroc.org\/benefits-of-membership\/","url":"https:\/\/euroc.org\/benefits-of-membership\/","name":"Benefits of Membership - EUROC Europe","isPartOf":{"@id":"https:\/\/euroc.org\/#website"},"datePublished":"2023-09-19T14:58:12+00:00","dateModified":"2025-09-29T15:08:48+00:00","breadcrumb":{"@id":"https:\/\/euroc.org\/benefits-of-membership\/#breadcrumb"},"inLanguage":"es","potentialAction":[{"@type":"ReadAction","target":["https:\/\/euroc.org\/benefits-of-membership\/"]}]},{"@type":"BreadcrumbList","@id":"https:\/\/euroc.org\/benefits-of-membership\/#breadcrumb","itemListElement":[{"@type":"ListItem","position":1,"name":"Home","item":"https:\/\/euroc.org\/"},{"@type":"ListItem","position":2,"name":"Benefits of Membership"}]},{"@type":"WebSite","@id":"https:\/\/euroc.org\/#website","url":"https:\/\/euroc.org\/","name":"EUROC Europe","description":"European Resort Owners Coalition","publisher":{"@id":"https:\/\/euroc.org\/#organization"},"potentialAction":[{"@type":"SearchAction","target":{"@type":"EntryPoint","urlTemplate":"https:\/\/euroc.org\/?s={search_term_string}"},"query-input":{"@type":"PropertyValueSpecification","valueRequired":true,"valueName":"search_term_string"}}],"inLanguage":"es"},{"@type":"Organization","@id":"https:\/\/euroc.org\/#organization","name":"EUROC Europe","url":"https:\/\/euroc.org\/","logo":{"@type":"ImageObject","inLanguage":"es","@id":"https:\/\/euroc.org\/#\/schema\/logo\/image\/","url":"https:\/\/euroc.org\/wp-content\/uploads\/2023\/10\/cropped-EUROC-Final-Logo-colours-1.png","contentUrl":"https:\/\/euroc.org\/wp-content\/uploads\/2023\/10\/cropped-EUROC-Final-Logo-colours-1.png","width":1561,"height":650,"caption":"EUROC Europe"},"image":{"@id":"https:\/\/euroc.org\/#\/schema\/logo\/image\/"}}]}},"_links":{"self":[{"href":"https:\/\/euroc.org\/es\/wp-json\/wp\/v2\/pages\/160","targetHints":{"allow":["GET"]}}],"collection":[{"href":"https:\/\/euroc.org\/es\/wp-json\/wp\/v2\/pages"}],"about":[{"href":"https:\/\/euroc.org\/es\/wp-json\/wp\/v2\/types\/page"}],"author":[{"embeddable":true,"href":"https:\/\/euroc.org\/es\/wp-json\/wp\/v2\/users\/3"}],"replies":[{"embeddable":true,"href":"https:\/\/euroc.org\/es\/wp-json\/wp\/v2\/comments?post=160"}],"version-history":[{"count":28,"href":"https:\/\/euroc.org\/es\/wp-json\/wp\/v2\/pages\/160\/revisions"}],"predecessor-version":[{"id":5420,"href":"https:\/\/euroc.org\/es\/wp-json\/wp\/v2\/pages\/160\/revisions\/5420"}],"wp:attachment":[{"href":"https:\/\/euroc.org\/es\/wp-json\/wp\/v2\/media?parent=160"}],"curies":[{"name":"wp","href":"https:\/\/api.w.org\/{rel}","templated":true}]}}