{"id":94,"date":"2023-09-19T14:24:08","date_gmt":"2023-09-19T14:24:08","guid":{"rendered":"https:\/\/euroctimesharesupporthub.com\/?page_id=94"},"modified":"2023-09-19T14:25:19","modified_gmt":"2023-09-19T14:25:19","slug":"privacy-policy","status":"publish","type":"page","link":"https:\/\/euroc.org\/de\/datenschutzbestimmungen\/","title":{"rendered":"Datenschutzbestimmungen"},"content":{"rendered":"<div data-elementor-type=\"wp-page\" data-elementor-id=\"94\" class=\"elementor elementor-94\" data-elementor-post-type=\"page\">\n\t\t\t\t\t\t<section class=\"elementor-section elementor-top-section elementor-element elementor-element-c3d4b84 elementor-section-full_width elementor-section-height-min-height elementor-section-stretched elementor-section-height-default elementor-section-items-middle\" data-id=\"c3d4b84\" data-element_type=\"section\" data-settings=\"{&quot;stretch_section&quot;:&quot;section-stretched&quot;,&quot;background_background&quot;:&quot;classic&quot;}\">\n\t\t\t\t\t\t\t<div class=\"elementor-background-overlay\"><\/div>\n\t\t\t\t\t\t\t<div class=\"elementor-container elementor-column-gap-default\">\n\t\t\t\t\t<div class=\"elementor-column elementor-col-100 elementor-top-column elementor-element elementor-element-2290718\" data-id=\"2290718\" data-element_type=\"column\">\n\t\t\t<div class=\"elementor-widget-wrap elementor-element-populated\">\n\t\t\t\t\t\t<div class=\"elementor-element elementor-element-e4229c0 elementor-widget elementor-widget-heading\" data-id=\"e4229c0\" data-element_type=\"widget\" data-widget_type=\"heading.default\">\n\t\t\t\t<div class=\"elementor-widget-container\">\n\t\t\t<h1 class=\"elementor-heading-title elementor-size-xxl\">Datenschutz <\/h1>\t\t<\/div>\n\t\t\t\t<\/div>\n\t\t\t\t<div class=\"elementor-element elementor-element-bc30f88 elementor-widget elementor-widget-heading\" data-id=\"bc30f88\" data-element_type=\"widget\" data-widget_type=\"heading.default\">\n\t\t\t\t<div class=\"elementor-widget-container\">\n\t\t\t<h1 class=\"elementor-heading-title elementor-size-xxl\">Politik<\/h1>\t\t<\/div>\n\t\t\t\t<\/div>\n\t\t\t\t\t<\/div>\n\t\t<\/div>\n\t\t\t\t\t<\/div>\n\t\t<\/section>\n\t\t\t\t<section class=\"elementor-section elementor-top-section elementor-element elementor-element-c033de6 elementor-section-boxed elementor-section-height-default elementor-section-height-default\" data-id=\"c033de6\" data-element_type=\"section\">\n\t\t\t\t\t\t<div class=\"elementor-container elementor-column-gap-default\">\n\t\t\t\t\t<div class=\"elementor-column elementor-col-100 elementor-top-column elementor-element elementor-element-e8370fa\" data-id=\"e8370fa\" data-element_type=\"column\">\n\t\t\t<div class=\"elementor-widget-wrap elementor-element-populated\">\n\t\t\t\t\t\t<div class=\"elementor-element elementor-element-aee0fff elementor-widget elementor-widget-text-editor\" data-id=\"aee0fff\" data-element_type=\"widget\" data-widget_type=\"text-editor.default\">\n\t\t\t\t<div class=\"elementor-widget-container\">\n\t\t\t\t\t\t\t<p><b>Datenschutz - Unsere Verpflichtung\u00a0<\/b><\/p><p>Die EUROC verpflichtet sich, den Schutz Ihrer Privatsph\u00e4re zu gew\u00e4hrleisten. Alle Informationen, die Sie bei der Nutzung unserer Website zur Verf\u00fcgung stellen und durch die Sie identifiziert werden k\u00f6nnen, werden nur in \u00dcbereinstimmung mit dieser Datenschutzerkl\u00e4rung verwendet. Diese Datenschutzrichtlinie gilt f\u00fcr die Nutzung unserer Website <a href=\"https:\/\/euroc.org\/de\/\">https:\/\/euroc.org<\/a>.<\/p><p>Die EUROC kann diese Politik von Zeit zu Zeit durch Aktualisierung dieser Seite \u00e4ndern. Sie sollten diese Seite von Zeit zu Zeit \u00fcberpr\u00fcfen, um sicherzustellen, dass Sie mit allen \u00c4nderungen einverstanden sind. Diese Richtlinie ist ab dem 25. Juli 2019 g\u00fcltig.<\/p><p><strong>Der f\u00fcr die Datenverarbeitung Verantwortliche ist<\/strong>:<\/p><p>EUROC GmbH<\/p><p>Firmennummer: 11687730<\/p><p>Eingetragene Anschrift:  4th Floor, 3 More London Riverside, London, SE1 2AQ.<\/p><p>E-Mail Adresse: <a href=\"mailto:info@euroc.eu\">info@euroc.org<\/a><\/p><p><b>Pers\u00f6nliche Daten<\/b><\/p><p>Personenbezogene Daten werden in der Allgemeinen Datenschutzverordnung (EU-Verordnung 2016\/679) (\"DSGVO\") definiert als \"alle Informationen \u00fcber eine bestimmbare Person, die direkt oder indirekt identifiziert werden kann, insbesondere durch Zuordnung zu einer Kennung\".<\/p><p>Personenbezogene Daten sind, vereinfacht ausgedr\u00fcckt, alle Informationen \u00fcber Sie, die es erm\u00f6glichen, Sie zu identifizieren. Zu den personenbezogenen Daten geh\u00f6ren offensichtliche Informationen wie Ihr Name und Ihre Kontaktdaten, aber auch weniger offensichtliche Informationen wie Identifikationsnummern, elektronische Standortdaten und andere Online-Kennungen.<\/p><p><b>Cookies<\/b><\/p><p>Wenn Sie unsere Website nutzen, um die von uns zur Verf\u00fcgung gestellten Informationen einzusehen, werden eine Reihe von Cookies von anderen und von Dritten verwendet, um das Funktionieren der Website zu erm\u00f6glichen, n\u00fctzliche Informationen \u00fcber die Besucher zu sammeln und dazu beizutragen, Ihre Nutzererfahrung zu verbessern.<\/p><p>Cookies sind kleine Dateien, die mit Webseiten hin- und hergeschickt werden, um zu erkennen, dass Sie eine Website bereits besucht haben, oder um kleine Informationen lokal zu speichern.<\/p><p>Wir verwenden ein Tool von Google namens Google Analytics, das uns Aufschluss dar\u00fcber gibt, wie die Besucher euroc.eu nutzen. Es verwendet Cookies, um festzustellen, wie lange die Besucher auf der Website bleiben, welche Seiten sie besuchen, aus welchem Land sie kommen und ob es sich um neue oder wiederkehrende Besucher handelt.<\/p><p>Wir verwenden auf dieser Website auch Schaltfl\u00e4chen und\/oder Plugins f\u00fcr soziale Medien, die es Ihnen erm\u00f6glichen, sich auf verschiedene Weise mit Ihren sozialen Netzwerken zu verbinden. Damit diese funktionieren, setzen die sozialen Medien \u00fcber unsere Website Cookies, die dazu verwendet werden k\u00f6nnen, Ihr Profil auf ihrer Website zu verbessern oder zu den Daten beizutragen, die sie f\u00fcr verschiedene Zwecke halten, die in ihren jeweiligen Datenschutzrichtlinien beschrieben sind.<\/p><p>Manchmal binden wir Inhalte von anderen Websites auf unserer Website ein, zum Beispiel YouTube-Videos. Wenn wir dies tun, kann YouTube Cookies speichern, um zu verfolgen, wie die Leute die Videos auf ihrer Seite ansehen.<\/p><p>EUROC-Mitglieder k\u00f6nnen sich bei euroc.eu anmelden, und wenn sie dies tun, verwenden wir Cookies, um zu verfolgen, dass sie sich angemeldet haben.<\/p><p>Wir verwenden Cookies, um die Anzahl der \"\u00d6ffnungen\" und \"Klicks\" auf die von der EUROC versandten Newsletter zu verfolgen.<\/p><p>Sie k\u00f6nnen das Setzen von Cookies verhindern, indem Sie die Einstellungen Ihres Browsers anpassen (siehe dazu die Hilfe Ihres Browsers). Beachten Sie, dass die Deaktivierung von Cookies die Funktionalit\u00e4t dieser und vieler anderer Websites, die Sie besuchen, beeintr\u00e4chtigen wird.<\/p><p>Wenn Sie mehr dar\u00fcber wissen m\u00f6chten, was Cookies sind und wie Sie sie kontrollieren k\u00f6nnen, <a href=\"http:\/\/www.aboutcookies.org\/\">www.aboutcookies.org<\/a> ist eine gro\u00dfartige Ressource.<\/p><p><b>Links zu anderen Websites und sozialen Medien<\/b><\/p><p>Unsere Website kann Links enthalten, die es Ihnen erm\u00f6glichen, andere Websites, die f\u00fcr Sie von Interesse sind, einfach zu besuchen. Wenn Sie unsere Website \u00fcber diese Links verlassen haben, sollten Sie jedoch beachten, dass wir keine Kontrolle \u00fcber diese anderen Websites haben. Daher k\u00f6nnen wir nicht f\u00fcr den Schutz und die Vertraulichkeit von Informationen verantwortlich sein, die Sie beim Besuch solcher Websites zur Verf\u00fcgung stellen, und solche Websites unterliegen nicht dieser Datenschutzerkl\u00e4rung. Sie sollten daher Vorsicht walten lassen und die f\u00fcr die betreffende Website geltende Datenschutzerkl\u00e4rung lesen.<\/p><p>Unsere Website erm\u00f6glicht es Ihnen m\u00f6glicherweise, Informationen mit Social-Media-Sites auszutauschen oder Social-Media-Sites zu nutzen, um Ihr Konto zu erstellen oder Ihr Social-Media-Konto zu verbinden. Diese Social-Media-Websites k\u00f6nnen uns automatisch Zugang zu bestimmten personenbezogenen Daten gew\u00e4hren, die sie \u00fcber Sie gespeichert haben (z. B. alle Inhalte, die Sie angesehen haben). Sie sollten in der Lage sein, Ihre Datenschutzeinstellungen in Ihrem eigenen Social-Media-Konto bzw. Ihren eigenen Social-Media-Konten zu verwalten, um zu bestimmen, auf welche personenbezogenen Daten Sie uns \u00fcber dieses Konto Zugriff gew\u00e4hren.<\/p><p><b>Wenn Sie eine E-Mail-Anfrage senden<\/b><\/p><p>Die E-Mail-Kommunikation wird mit Google G Suite gespeichert und verarbeitet, die im Europ\u00e4ischen Wirtschaftsraum (EWR) gehostet wird. Anmeldeinformationen, Mitgliedsdaten und zus\u00e4tzliche unterst\u00fctzende Unterlagen werden \u00fcber Cloud-Dienste von Dropbox gespeichert.  Dropbox verarbeitet und \u00fcbermittelt Informationen in den Vereinigten Staaten und an anderen Orten auf der ganzen Welt, und Dateien k\u00f6nnen auch lokal auf Ger\u00e4ten gespeichert werden, die f\u00fcr den Zugriff auf Dropbox-Dienste verwendet werden. Dropbox nimmt an den folgenden Richtlinien teil und hat deren Einhaltung zertifiziert\u00a0<a href=\"https:\/\/www.privacyshield.gov\/welcome\">EU-U.S. Privacy Shield Framework und das Swiss-U.S. Privacy Shield Framework<\/a>. Sie k\u00f6nnen die <a href=\"https:\/\/www.dropbox.com\/privacy\">Dropbox-Datenschutzrichtlinie<\/a> auf ihrer Website.<\/p><p><b>Informationen, die sich nur auf Unternehmen beziehen<\/b><b><br \/><\/b><\/p><p>Wenn Sie gesch\u00e4ftlich t\u00e4tig sind, k\u00f6nnen wir Informationen erfassen, die f\u00fcr die Beantragung der Mitgliedschaft oder der Fortsetzung der Mitgliedschaft bei EUROC erforderlich sind, sowie Informationen, die f\u00fcr die Rechnungsstellung ben\u00f6tigt werden, wie Name und Anschrift des eingetragenen Unternehmens, Handelsname und -anschrift, Telefonnummer, Faxnummer, E-Mail-Adresse, Umsatzsteuernummer, Name der Person, die den Antrag ausf\u00fcllt, Position im Unternehmen, E-Mail-Adresse, Telefonnummer.<\/p><p>Wenn Sie in einer gesch\u00e4ftlichen Funktion handeln, k\u00f6nnen wir Ihre Daten au\u00dferdem f\u00fcr legitime Marketingzwecke verwenden, wenn wir glauben, dass unsere Dienstleistungen f\u00fcr Sie von Interesse sind. Sie k\u00f6nnen uns auffordern, Ihre personenbezogenen Daten nicht f\u00fcr Marketingzwecke zu verwenden. Sie k\u00f6nnen dies tun, indem Sie bestimmte K\u00e4stchen in den Formularen, die wir zur Erfassung Ihrer Daten verwenden, und in den Marketing-E-Mails, die wir Ihnen schicken, ankreuzen. Sie k\u00f6nnen uns auch jederzeit bitten, die Zusendung von Marketing-Informationen an Sie einzustellen, indem Sie sich mit uns in Verbindung setzen.<\/p><p><b>Die Grundlage, auf der wir Ihre pers\u00f6nlichen Daten verwenden k\u00f6nnen<\/b><\/p><p>Wir werden Ihre personenbezogenen Daten nur dann verwenden, wenn einer oder mehrere der folgenden Punkte zutreffen:<\/p><ol><li>Sie haben der Nutzung zugestimmt (was Sie jederzeit durch Mitteilung an uns widerrufen k\u00f6nnen), oder<\/li><li>sie f\u00fcr den Abschluss oder die Erf\u00fcllung eines Vertrages zwischen uns erforderlich sind, oder<\/li><li>Es ist notwendig, um einer gesetzlichen Verpflichtung nachzukommen, der wir unterliegen, oder<\/li><li>Sie ist notwendig, um Ihre vitalen Interessen oder die einer anderen Person zu sch\u00fctzen.<\/li><li>Es ist f\u00fcr uns notwendig, unsere legitimen Interessen zu verfolgen, wie z. B. die Vermarktung unserer Dienstleistungen unter den entsprechenden Umst\u00e4nden, z. B. wenn Sie unsere Dienstleistungen in Anspruch genommen haben und nicht widersprochen haben, Informationen \u00fcber weitere Dienstleistungen \u00e4hnlicher Art zu erhalten, oder wenn Sie unsere Dienstleistung der alternativen Streitbeilegung in Anspruch nehmen.<\/li><\/ol><p><b>Ihre Rechte als betroffene Person<\/b><\/p><p>Nach dem Gesetz k\u00f6nnen Sie uns fragen, welche Daten wir \u00fcber Sie gespeichert haben (in der Regel als Antrag auf Zugang zu diesen Daten bezeichnet), und Sie k\u00f6nnen uns bitten, diese Daten zu korrigieren, wenn sie unrichtig sind.<\/p><p>Wenn wir Sie um Ihre Zustimmung zur Verarbeitung Ihrer personenbezogenen Daten gebeten haben, k\u00f6nnen Sie diese jederzeit widerrufen.<\/p><p>Wenn wir Ihre personenbezogenen Daten aus Gr\u00fcnden der Einwilligung oder des berechtigten Interesses verarbeiten, k\u00f6nnen Sie die L\u00f6schung Ihrer Daten verlangen.<\/p><p>Sie k\u00f6nnen verlangen, dass wir die personenbezogenen Daten, die wir \u00fcber Sie gespeichert haben, an Sie oder (soweit technisch m\u00f6glich) an einen von Ihnen ausgew\u00e4hlten Dritten in einem g\u00e4ngigen maschinenlesbaren Format weitergeben.<\/p><p>Sie haben das Recht, eine Beschwerde bei der f\u00fcr den Datenschutz zust\u00e4ndigen Aufsichtsbeh\u00f6rde einzureichen (z. B. im Vereinigten K\u00f6nigreich beim Information Commissioner's Office. Personen, die in anderen EU-L\u00e4ndern ans\u00e4ssig sind, haben das Recht, sich bei ihrer eigenen Aufsichtsbeh\u00f6rde zu beschweren).<\/p><p>Bitte beachten Sie, dass diese Rechte nicht immer und f\u00fcr jeden verf\u00fcgbar sind.<\/p><p>Die EUROC kann einen Identit\u00e4tsnachweis (z. B. einen Reisepass oder F\u00fchrerschein) verlangen, um sicherzustellen, dass wir die richtigen personenbezogenen Daten an die richtige Person weitergeben.<\/p><p>Zwar muss EUROC einem Antrag auf Aus\u00fcbung Ihrer Rechte innerhalb eines Monats nachkommen, aber EUROC kann das Recht haben, sp\u00e4ter zu antworten, wenn der Antrag besonders komplex ist oder mehr als ein Antrag gestellt wurde. Sollte eine Verl\u00e4ngerung erforderlich sein, wird die EUROC Sie w\u00e4hrend des gesamten Prozesses auf dem Laufenden halten.<\/p><p>Bitte beachten Sie, dass EUROC in der Regel keine Geb\u00fchren f\u00fcr die Beantwortung Ihrer Anfrage erheben kann, dies jedoch tun kann, wenn die Anfrage eindeutig unbegr\u00fcndet, wiederholend oder \u00fcbertrieben ist, bzw. EUROC die Beantwortung der Anfrage auf einer solchen Grundlage ablehnen kann.<\/p><p>Wenn Sie eine Anfrage zu Ihren pers\u00f6nlichen Daten stellen m\u00f6chten, wenden Sie sich bitte an uns: <a href=\"mailto:info@euroc.org\"><strong>info@euroc.org<\/strong><\/a><\/p>\t\t\t\t\t\t<\/div>\n\t\t\t\t<\/div>\n\t\t\t\t\t<\/div>\n\t\t<\/div>\n\t\t\t\t\t<\/div>\n\t\t<\/section>\n\t\t\t\t<\/div>","protected":false},"excerpt":{"rendered":"<p>Datenschutz - Unsere Verpflichtung Die EUROC verpflichtet sich, den Schutz Ihrer Privatsph\u00e4re zu gew\u00e4hrleisten. Alle Informationen, die Sie bei der Nutzung unserer Website zur Verf\u00fcgung stellen und anhand derer Sie identifiziert werden k\u00f6nnen, werden nur in \u00dcbereinstimmung mit dieser Datenschutzerkl\u00e4rung verwendet. Diese Datenschutzrichtlinie gilt f\u00fcr die Nutzung unserer Website https:\/\/euroc.org. EUROC kann sie \u00e4ndern [...]<\/p>","protected":false},"author":3,"featured_media":0,"parent":0,"menu_order":0,"comment_status":"closed","ping_status":"closed","template":"","meta":{"om_disable_all_campaigns":false,"_monsterinsights_skip_tracking":false,"_monsterinsights_sitenote_active":false,"_monsterinsights_sitenote_note":"","_monsterinsights_sitenote_category":0,"_uf_show_specific_survey":0,"_uf_disable_surveys":false,"footnotes":""},"class_list":["post-94","page","type-page","status-publish","hentry"],"aioseo_notices":[],"yoast_head":"<!-- This site is optimized with the Yoast SEO plugin v24.0 - https:\/\/yoast.com\/wordpress\/plugins\/seo\/ -->\n<title>Privacy Policy - EUROC Europe<\/title>\n<meta name=\"robots\" content=\"index, follow, max-snippet:-1, max-image-preview:large, max-video-preview:-1\" \/>\n<link rel=\"canonical\" href=\"https:\/\/euroc.org\/de\/politica-sulla-privacy\/\" \/>\n<meta property=\"og:locale\" content=\"de_DE\" \/>\n<meta property=\"og:type\" content=\"article\" \/>\n<meta property=\"og:title\" content=\"Privacy Policy - EUROC Europe\" \/>\n<meta property=\"og:description\" content=\"Privacy Policy Privacy \u2013 Our Commitment\u00a0 EUROC is committed to ensuring that your privacy is protected. Any information that you provide by which you can be identified when using our website will only be used in accordance with this privacy statement. This privacy policy applies to your use of our website https:\/\/euroc.org. EUROC may change [&hellip;]\" \/>\n<meta property=\"og:url\" content=\"https:\/\/euroc.org\/de\/politica-sulla-privacy\/\" \/>\n<meta property=\"og:site_name\" content=\"EUROC Europe\" \/>\n<meta property=\"article:modified_time\" content=\"2023-09-19T14:25:19+00:00\" \/>\n<meta name=\"twitter:card\" content=\"summary_large_image\" \/>\n<meta name=\"twitter:label1\" content=\"Gesch\u00e4tzte Lesezeit\" \/>\n\t<meta name=\"twitter:data1\" content=\"7\u00a0Minuten\" \/>\n<script type=\"application\/ld+json\" class=\"yoast-schema-graph\">{\"@context\":\"https:\/\/schema.org\",\"@graph\":[{\"@type\":\"WebPage\",\"@id\":\"https:\/\/euroc.org\/it\/politica-sulla-privacy\/\",\"url\":\"https:\/\/euroc.org\/it\/politica-sulla-privacy\/\",\"name\":\"Privacy Policy - EUROC Europe\",\"isPartOf\":{\"@id\":\"https:\/\/euroc.org\/#website\"},\"datePublished\":\"2023-09-19T14:24:08+00:00\",\"dateModified\":\"2023-09-19T14:25:19+00:00\",\"breadcrumb\":{\"@id\":\"https:\/\/euroc.org\/it\/politica-sulla-privacy\/#breadcrumb\"},\"inLanguage\":\"de\",\"potentialAction\":[{\"@type\":\"ReadAction\",\"target\":[\"https:\/\/euroc.org\/it\/politica-sulla-privacy\/\"]}]},{\"@type\":\"BreadcrumbList\",\"@id\":\"https:\/\/euroc.org\/it\/politica-sulla-privacy\/#breadcrumb\",\"itemListElement\":[{\"@type\":\"ListItem\",\"position\":1,\"name\":\"Home\",\"item\":\"https:\/\/euroc.org\/\"},{\"@type\":\"ListItem\",\"position\":2,\"name\":\"Privacy Policy\"}]},{\"@type\":\"WebSite\",\"@id\":\"https:\/\/euroc.org\/#website\",\"url\":\"https:\/\/euroc.org\/\",\"name\":\"EUROC Europe\",\"description\":\"European Resort Owners Coalition\",\"publisher\":{\"@id\":\"https:\/\/euroc.org\/#organization\"},\"potentialAction\":[{\"@type\":\"SearchAction\",\"target\":{\"@type\":\"EntryPoint\",\"urlTemplate\":\"https:\/\/euroc.org\/?s={search_term_string}\"},\"query-input\":{\"@type\":\"PropertyValueSpecification\",\"valueRequired\":true,\"valueName\":\"search_term_string\"}}],\"inLanguage\":\"de\"},{\"@type\":\"Organization\",\"@id\":\"https:\/\/euroc.org\/#organization\",\"name\":\"EUROC Europe\",\"url\":\"https:\/\/euroc.org\/\",\"logo\":{\"@type\":\"ImageObject\",\"inLanguage\":\"de\",\"@id\":\"https:\/\/euroc.org\/#\/schema\/logo\/image\/\",\"url\":\"https:\/\/euroc.org\/wp-content\/uploads\/2023\/10\/cropped-EUROC-Final-Logo-colours-1.png\",\"contentUrl\":\"https:\/\/euroc.org\/wp-content\/uploads\/2023\/10\/cropped-EUROC-Final-Logo-colours-1.png\",\"width\":1561,\"height\":650,\"caption\":\"EUROC Europe\"},\"image\":{\"@id\":\"https:\/\/euroc.org\/#\/schema\/logo\/image\/\"}}]}<\/script>\n<!-- \/ Yoast SEO plugin. -->","yoast_head_json":{"title":"Privacy Policy - EUROC Europe","robots":{"index":"index","follow":"follow","max-snippet":"max-snippet:-1","max-image-preview":"max-image-preview:large","max-video-preview":"max-video-preview:-1"},"canonical":"https:\/\/euroc.org\/de\/politica-sulla-privacy\/","og_locale":"de_DE","og_type":"article","og_title":"Privacy Policy - EUROC Europe","og_description":"Privacy Policy Privacy \u2013 Our Commitment\u00a0 EUROC is committed to ensuring that your privacy is protected. Any information that you provide by which you can be identified when using our website will only be used in accordance with this privacy statement. This privacy policy applies to your use of our website https:\/\/euroc.org. EUROC may change [&hellip;]","og_url":"https:\/\/euroc.org\/de\/politica-sulla-privacy\/","og_site_name":"EUROC Europe","article_modified_time":"2023-09-19T14:25:19+00:00","twitter_card":"summary_large_image","twitter_misc":{"Gesch\u00e4tzte Lesezeit":"7\u00a0Minuten"},"schema":{"@context":"https:\/\/schema.org","@graph":[{"@type":"WebPage","@id":"https:\/\/euroc.org\/it\/politica-sulla-privacy\/","url":"https:\/\/euroc.org\/it\/politica-sulla-privacy\/","name":"Privacy Policy - EUROC Europe","isPartOf":{"@id":"https:\/\/euroc.org\/#website"},"datePublished":"2023-09-19T14:24:08+00:00","dateModified":"2023-09-19T14:25:19+00:00","breadcrumb":{"@id":"https:\/\/euroc.org\/it\/politica-sulla-privacy\/#breadcrumb"},"inLanguage":"de","potentialAction":[{"@type":"ReadAction","target":["https:\/\/euroc.org\/it\/politica-sulla-privacy\/"]}]},{"@type":"BreadcrumbList","@id":"https:\/\/euroc.org\/it\/politica-sulla-privacy\/#breadcrumb","itemListElement":[{"@type":"ListItem","position":1,"name":"Home","item":"https:\/\/euroc.org\/"},{"@type":"ListItem","position":2,"name":"Privacy Policy"}]},{"@type":"WebSite","@id":"https:\/\/euroc.org\/#website","url":"https:\/\/euroc.org\/","name":"EUROC Europe","description":"European Resort Owners Coalition","publisher":{"@id":"https:\/\/euroc.org\/#organization"},"potentialAction":[{"@type":"SearchAction","target":{"@type":"EntryPoint","urlTemplate":"https:\/\/euroc.org\/?s={search_term_string}"},"query-input":{"@type":"PropertyValueSpecification","valueRequired":true,"valueName":"search_term_string"}}],"inLanguage":"de"},{"@type":"Organization","@id":"https:\/\/euroc.org\/#organization","name":"EUROC Europe","url":"https:\/\/euroc.org\/","logo":{"@type":"ImageObject","inLanguage":"de","@id":"https:\/\/euroc.org\/#\/schema\/logo\/image\/","url":"https:\/\/euroc.org\/wp-content\/uploads\/2023\/10\/cropped-EUROC-Final-Logo-colours-1.png","contentUrl":"https:\/\/euroc.org\/wp-content\/uploads\/2023\/10\/cropped-EUROC-Final-Logo-colours-1.png","width":1561,"height":650,"caption":"EUROC Europe"},"image":{"@id":"https:\/\/euroc.org\/#\/schema\/logo\/image\/"}}]}},"_links":{"self":[{"href":"https:\/\/euroc.org\/de\/wp-json\/wp\/v2\/pages\/94","targetHints":{"allow":["GET"]}}],"collection":[{"href":"https:\/\/euroc.org\/de\/wp-json\/wp\/v2\/pages"}],"about":[{"href":"https:\/\/euroc.org\/de\/wp-json\/wp\/v2\/types\/page"}],"author":[{"embeddable":true,"href":"https:\/\/euroc.org\/de\/wp-json\/wp\/v2\/users\/3"}],"replies":[{"embeddable":true,"href":"https:\/\/euroc.org\/de\/wp-json\/wp\/v2\/comments?post=94"}],"version-history":[{"count":4,"href":"https:\/\/euroc.org\/de\/wp-json\/wp\/v2\/pages\/94\/revisions"}],"predecessor-version":[{"id":98,"href":"https:\/\/euroc.org\/de\/wp-json\/wp\/v2\/pages\/94\/revisions\/98"}],"wp:attachment":[{"href":"https:\/\/euroc.org\/de\/wp-json\/wp\/v2\/media?parent=94"}],"curies":[{"name":"wp","href":"https:\/\/api.w.org\/{rel}","templated":true}]}}