{"id":73,"date":"2023-09-19T14:14:29","date_gmt":"2023-09-19T14:14:29","guid":{"rendered":"https:\/\/euroctimesharesupporthub.com\/?page_id=73"},"modified":"2025-09-29T15:07:19","modified_gmt":"2025-09-29T15:07:19","slug":"about-euroc","status":"publish","type":"page","link":"https:\/\/euroc.org\/de\/uber-euroc\/","title":{"rendered":"\u00dcber EUROC"},"content":{"rendered":"<div data-elementor-type=\"wp-page\" data-elementor-id=\"73\" class=\"elementor elementor-73\" data-elementor-post-type=\"page\">\n\t\t\t\t\t\t<section class=\"elementor-section elementor-top-section elementor-element elementor-element-c3d4b84 elementor-section-full_width elementor-section-height-min-height elementor-section-stretched elementor-section-height-default elementor-section-items-middle\" data-id=\"c3d4b84\" data-element_type=\"section\" data-settings=\"{&quot;stretch_section&quot;:&quot;section-stretched&quot;,&quot;background_background&quot;:&quot;classic&quot;}\">\n\t\t\t\t\t\t\t<div class=\"elementor-background-overlay\"><\/div>\n\t\t\t\t\t\t\t<div class=\"elementor-container elementor-column-gap-default\">\n\t\t\t\t\t<div class=\"elementor-column elementor-col-100 elementor-top-column elementor-element elementor-element-2290718\" data-id=\"2290718\" data-element_type=\"column\">\n\t\t\t<div class=\"elementor-widget-wrap elementor-element-populated\">\n\t\t\t\t\t\t<div class=\"elementor-element elementor-element-e4229c0 elementor-widget elementor-widget-heading\" data-id=\"e4229c0\" data-element_type=\"widget\" data-widget_type=\"heading.default\">\n\t\t\t\t<div class=\"elementor-widget-container\">\n\t\t\t<h1 class=\"elementor-heading-title elementor-size-xxl\">\u00dcber<\/h1>\t\t<\/div>\n\t\t\t\t<\/div>\n\t\t\t\t<div class=\"elementor-element elementor-element-bc30f88 elementor-widget elementor-widget-heading\" data-id=\"bc30f88\" data-element_type=\"widget\" data-widget_type=\"heading.default\">\n\t\t\t\t<div class=\"elementor-widget-container\">\n\t\t\t<h1 class=\"elementor-heading-title elementor-size-xxl\">EUROC<\/h1>\t\t<\/div>\n\t\t\t\t<\/div>\n\t\t\t\t\t<\/div>\n\t\t<\/div>\n\t\t\t\t\t<\/div>\n\t\t<\/section>\n\t\t\t\t<section class=\"elementor-section elementor-top-section elementor-element elementor-element-c033de6 elementor-section-boxed elementor-section-height-default elementor-section-height-default\" data-id=\"c033de6\" data-element_type=\"section\">\n\t\t\t\t\t\t<div class=\"elementor-container elementor-column-gap-default\">\n\t\t\t\t\t<div class=\"elementor-column elementor-col-100 elementor-top-column elementor-element elementor-element-e8370fa\" data-id=\"e8370fa\" data-element_type=\"column\">\n\t\t\t<div class=\"elementor-widget-wrap elementor-element-populated\">\n\t\t\t\t\t\t<div class=\"elementor-element elementor-element-aee0fff elementor-widget elementor-widget-text-editor\" data-id=\"aee0fff\" data-element_type=\"widget\" data-widget_type=\"text-editor.default\">\n\t\t\t\t<div class=\"elementor-widget-container\">\n\t\t\t\t\t\t\t<p>EUROC ist die offizielle, unabh\u00e4ngige, gemeinn\u00fctzige Timesharing-Vereinigung, die weiterhin Seite an Seite mit Timesharing-Eigent\u00fcmern, Vertretern von Eigent\u00fcmeraussch\u00fcssen und Managementteams von Timesharing-Clubs und -Resorts in ganz Europa steht.<\/p><p>Gemeinsam bilden sie eine Allianz von Gleichgesinnten, die alle das gleiche Ziel, die gleiche Pflicht und das gleiche Engagement f\u00fcr die Erhaltung, den Schutz und die Verbesserung der Welt des Timesharing-Eigentums haben.<\/p><p>Das Hauptziel von EUROC ist es, eine Plattform und ein starkes Netzwerk f\u00fcr europ\u00e4ische Vertreter von Timesharing-Clubs und -Resorts zu schaffen, um mit einer einheitlichen Stimme f\u00fcr die Timesharing-Branche Ideen und bew\u00e4hrte Verfahren auszutauschen und L\u00f6sungen f\u00fcr aktuelle und potenzielle zuk\u00fcnftige Probleme zu finden, die Timesharing-Eigent\u00fcmer und ihre Clubs betreffen.<\/p><p>Die Organisation verfolgt einen proaktiven Ansatz, sucht nach L\u00f6sungen und setzt sich f\u00fcr positive Ergebnisse ein, bevor sie sich m\u00f6glicherweise auf Timesharing-Eigent\u00fcmer und ihre Clubs auswirken.<\/p><p><b>Einige der Bereiche, auf die EUROC seine Aufmerksamkeit richtet, sind:<\/b><\/p><ul><li aria-level=\"1\">F\u00f6rderung bew\u00e4hrter Praktiken in der gesamten Timesharing-Branche.<\/li><li aria-level=\"1\">Bereitstellung einer \"Beratungsstelle f\u00fcr Eigent\u00fcmer\" und Funktion als legitime Quelle f\u00fcr Informationen und Unterst\u00fctzung f\u00fcr Timesharing-Eigent\u00fcmer.<\/li><li aria-level=\"1\">Beratung und Unterst\u00fctzung von Regierungsbeamten und Verbraucherverb\u00e4nden in Angelegenheiten, die sich auf Timesharing-Eigentum auswirken.<\/li><li aria-level=\"1\">EUROC bietet seinen Mitgliedern Verbindungen und ein starkes Netzwerk zu gleichgesinnten Timeshare-Clubs und Fachleuten der Branche.<\/li><li aria-level=\"1\">Schutz der Timesharing-Eigent\u00fcmer durch einen Verhaltenskodex.<\/li><li aria-level=\"1\">Sensibilisierung f\u00fcr betr\u00fcgerische Praktiken, von denen Timeshare-Eigent\u00fcmer betroffen sind.<\/li><\/ul>\t\t\t\t\t\t<\/div>\n\t\t\t\t<\/div>\n\t\t\t\t<div class=\"elementor-element elementor-element-07de1aa elementor-widget elementor-widget-heading\" data-id=\"07de1aa\" data-element_type=\"widget\" data-widget_type=\"heading.default\">\n\t\t\t\t<div class=\"elementor-widget-container\">\n\t\t\t<h2 class=\"elementor-heading-title elementor-size-default\">EUROC-Verwaltungsrat<\/h2>\t\t<\/div>\n\t\t\t\t<\/div>\n\t\t\t\t<div class=\"elementor-element elementor-element-4623967 elementor-widget elementor-widget-text-editor\" data-id=\"4623967\" data-element_type=\"widget\" data-widget_type=\"text-editor.default\">\n\t\t\t\t<div class=\"elementor-widget-container\">\n\t\t\t\t\t\t\t<div class=\"elementor-element elementor-element-e4c8ae1 elementor-widget elementor-widget-text-editor\" data-id=\"e4c8ae1\" data-element_type=\"widget\" data-widget_type=\"text-editor.default\"><div class=\"elementor-widget-container\"><p>Es wurde vereinbart, dass der EUROC-Vorstand ein gew\u00e4hltes Gremium sein und aus maximal neun Mitgliedern bestehen wird. Jedes Vorstandsmitglied stellt EUROC seine Zeit und seine Bem\u00fchungen auf unbezahlter, freiwilliger Basis zur Verf\u00fcgung. Die Mehrheit der EUROC-Direktoren sind Timeshare-Eigent\u00fcmer, die auch Vertreter von Timeshare-Clubs und -Resorts in ganz Europa sind.<\/p><p><b>Die Struktur des EUROC-Vorstands gew\u00e4hrleistet:<\/b><\/p><ul><li aria-level=\"1\">Dass die Interessen der Timesharing-Eigent\u00fcmer und ihrer Clubs im Mittelpunkt der Organisation stehen.<\/li><li aria-level=\"1\">Die EUROC-Eigent\u00fcmer und -Eigent\u00fcmergemeinschaften k\u00f6nnen auf ein breites Spektrum an Erfahrungen mit Timesharing-Eigentum und beruflichen F\u00e4higkeiten zur\u00fcckgreifen.<\/li><li aria-level=\"1\">Im Vorstand ist ein breites Spektrum an Timesharing-Eigent\u00fcmern und Betriebserfahrungen vertreten - einschlie\u00dflich v\u00f6llig unabh\u00e4ngiger Clubs, eigent\u00fcmergef\u00fchrter Resorts, punktebasierter Clubs und Entwicklerresorts.<\/li><\/ul><\/div><\/div>\t\t\t\t\t\t<\/div>\n\t\t\t\t<\/div>\n\t\t\t\t<div class=\"elementor-element elementor-element-44f5f0a elementor-widget elementor-widget-heading\" data-id=\"44f5f0a\" data-element_type=\"widget\" data-widget_type=\"heading.default\">\n\t\t\t\t<div class=\"elementor-widget-container\">\n\t\t\t<h2 class=\"elementor-heading-title elementor-size-default\">Derzeitige Vorstandsmitglieder<\/h2>\t\t<\/div>\n\t\t\t\t<\/div>\n\t\t\t\t<div class=\"elementor-element elementor-element-4960b10 elementor-widget elementor-widget-text-editor\" data-id=\"4960b10\" data-element_type=\"widget\" data-widget_type=\"text-editor.default\">\n\t\t\t\t<div class=\"elementor-widget-container\">\n\t\t\t\t\t\t\t<div class=\"elementor-element elementor-element-592a3b0 elementor-widget elementor-widget-text-editor\" data-id=\"592a3b0\" data-element_type=\"widget\" data-widget_type=\"text-editor.default\"><div class=\"elementor-widget-container\"><p><b>Bill Johnston (Vorsitzender)<\/b> - Eigent\u00fcmerin des Cameron Lodges Owners' Club.<\/p><p><b>Michael Coletta<\/b>\u00a0<b>(Stellvertretender Vorsitz)<\/b>\u00a0- Eigent\u00fcmer von Coylumbridge Highland Lodges und Gesch\u00e4ftsf\u00fchrer von The Langdale Estate.<\/p><p><b>Sue Barnett<\/b>\u00a0- Mitglied der Diamond Resorts European Points Collection.<\/p><p><b>John Davey<\/b>\u00a0- Eigent\u00fcmerin des Alpenvereins, \u00d6sterreich.<\/p><p><b>Des Pitman - <\/b>General Manager bei The Osborne Apartments.<\/p><p><strong>Kevin Riley -<\/strong>\u00a0ARDA-ROC.<\/p><p><strong>Peter Drury - <\/strong>Eigent\u00fcmer<strong>\u00a0<\/strong>unter<strong>\u00a0<\/strong>Craigendarroch Owners Club<\/p><p><strong>Silke Pothoff - <\/strong>Eigent\u00fcmerin bei<strong>\u00a0<\/strong>Marriott's Club Sohn Antem<\/p><\/div><\/div>\t\t\t\t\t\t<\/div>\n\t\t\t\t<\/div>\n\t\t\t\t\t<\/div>\n\t\t<\/div>\n\t\t\t\t\t<\/div>\n\t\t<\/section>\n\t\t\t\t<\/div>","protected":false},"excerpt":{"rendered":"<p>\u00dcber EUROC EUROC ist die offizielle, unabh\u00e4ngige, gemeinn\u00fctzige Timesharing-Vereinigung, die weiterhin Seite an Seite mit Timesharing-Eigent\u00fcmern, Vertretern von Eigent\u00fcmeraussch\u00fcssen und Managementteams von Timesharing-Clubs und -Resorts in ganz Europa steht. Gemeinsam bilden sie eine Allianz von Gleichgesinnten, die alle das gleiche Ziel, die gleiche Pflicht und das gleiche Engagement f\u00fcr die Erhaltung, den Schutz und die Verbesserung der [...]<\/p>","protected":false},"author":3,"featured_media":0,"parent":0,"menu_order":0,"comment_status":"closed","ping_status":"closed","template":"","meta":{"om_disable_all_campaigns":false,"_monsterinsights_skip_tracking":false,"_monsterinsights_sitenote_active":false,"_monsterinsights_sitenote_note":"","_monsterinsights_sitenote_category":0,"_uf_show_specific_survey":0,"_uf_disable_surveys":false,"footnotes":""},"class_list":["post-73","page","type-page","status-publish","hentry"],"aioseo_notices":[],"yoast_head":"<!-- This site is optimized with the Yoast SEO plugin v24.0 - https:\/\/yoast.com\/wordpress\/plugins\/seo\/ -->\n<title>About EUROC - EUROC Europe<\/title>\n<meta name=\"robots\" content=\"index, follow, max-snippet:-1, max-image-preview:large, max-video-preview:-1\" \/>\n<link rel=\"canonical\" href=\"https:\/\/euroc.org\/de\/about-euroc\/\" \/>\n<meta property=\"og:locale\" content=\"de_DE\" \/>\n<meta property=\"og:type\" content=\"article\" \/>\n<meta property=\"og:title\" content=\"About EUROC - EUROC Europe\" \/>\n<meta property=\"og:description\" content=\"About EUROC EUROC is the official, independent, non-profit timeshare association that continues to stand side-by-side with timeshare owners, owner committee representatives and resort management teams from timeshare clubs and resorts around Europe. Together, they form an alliance of likeminded people who all have the same goal, duty and commitment towards preserving, protecting and enhancing the [&hellip;]\" \/>\n<meta property=\"og:url\" content=\"https:\/\/euroc.org\/de\/about-euroc\/\" \/>\n<meta property=\"og:site_name\" content=\"EUROC Europe\" \/>\n<meta property=\"article:modified_time\" content=\"2025-09-29T15:07:19+00:00\" \/>\n<meta name=\"twitter:card\" content=\"summary_large_image\" \/>\n<meta name=\"twitter:label1\" content=\"Gesch\u00e4tzte Lesezeit\" \/>\n\t<meta name=\"twitter:data1\" content=\"3\u00a0Minuten\" \/>\n<script type=\"application\/ld+json\" class=\"yoast-schema-graph\">{\"@context\":\"https:\/\/schema.org\",\"@graph\":[{\"@type\":\"WebPage\",\"@id\":\"https:\/\/euroc.org\/about-euroc\/\",\"url\":\"https:\/\/euroc.org\/about-euroc\/\",\"name\":\"About EUROC - EUROC Europe\",\"isPartOf\":{\"@id\":\"https:\/\/euroc.org\/#website\"},\"datePublished\":\"2023-09-19T14:14:29+00:00\",\"dateModified\":\"2025-09-29T15:07:19+00:00\",\"breadcrumb\":{\"@id\":\"https:\/\/euroc.org\/about-euroc\/#breadcrumb\"},\"inLanguage\":\"de\",\"potentialAction\":[{\"@type\":\"ReadAction\",\"target\":[\"https:\/\/euroc.org\/about-euroc\/\"]}]},{\"@type\":\"BreadcrumbList\",\"@id\":\"https:\/\/euroc.org\/about-euroc\/#breadcrumb\",\"itemListElement\":[{\"@type\":\"ListItem\",\"position\":1,\"name\":\"Home\",\"item\":\"https:\/\/euroc.org\/\"},{\"@type\":\"ListItem\",\"position\":2,\"name\":\"About EUROC\"}]},{\"@type\":\"WebSite\",\"@id\":\"https:\/\/euroc.org\/#website\",\"url\":\"https:\/\/euroc.org\/\",\"name\":\"EUROC Europe\",\"description\":\"European Resort Owners Coalition\",\"publisher\":{\"@id\":\"https:\/\/euroc.org\/#organization\"},\"potentialAction\":[{\"@type\":\"SearchAction\",\"target\":{\"@type\":\"EntryPoint\",\"urlTemplate\":\"https:\/\/euroc.org\/?s={search_term_string}\"},\"query-input\":{\"@type\":\"PropertyValueSpecification\",\"valueRequired\":true,\"valueName\":\"search_term_string\"}}],\"inLanguage\":\"de\"},{\"@type\":\"Organization\",\"@id\":\"https:\/\/euroc.org\/#organization\",\"name\":\"EUROC Europe\",\"url\":\"https:\/\/euroc.org\/\",\"logo\":{\"@type\":\"ImageObject\",\"inLanguage\":\"de\",\"@id\":\"https:\/\/euroc.org\/#\/schema\/logo\/image\/\",\"url\":\"https:\/\/euroc.org\/wp-content\/uploads\/2023\/10\/cropped-EUROC-Final-Logo-colours-1.png\",\"contentUrl\":\"https:\/\/euroc.org\/wp-content\/uploads\/2023\/10\/cropped-EUROC-Final-Logo-colours-1.png\",\"width\":1561,\"height\":650,\"caption\":\"EUROC Europe\"},\"image\":{\"@id\":\"https:\/\/euroc.org\/#\/schema\/logo\/image\/\"}}]}<\/script>\n<!-- \/ Yoast SEO plugin. -->","yoast_head_json":{"title":"About EUROC - EUROC Europe","robots":{"index":"index","follow":"follow","max-snippet":"max-snippet:-1","max-image-preview":"max-image-preview:large","max-video-preview":"max-video-preview:-1"},"canonical":"https:\/\/euroc.org\/de\/about-euroc\/","og_locale":"de_DE","og_type":"article","og_title":"About EUROC - EUROC Europe","og_description":"About EUROC EUROC is the official, independent, non-profit timeshare association that continues to stand side-by-side with timeshare owners, owner committee representatives and resort management teams from timeshare clubs and resorts around Europe. Together, they form an alliance of likeminded people who all have the same goal, duty and commitment towards preserving, protecting and enhancing the [&hellip;]","og_url":"https:\/\/euroc.org\/de\/about-euroc\/","og_site_name":"EUROC Europe","article_modified_time":"2025-09-29T15:07:19+00:00","twitter_card":"summary_large_image","twitter_misc":{"Gesch\u00e4tzte Lesezeit":"3\u00a0Minuten"},"schema":{"@context":"https:\/\/schema.org","@graph":[{"@type":"WebPage","@id":"https:\/\/euroc.org\/about-euroc\/","url":"https:\/\/euroc.org\/about-euroc\/","name":"About EUROC - EUROC Europe","isPartOf":{"@id":"https:\/\/euroc.org\/#website"},"datePublished":"2023-09-19T14:14:29+00:00","dateModified":"2025-09-29T15:07:19+00:00","breadcrumb":{"@id":"https:\/\/euroc.org\/about-euroc\/#breadcrumb"},"inLanguage":"de","potentialAction":[{"@type":"ReadAction","target":["https:\/\/euroc.org\/about-euroc\/"]}]},{"@type":"BreadcrumbList","@id":"https:\/\/euroc.org\/about-euroc\/#breadcrumb","itemListElement":[{"@type":"ListItem","position":1,"name":"Home","item":"https:\/\/euroc.org\/"},{"@type":"ListItem","position":2,"name":"About EUROC"}]},{"@type":"WebSite","@id":"https:\/\/euroc.org\/#website","url":"https:\/\/euroc.org\/","name":"EUROC Europe","description":"European Resort Owners Coalition","publisher":{"@id":"https:\/\/euroc.org\/#organization"},"potentialAction":[{"@type":"SearchAction","target":{"@type":"EntryPoint","urlTemplate":"https:\/\/euroc.org\/?s={search_term_string}"},"query-input":{"@type":"PropertyValueSpecification","valueRequired":true,"valueName":"search_term_string"}}],"inLanguage":"de"},{"@type":"Organization","@id":"https:\/\/euroc.org\/#organization","name":"EUROC Europe","url":"https:\/\/euroc.org\/","logo":{"@type":"ImageObject","inLanguage":"de","@id":"https:\/\/euroc.org\/#\/schema\/logo\/image\/","url":"https:\/\/euroc.org\/wp-content\/uploads\/2023\/10\/cropped-EUROC-Final-Logo-colours-1.png","contentUrl":"https:\/\/euroc.org\/wp-content\/uploads\/2023\/10\/cropped-EUROC-Final-Logo-colours-1.png","width":1561,"height":650,"caption":"EUROC Europe"},"image":{"@id":"https:\/\/euroc.org\/#\/schema\/logo\/image\/"}}]}},"_links":{"self":[{"href":"https:\/\/euroc.org\/de\/wp-json\/wp\/v2\/pages\/73","targetHints":{"allow":["GET"]}}],"collection":[{"href":"https:\/\/euroc.org\/de\/wp-json\/wp\/v2\/pages"}],"about":[{"href":"https:\/\/euroc.org\/de\/wp-json\/wp\/v2\/types\/page"}],"author":[{"embeddable":true,"href":"https:\/\/euroc.org\/de\/wp-json\/wp\/v2\/users\/3"}],"replies":[{"embeddable":true,"href":"https:\/\/euroc.org\/de\/wp-json\/wp\/v2\/comments?post=73"}],"version-history":[{"count":32,"href":"https:\/\/euroc.org\/de\/wp-json\/wp\/v2\/pages\/73\/revisions"}],"predecessor-version":[{"id":5417,"href":"https:\/\/euroc.org\/de\/wp-json\/wp\/v2\/pages\/73\/revisions\/5417"}],"wp:attachment":[{"href":"https:\/\/euroc.org\/de\/wp-json\/wp\/v2\/media?parent=73"}],"curies":[{"name":"wp","href":"https:\/\/api.w.org\/{rel}","templated":true}]}}