{"id":4641,"date":"2023-10-31T07:39:06","date_gmt":"2023-10-31T07:39:06","guid":{"rendered":"https:\/\/euroctimesharesupporthub.com\/?page_id=4641"},"modified":"2023-11-01T09:00:03","modified_gmt":"2023-11-01T09:00:03","slug":"eoroc-cookie-policy","status":"publish","type":"page","link":"https:\/\/euroc.org\/de\/eoroc-cookie-policy\/","title":{"rendered":"EUROC Cookie-Richtlinie"},"content":{"rendered":"<div data-elementor-type=\"wp-page\" data-elementor-id=\"4641\" class=\"elementor elementor-4641\" data-elementor-post-type=\"page\">\n\t\t\t\t\t\t<section class=\"elementor-section elementor-top-section elementor-element elementor-element-a799567 elementor-section-boxed elementor-section-height-default elementor-section-height-default\" data-id=\"a799567\" data-element_type=\"section\">\n\t\t\t\t\t\t<div class=\"elementor-container elementor-column-gap-default\">\n\t\t\t\t\t<div class=\"elementor-column elementor-col-100 elementor-top-column elementor-element elementor-element-d7b2603\" data-id=\"d7b2603\" data-element_type=\"column\">\n\t\t\t<div class=\"elementor-widget-wrap elementor-element-populated\">\n\t\t\t\t\t\t<div class=\"elementor-element elementor-element-21638d0 elementor-widget elementor-widget-text-editor\" data-id=\"21638d0\" data-element_type=\"widget\" data-widget_type=\"text-editor.default\">\n\t\t\t\t<div class=\"elementor-widget-container\">\n\t\t\t\t\t\t\t<p><strong>EUROC Limited Cookie-Richtlinie 31<sup>st<\/sup> Oktober 2023<\/strong><\/p><p>Diese Cookie-Richtlinie erkl\u00e4rt, wie EUROC Limited (\"wir\") Cookies und \u00e4hnliche Technologien verwendet, um Sie zu erkennen, wenn Sie unsere Website euroc.org und euroctimesharesupporthub.org besuchen. Sie erkl\u00e4rt, was diese Technologien sind und warum wir sie verwenden, sowie Ihre Rechte, unsere Verwendung zu kontrollieren.<\/p><p><strong>Was sind Cookies?<\/strong><\/p><p>Cookies sind kleine Datendateien, die auf Ihrem Computer oder Mobilger\u00e4t gespeichert werden, wenn Sie eine Website besuchen. Cookies werden von Website-Besitzern h\u00e4ufig verwendet, um ihre Websites funktionsf\u00e4hig zu machen oder effizienter zu gestalten sowie um Berichtsinformationen bereitzustellen.<\/p><p>Cookies, die vom Eigent\u00fcmer der Website (in diesem Fall EUROC Limited) gesetzt werden, werden als \"Erstanbieter-Cookies\" bezeichnet. Cookies, die von anderen Parteien als dem Eigent\u00fcmer der Website gesetzt werden, werden als \"Drittanbieter-Cookies\" bezeichnet. Cookies von Drittanbietern erm\u00f6glichen die Bereitstellung von Merkmalen oder Funktionen von Drittanbietern auf oder durch die Website (z. B. Werbung, interaktive Inhalte und Analysen). Die Parteien, die diese Drittanbieter-Cookies setzen, k\u00f6nnen Ihren Computer sowohl beim Besuch der fraglichen Website als auch beim Besuch bestimmter anderer Websites erkennen.<\/p><p><strong>Warum verwenden wir Cookies?<\/strong><\/p><p>Wir verwenden Erstanbieter- und Drittanbieter-Cookies aus verschiedenen Gr\u00fcnden. Einige Cookies sind aus technischen Gr\u00fcnden erforderlich, damit unsere Websites funktionieren, und wir bezeichnen diese als \"wesentliche\" oder \"unbedingt notwendige\" Cookies. Andere Cookies erm\u00f6glichen es uns au\u00dferdem, die Interessen unserer Nutzer zu verfolgen und gezielt zu verfolgen, um die Erfahrung auf unseren Online-Eigenschaften zu verbessern. Dritte setzen \u00fcber unsere Websites Cookies f\u00fcr Werbe-, Analyse- und andere Zwecke ein. Dies wird im Folgenden n\u00e4her beschrieben.<\/p><p>Die spezifischen Arten von Cookies von Erstanbietern und Drittanbietern, die \u00fcber unsere Websites verwendet werden, und die Zwecke, die sie erf\u00fcllen, werden im Folgenden beschrieben:<\/p><ul><li>Wesentliche Website-Cookies: Diese Cookies sind unbedingt erforderlich, um Ihnen die \u00fcber unsere Websites verf\u00fcgbaren Dienste zur Verf\u00fcgung zu stellen und einige ihrer Funktionen zu nutzen, z. B. den Zugang zu sicheren Bereichen.<\/li><li>Analyse- und Anpassungs-Cookies: Diese Cookies sammeln Informationen, die entweder in zusammengefasster Form verwendet werden, um uns zu helfen, zu verstehen, wie unsere Websites genutzt werden oder wie effektiv unsere Marketingkampagnen sind, oder um uns zu helfen, unsere Websites f\u00fcr Sie anzupassen.<\/li><li>Werbe-Cookies: Diese Cookies werden verwendet, um Werbebotschaften f\u00fcr Sie relevanter zu machen. Sie erf\u00fcllen Funktionen wie das Verhindern, dass dieselbe Anzeige immer wieder erscheint, das Sicherstellen, dass Anzeigen f\u00fcr Werbetreibende richtig angezeigt werden, und in einigen F\u00e4llen die Auswahl von Anzeigen, die auf Ihren Interessen basieren.<\/li><li>Cookies f\u00fcr soziale Netzwerke: Diese Cookies werden verwendet, damit Sie Seiten und Inhalte, die Sie auf unseren Websites interessant finden, \u00fcber soziale Netzwerke und andere Websites von Drittanbietern teilen k\u00f6nnen. Diese Cookies k\u00f6nnen auch f\u00fcr Werbezwecke verwendet werden.<\/li><li>Nicht klassifizierte Cookies: Dies sind Cookies, die noch nicht kategorisiert wurden. Wir sind dabei, diese Cookies mit Hilfe ihrer Anbieter zu klassifizieren.<\/li><\/ul><p><strong>Welche Cookies verwenden wir?<\/strong><\/p><p>Die spezifischen Cookies, die wir auf unseren Websites verwenden, sind im Folgenden aufgef\u00fchrt. Diese Liste wird von Zeit zu Zeit aktualisiert, wenn wir \u00c4nderungen an unseren Websites vornehmen.<\/p><p>\u00a0<\/p><p>\u00a0Google Analytics, Google AdSense, Monsterinsights<\/p><p><strong>Wie kann ich Cookies kontrollieren?<\/strong><\/p><p>Sie haben das Recht zu entscheiden, ob Sie Cookies akzeptieren oder ablehnen. Sie k\u00f6nnen Ihre Rechte in Bezug auf Cookies aus\u00fcben, indem Sie Ihre Einstellungen im Cookie Consent Manager vornehmen. Mit dem Cookie Consent Manager k\u00f6nnen Sie ausw\u00e4hlen, welche Kategorien von Cookies Sie akzeptieren oder ablehnen.<\/p><p>Unverzichtbare Cookies k\u00f6nnen nicht abgelehnt werden, da sie unbedingt erforderlich sind, um Ihnen Dienste zur Verf\u00fcgung zu stellen.<\/p><p>Der Cookie Consent Manager ist im Benachrichtigungsbanner und auf unserer Website zu finden. Wenn Sie sich daf\u00fcr entscheiden, Cookies abzulehnen, k\u00f6nnen Sie unsere Website weiterhin nutzen, obwohl Ihr Zugang zu einigen Funktionen und Bereichen unserer Website eingeschr\u00e4nkt sein kann. Sie k\u00f6nnen auch Ihren Webbrowser so einstellen oder \u00e4ndern, dass er Cookies akzeptiert oder ablehnt. Da die Mittel, mit denen Sie Cookies \u00fcber Ihre Webbrowser-Steuerung ablehnen k\u00f6nnen, von Browser zu Browser unterschiedlich sind, sollten Sie das Hilfemen\u00fc Ihres Browsers f\u00fcr weitere Informationen besuchen.<\/p><p>Dar\u00fcber hinaus bieten die meisten Werbenetzwerke Ihnen die M\u00f6glichkeit, gezielte Werbung abzulehnen. Wenn Sie weitere Informationen w\u00fcnschen, besuchen Sie bitte http:\/\/www.aboutads.info\/choices\/ oder http:\/\/www.youronlinechoices.com.<\/p><p><strong>Wie oft werden Sie diese Cookie-Richtlinie aktualisieren?<\/strong><\/p><p>Wir k\u00f6nnen diese Cookie-Richtlinie von Zeit zu Zeit aktualisieren, um z. B. \u00c4nderungen an den von uns verwendeten Cookies zu ber\u00fccksichtigen oder aus anderen betrieblichen, rechtlichen oder regulatorischen Gr\u00fcnden. Bitte besuchen Sie diese Cookie-Richtlinie daher regelm\u00e4\u00dfig, um sich \u00fcber unsere Verwendung von Cookies und verwandten Technologien zu informieren.<\/p><p>Das Datum am Anfang dieser Cookie-Richtlinie zeigt an, wann sie zuletzt aktualisiert wurde.<\/p><p><strong>Wo kann ich weitere Informationen erhalten?<\/strong><\/p><p>Wenn Sie Fragen zu unserer Verwendung von Cookies oder anderen Technologien haben, senden Sie uns bitte eine E-Mail an support@euroc.org.<\/p>\t\t\t\t\t\t<\/div>\n\t\t\t\t<\/div>\n\t\t\t\t\t<\/div>\n\t\t<\/div>\n\t\t\t\t\t<\/div>\n\t\t<\/section>\n\t\t\t\t<\/div>","protected":false},"excerpt":{"rendered":"<p>EUROC Limited Cookie-Richtlinie 31. Oktober 2023 Diese Cookie-Richtlinie erkl\u00e4rt, wie EUROC Limited (\"wir\") Cookies und \u00e4hnliche Technologien verwendet, um Sie zu erkennen, wenn Sie unsere Website euroc.org und euroctimesharesupporthub.org besuchen. Sie erkl\u00e4rt, was diese Technologien sind und warum wir sie verwenden, sowie Ihre Rechte, unsere Verwendung dieser Technologien zu kontrollieren. Was [...]<\/p>","protected":false},"author":2,"featured_media":0,"parent":0,"menu_order":0,"comment_status":"closed","ping_status":"closed","template":"","meta":{"om_disable_all_campaigns":false,"_monsterinsights_skip_tracking":false,"_monsterinsights_sitenote_active":false,"_monsterinsights_sitenote_note":"","_monsterinsights_sitenote_category":0,"_uf_show_specific_survey":0,"_uf_disable_surveys":false,"footnotes":""},"class_list":["post-4641","page","type-page","status-publish","hentry"],"aioseo_notices":[],"yoast_head":"<!-- This site is optimized with the Yoast SEO plugin v24.0 - https:\/\/yoast.com\/wordpress\/plugins\/seo\/ -->\n<title>EUROC Cookie Policy - EUROC Europe<\/title>\n<meta name=\"robots\" content=\"index, follow, max-snippet:-1, max-image-preview:large, max-video-preview:-1\" \/>\n<link rel=\"canonical\" href=\"https:\/\/euroc.org\/de\/eoroc-cookie-policy\/\" \/>\n<meta property=\"og:locale\" content=\"de_DE\" \/>\n<meta property=\"og:type\" content=\"article\" \/>\n<meta property=\"og:title\" content=\"EUROC Cookie Policy - EUROC Europe\" \/>\n<meta property=\"og:description\" content=\"EUROC Limited Cookie Policy 31st October 2023 This Cookie Policy explains how EUROC Limited (&#8220;We&#8221;) uses cookies and similar technologies to recognize you when you visit our website at euroc.org and euroctimesharesupporthub.org. It explains what these technologies are and why we use them, as well as your rights to control our use of them. What [&hellip;]\" \/>\n<meta property=\"og:url\" content=\"https:\/\/euroc.org\/de\/eoroc-cookie-policy\/\" \/>\n<meta property=\"og:site_name\" content=\"EUROC Europe\" \/>\n<meta property=\"article:modified_time\" content=\"2023-11-01T09:00:03+00:00\" \/>\n<meta name=\"twitter:card\" content=\"summary_large_image\" \/>\n<meta name=\"twitter:label1\" content=\"Gesch\u00e4tzte Lesezeit\" \/>\n\t<meta name=\"twitter:data1\" content=\"4\u00a0Minuten\" \/>\n<script type=\"application\/ld+json\" class=\"yoast-schema-graph\">{\"@context\":\"https:\/\/schema.org\",\"@graph\":[{\"@type\":\"WebPage\",\"@id\":\"https:\/\/euroc.org\/fr\/eoroc-cookie-policy\/\",\"url\":\"https:\/\/euroc.org\/fr\/eoroc-cookie-policy\/\",\"name\":\"EUROC Cookie Policy - EUROC Europe\",\"isPartOf\":{\"@id\":\"https:\/\/euroc.org\/#website\"},\"datePublished\":\"2023-10-31T07:39:06+00:00\",\"dateModified\":\"2023-11-01T09:00:03+00:00\",\"breadcrumb\":{\"@id\":\"https:\/\/euroc.org\/fr\/eoroc-cookie-policy\/#breadcrumb\"},\"inLanguage\":\"de\",\"potentialAction\":[{\"@type\":\"ReadAction\",\"target\":[\"https:\/\/euroc.org\/fr\/eoroc-cookie-policy\/\"]}]},{\"@type\":\"BreadcrumbList\",\"@id\":\"https:\/\/euroc.org\/fr\/eoroc-cookie-policy\/#breadcrumb\",\"itemListElement\":[{\"@type\":\"ListItem\",\"position\":1,\"name\":\"Home\",\"item\":\"https:\/\/euroc.org\/\"},{\"@type\":\"ListItem\",\"position\":2,\"name\":\"EUROC Cookie Policy\"}]},{\"@type\":\"WebSite\",\"@id\":\"https:\/\/euroc.org\/#website\",\"url\":\"https:\/\/euroc.org\/\",\"name\":\"EUROC Europe\",\"description\":\"European Resort Owners Coalition\",\"publisher\":{\"@id\":\"https:\/\/euroc.org\/#organization\"},\"potentialAction\":[{\"@type\":\"SearchAction\",\"target\":{\"@type\":\"EntryPoint\",\"urlTemplate\":\"https:\/\/euroc.org\/?s={search_term_string}\"},\"query-input\":{\"@type\":\"PropertyValueSpecification\",\"valueRequired\":true,\"valueName\":\"search_term_string\"}}],\"inLanguage\":\"de\"},{\"@type\":\"Organization\",\"@id\":\"https:\/\/euroc.org\/#organization\",\"name\":\"EUROC Europe\",\"url\":\"https:\/\/euroc.org\/\",\"logo\":{\"@type\":\"ImageObject\",\"inLanguage\":\"de\",\"@id\":\"https:\/\/euroc.org\/#\/schema\/logo\/image\/\",\"url\":\"https:\/\/euroc.org\/wp-content\/uploads\/2023\/10\/cropped-EUROC-Final-Logo-colours-1.png\",\"contentUrl\":\"https:\/\/euroc.org\/wp-content\/uploads\/2023\/10\/cropped-EUROC-Final-Logo-colours-1.png\",\"width\":1561,\"height\":650,\"caption\":\"EUROC Europe\"},\"image\":{\"@id\":\"https:\/\/euroc.org\/#\/schema\/logo\/image\/\"}}]}<\/script>\n<!-- \/ Yoast SEO plugin. -->","yoast_head_json":{"title":"EUROC Cookie Policy - EUROC Europe","robots":{"index":"index","follow":"follow","max-snippet":"max-snippet:-1","max-image-preview":"max-image-preview:large","max-video-preview":"max-video-preview:-1"},"canonical":"https:\/\/euroc.org\/de\/eoroc-cookie-policy\/","og_locale":"de_DE","og_type":"article","og_title":"EUROC Cookie Policy - EUROC Europe","og_description":"EUROC Limited Cookie Policy 31st October 2023 This Cookie Policy explains how EUROC Limited (&#8220;We&#8221;) uses cookies and similar technologies to recognize you when you visit our website at euroc.org and euroctimesharesupporthub.org. It explains what these technologies are and why we use them, as well as your rights to control our use of them. What [&hellip;]","og_url":"https:\/\/euroc.org\/de\/eoroc-cookie-policy\/","og_site_name":"EUROC Europe","article_modified_time":"2023-11-01T09:00:03+00:00","twitter_card":"summary_large_image","twitter_misc":{"Gesch\u00e4tzte Lesezeit":"4\u00a0Minuten"},"schema":{"@context":"https:\/\/schema.org","@graph":[{"@type":"WebPage","@id":"https:\/\/euroc.org\/fr\/eoroc-cookie-policy\/","url":"https:\/\/euroc.org\/fr\/eoroc-cookie-policy\/","name":"EUROC Cookie Policy - EUROC Europe","isPartOf":{"@id":"https:\/\/euroc.org\/#website"},"datePublished":"2023-10-31T07:39:06+00:00","dateModified":"2023-11-01T09:00:03+00:00","breadcrumb":{"@id":"https:\/\/euroc.org\/fr\/eoroc-cookie-policy\/#breadcrumb"},"inLanguage":"de","potentialAction":[{"@type":"ReadAction","target":["https:\/\/euroc.org\/fr\/eoroc-cookie-policy\/"]}]},{"@type":"BreadcrumbList","@id":"https:\/\/euroc.org\/fr\/eoroc-cookie-policy\/#breadcrumb","itemListElement":[{"@type":"ListItem","position":1,"name":"Home","item":"https:\/\/euroc.org\/"},{"@type":"ListItem","position":2,"name":"EUROC Cookie Policy"}]},{"@type":"WebSite","@id":"https:\/\/euroc.org\/#website","url":"https:\/\/euroc.org\/","name":"EUROC Europe","description":"European Resort Owners Coalition","publisher":{"@id":"https:\/\/euroc.org\/#organization"},"potentialAction":[{"@type":"SearchAction","target":{"@type":"EntryPoint","urlTemplate":"https:\/\/euroc.org\/?s={search_term_string}"},"query-input":{"@type":"PropertyValueSpecification","valueRequired":true,"valueName":"search_term_string"}}],"inLanguage":"de"},{"@type":"Organization","@id":"https:\/\/euroc.org\/#organization","name":"EUROC Europe","url":"https:\/\/euroc.org\/","logo":{"@type":"ImageObject","inLanguage":"de","@id":"https:\/\/euroc.org\/#\/schema\/logo\/image\/","url":"https:\/\/euroc.org\/wp-content\/uploads\/2023\/10\/cropped-EUROC-Final-Logo-colours-1.png","contentUrl":"https:\/\/euroc.org\/wp-content\/uploads\/2023\/10\/cropped-EUROC-Final-Logo-colours-1.png","width":1561,"height":650,"caption":"EUROC Europe"},"image":{"@id":"https:\/\/euroc.org\/#\/schema\/logo\/image\/"}}]}},"_links":{"self":[{"href":"https:\/\/euroc.org\/de\/wp-json\/wp\/v2\/pages\/4641","targetHints":{"allow":["GET"]}}],"collection":[{"href":"https:\/\/euroc.org\/de\/wp-json\/wp\/v2\/pages"}],"about":[{"href":"https:\/\/euroc.org\/de\/wp-json\/wp\/v2\/types\/page"}],"author":[{"embeddable":true,"href":"https:\/\/euroc.org\/de\/wp-json\/wp\/v2\/users\/2"}],"replies":[{"embeddable":true,"href":"https:\/\/euroc.org\/de\/wp-json\/wp\/v2\/comments?post=4641"}],"version-history":[{"count":6,"href":"https:\/\/euroc.org\/de\/wp-json\/wp\/v2\/pages\/4641\/revisions"}],"predecessor-version":[{"id":4652,"href":"https:\/\/euroc.org\/de\/wp-json\/wp\/v2\/pages\/4641\/revisions\/4652"}],"wp:attachment":[{"href":"https:\/\/euroc.org\/de\/wp-json\/wp\/v2\/media?parent=4641"}],"curies":[{"name":"wp","href":"https:\/\/api.w.org\/{rel}","templated":true}]}}