{"id":3834,"date":"2023-10-02T11:45:42","date_gmt":"2023-10-02T11:45:42","guid":{"rendered":"https:\/\/euroctimesharesupporthub.com\/?page_id=3834"},"modified":"2024-03-27T09:22:45","modified_gmt":"2024-03-27T09:22:45","slug":"report-a-fraud","status":"publish","type":"page","link":"https:\/\/euroc.org\/de\/betrugsmeldung\/","title":{"rendered":"Einen Betrug melden Service"},"content":{"rendered":"<div data-elementor-type=\"wp-page\" data-elementor-id=\"3834\" class=\"elementor elementor-3834\" data-elementor-post-type=\"page\">\n\t\t\t\t\t\t<section class=\"elementor-section elementor-top-section elementor-element elementor-element-c033de6 elementor-section-boxed elementor-section-height-default elementor-section-height-default\" data-id=\"c033de6\" data-element_type=\"section\">\n\t\t\t\t\t\t<div class=\"elementor-container elementor-column-gap-wide\">\n\t\t\t\t\t<div class=\"elementor-column elementor-col-33 elementor-top-column elementor-element elementor-element-e8370fa\" data-id=\"e8370fa\" data-element_type=\"column\">\n\t\t\t<div class=\"elementor-widget-wrap elementor-element-populated\">\n\t\t\t\t\t\t<div class=\"elementor-element elementor-element-e19a3db elementor-widget elementor-widget-image\" data-id=\"e19a3db\" data-element_type=\"widget\" data-widget_type=\"image.default\">\n\t\t\t\t<div class=\"elementor-widget-container\">\n\t\t\t\t\t\t\t\t\t\t\t\t\t<img fetchpriority=\"high\" decoding=\"async\" width=\"336\" height=\"333\" src=\"https:\/\/euroc.org\/wp-content\/uploads\/2023\/10\/logo-support-hub.png\" class=\"attachment-large size-large wp-image-3759\" alt=\"\" srcset=\"https:\/\/euroc.org\/wp-content\/uploads\/2023\/10\/logo-support-hub.png 336w, https:\/\/euroc.org\/wp-content\/uploads\/2023\/10\/logo-support-hub-300x297.png 300w, https:\/\/euroc.org\/wp-content\/uploads\/2023\/10\/logo-support-hub-150x150.png 150w, https:\/\/euroc.org\/wp-content\/uploads\/2023\/10\/logo-support-hub-12x12.png 12w\" sizes=\"(max-width: 336px) 100vw, 336px\" \/>\t\t\t\t\t\t\t\t\t\t\t\t\t<\/div>\n\t\t\t\t<\/div>\n\t\t\t\t\t<\/div>\n\t\t<\/div>\n\t\t\t\t<div class=\"elementor-column elementor-col-33 elementor-top-column elementor-element elementor-element-4528fae\" data-id=\"4528fae\" data-element_type=\"column\">\n\t\t\t<div class=\"elementor-widget-wrap elementor-element-populated\">\n\t\t\t\t\t\t<div class=\"elementor-element elementor-element-cef95b5 elementor-widget elementor-widget-heading\" data-id=\"cef95b5\" data-element_type=\"widget\" data-widget_type=\"heading.default\">\n\t\t\t\t<div class=\"elementor-widget-container\">\n\t\t\t<h1 class=\"elementor-heading-title elementor-size-default\">Einen Betrug melden Service <\/h1>\t\t<\/div>\n\t\t\t\t<\/div>\n\t\t\t\t\t<\/div>\n\t\t<\/div>\n\t\t\t\t<div class=\"elementor-column elementor-col-33 elementor-top-column elementor-element elementor-element-d668099\" data-id=\"d668099\" data-element_type=\"column\">\n\t\t\t<div class=\"elementor-widget-wrap elementor-element-populated\">\n\t\t\t\t\t\t<div class=\"elementor-element elementor-element-689dacd elementor-widget elementor-widget-image\" data-id=\"689dacd\" data-element_type=\"widget\" data-widget_type=\"image.default\">\n\t\t\t\t<div class=\"elementor-widget-container\">\n\t\t\t\t\t\t\t\t\t\t\t\t\t<img decoding=\"async\" src=\"https:\/\/euroc.org\/wp-content\/uploads\/elementor\/thumbs\/WhatsApp-Image-2023-10-06-at-09.51.431-qdlojfjzo6cw4f42du6psieay932i96ozkc47kw8d4.jpeg\" title=\"WhatsApp Bild 2023-10-06 um 09.51.43(1)\" alt=\"WhatsApp Bild 2023-10-06 um 09.51.43(1)\" loading=\"lazy\" \/>\t\t\t\t\t\t\t\t\t\t\t\t\t<\/div>\n\t\t\t\t<\/div>\n\t\t\t\t\t<\/div>\n\t\t<\/div>\n\t\t\t\t\t<\/div>\n\t\t<\/section>\n\t\t\t\t<section class=\"elementor-section elementor-top-section elementor-element elementor-element-4414316 elementor-section-boxed elementor-section-height-default elementor-section-height-default\" data-id=\"4414316\" data-element_type=\"section\">\n\t\t\t\t\t\t<div class=\"elementor-container elementor-column-gap-default\">\n\t\t\t\t\t<div class=\"elementor-column elementor-col-100 elementor-top-column elementor-element elementor-element-962ba45\" data-id=\"962ba45\" data-element_type=\"column\">\n\t\t\t<div class=\"elementor-widget-wrap elementor-element-populated\">\n\t\t\t\t\t\t<div class=\"elementor-element elementor-element-cae5ab3 elementor-position-left elementor-vertical-align-middle elementor-widget elementor-widget-image-box\" data-id=\"cae5ab3\" data-element_type=\"widget\" data-widget_type=\"image-box.default\">\n\t\t\t\t<div class=\"elementor-widget-container\">\n\t\t\t<div class=\"elementor-image-box-wrapper\"><figure class=\"elementor-image-box-img\"><img decoding=\"async\" src=\"https:\/\/euroc.org\/wp-content\/uploads\/elementor\/thumbs\/euroc-tick-crest-png-500-square-px-size-opt-qd9mbk8n8mrnbsbj1edcuonrtrb5hkgki88dznjxt4.png\" title=\"euroc-tick-crest-png-500-quadrat-px-gr\u00f6\u00dfe-opt\" alt=\"euroc-tick-crest-png-500-quadrat-px-gr\u00f6\u00dfe-opt\" loading=\"lazy\" \/><\/figure><div class=\"elementor-image-box-content\"><h3 class=\"elementor-image-box-title\">Wenn Sie der Meinung sind, dass Sie ein Opfer von Betrug geworden sind, verwenden Sie bitte dieses Formular <\/h3><\/div><\/div>\t\t<\/div>\n\t\t\t\t<\/div>\n\t\t\t\t<div class=\"elementor-element elementor-element-4093f7f elementor-position-left elementor-vertical-align-middle elementor-widget elementor-widget-image-box\" data-id=\"4093f7f\" data-element_type=\"widget\" data-widget_type=\"image-box.default\">\n\t\t\t\t<div class=\"elementor-widget-container\">\n\t\t\t<div class=\"elementor-image-box-wrapper\"><figure class=\"elementor-image-box-img\"><img decoding=\"async\" src=\"https:\/\/euroc.org\/wp-content\/uploads\/elementor\/thumbs\/euroc-tick-crest-png-500-square-px-size-opt-qd9mbk8n8mrnbsbj1edcuonrtrb5hkgki88dznjxt4.png\" title=\"euroc-tick-crest-png-500-quadrat-px-gr\u00f6\u00dfe-opt\" alt=\"euroc-tick-crest-png-500-quadrat-px-gr\u00f6\u00dfe-opt\" loading=\"lazy\" \/><\/figure><div class=\"elementor-image-box-content\"><h3 class=\"elementor-image-box-title\">Wir werden Ihre Einreichung bewerten <\/h3><\/div><\/div>\t\t<\/div>\n\t\t\t\t<\/div>\n\t\t\t\t<div class=\"elementor-element elementor-element-d2fcfd4 elementor-position-left elementor-vertical-align-middle elementor-widget elementor-widget-image-box\" data-id=\"d2fcfd4\" data-element_type=\"widget\" data-widget_type=\"image-box.default\">\n\t\t\t\t<div class=\"elementor-widget-container\">\n\t\t\t<div class=\"elementor-image-box-wrapper\"><figure class=\"elementor-image-box-img\"><img decoding=\"async\" src=\"https:\/\/euroc.org\/wp-content\/uploads\/elementor\/thumbs\/euroc-tick-crest-png-500-square-px-size-opt-qd9mbk8n8mrnbsbj1edcuonrtrb5hkgki88dznjxt4.png\" title=\"euroc-tick-crest-png-500-quadrat-px-gr\u00f6\u00dfe-opt\" alt=\"euroc-tick-crest-png-500-quadrat-px-gr\u00f6\u00dfe-opt\" loading=\"lazy\" \/><\/figure><div class=\"elementor-image-box-content\"><h3 class=\"elementor-image-box-title\">Gegebenenfalls werden wir Ihre Erfahrungen den zust\u00e4ndigen Beh\u00f6rden melden.  <\/h3><\/div><\/div>\t\t<\/div>\n\t\t\t\t<\/div>\n\t\t\t\t<div class=\"elementor-element elementor-element-b8d33c5 elementor-position-left elementor-vertical-align-middle elementor-widget elementor-widget-image-box\" data-id=\"b8d33c5\" data-element_type=\"widget\" data-widget_type=\"image-box.default\">\n\t\t\t\t<div class=\"elementor-widget-container\">\n\t\t\t<div class=\"elementor-image-box-wrapper\"><figure class=\"elementor-image-box-img\"><img decoding=\"async\" src=\"https:\/\/euroc.org\/wp-content\/uploads\/elementor\/thumbs\/euroc-tick-crest-png-500-square-px-size-opt-qd9mbk8n8mrnbsbj1edcuonrtrb5hkgki88dznjxt4.png\" title=\"euroc-tick-crest-png-500-quadrat-px-gr\u00f6\u00dfe-opt\" alt=\"euroc-tick-crest-png-500-quadrat-px-gr\u00f6\u00dfe-opt\" loading=\"lazy\" \/><\/figure><div class=\"elementor-image-box-content\"><h3 class=\"elementor-image-box-title\">Wir best\u00e4tigen und antworten auf Ihren Eintrag<\/h3><\/div><\/div>\t\t<\/div>\n\t\t\t\t<\/div>\n\t\t\t\t<div class=\"elementor-element elementor-element-fa47748 elementor-widget-divider--view-line elementor-widget elementor-widget-divider\" data-id=\"fa47748\" data-element_type=\"widget\" data-widget_type=\"divider.default\">\n\t\t\t\t<div class=\"elementor-widget-container\">\n\t\t\t\t\t<div class=\"elementor-divider\">\n\t\t\t<span class=\"elementor-divider-separator\">\n\t\t\t\t\t\t<\/span>\n\t\t<\/div>\n\t\t\t\t<\/div>\n\t\t\t\t<\/div>\n\t\t\t\t<section class=\"elementor-section elementor-inner-section elementor-element elementor-element-7b4ff00 elementor-section-boxed elementor-section-height-default elementor-section-height-default\" data-id=\"7b4ff00\" data-element_type=\"section\">\n\t\t\t\t\t\t<div class=\"elementor-container elementor-column-gap-default\">\n\t\t\t\t\t<div class=\"elementor-column elementor-col-100 elementor-inner-column elementor-element elementor-element-e97961c\" data-id=\"e97961c\" data-element_type=\"column\">\n\t\t\t<div class=\"elementor-widget-wrap elementor-element-populated\">\n\t\t\t\t\t\t<div class=\"elementor-element elementor-element-d140cae elementor-align-center elementor-widget__width-auto elementor-widget elementor-widget-button\" data-id=\"d140cae\" data-element_type=\"widget\" data-widget_type=\"button.default\">\n\t\t\t\t<div class=\"elementor-widget-container\">\n\t\t\t\t\t\t\t<div class=\"elementor-button-wrapper\">\n\t\t\t\t\t<a class=\"elementor-button elementor-button-link elementor-size-lg elementor-animation-grow\" href=\"https:\/\/forms.gle\/sBuuNKiGEAjga4r19\" target=\"_blank\">\n\t\t\t\t\t\t<span class=\"elementor-button-content-wrapper\">\n\t\t\t\t\t\t<span class=\"elementor-button-icon\">\n\t\t\t\t<i aria-hidden=\"true\" class=\"fas fa-hand-pointer\"><\/i>\t\t\t<\/span>\n\t\t\t\t\t\t\t\t\t<span class=\"elementor-button-text\">HIER KLICKEN<\/span>\n\t\t\t\t\t<\/span>\n\t\t\t\t\t<\/a>\n\t\t\t\t<\/div>\n\t\t\t\t\t\t<\/div>\n\t\t\t\t<\/div>\n\t\t\t\t<div class=\"elementor-element elementor-element-38865c4 elementor-widget__width-auto elementor-widget elementor-widget-text-editor\" data-id=\"38865c4\" data-element_type=\"widget\" data-widget_type=\"text-editor.default\">\n\t\t\t\t<div class=\"elementor-widget-container\">\n\t\t\t\t\t\t\t<h4>Wenn Sie den Verdacht haben, dass Sie betrogen worden sind<\/h4>\t\t\t\t\t\t<\/div>\n\t\t\t\t<\/div>\n\t\t\t\t\t<\/div>\n\t\t<\/div>\n\t\t\t\t\t<\/div>\n\t\t<\/section>\n\t\t\t\t<div class=\"elementor-element elementor-element-19cdec2 elementor-widget elementor-widget-text-editor\" data-id=\"19cdec2\" data-element_type=\"widget\" data-widget_type=\"text-editor.default\">\n\t\t\t\t<div class=\"elementor-widget-container\">\n\t\t\t\t\t\t\t<ul><li><b>Wenn Sie eine Brosch\u00fcre herunterladen m\u00f6chten, die alle Einzelheiten dieses kostenlosen Dienstes erl\u00e4utert, klicken Sie bitte auf <\/b><b><a href=\"\/de\/\">hier<\/a>\u00a0<\/b><\/li><li><b>Unser Service umfasst keine Rechtsberatung, Schlichtung oder Mediation<\/b><\/li><\/ul>\t\t\t\t\t\t<\/div>\n\t\t\t\t<\/div>\n\t\t\t\t\t<\/div>\n\t\t<\/div>\n\t\t\t\t\t<\/div>\n\t\t<\/section>\n\t\t\t\t<section class=\"elementor-section elementor-top-section elementor-element elementor-element-af8aa83 elementor-section-boxed elementor-section-height-default elementor-section-height-default\" data-id=\"af8aa83\" data-element_type=\"section\">\n\t\t\t\t\t\t<div class=\"elementor-container elementor-column-gap-default\">\n\t\t\t\t\t<div class=\"elementor-column elementor-col-100 elementor-top-column elementor-element elementor-element-b0e0cfa\" data-id=\"b0e0cfa\" data-element_type=\"column\">\n\t\t\t<div class=\"elementor-widget-wrap elementor-element-populated\">\n\t\t\t\t\t\t<div class=\"elementor-element elementor-element-6f9b45e elementor-align-center elementor-widget elementor-widget-button\" data-id=\"6f9b45e\" data-element_type=\"widget\" data-widget_type=\"button.default\">\n\t\t\t\t<div class=\"elementor-widget-container\">\n\t\t\t\t\t\t\t<div class=\"elementor-button-wrapper\">\n\t\t\t\t\t<a class=\"elementor-button elementor-button-link elementor-size-lg elementor-animation-grow\" href=\"\/de\/support-hub\/\">\n\t\t\t\t\t\t<span class=\"elementor-button-content-wrapper\">\n\t\t\t\t\t\t\t\t\t<span class=\"elementor-button-text\">Zur\u00fcck zu Dashboard<\/span>\n\t\t\t\t\t<\/span>\n\t\t\t\t\t<\/a>\n\t\t\t\t<\/div>\n\t\t\t\t\t\t<\/div>\n\t\t\t\t<\/div>\n\t\t\t\t\t<\/div>\n\t\t<\/div>\n\t\t\t\t\t<\/div>\n\t\t<\/section>\n\t\t\t\t<\/div>","protected":false},"excerpt":{"rendered":"<p>Service zur Meldung von Betrug Wenn Sie der Meinung sind, Opfer eines Betrugs geworden zu sein, verwenden Sie bitte dieses Formular. Wir werden Ihre Angaben auswerten und gegebenenfalls den zust\u00e4ndigen Beh\u00f6rden melden. Wir werden Ihren Eintrag best\u00e4tigen und darauf reagieren. HIER KLICKEN Wenn Sie den Verdacht haben, betrogen worden zu sein, m\u00f6chten Sie [...]<\/p>","protected":false},"author":3,"featured_media":0,"parent":0,"menu_order":0,"comment_status":"closed","ping_status":"closed","template":"","meta":{"om_disable_all_campaigns":false,"_monsterinsights_skip_tracking":false,"_monsterinsights_sitenote_active":false,"_monsterinsights_sitenote_note":"","_monsterinsights_sitenote_category":0,"_uf_show_specific_survey":0,"_uf_disable_surveys":false,"footnotes":""},"class_list":["post-3834","page","type-page","status-publish","hentry"],"aioseo_notices":[],"yoast_head":"<!-- This site is optimized with the Yoast SEO plugin v24.0 - https:\/\/yoast.com\/wordpress\/plugins\/seo\/ -->\n<title>Report a Fraud Service - EUROC Europe<\/title>\n<meta name=\"robots\" content=\"index, follow, max-snippet:-1, max-image-preview:large, max-video-preview:-1\" \/>\n<link rel=\"canonical\" href=\"https:\/\/euroc.org\/de\/report-a-fraud\/\" \/>\n<meta property=\"og:locale\" content=\"de_DE\" \/>\n<meta property=\"og:type\" content=\"article\" \/>\n<meta property=\"og:title\" content=\"Report a Fraud Service - EUROC Europe\" \/>\n<meta property=\"og:description\" content=\"Report a Fraud Service If you feel you have been a victim of fraud, please use this form We will evaluate your submission If appropriate, we will report your experience to the relevant authorities We will acknowledge and respond to your listing CLICK HERE If you suspect you have been defrauded If you would like [&hellip;]\" \/>\n<meta property=\"og:url\" content=\"https:\/\/euroc.org\/de\/report-a-fraud\/\" \/>\n<meta property=\"og:site_name\" content=\"EUROC Europe\" \/>\n<meta property=\"article:modified_time\" content=\"2024-03-27T09:22:45+00:00\" \/>\n<meta property=\"og:image\" content=\"https:\/\/euroctimesharesupporthub.com\/wp-content\/uploads\/2023\/10\/logo-support-hub.png\" \/>\n<meta name=\"twitter:card\" content=\"summary_large_image\" \/>\n<meta name=\"twitter:label1\" content=\"Gesch\u00e4tzte Lesezeit\" \/>\n\t<meta name=\"twitter:data1\" content=\"2\u00a0Minuten\" \/>\n<script type=\"application\/ld+json\" class=\"yoast-schema-graph\">{\"@context\":\"https:\/\/schema.org\",\"@graph\":[{\"@type\":\"WebPage\",\"@id\":\"https:\/\/euroc.org\/report-a-fraud\/\",\"url\":\"https:\/\/euroc.org\/report-a-fraud\/\",\"name\":\"Report a Fraud Service - EUROC Europe\",\"isPartOf\":{\"@id\":\"https:\/\/euroc.org\/#website\"},\"primaryImageOfPage\":{\"@id\":\"https:\/\/euroc.org\/report-a-fraud\/#primaryimage\"},\"image\":{\"@id\":\"https:\/\/euroc.org\/report-a-fraud\/#primaryimage\"},\"thumbnailUrl\":\"https:\/\/euroctimesharesupporthub.com\/wp-content\/uploads\/2023\/10\/logo-support-hub.png\",\"datePublished\":\"2023-10-02T11:45:42+00:00\",\"dateModified\":\"2024-03-27T09:22:45+00:00\",\"breadcrumb\":{\"@id\":\"https:\/\/euroc.org\/report-a-fraud\/#breadcrumb\"},\"inLanguage\":\"de\",\"potentialAction\":[{\"@type\":\"ReadAction\",\"target\":[\"https:\/\/euroc.org\/report-a-fraud\/\"]}]},{\"@type\":\"ImageObject\",\"inLanguage\":\"de\",\"@id\":\"https:\/\/euroc.org\/report-a-fraud\/#primaryimage\",\"url\":\"https:\/\/euroctimesharesupporthub.com\/wp-content\/uploads\/2023\/10\/logo-support-hub.png\",\"contentUrl\":\"https:\/\/euroctimesharesupporthub.com\/wp-content\/uploads\/2023\/10\/logo-support-hub.png\"},{\"@type\":\"BreadcrumbList\",\"@id\":\"https:\/\/euroc.org\/report-a-fraud\/#breadcrumb\",\"itemListElement\":[{\"@type\":\"ListItem\",\"position\":1,\"name\":\"Home\",\"item\":\"https:\/\/euroc.org\/\"},{\"@type\":\"ListItem\",\"position\":2,\"name\":\"Report a Fraud Service\"}]},{\"@type\":\"WebSite\",\"@id\":\"https:\/\/euroc.org\/#website\",\"url\":\"https:\/\/euroc.org\/\",\"name\":\"EUROC Europe\",\"description\":\"European Resort Owners Coalition\",\"publisher\":{\"@id\":\"https:\/\/euroc.org\/#organization\"},\"potentialAction\":[{\"@type\":\"SearchAction\",\"target\":{\"@type\":\"EntryPoint\",\"urlTemplate\":\"https:\/\/euroc.org\/?s={search_term_string}\"},\"query-input\":{\"@type\":\"PropertyValueSpecification\",\"valueRequired\":true,\"valueName\":\"search_term_string\"}}],\"inLanguage\":\"de\"},{\"@type\":\"Organization\",\"@id\":\"https:\/\/euroc.org\/#organization\",\"name\":\"EUROC Europe\",\"url\":\"https:\/\/euroc.org\/\",\"logo\":{\"@type\":\"ImageObject\",\"inLanguage\":\"de\",\"@id\":\"https:\/\/euroc.org\/#\/schema\/logo\/image\/\",\"url\":\"https:\/\/euroc.org\/wp-content\/uploads\/2023\/10\/cropped-EUROC-Final-Logo-colours-1.png\",\"contentUrl\":\"https:\/\/euroc.org\/wp-content\/uploads\/2023\/10\/cropped-EUROC-Final-Logo-colours-1.png\",\"width\":1561,\"height\":650,\"caption\":\"EUROC Europe\"},\"image\":{\"@id\":\"https:\/\/euroc.org\/#\/schema\/logo\/image\/\"}}]}<\/script>\n<!-- \/ Yoast SEO plugin. -->","yoast_head_json":{"title":"Report a Fraud Service - EUROC Europe","robots":{"index":"index","follow":"follow","max-snippet":"max-snippet:-1","max-image-preview":"max-image-preview:large","max-video-preview":"max-video-preview:-1"},"canonical":"https:\/\/euroc.org\/de\/report-a-fraud\/","og_locale":"de_DE","og_type":"article","og_title":"Report a Fraud Service - EUROC Europe","og_description":"Report a Fraud Service If you feel you have been a victim of fraud, please use this form We will evaluate your submission If appropriate, we will report your experience to the relevant authorities We will acknowledge and respond to your listing CLICK HERE If you suspect you have been defrauded If you would like [&hellip;]","og_url":"https:\/\/euroc.org\/de\/report-a-fraud\/","og_site_name":"EUROC Europe","article_modified_time":"2024-03-27T09:22:45+00:00","og_image":[{"url":"https:\/\/euroctimesharesupporthub.com\/wp-content\/uploads\/2023\/10\/logo-support-hub.png","type":"","width":"","height":""}],"twitter_card":"summary_large_image","twitter_misc":{"Gesch\u00e4tzte Lesezeit":"2\u00a0Minuten"},"schema":{"@context":"https:\/\/schema.org","@graph":[{"@type":"WebPage","@id":"https:\/\/euroc.org\/report-a-fraud\/","url":"https:\/\/euroc.org\/report-a-fraud\/","name":"Report a Fraud Service - EUROC Europe","isPartOf":{"@id":"https:\/\/euroc.org\/#website"},"primaryImageOfPage":{"@id":"https:\/\/euroc.org\/report-a-fraud\/#primaryimage"},"image":{"@id":"https:\/\/euroc.org\/report-a-fraud\/#primaryimage"},"thumbnailUrl":"https:\/\/euroctimesharesupporthub.com\/wp-content\/uploads\/2023\/10\/logo-support-hub.png","datePublished":"2023-10-02T11:45:42+00:00","dateModified":"2024-03-27T09:22:45+00:00","breadcrumb":{"@id":"https:\/\/euroc.org\/report-a-fraud\/#breadcrumb"},"inLanguage":"de","potentialAction":[{"@type":"ReadAction","target":["https:\/\/euroc.org\/report-a-fraud\/"]}]},{"@type":"ImageObject","inLanguage":"de","@id":"https:\/\/euroc.org\/report-a-fraud\/#primaryimage","url":"https:\/\/euroctimesharesupporthub.com\/wp-content\/uploads\/2023\/10\/logo-support-hub.png","contentUrl":"https:\/\/euroctimesharesupporthub.com\/wp-content\/uploads\/2023\/10\/logo-support-hub.png"},{"@type":"BreadcrumbList","@id":"https:\/\/euroc.org\/report-a-fraud\/#breadcrumb","itemListElement":[{"@type":"ListItem","position":1,"name":"Home","item":"https:\/\/euroc.org\/"},{"@type":"ListItem","position":2,"name":"Report a Fraud Service"}]},{"@type":"WebSite","@id":"https:\/\/euroc.org\/#website","url":"https:\/\/euroc.org\/","name":"EUROC Europe","description":"European Resort Owners Coalition","publisher":{"@id":"https:\/\/euroc.org\/#organization"},"potentialAction":[{"@type":"SearchAction","target":{"@type":"EntryPoint","urlTemplate":"https:\/\/euroc.org\/?s={search_term_string}"},"query-input":{"@type":"PropertyValueSpecification","valueRequired":true,"valueName":"search_term_string"}}],"inLanguage":"de"},{"@type":"Organization","@id":"https:\/\/euroc.org\/#organization","name":"EUROC Europe","url":"https:\/\/euroc.org\/","logo":{"@type":"ImageObject","inLanguage":"de","@id":"https:\/\/euroc.org\/#\/schema\/logo\/image\/","url":"https:\/\/euroc.org\/wp-content\/uploads\/2023\/10\/cropped-EUROC-Final-Logo-colours-1.png","contentUrl":"https:\/\/euroc.org\/wp-content\/uploads\/2023\/10\/cropped-EUROC-Final-Logo-colours-1.png","width":1561,"height":650,"caption":"EUROC Europe"},"image":{"@id":"https:\/\/euroc.org\/#\/schema\/logo\/image\/"}}]}},"_links":{"self":[{"href":"https:\/\/euroc.org\/de\/wp-json\/wp\/v2\/pages\/3834","targetHints":{"allow":["GET"]}}],"collection":[{"href":"https:\/\/euroc.org\/de\/wp-json\/wp\/v2\/pages"}],"about":[{"href":"https:\/\/euroc.org\/de\/wp-json\/wp\/v2\/types\/page"}],"author":[{"embeddable":true,"href":"https:\/\/euroc.org\/de\/wp-json\/wp\/v2\/users\/3"}],"replies":[{"embeddable":true,"href":"https:\/\/euroc.org\/de\/wp-json\/wp\/v2\/comments?post=3834"}],"version-history":[{"count":25,"href":"https:\/\/euroc.org\/de\/wp-json\/wp\/v2\/pages\/3834\/revisions"}],"predecessor-version":[{"id":4787,"href":"https:\/\/euroc.org\/de\/wp-json\/wp\/v2\/pages\/3834\/revisions\/4787"}],"wp:attachment":[{"href":"https:\/\/euroc.org\/de\/wp-json\/wp\/v2\/media?parent=3834"}],"curies":[{"name":"wp","href":"https:\/\/api.w.org\/{rel}","templated":true}]}}