{"id":160,"date":"2023-09-19T14:58:12","date_gmt":"2023-09-19T14:58:12","guid":{"rendered":"https:\/\/euroctimesharesupporthub.com\/?page_id=160"},"modified":"2025-09-29T15:08:48","modified_gmt":"2025-09-29T15:08:48","slug":"benefits-of-membership","status":"publish","type":"page","link":"https:\/\/euroc.org\/de\/vorteile-der-mitgliedschaft\/","title":{"rendered":"Vorteile der Mitgliedschaft"},"content":{"rendered":"<div data-elementor-type=\"wp-page\" data-elementor-id=\"160\" class=\"elementor elementor-160\" data-elementor-post-type=\"page\">\n\t\t\t\t\t\t<section class=\"elementor-section elementor-top-section elementor-element elementor-element-6deec4f9 elementor-section-full_width elementor-section-height-min-height elementor-section-stretched elementor-section-height-default elementor-section-items-middle\" data-id=\"6deec4f9\" data-element_type=\"section\" data-settings=\"{&quot;stretch_section&quot;:&quot;section-stretched&quot;,&quot;background_background&quot;:&quot;classic&quot;}\">\n\t\t\t\t\t\t\t<div class=\"elementor-background-overlay\"><\/div>\n\t\t\t\t\t\t\t<div class=\"elementor-container elementor-column-gap-default\">\n\t\t\t\t\t<div class=\"elementor-column elementor-col-100 elementor-top-column elementor-element elementor-element-dcdf6d3\" data-id=\"dcdf6d3\" data-element_type=\"column\">\n\t\t\t<div class=\"elementor-widget-wrap elementor-element-populated\">\n\t\t\t\t\t\t<div class=\"elementor-element elementor-element-1b27064a elementor-invisible elementor-widget elementor-widget-heading\" data-id=\"1b27064a\" data-element_type=\"widget\" data-settings=\"{&quot;_animation&quot;:&quot;slideInRight&quot;}\" data-widget_type=\"heading.default\">\n\t\t\t\t<div class=\"elementor-widget-container\">\n\t\t\t<h1 class=\"elementor-heading-title elementor-size-xxl\">Vorteile von<\/h1>\t\t<\/div>\n\t\t\t\t<\/div>\n\t\t\t\t<div class=\"elementor-element elementor-element-573aff41 elementor-invisible elementor-widget elementor-widget-heading\" data-id=\"573aff41\" data-element_type=\"widget\" data-settings=\"{&quot;_animation&quot;:&quot;slideInLeft&quot;}\" data-widget_type=\"heading.default\">\n\t\t\t\t<div class=\"elementor-widget-container\">\n\t\t\t<h1 class=\"elementor-heading-title elementor-size-xxl\">Mitgliedschaft<\/h1>\t\t<\/div>\n\t\t\t\t<\/div>\n\t\t\t\t\t<\/div>\n\t\t<\/div>\n\t\t\t\t\t<\/div>\n\t\t<\/section>\n\t\t\t\t<section class=\"elementor-section elementor-top-section elementor-element elementor-element-5c4d5485 elementor-section-boxed elementor-section-height-default elementor-section-height-default\" data-id=\"5c4d5485\" data-element_type=\"section\">\n\t\t\t\t\t\t<div class=\"elementor-container elementor-column-gap-default\">\n\t\t\t\t\t<div class=\"elementor-column elementor-col-100 elementor-top-column elementor-element elementor-element-542100a\" data-id=\"542100a\" data-element_type=\"column\">\n\t\t\t<div class=\"elementor-widget-wrap elementor-element-populated\">\n\t\t\t\t\t\t<div class=\"elementor-element elementor-element-5503c384 elementor-widget elementor-widget-text-editor\" data-id=\"5503c384\" data-element_type=\"widget\" data-widget_type=\"text-editor.default\">\n\t\t\t\t<div class=\"elementor-widget-container\">\n\t\t\t\t\t\t\t<p>EUROC bietet seinen europ\u00e4ischen Timeshare Club- und Resort-Mitgliedern eine breite Palette von Dienstleistungen und Vorteilen. Es fungiert als zentrale Anlaufstelle f\u00fcr die Vertreter der Eigent\u00fcmeraussch\u00fcsse und die Managementteams der Resorts und bietet ihnen bedingungslose Unterst\u00fctzung, legitime Ressourcen und Kontakte, betriebliche und umsatzf\u00f6rdernde Ideen sowie regelm\u00e4\u00dfige Aktualisierungen und Anleitungen zu Themen, die sich auf die Welt des Timesharing-Eigentums auswirken. <\/p><p>Wenn Sie Mitglied eines Timeshare-Clubs\/Resort-Komitees oder eines Resort-Management-Teams sind und mehr \u00fcber die Mitgliedschaft und die Vorteile f\u00fcr Ihren Home-Owner-Club\/Resort erfahren m\u00f6chten, wenden Sie sich per E-Mail an den EUROC Member Relations Manager: <a href=\"mailto:info@euroc.org\">info@euroc.org<\/a><\/p>\t\t\t\t\t\t<\/div>\n\t\t\t\t<\/div>\n\t\t\t\t<div class=\"elementor-element elementor-element-351d84c1 elementor-widget-divider--view-line elementor-widget elementor-widget-divider\" data-id=\"351d84c1\" data-element_type=\"widget\" data-widget_type=\"divider.default\">\n\t\t\t\t<div class=\"elementor-widget-container\">\n\t\t\t\t\t<div class=\"elementor-divider\">\n\t\t\t<span class=\"elementor-divider-separator\">\n\t\t\t\t\t\t<\/span>\n\t\t<\/div>\n\t\t\t\t<\/div>\n\t\t\t\t<\/div>\n\t\t\t\t<div class=\"elementor-element elementor-element-73028834 elementor-invisible elementor-widget elementor-widget-heading\" data-id=\"73028834\" data-element_type=\"widget\" data-settings=\"{&quot;_animation&quot;:&quot;slideInLeft&quot;}\" data-widget_type=\"heading.default\">\n\t\t\t\t<div class=\"elementor-widget-container\">\n\t\t\t<h2 class=\"elementor-heading-title elementor-size-large\">Unterst\u00fctzung, Anleitung und Beratung f\u00fcr die Vertreter der Eigent\u00fcmeraussch\u00fcsse und die Managementteams der Ferienanlagen<\/h2>\t\t<\/div>\n\t\t\t\t<\/div>\n\t\t\t\t<div class=\"elementor-element elementor-element-3defd75d elementor-widget elementor-widget-text-editor\" data-id=\"3defd75d\" data-element_type=\"widget\" data-widget_type=\"text-editor.default\">\n\t\t\t\t<div class=\"elementor-widget-container\">\n\t\t\t\t\t\t\t<p><b>Profitieren Sie von Verbindungen und der Vermittlung von Kontakten <\/b>innerhalb des EUROC-Mitgliedsnetzes und vertrauensw\u00fcrdige Branchenexperten, die ihre Ratschl\u00e4ge und Erfahrungen mit \u00e4hnlichen Problemen weitergeben k\u00f6nnen, z. B. in Bezug auf Managementgeb\u00fchren, die Senkung der Betriebskosten von Clubs und die Verbesserung der Erfahrung und des Engagements der Eigent\u00fcmer.<\/p>\t\t\t\t\t\t<\/div>\n\t\t\t\t<\/div>\n\t\t\t\t<div class=\"elementor-element elementor-element-4680346e elementor-widget elementor-widget-text-editor\" data-id=\"4680346e\" data-element_type=\"widget\" data-widget_type=\"text-editor.default\">\n\t\t\t\t<div class=\"elementor-widget-container\">\n\t\t\t\t\t\t\t<p>Schlie\u00dfen Sie sich mit anderen gleichgesinnten Clubs in der <b>EUROC-Einkaufskonsortium<\/b>. Eine kollektive Einkaufsmacht bietet potenziell gro\u00dfe Einsparungen, die Ihrem Club und den Eigent\u00fcmern zugute kommen.  Vom Club-\/Resortbedarf \u00fcber Versorgungsleistungen bis hin zu spezifischen Produkten und Dienstleistungen Dritter - das Konsortium wird mit seinem Beschaffungspartner zusammenarbeiten, um die bestm\u00f6glichen Angebote zu ermitteln und g\u00fcnstigere Preise f\u00fcr die gemeinsamen Timesharing-Clubs zu erzielen, als wenn jeder f\u00fcr sich allein Preise und Angebote einkauft.<\/p>\t\t\t\t\t\t<\/div>\n\t\t\t\t<\/div>\n\t\t\t\t<div class=\"elementor-element elementor-element-753871f1 elementor-widget elementor-widget-text-editor\" data-id=\"753871f1\" data-element_type=\"widget\" data-widget_type=\"text-editor.default\">\n\t\t\t\t<div class=\"elementor-widget-container\">\n\t\t\t\t\t\t\t<p><b>Erhalten Sie Updates, Ideen und Warnungen <\/b>die Ihnen der EUROC Member Relations Manager zur Verf\u00fcgung stellt, damit Sie sie nutzen und mit Ihren Eigent\u00fcmern teilen k\u00f6nnen, um Ihre Kommunikationskan\u00e4le und das Engagement der Eigent\u00fcmer zu verbessern.<\/p>\t\t\t\t\t\t<\/div>\n\t\t\t\t<\/div>\n\t\t\t\t<div class=\"elementor-element elementor-element-5b12cb32 elementor-widget elementor-widget-text-editor\" data-id=\"5b12cb32\" data-element_type=\"widget\" data-widget_type=\"text-editor.default\">\n\t\t\t\t<div class=\"elementor-widget-container\">\n\t\t\t\t\t\t\t<p><b>Ideen und Vorschl\u00e4ge zu Themen, die f\u00fcr Ihre Erfahrungen als Eigent\u00fcmer und den t\u00e4glichen Betrieb Ihres Clubs\/Resorts relevant sind <\/b>sowie die Verbindung und Vernetzung mit Tauschfirmen und externen Buchungsagenturen, um die Einnahmen aus ungenutzten Clubwochen zu steigern.<\/p>\t\t\t\t\t\t<\/div>\n\t\t\t\t<\/div>\n\t\t\t\t<div class=\"elementor-element elementor-element-7df2fd2e elementor-widget elementor-widget-text-editor\" data-id=\"7df2fd2e\" data-element_type=\"widget\" data-widget_type=\"text-editor.default\">\n\t\t\t\t<div class=\"elementor-widget-container\">\n\t\t\t\t\t\t\t<p><strong>Zugang zu einer \"Whats App\"-Gruppe f\u00fcr Resortmanager<\/strong> - Diese Plattform wurde eingerichtet, damit Ihr Resort-Manager rechtzeitig mit anderen Timeshare-Clubs in Kontakt treten kann, um Fragen zu stellen und Ratschl\u00e4ge zu Fragen bez\u00fcglich ihrer Clubs einzuholen.<\/p>\t\t\t\t\t\t<\/div>\n\t\t\t\t<\/div>\n\t\t\t\t<div class=\"elementor-element elementor-element-27e6af6a elementor-widget elementor-widget-text-editor\" data-id=\"27e6af6a\" data-element_type=\"widget\" data-widget_type=\"text-editor.default\">\n\t\t\t\t<div class=\"elementor-widget-container\">\n\t\t\t\t\t\t\t<p>Vertreter von Aussch\u00fcssen und Managementteams von Timesharing-Clubs und -Resorts treffen sich regelm\u00e4\u00dfig zu <strong>Videokonferenzen, um in Verbindung zu bleiben<\/strong>, gemeinsame Probleme zu er\u00f6rtern und bew\u00e4hrte Verfahren auszutauschen.<\/p>\t\t\t\t\t\t<\/div>\n\t\t\t\t<\/div>\n\t\t\t\t<div class=\"elementor-element elementor-element-6954233 elementor-widget elementor-widget-text-editor\" data-id=\"6954233\" data-element_type=\"widget\" data-widget_type=\"text-editor.default\">\n\t\t\t\t<div class=\"elementor-widget-container\">\n\t\t\t\t\t\t\t<p><b>Einladungen zu EUROC-Konferenzen und -Sitzungen, Mittagessen und regelm\u00e4\u00dfigen Videokonferenzen <\/b>f\u00fcr Vertreter von Clubaussch\u00fcssen und Managementteams von Ferienanlagen, um Neuigkeiten zu erfahren, Ideen auszutauschen, L\u00f6sungen zu entwickeln, Verbindungen zu st\u00e4rken und Kontakte zu Gleichgesinnten aus anderen Timesharing-Clubs zu kn\u00fcpfen.<\/p>\t\t\t\t\t\t<\/div>\n\t\t\t\t<\/div>\n\t\t\t\t<div class=\"elementor-element elementor-element-1a3990a elementor-widget-divider--view-line elementor-widget elementor-widget-divider\" data-id=\"1a3990a\" data-element_type=\"widget\" data-widget_type=\"divider.default\">\n\t\t\t\t<div class=\"elementor-widget-container\">\n\t\t\t\t\t<div class=\"elementor-divider\">\n\t\t\t<span class=\"elementor-divider-separator\">\n\t\t\t\t\t\t<\/span>\n\t\t<\/div>\n\t\t\t\t<\/div>\n\t\t\t\t<\/div>\n\t\t\t\t<div class=\"elementor-element elementor-element-3761f1fc elementor-invisible elementor-widget elementor-widget-heading\" data-id=\"3761f1fc\" data-element_type=\"widget\" data-settings=\"{&quot;_animation&quot;:&quot;slideInLeft&quot;}\" data-widget_type=\"heading.default\">\n\t\t\t\t<div class=\"elementor-widget-container\">\n\t\t\t<h2 class=\"elementor-heading-title elementor-size-large\">Timesharing-Betrug und Schutz Ihrer Eigent\u00fcmer<\/h2>\t\t<\/div>\n\t\t\t\t<\/div>\n\t\t\t\t<div class=\"elementor-element elementor-element-1f699ddb elementor-widget elementor-widget-text-editor\" data-id=\"1f699ddb\" data-element_type=\"widget\" data-widget_type=\"text-editor.default\">\n\t\t\t\t<div class=\"elementor-widget-container\">\n\t\t\t\t\t\t\t<div class=\"wpb_text_column wpb_content_element\"><div class=\"wpb_wrapper\"><p><strong>EUROC bietet einen hausinternen Dienst mit dem Titel <a href=\"https:\/\/euroctimesharesupporthub.com\/support-hub\/\">EUROC Timeshare Support Hub<\/a><\/strong>- ein Dienst, der Timeshare-Eigent\u00fcmern zur Verf\u00fcgung steht, die Bedenken bez\u00fcglich eines Unternehmens haben und Unterst\u00fctzung bei einem Problem ben\u00f6tigen. Die Helpline bietet Beratung zu R\u00fcckerstattungen, Verzicht, Strafverfolgung und allgemeinen Fragen zu ihrem Timesharing.<\/p><\/div><\/div>\t\t\t\t\t\t<\/div>\n\t\t\t\t<\/div>\n\t\t\t\t<div class=\"elementor-element elementor-element-7aea7285 elementor-widget elementor-widget-text-editor\" data-id=\"7aea7285\" data-element_type=\"widget\" data-widget_type=\"text-editor.default\">\n\t\t\t\t<div class=\"elementor-widget-container\">\n\t\t\t\t\t\t\t<p><b>Profitieren Sie von Updates, Warnungen und Ratschl\u00e4gen zu aktuellen illegalen Aktivit\u00e4ten und Betr\u00fcgereien<\/b>\u00a0die Sie mit Ihren Eigent\u00fcmern teilen und sie daf\u00fcr sensibilisieren k\u00f6nnen.  Sie erhalten Schulungen, Ratschl\u00e4ge und ausgearbeitete Materialien, um Eigent\u00fcmer dar\u00fcber zu informieren, wie sie sich vor irref\u00fchrenden Weiterverkaufs-, \u00dcbertragungs- und Marketingbetr\u00fcgereien sch\u00fctzen k\u00f6nnen.<\/p>\t\t\t\t\t\t<\/div>\n\t\t\t\t<\/div>\n\t\t\t\t<div class=\"elementor-element elementor-element-11a28898 elementor-widget elementor-widget-text-editor\" data-id=\"11a28898\" data-element_type=\"widget\" data-widget_type=\"text-editor.default\">\n\t\t\t\t<div class=\"elementor-widget-container\">\n\t\t\t\t\t\t\t<div class=\"wpb_text_column wpb_content_element\"><div class=\"wpb_wrapper\"><p><strong>EUROC-Mitglieder unterst\u00fctzen Organisationen und Initiativen, die sich f\u00fcr die Verhinderung<\/strong> Timesharing-Besitzer davor zu bewahren, Betrug und T\u00e4uschung ausgesetzt zu sein. Wo immer m\u00f6glich, wird EUROC mit den Beh\u00f6rden, der Polizei und anderen Strafverfolgungsbeh\u00f6rden in ganz Europa zusammenarbeiten, um die T\u00e4ter vor Gericht zu bringen.\u00a0<\/p><\/div><\/div>\t\t\t\t\t\t<\/div>\n\t\t\t\t<\/div>\n\t\t\t\t<div class=\"elementor-element elementor-element-2973a47d elementor-widget elementor-widget-text-editor\" data-id=\"2973a47d\" data-element_type=\"widget\" data-widget_type=\"text-editor.default\">\n\t\t\t\t<div class=\"elementor-widget-container\">\n\t\t\t\t\t\t\t<p><strong>M\u00f6gliche Einsparungen bei den Anwaltskosten<\/strong> die bei der Abfassung von Antwortschreiben im Namen Ihrer Eigent\u00fcmer an Schadenregulierungsunternehmen anfallen k\u00f6nnen. Dies kann durch die Verwendung einer Auswahl genehmigter Musterbriefe erreicht werden, die nur f\u00fcr EUROC-Mitglieder verf\u00fcgbar sind<\/p>\t\t\t\t\t\t<\/div>\n\t\t\t\t<\/div>\n\t\t\t\t<div class=\"elementor-element elementor-element-10e054b3 elementor-widget-divider--view-line elementor-widget elementor-widget-divider\" data-id=\"10e054b3\" data-element_type=\"widget\" data-widget_type=\"divider.default\">\n\t\t\t\t<div class=\"elementor-widget-container\">\n\t\t\t\t\t<div class=\"elementor-divider\">\n\t\t\t<span class=\"elementor-divider-separator\">\n\t\t\t\t\t\t<\/span>\n\t\t<\/div>\n\t\t\t\t<\/div>\n\t\t\t\t<\/div>\n\t\t\t\t<div class=\"elementor-element elementor-element-7950422c elementor-invisible elementor-widget elementor-widget-heading\" data-id=\"7950422c\" data-element_type=\"widget\" data-settings=\"{&quot;_animation&quot;:&quot;slideInLeft&quot;}\" data-widget_type=\"heading.default\">\n\t\t\t\t<div class=\"elementor-widget-container\">\n\t\t\t<h2 class=\"elementor-heading-title elementor-size-large\">Fragen, die sich auf Timesharing-Eigentum auswirken und damit zusammenh\u00e4ngen<\/h2>\t\t<\/div>\n\t\t\t\t<\/div>\n\t\t\t\t<div class=\"elementor-element elementor-element-38d7aafe elementor-widget elementor-widget-text-editor\" data-id=\"38d7aafe\" data-element_type=\"widget\" data-widget_type=\"text-editor.default\">\n\t\t\t\t<div class=\"elementor-widget-container\">\n\t\t\t\t\t\t\t<p>Auf dem Laufenden bleiben \u00fcber alle <strong>aktuelle und potenzielle rechtliche, regulatorische und marktbedingte Fragen<\/strong> die sich auf Timesharing-Clubs und -Eigent\u00fcmer im Vereinigten K\u00f6nigreich und in Europa auswirken, und ist die <strong>erste Verteidigungslinie gegen die Gesetzgebung<\/strong> die sich negativ auf Ihre Eigent\u00fcmer, Clubs oder Resorts auswirken k\u00f6nnen.<\/p>\t\t\t\t\t\t<\/div>\n\t\t\t\t<\/div>\n\t\t\t\t<div class=\"elementor-element elementor-element-67871614 elementor-widget elementor-widget-text-editor\" data-id=\"67871614\" data-element_type=\"widget\" data-widget_type=\"text-editor.default\">\n\t\t\t\t<div class=\"elementor-widget-container\">\n\t\t\t\t\t\t\t<p><b>Professionell verfasste Papiere<\/b> werden im Namen von EUROC-Mitgliedern bei Gemeinder\u00e4ten und Regierungen zu bestimmten Themen eingereicht, die sich auf die Nutzung und den Betrieb von Teilzeitnutzungsrechten auswirken k\u00f6nnen, wie z. B. die potenzielle Einf\u00fchrung der Betten-\/Touristensteuer im Vereinigten K\u00f6nigreich, Gewerbesteuern, Urteile des Obersten Gerichtshofs in Spanien und Fragen des unbefristeten Eigentums, um nur einige zu nennen.<\/p>\t\t\t\t\t\t<\/div>\n\t\t\t\t<\/div>\n\t\t\t\t<div class=\"elementor-element elementor-element-311f0ec6 elementor-widget elementor-widget-text-editor\" data-id=\"311f0ec6\" data-element_type=\"widget\" data-widget_type=\"text-editor.default\">\n\t\t\t\t<div class=\"elementor-widget-container\">\n\t\t\t\t\t\t\t<p>Die Mitglieder der Organisation werden als Repr\u00e4sentanten der besten Timesharing-Angebote anerkannt, indem sie die <strong>EUROC-Leitlinien f\u00fcr bew\u00e4hrte Praktiken\/Verhaltenskodex<\/strong>.<\/p>\t\t\t\t\t\t<\/div>\n\t\t\t\t<\/div>\n\t\t\t\t<div class=\"elementor-element elementor-element-4326454a elementor-widget elementor-widget-text-editor\" data-id=\"4326454a\" data-element_type=\"widget\" data-widget_type=\"text-editor.default\">\n\t\t\t\t<div class=\"elementor-widget-container\">\n\t\t\t\t\t\t\t<p>EUROC vertritt und dient als <strong>die offizielle Stimme f\u00fcr alle Timesharing-Besitzer<\/strong> mit den Medien, Vollzugsbeh\u00f6rden, Regierungsstellen und lokalen Beh\u00f6rden.<\/p>\t\t\t\t\t\t<\/div>\n\t\t\t\t<\/div>\n\t\t\t\t\t<\/div>\n\t\t<\/div>\n\t\t\t\t\t<\/div>\n\t\t<\/section>\n\t\t\t\t<\/div>","protected":false},"excerpt":{"rendered":"<p>Vorteile der Mitgliedschaft EUROC bietet seinen europ\u00e4ischen Timeshare Club- und Resort-Mitgliedern eine breite Palette von Dienstleistungen und Vorteilen. EUROC fungiert als zentrale Anlaufstelle f\u00fcr die Vertreter der Eigent\u00fcmeraussch\u00fcsse und die Managementteams der Resorts und bietet ihnen bedingungslose Unterst\u00fctzung, legitime Ressourcen und Kontakte, betriebliche und einkommensf\u00f6rdernde Ideen sowie die Bereitstellung regelm\u00e4\u00dfiger [...]<\/p>","protected":false},"author":3,"featured_media":0,"parent":0,"menu_order":0,"comment_status":"closed","ping_status":"closed","template":"","meta":{"om_disable_all_campaigns":false,"_monsterinsights_skip_tracking":false,"_monsterinsights_sitenote_active":false,"_monsterinsights_sitenote_note":"","_monsterinsights_sitenote_category":0,"_uf_show_specific_survey":0,"_uf_disable_surveys":false,"footnotes":""},"class_list":["post-160","page","type-page","status-publish","hentry"],"aioseo_notices":[],"yoast_head":"<!-- This site is optimized with the Yoast SEO plugin v24.0 - https:\/\/yoast.com\/wordpress\/plugins\/seo\/ -->\n<title>Benefits of Membership - EUROC Europe<\/title>\n<meta name=\"robots\" content=\"index, follow, max-snippet:-1, max-image-preview:large, max-video-preview:-1\" \/>\n<link rel=\"canonical\" href=\"https:\/\/euroc.org\/de\/benefits-of-membership\/\" \/>\n<meta property=\"og:locale\" content=\"de_DE\" \/>\n<meta property=\"og:type\" content=\"article\" \/>\n<meta property=\"og:title\" content=\"Benefits of Membership - EUROC Europe\" \/>\n<meta property=\"og:description\" content=\"Benefits of Membership EUROC offers a wide range of services and benefits to its European Timeshare Club and Resort members. It will act as a one stop shop for the owner committee representatives and resort management teams providing them with unconditional support, legitimate resources and contacts, operational and revenue generation ideas along with, providing regular [&hellip;]\" \/>\n<meta property=\"og:url\" content=\"https:\/\/euroc.org\/de\/benefits-of-membership\/\" \/>\n<meta property=\"og:site_name\" content=\"EUROC Europe\" \/>\n<meta property=\"article:modified_time\" content=\"2025-09-29T15:08:48+00:00\" \/>\n<meta name=\"twitter:card\" content=\"summary_large_image\" \/>\n<meta name=\"twitter:label1\" content=\"Gesch\u00e4tzte Lesezeit\" \/>\n\t<meta name=\"twitter:data1\" content=\"4\u00a0Minuten\" \/>\n<script type=\"application\/ld+json\" class=\"yoast-schema-graph\">{\"@context\":\"https:\/\/schema.org\",\"@graph\":[{\"@type\":\"WebPage\",\"@id\":\"https:\/\/euroc.org\/benefits-of-membership\/\",\"url\":\"https:\/\/euroc.org\/benefits-of-membership\/\",\"name\":\"Benefits of Membership - EUROC Europe\",\"isPartOf\":{\"@id\":\"https:\/\/euroc.org\/#website\"},\"datePublished\":\"2023-09-19T14:58:12+00:00\",\"dateModified\":\"2025-09-29T15:08:48+00:00\",\"breadcrumb\":{\"@id\":\"https:\/\/euroc.org\/benefits-of-membership\/#breadcrumb\"},\"inLanguage\":\"de\",\"potentialAction\":[{\"@type\":\"ReadAction\",\"target\":[\"https:\/\/euroc.org\/benefits-of-membership\/\"]}]},{\"@type\":\"BreadcrumbList\",\"@id\":\"https:\/\/euroc.org\/benefits-of-membership\/#breadcrumb\",\"itemListElement\":[{\"@type\":\"ListItem\",\"position\":1,\"name\":\"Home\",\"item\":\"https:\/\/euroc.org\/\"},{\"@type\":\"ListItem\",\"position\":2,\"name\":\"Benefits of Membership\"}]},{\"@type\":\"WebSite\",\"@id\":\"https:\/\/euroc.org\/#website\",\"url\":\"https:\/\/euroc.org\/\",\"name\":\"EUROC Europe\",\"description\":\"European Resort Owners Coalition\",\"publisher\":{\"@id\":\"https:\/\/euroc.org\/#organization\"},\"potentialAction\":[{\"@type\":\"SearchAction\",\"target\":{\"@type\":\"EntryPoint\",\"urlTemplate\":\"https:\/\/euroc.org\/?s={search_term_string}\"},\"query-input\":{\"@type\":\"PropertyValueSpecification\",\"valueRequired\":true,\"valueName\":\"search_term_string\"}}],\"inLanguage\":\"de\"},{\"@type\":\"Organization\",\"@id\":\"https:\/\/euroc.org\/#organization\",\"name\":\"EUROC Europe\",\"url\":\"https:\/\/euroc.org\/\",\"logo\":{\"@type\":\"ImageObject\",\"inLanguage\":\"de\",\"@id\":\"https:\/\/euroc.org\/#\/schema\/logo\/image\/\",\"url\":\"https:\/\/euroc.org\/wp-content\/uploads\/2023\/10\/cropped-EUROC-Final-Logo-colours-1.png\",\"contentUrl\":\"https:\/\/euroc.org\/wp-content\/uploads\/2023\/10\/cropped-EUROC-Final-Logo-colours-1.png\",\"width\":1561,\"height\":650,\"caption\":\"EUROC Europe\"},\"image\":{\"@id\":\"https:\/\/euroc.org\/#\/schema\/logo\/image\/\"}}]}<\/script>\n<!-- \/ Yoast SEO plugin. -->","yoast_head_json":{"title":"Benefits of Membership - EUROC Europe","robots":{"index":"index","follow":"follow","max-snippet":"max-snippet:-1","max-image-preview":"max-image-preview:large","max-video-preview":"max-video-preview:-1"},"canonical":"https:\/\/euroc.org\/de\/benefits-of-membership\/","og_locale":"de_DE","og_type":"article","og_title":"Benefits of Membership - EUROC Europe","og_description":"Benefits of Membership EUROC offers a wide range of services and benefits to its European Timeshare Club and Resort members. It will act as a one stop shop for the owner committee representatives and resort management teams providing them with unconditional support, legitimate resources and contacts, operational and revenue generation ideas along with, providing regular [&hellip;]","og_url":"https:\/\/euroc.org\/de\/benefits-of-membership\/","og_site_name":"EUROC Europe","article_modified_time":"2025-09-29T15:08:48+00:00","twitter_card":"summary_large_image","twitter_misc":{"Gesch\u00e4tzte Lesezeit":"4\u00a0Minuten"},"schema":{"@context":"https:\/\/schema.org","@graph":[{"@type":"WebPage","@id":"https:\/\/euroc.org\/benefits-of-membership\/","url":"https:\/\/euroc.org\/benefits-of-membership\/","name":"Benefits of Membership - EUROC Europe","isPartOf":{"@id":"https:\/\/euroc.org\/#website"},"datePublished":"2023-09-19T14:58:12+00:00","dateModified":"2025-09-29T15:08:48+00:00","breadcrumb":{"@id":"https:\/\/euroc.org\/benefits-of-membership\/#breadcrumb"},"inLanguage":"de","potentialAction":[{"@type":"ReadAction","target":["https:\/\/euroc.org\/benefits-of-membership\/"]}]},{"@type":"BreadcrumbList","@id":"https:\/\/euroc.org\/benefits-of-membership\/#breadcrumb","itemListElement":[{"@type":"ListItem","position":1,"name":"Home","item":"https:\/\/euroc.org\/"},{"@type":"ListItem","position":2,"name":"Benefits of Membership"}]},{"@type":"WebSite","@id":"https:\/\/euroc.org\/#website","url":"https:\/\/euroc.org\/","name":"EUROC Europe","description":"European Resort Owners Coalition","publisher":{"@id":"https:\/\/euroc.org\/#organization"},"potentialAction":[{"@type":"SearchAction","target":{"@type":"EntryPoint","urlTemplate":"https:\/\/euroc.org\/?s={search_term_string}"},"query-input":{"@type":"PropertyValueSpecification","valueRequired":true,"valueName":"search_term_string"}}],"inLanguage":"de"},{"@type":"Organization","@id":"https:\/\/euroc.org\/#organization","name":"EUROC Europe","url":"https:\/\/euroc.org\/","logo":{"@type":"ImageObject","inLanguage":"de","@id":"https:\/\/euroc.org\/#\/schema\/logo\/image\/","url":"https:\/\/euroc.org\/wp-content\/uploads\/2023\/10\/cropped-EUROC-Final-Logo-colours-1.png","contentUrl":"https:\/\/euroc.org\/wp-content\/uploads\/2023\/10\/cropped-EUROC-Final-Logo-colours-1.png","width":1561,"height":650,"caption":"EUROC Europe"},"image":{"@id":"https:\/\/euroc.org\/#\/schema\/logo\/image\/"}}]}},"_links":{"self":[{"href":"https:\/\/euroc.org\/de\/wp-json\/wp\/v2\/pages\/160","targetHints":{"allow":["GET"]}}],"collection":[{"href":"https:\/\/euroc.org\/de\/wp-json\/wp\/v2\/pages"}],"about":[{"href":"https:\/\/euroc.org\/de\/wp-json\/wp\/v2\/types\/page"}],"author":[{"embeddable":true,"href":"https:\/\/euroc.org\/de\/wp-json\/wp\/v2\/users\/3"}],"replies":[{"embeddable":true,"href":"https:\/\/euroc.org\/de\/wp-json\/wp\/v2\/comments?post=160"}],"version-history":[{"count":28,"href":"https:\/\/euroc.org\/de\/wp-json\/wp\/v2\/pages\/160\/revisions"}],"predecessor-version":[{"id":5420,"href":"https:\/\/euroc.org\/de\/wp-json\/wp\/v2\/pages\/160\/revisions\/5420"}],"wp:attachment":[{"href":"https:\/\/euroc.org\/de\/wp-json\/wp\/v2\/media?parent=160"}],"curies":[{"name":"wp","href":"https:\/\/api.w.org\/{rel}","templated":true}]}}